{"id":6560,"date":"2019-07-18T11:23:16","date_gmt":"2019-07-18T09:23:16","guid":{"rendered":"https:\/\/tallersuc.es\/?post_type=product&#038;p=6560"},"modified":"2019-07-18T11:26:17","modified_gmt":"2019-07-18T09:26:17","slug":"llenadora-peristaltica","status":"publish","type":"product","link":"https:\/\/tallersuc.es\/fr\/producto\/llenadora-peristaltica\/","title":{"rendered":"Remplissage p\u00e9ristaltique"},"content":{"rendered":"","protected":false},"excerpt":{"rendered":"<p>Remplissage p\u00e9ristaltique de bureau pour une utilisation flexible. Le principe de remplissage p\u00e9ristaltique offre les avantages d&rsquo;un remplissage pr\u00e9cis avec une protection garantie contre la contamination et une facilit\u00e9 de nettoyage.<\/p>\n<p>Il est capable de remplir des volumes compris entre 0,2 ml et plus de 250 ml, avec une pr\u00e9cision de remplissage de +\/- 0,5% avec la plupart des volumes. Cette pr\u00e9cision de remplissage \u00e9vite les d\u00e9penses excessives et contribue \u00e0 rentabiliser votre investissement.<\/p>\n<p>Le passage du fluide peut \u00eatre chang\u00e9 en tr\u00e8s peu de temps. En fermant le passage du fluide, le risque de contamination crois\u00e9e est \u00e9vit\u00e9, ce qui le rend id\u00e9al pour le remplissage par des tiers dans des environnements de production o\u00f9 le remplissage avec diff\u00e9rents types de liquides est effectu\u00e9 en lots de tailles diff\u00e9rentes.<\/p>\n","protected":false},"featured_media":4115,"comment_status":"open","ping_status":"closed","template":"","meta":{"_et_pb_use_builder":"","_et_pb_old_content":"","_et_gb_content_width":""},"product_cat":[235,74],"product_tag":[],"class_list":{"0":"post-6560","1":"product","2":"type-product","3":"status-publish","4":"has-post-thumbnail","6":"product_cat-tallers-uc","7":"product_cat-semi-automaticas","9":"first","10":"instock","11":"shipping-taxable","12":"product-type-simple"},"yoast_head":"<!-- This site is optimized with the Yoast SEO plugin v23.9 - https:\/\/yoast.com\/wordpress\/plugins\/seo\/ -->\n<title>Remplissage p\u00e9ristaltique - Tallers uc<\/title>\n<meta name=\"robots\" content=\"index, follow, max-snippet:-1, max-image-preview:large, max-video-preview:-1\" \/>\n<link rel=\"canonical\" href=\"https:\/\/tallersuc.es\/fr\/producto\/llenadora-peristaltica\/\" \/>\n<meta property=\"og:locale\" content=\"fr_FR\" \/>\n<meta property=\"og:type\" content=\"article\" \/>\n<meta property=\"og:title\" content=\"Remplissage p\u00e9ristaltique - Tallers uc\" \/>\n<meta property=\"og:description\" content=\"Remplissage p\u00e9ristaltique de bureau pour une utilisation flexible. Le principe de remplissage p\u00e9ristaltique offre les avantages d&#039;un remplissage pr\u00e9cis avec une protection garantie contre la contamination et une facilit\u00e9 de nettoyage.  Il est capable de remplir des volumes compris entre 0,2 ml et plus de 250 ml, avec une pr\u00e9cision de remplissage de +\/- 0,5% avec la plupart des volumes. Cette pr\u00e9cision de remplissage \u00e9vite les d\u00e9penses excessives et contribue \u00e0 rentabiliser votre investissement.  Le passage du fluide peut \u00eatre chang\u00e9 en tr\u00e8s peu de temps. En fermant le passage du fluide, le risque de contamination crois\u00e9e est \u00e9vit\u00e9, ce qui le rend id\u00e9al pour le remplissage par des tiers dans des environnements de production o\u00f9 le remplissage avec diff\u00e9rents types de liquides est effectu\u00e9 en lots de tailles diff\u00e9rentes.\" \/>\n<meta property=\"og:url\" content=\"https:\/\/tallersuc.es\/fr\/producto\/llenadora-peristaltica\/\" \/>\n<meta property=\"og:site_name\" content=\"Tallers uc\" \/>\n<meta property=\"article:modified_time\" content=\"2019-07-18T09:26:17+00:00\" \/>\n<meta property=\"og:image\" content=\"https:\/\/tallersuc.es\/wp-content\/uploads\/2017\/03\/Llenadora-Peristaltica.jpg\" \/>\n\t<meta property=\"og:image:width\" content=\"2048\" \/>\n\t<meta property=\"og:image:height\" content=\"1536\" \/>\n\t<meta property=\"og:image:type\" content=\"image\/jpeg\" \/>\n<meta name=\"twitter:card\" content=\"summary_large_image\" \/>\n<script type=\"application\/ld+json\" class=\"yoast-schema-graph\">{\"@context\":\"https:\/\/schema.org\",\"@graph\":[{\"@type\":\"WebPage\",\"@id\":\"https:\/\/tallersuc.es\/fr\/producto\/llenadora-peristaltica\/\",\"url\":\"https:\/\/tallersuc.es\/fr\/producto\/llenadora-peristaltica\/\",\"name\":\"Remplissage p\u00e9ristaltique - Tallers uc\",\"isPartOf\":{\"@id\":\"https:\/\/tallersuc.es\/fr\/#website\"},\"primaryImageOfPage\":{\"@id\":\"https:\/\/tallersuc.es\/fr\/producto\/llenadora-peristaltica\/#primaryimage\"},\"image\":{\"@id\":\"https:\/\/tallersuc.es\/en\/producto\/llenadora-peristaltica\/#primaryimage\"},\"thumbnailUrl\":\"https:\/\/tallersuc.es\/wp-content\/uploads\/2017\/03\/Llenadora-Peristaltica.jpg\",\"datePublished\":\"2019-07-18T09:23:16+00:00\",\"dateModified\":\"2019-07-18T09:26:17+00:00\",\"breadcrumb\":{\"@id\":\"https:\/\/tallersuc.es\/fr\/producto\/llenadora-peristaltica\/#breadcrumb\"},\"inLanguage\":\"fr-FR\",\"potentialAction\":[{\"@type\":\"ReadAction\",\"target\":[[\"https:\/\/tallersuc.es\/fr\/producto\/llenadora-peristaltica\/\"]]}]},{\"@type\":\"ImageObject\",\"inLanguage\":\"fr-FR\",\"@id\":\"https:\/\/tallersuc.es\/fr\/producto\/llenadora-peristaltica\/#primaryimage\",\"url\":\"https:\/\/tallersuc.es\/wp-content\/uploads\/2017\/03\/Llenadora-Peristaltica.jpg\",\"contentUrl\":\"https:\/\/tallersuc.es\/wp-content\/uploads\/2017\/03\/Llenadora-Peristaltica.jpg\",\"width\":2048,\"height\":1536,\"caption\":\"Llenadora Peristaltica\"},{\"@type\":\"BreadcrumbList\",\"@id\":\"https:\/\/tallersuc.es\/fr\/producto\/llenadora-peristaltica\/#breadcrumb\",\"itemListElement\":[{\"@type\":\"ListItem\",\"position\":1,\"name\":\"Portada\",\"item\":\"https:\/\/tallersuc.es\/fr\/\"},{\"@type\":\"ListItem\",\"position\":2,\"name\":\"Productos\",\"item\":\"https:\/\/tallersuc.es\/fr\/shop\/\"},{\"@type\":\"ListItem\",\"position\":3,\"name\":\"Peristaltic filler\"}]},{\"@type\":\"WebSite\",\"@id\":\"https:\/\/tallersuc.es\/fr\/#website\",\"url\":\"https:\/\/tallersuc.es\/fr\/\",\"name\":\"Tallers uc\",\"description\":\"\",\"publisher\":{\"@id\":\"https:\/\/tallersuc.es\/fr\/#organization\"},\"potentialAction\":[{\"@type\":\"SearchAction\",\"target\":{\"@type\":\"EntryPoint\",\"urlTemplate\":\"https:\/\/tallersuc.es\/fr\/?s={search_term_string}\"},\"query-input\":{\"@type\":\"PropertyValueSpecification\",\"valueRequired\":true,\"valueName\":\"search_term_string\"}}],\"inLanguage\":\"fr-FR\"},{\"@type\":\"Organization\",\"@id\":\"https:\/\/tallersuc.es\/fr\/#organization\",\"name\":\"Tallers UC\",\"url\":\"https:\/\/tallersuc.es\/fr\/\",\"logo\":{\"@type\":\"ImageObject\",\"inLanguage\":\"fr-FR\",\"@id\":\"https:\/\/tallersuc.es\/fr\/#\/schema\/logo\/image\/\",\"url\":\"https:\/\/tallersuc.es\/wp-content\/uploads\/2017\/04\/favicon-gran.jpg\",\"contentUrl\":\"https:\/\/tallersuc.es\/wp-content\/uploads\/2017\/04\/favicon-gran.jpg\",\"width\":954,\"height\":954,\"caption\":\"Tallers UC\"},\"image\":{\"@id\":\"https:\/\/tallersuc.es\/fr\/#\/schema\/logo\/image\/\"}}]}<\/script>\n<!-- \/ Yoast SEO plugin. -->","yoast_head_json":{"title":"Remplissage p\u00e9ristaltique - Tallers uc","robots":{"index":"index","follow":"follow","max-snippet":"max-snippet:-1","max-image-preview":"max-image-preview:large","max-video-preview":"max-video-preview:-1"},"canonical":"https:\/\/tallersuc.es\/fr\/producto\/llenadora-peristaltica\/","og_locale":"fr_FR","og_type":"article","og_title":"Remplissage p\u00e9ristaltique - Tallers uc","og_description":"Remplissage p\u00e9ristaltique de bureau pour une utilisation flexible. Le principe de remplissage p\u00e9ristaltique offre les avantages d'un remplissage pr\u00e9cis avec une protection garantie contre la contamination et une facilit\u00e9 de nettoyage.  Il est capable de remplir des volumes compris entre 0,2 ml et plus de 250 ml, avec une pr\u00e9cision de remplissage de +\/- 0,5% avec la plupart des volumes. Cette pr\u00e9cision de remplissage \u00e9vite les d\u00e9penses excessives et contribue \u00e0 rentabiliser votre investissement.  Le passage du fluide peut \u00eatre chang\u00e9 en tr\u00e8s peu de temps. En fermant le passage du fluide, le risque de contamination crois\u00e9e est \u00e9vit\u00e9, ce qui le rend id\u00e9al pour le remplissage par des tiers dans des environnements de production o\u00f9 le remplissage avec diff\u00e9rents types de liquides est effectu\u00e9 en lots de tailles diff\u00e9rentes.","og_url":"https:\/\/tallersuc.es\/fr\/producto\/llenadora-peristaltica\/","og_site_name":"Tallers uc","article_modified_time":"2019-07-18T09:26:17+00:00","og_image":[{"width":2048,"height":1536,"url":"https:\/\/tallersuc.es\/wp-content\/uploads\/2017\/03\/Llenadora-Peristaltica.jpg","type":"image\/jpeg"}],"twitter_card":"summary_large_image","schema":{"@context":"https:\/\/schema.org","@graph":[{"@type":"WebPage","@id":"https:\/\/tallersuc.es\/fr\/producto\/llenadora-peristaltica\/","url":"https:\/\/tallersuc.es\/fr\/producto\/llenadora-peristaltica\/","name":"Remplissage p\u00e9ristaltique - Tallers uc","isPartOf":{"@id":"https:\/\/tallersuc.es\/fr\/#website"},"primaryImageOfPage":{"@id":"https:\/\/tallersuc.es\/fr\/producto\/llenadora-peristaltica\/#primaryimage"},"image":{"@id":"https:\/\/tallersuc.es\/en\/producto\/llenadora-peristaltica\/#primaryimage"},"thumbnailUrl":"https:\/\/tallersuc.es\/wp-content\/uploads\/2017\/03\/Llenadora-Peristaltica.jpg","datePublished":"2019-07-18T09:23:16+00:00","dateModified":"2019-07-18T09:26:17+00:00","breadcrumb":{"@id":"https:\/\/tallersuc.es\/fr\/producto\/llenadora-peristaltica\/#breadcrumb"},"inLanguage":"fr-FR","potentialAction":[{"@type":"ReadAction","target":[["https:\/\/tallersuc.es\/fr\/producto\/llenadora-peristaltica\/"]]}]},{"@type":"ImageObject","inLanguage":"fr-FR","@id":"https:\/\/tallersuc.es\/fr\/producto\/llenadora-peristaltica\/#primaryimage","url":"https:\/\/tallersuc.es\/wp-content\/uploads\/2017\/03\/Llenadora-Peristaltica.jpg","contentUrl":"https:\/\/tallersuc.es\/wp-content\/uploads\/2017\/03\/Llenadora-Peristaltica.jpg","width":2048,"height":1536,"caption":"Llenadora Peristaltica"},{"@type":"BreadcrumbList","@id":"https:\/\/tallersuc.es\/fr\/producto\/llenadora-peristaltica\/#breadcrumb","itemListElement":[{"@type":"ListItem","position":1,"name":"Portada","item":"https:\/\/tallersuc.es\/fr\/"},{"@type":"ListItem","position":2,"name":"Productos","item":"https:\/\/tallersuc.es\/fr\/shop\/"},{"@type":"ListItem","position":3,"name":"Peristaltic filler"}]},{"@type":"WebSite","@id":"https:\/\/tallersuc.es\/fr\/#website","url":"https:\/\/tallersuc.es\/fr\/","name":"Tallers uc","description":"","publisher":{"@id":"https:\/\/tallersuc.es\/fr\/#organization"},"potentialAction":[{"@type":"SearchAction","target":{"@type":"EntryPoint","urlTemplate":"https:\/\/tallersuc.es\/fr\/?s={search_term_string}"},"query-input":{"@type":"PropertyValueSpecification","valueRequired":true,"valueName":"search_term_string"}}],"inLanguage":"fr-FR"},{"@type":"Organization","@id":"https:\/\/tallersuc.es\/fr\/#organization","name":"Tallers UC","url":"https:\/\/tallersuc.es\/fr\/","logo":{"@type":"ImageObject","inLanguage":"fr-FR","@id":"https:\/\/tallersuc.es\/fr\/#\/schema\/logo\/image\/","url":"https:\/\/tallersuc.es\/wp-content\/uploads\/2017\/04\/favicon-gran.jpg","contentUrl":"https:\/\/tallersuc.es\/wp-content\/uploads\/2017\/04\/favicon-gran.jpg","width":954,"height":954,"caption":"Tallers UC"},"image":{"@id":"https:\/\/tallersuc.es\/fr\/#\/schema\/logo\/image\/"}}]}},"_links":{"self":[{"href":"https:\/\/tallersuc.es\/fr\/wp-json\/wp\/v2\/product\/6560","targetHints":{"allow":["GET"]}}],"collection":[{"href":"https:\/\/tallersuc.es\/fr\/wp-json\/wp\/v2\/product"}],"about":[{"href":"https:\/\/tallersuc.es\/fr\/wp-json\/wp\/v2\/types\/product"}],"replies":[{"embeddable":true,"href":"https:\/\/tallersuc.es\/fr\/wp-json\/wp\/v2\/comments?post=6560"}],"wp:featuredmedia":[{"embeddable":true,"href":"https:\/\/tallersuc.es\/fr\/wp-json\/wp\/v2\/media\/4115"}],"wp:attachment":[{"href":"https:\/\/tallersuc.es\/fr\/wp-json\/wp\/v2\/media?parent=6560"}],"wp:term":[{"taxonomy":"product_cat","embeddable":true,"href":"https:\/\/tallersuc.es\/fr\/wp-json\/wp\/v2\/product_cat?post=6560"},{"taxonomy":"product_tag","embeddable":true,"href":"https:\/\/tallersuc.es\/fr\/wp-json\/wp\/v2\/product_tag?post=6560"}],"curies":[{"name":"wp","href":"https:\/\/api.w.org\/{rel}","templated":true}]}}