{"id":5855,"date":"2019-07-03T16:24:03","date_gmt":"2019-07-03T14:24:03","guid":{"rendered":"https:\/\/tallersuc.es\/?post_type=product&#038;p=5855"},"modified":"2019-07-04T11:53:58","modified_gmt":"2019-07-04T09:53:58","slug":"estacion-prensa-2","status":"publish","type":"product","link":"https:\/\/tallersuc.es\/fr\/producto\/estacion-prensa-2\/","title":{"rendered":"Poste de presse"},"content":{"rendered":"","protected":false},"excerpt":{"rendered":"<p>Construction d\u2019une presse semi-automatique pour la perforation de clich\u00e9s de tampographie.<\/p>\n<p>La structure enti\u00e8re est construite avec des profil\u00e9s en aluminium \u00e0 c\u00f4t\u00e9 du banc. \u00c9quip\u00e9 d&rsquo;un syst\u00e8me de s\u00e9curit\u00e9 de sorte que l&rsquo;op\u00e9ration ne peut pas \u00eatre possible si l&rsquo;acc\u00e8s \u00e0 la zone de travail.<\/p>\n<p>Caract\u00e9ristiques:<\/p>\n<ul>\n<li>Banc en aluminium anodis\u00e9<\/li>\n<li>Pieds r\u00e9glables en hauteur<\/li>\n<li>Presse semi-automatique \u00e0 broche ol\u00e9ohydraulique<\/li>\n<li>Matrice pliante et forage de clich\u00e9s<\/li>\n<li>Guide d&rsquo;entr\u00e9e de clich\u00e9 r\u00e9glable en diff\u00e9rentes largeurs (entre 99,5 et 100,5 mm)<\/li>\n<\/ul>\n","protected":false},"featured_media":5895,"comment_status":"open","ping_status":"closed","template":"","meta":{"_et_pb_use_builder":"","_et_pb_old_content":"","_et_gb_content_width":""},"product_cat":[116],"product_tag":[],"class_list":{"0":"post-5855","1":"product","2":"type-product","3":"status-publish","4":"has-post-thumbnail","6":"product_cat-personalizadas","8":"first","9":"instock","10":"shipping-taxable","11":"product-type-simple"},"yoast_head":"<!-- This site is optimized with the Yoast SEO plugin v23.9 - https:\/\/yoast.com\/wordpress\/plugins\/seo\/ -->\n<title>Poste de presse - Tallers uc<\/title>\n<meta name=\"robots\" content=\"index, follow, max-snippet:-1, max-image-preview:large, max-video-preview:-1\" \/>\n<link rel=\"canonical\" href=\"https:\/\/tallersuc.es\/fr\/producto\/estacion-prensa-2\/\" \/>\n<meta property=\"og:locale\" content=\"fr_FR\" \/>\n<meta property=\"og:type\" content=\"article\" \/>\n<meta property=\"og:title\" content=\"Poste de presse - Tallers uc\" \/>\n<meta property=\"og:description\" content=\"Construction d\u2019une presse semi-automatique pour la perforation de clich\u00e9s de tampographie.  La structure enti\u00e8re est construite avec des profil\u00e9s en aluminium \u00e0 c\u00f4t\u00e9 du banc. \u00c9quip\u00e9 d&#039;un syst\u00e8me de s\u00e9curit\u00e9 de sorte que l&#039;op\u00e9ration ne peut pas \u00eatre possible si l&#039;acc\u00e8s \u00e0 la zone de travail.  Caract\u00e9ristiques:   Banc en aluminium anodis\u00e9  Pieds r\u00e9glables en hauteur  Presse semi-automatique \u00e0 broche ol\u00e9ohydraulique  Matrice pliante et forage de clich\u00e9s  Guide d&#039;entr\u00e9e de clich\u00e9 r\u00e9glable en diff\u00e9rentes largeurs (entre 99,5 et 100,5 mm)\" \/>\n<meta property=\"og:url\" content=\"https:\/\/tallersuc.es\/fr\/producto\/estacion-prensa-2\/\" \/>\n<meta property=\"og:site_name\" content=\"Tallers uc\" \/>\n<meta property=\"article:modified_time\" content=\"2019-07-04T09:53:58+00:00\" \/>\n<meta property=\"og:image\" content=\"https:\/\/tallersuc.es\/wp-content\/uploads\/2019\/07\/Prensa-Semiautom\u00e1tica.jpg\" \/>\n\t<meta property=\"og:image:width\" content=\"700\" \/>\n\t<meta property=\"og:image:height\" content=\"600\" \/>\n\t<meta property=\"og:image:type\" content=\"image\/jpeg\" \/>\n<meta name=\"twitter:card\" content=\"summary_large_image\" \/>\n<script type=\"application\/ld+json\" class=\"yoast-schema-graph\">{\"@context\":\"https:\/\/schema.org\",\"@graph\":[{\"@type\":\"WebPage\",\"@id\":\"https:\/\/tallersuc.es\/fr\/producto\/estacion-prensa-2\/\",\"url\":\"https:\/\/tallersuc.es\/fr\/producto\/estacion-prensa-2\/\",\"name\":\"Poste de presse - Tallers uc\",\"isPartOf\":{\"@id\":\"https:\/\/tallersuc.es\/fr\/#website\"},\"primaryImageOfPage\":{\"@id\":\"https:\/\/tallersuc.es\/fr\/producto\/estacion-prensa-2\/#primaryimage\"},\"image\":{\"@id\":\"https:\/\/tallersuc.es\/en\/producto\/estacion-prensa-2\/#primaryimage\"},\"thumbnailUrl\":\"https:\/\/tallersuc.es\/wp-content\/uploads\/2019\/07\/Prensa-Semiautom\u00e1tica.jpg\",\"datePublished\":\"2019-07-03T14:24:03+00:00\",\"dateModified\":\"2019-07-04T09:53:58+00:00\",\"breadcrumb\":{\"@id\":\"https:\/\/tallersuc.es\/fr\/producto\/estacion-prensa-2\/#breadcrumb\"},\"inLanguage\":\"fr-FR\",\"potentialAction\":[{\"@type\":\"ReadAction\",\"target\":[[\"https:\/\/tallersuc.es\/fr\/producto\/estacion-prensa-2\/\"]]}]},{\"@type\":\"ImageObject\",\"inLanguage\":\"fr-FR\",\"@id\":\"https:\/\/tallersuc.es\/fr\/producto\/estacion-prensa-2\/#primaryimage\",\"url\":\"https:\/\/tallersuc.es\/wp-content\/uploads\/2019\/07\/Prensa-Semiautom\u00e1tica.jpg\",\"contentUrl\":\"https:\/\/tallersuc.es\/wp-content\/uploads\/2019\/07\/Prensa-Semiautom\u00e1tica.jpg\",\"width\":700,\"height\":600},{\"@type\":\"BreadcrumbList\",\"@id\":\"https:\/\/tallersuc.es\/fr\/producto\/estacion-prensa-2\/#breadcrumb\",\"itemListElement\":[{\"@type\":\"ListItem\",\"position\":1,\"name\":\"Portada\",\"item\":\"https:\/\/tallersuc.es\/fr\/\"},{\"@type\":\"ListItem\",\"position\":2,\"name\":\"Productos\",\"item\":\"https:\/\/tallersuc.es\/fr\/shop\/\"},{\"@type\":\"ListItem\",\"position\":3,\"name\":\"Press station\"}]},{\"@type\":\"WebSite\",\"@id\":\"https:\/\/tallersuc.es\/fr\/#website\",\"url\":\"https:\/\/tallersuc.es\/fr\/\",\"name\":\"Tallers uc\",\"description\":\"\",\"publisher\":{\"@id\":\"https:\/\/tallersuc.es\/fr\/#organization\"},\"potentialAction\":[{\"@type\":\"SearchAction\",\"target\":{\"@type\":\"EntryPoint\",\"urlTemplate\":\"https:\/\/tallersuc.es\/fr\/?s={search_term_string}\"},\"query-input\":{\"@type\":\"PropertyValueSpecification\",\"valueRequired\":true,\"valueName\":\"search_term_string\"}}],\"inLanguage\":\"fr-FR\"},{\"@type\":\"Organization\",\"@id\":\"https:\/\/tallersuc.es\/fr\/#organization\",\"name\":\"Tallers UC\",\"url\":\"https:\/\/tallersuc.es\/fr\/\",\"logo\":{\"@type\":\"ImageObject\",\"inLanguage\":\"fr-FR\",\"@id\":\"https:\/\/tallersuc.es\/fr\/#\/schema\/logo\/image\/\",\"url\":\"https:\/\/tallersuc.es\/wp-content\/uploads\/2017\/04\/favicon-gran.jpg\",\"contentUrl\":\"https:\/\/tallersuc.es\/wp-content\/uploads\/2017\/04\/favicon-gran.jpg\",\"width\":954,\"height\":954,\"caption\":\"Tallers UC\"},\"image\":{\"@id\":\"https:\/\/tallersuc.es\/fr\/#\/schema\/logo\/image\/\"}}]}<\/script>\n<!-- \/ Yoast SEO plugin. -->","yoast_head_json":{"title":"Poste de presse - Tallers uc","robots":{"index":"index","follow":"follow","max-snippet":"max-snippet:-1","max-image-preview":"max-image-preview:large","max-video-preview":"max-video-preview:-1"},"canonical":"https:\/\/tallersuc.es\/fr\/producto\/estacion-prensa-2\/","og_locale":"fr_FR","og_type":"article","og_title":"Poste de presse - Tallers uc","og_description":"Construction d\u2019une presse semi-automatique pour la perforation de clich\u00e9s de tampographie.  La structure enti\u00e8re est construite avec des profil\u00e9s en aluminium \u00e0 c\u00f4t\u00e9 du banc. \u00c9quip\u00e9 d'un syst\u00e8me de s\u00e9curit\u00e9 de sorte que l'op\u00e9ration ne peut pas \u00eatre possible si l'acc\u00e8s \u00e0 la zone de travail.  Caract\u00e9ristiques:   Banc en aluminium anodis\u00e9  Pieds r\u00e9glables en hauteur  Presse semi-automatique \u00e0 broche ol\u00e9ohydraulique  Matrice pliante et forage de clich\u00e9s  Guide d'entr\u00e9e de clich\u00e9 r\u00e9glable en diff\u00e9rentes largeurs (entre 99,5 et 100,5 mm)","og_url":"https:\/\/tallersuc.es\/fr\/producto\/estacion-prensa-2\/","og_site_name":"Tallers uc","article_modified_time":"2019-07-04T09:53:58+00:00","og_image":[{"width":700,"height":600,"url":"https:\/\/tallersuc.es\/wp-content\/uploads\/2019\/07\/Prensa-Semiautom\u00e1tica.jpg","type":"image\/jpeg"}],"twitter_card":"summary_large_image","schema":{"@context":"https:\/\/schema.org","@graph":[{"@type":"WebPage","@id":"https:\/\/tallersuc.es\/fr\/producto\/estacion-prensa-2\/","url":"https:\/\/tallersuc.es\/fr\/producto\/estacion-prensa-2\/","name":"Poste de presse - Tallers uc","isPartOf":{"@id":"https:\/\/tallersuc.es\/fr\/#website"},"primaryImageOfPage":{"@id":"https:\/\/tallersuc.es\/fr\/producto\/estacion-prensa-2\/#primaryimage"},"image":{"@id":"https:\/\/tallersuc.es\/en\/producto\/estacion-prensa-2\/#primaryimage"},"thumbnailUrl":"https:\/\/tallersuc.es\/wp-content\/uploads\/2019\/07\/Prensa-Semiautom\u00e1tica.jpg","datePublished":"2019-07-03T14:24:03+00:00","dateModified":"2019-07-04T09:53:58+00:00","breadcrumb":{"@id":"https:\/\/tallersuc.es\/fr\/producto\/estacion-prensa-2\/#breadcrumb"},"inLanguage":"fr-FR","potentialAction":[{"@type":"ReadAction","target":[["https:\/\/tallersuc.es\/fr\/producto\/estacion-prensa-2\/"]]}]},{"@type":"ImageObject","inLanguage":"fr-FR","@id":"https:\/\/tallersuc.es\/fr\/producto\/estacion-prensa-2\/#primaryimage","url":"https:\/\/tallersuc.es\/wp-content\/uploads\/2019\/07\/Prensa-Semiautom\u00e1tica.jpg","contentUrl":"https:\/\/tallersuc.es\/wp-content\/uploads\/2019\/07\/Prensa-Semiautom\u00e1tica.jpg","width":700,"height":600},{"@type":"BreadcrumbList","@id":"https:\/\/tallersuc.es\/fr\/producto\/estacion-prensa-2\/#breadcrumb","itemListElement":[{"@type":"ListItem","position":1,"name":"Portada","item":"https:\/\/tallersuc.es\/fr\/"},{"@type":"ListItem","position":2,"name":"Productos","item":"https:\/\/tallersuc.es\/fr\/shop\/"},{"@type":"ListItem","position":3,"name":"Press station"}]},{"@type":"WebSite","@id":"https:\/\/tallersuc.es\/fr\/#website","url":"https:\/\/tallersuc.es\/fr\/","name":"Tallers uc","description":"","publisher":{"@id":"https:\/\/tallersuc.es\/fr\/#organization"},"potentialAction":[{"@type":"SearchAction","target":{"@type":"EntryPoint","urlTemplate":"https:\/\/tallersuc.es\/fr\/?s={search_term_string}"},"query-input":{"@type":"PropertyValueSpecification","valueRequired":true,"valueName":"search_term_string"}}],"inLanguage":"fr-FR"},{"@type":"Organization","@id":"https:\/\/tallersuc.es\/fr\/#organization","name":"Tallers UC","url":"https:\/\/tallersuc.es\/fr\/","logo":{"@type":"ImageObject","inLanguage":"fr-FR","@id":"https:\/\/tallersuc.es\/fr\/#\/schema\/logo\/image\/","url":"https:\/\/tallersuc.es\/wp-content\/uploads\/2017\/04\/favicon-gran.jpg","contentUrl":"https:\/\/tallersuc.es\/wp-content\/uploads\/2017\/04\/favicon-gran.jpg","width":954,"height":954,"caption":"Tallers UC"},"image":{"@id":"https:\/\/tallersuc.es\/fr\/#\/schema\/logo\/image\/"}}]}},"_links":{"self":[{"href":"https:\/\/tallersuc.es\/fr\/wp-json\/wp\/v2\/product\/5855","targetHints":{"allow":["GET"]}}],"collection":[{"href":"https:\/\/tallersuc.es\/fr\/wp-json\/wp\/v2\/product"}],"about":[{"href":"https:\/\/tallersuc.es\/fr\/wp-json\/wp\/v2\/types\/product"}],"replies":[{"embeddable":true,"href":"https:\/\/tallersuc.es\/fr\/wp-json\/wp\/v2\/comments?post=5855"}],"wp:featuredmedia":[{"embeddable":true,"href":"https:\/\/tallersuc.es\/fr\/wp-json\/wp\/v2\/media\/5895"}],"wp:attachment":[{"href":"https:\/\/tallersuc.es\/fr\/wp-json\/wp\/v2\/media?parent=5855"}],"wp:term":[{"taxonomy":"product_cat","embeddable":true,"href":"https:\/\/tallersuc.es\/fr\/wp-json\/wp\/v2\/product_cat?post=5855"},{"taxonomy":"product_tag","embeddable":true,"href":"https:\/\/tallersuc.es\/fr\/wp-json\/wp\/v2\/product_tag?post=5855"}],"curies":[{"name":"wp","href":"https:\/\/api.w.org\/{rel}","templated":true}]}}