{"id":1745,"date":"2017-02-01T17:49:19","date_gmt":"2017-02-01T16:49:19","guid":{"rendered":"https:\/\/tallersuc.es\/?post_type=product&#038;p=1745&#038;lang=es"},"modified":"2019-07-04T11:52:35","modified_gmt":"2019-07-04T09:52:35","slug":"camara-humidificadora","status":"publish","type":"product","link":"https:\/\/tallersuc.es\/fr\/producto\/camara-humidificadora\/","title":{"rendered":"Chambre d&rsquo;humidification"},"content":{"rendered":"","protected":false},"excerpt":{"rendered":"<p>Projet de construction de 3 chambres d&rsquo;humidification pour la section de stabilisation en plastique moul\u00e9.<\/p>\n<p>Toutes les parois de la chambre sont \u00e9quip\u00e9es d&rsquo;un sandwich creux en acier inoxydable qui sont toutes reli\u00e9es les unes aux autres, forment un circuit d&rsquo;huile \u00e0 utiliser comme radiateur et maintiennent une temp\u00e9rature stable \u00e0 l&rsquo;int\u00e9rieur.<\/p>\n<p>Lorsque les pi\u00e8ces de la cha\u00eene de production ont \u00e9t\u00e9 introduites \u00e0 l&rsquo;int\u00e9rieur de la chambre, ce pr\u00e9chauff\u00e9 \u00e0 environ 200 \u00b0 C, puis de la vapeur est inject\u00e9 pour r\u00e9aliser la stabilit\u00e9 dimensionnelle des pi\u00e8ces moul\u00e9es.<\/p>\n<p>Toutes les parties ext\u00e9rieures sont recouvertes d&rsquo;une couche d&rsquo;isolation thermique et rev\u00eatues d&rsquo;une feuille d&rsquo;acier inoxydable.<\/p>\n","protected":false},"featured_media":1747,"comment_status":"open","ping_status":"closed","template":"","meta":{"_et_pb_use_builder":"","_et_pb_old_content":"","_et_gb_content_width":""},"product_cat":[116],"product_tag":[146,147,145,144],"class_list":{"0":"post-1745","1":"product","2":"type-product","3":"status-publish","4":"has-post-thumbnail","6":"product_cat-personalizadas","7":"product_tag-camaras","8":"product_tag-humidificadoras","9":"product_tag-personalizadas","10":"product_tag-projectos","12":"first","13":"instock","14":"shipping-taxable","15":"product-type-simple"},"yoast_head":"<!-- This site is optimized with the Yoast SEO plugin v23.9 - https:\/\/yoast.com\/wordpress\/plugins\/seo\/ -->\n<title>Chambre d&#039;humidification - Tallers uc<\/title>\n<meta name=\"robots\" content=\"index, follow, max-snippet:-1, max-image-preview:large, max-video-preview:-1\" \/>\n<link rel=\"canonical\" href=\"https:\/\/tallersuc.es\/fr\/producto\/camara-humidificadora\/\" \/>\n<meta property=\"og:locale\" content=\"fr_FR\" \/>\n<meta property=\"og:type\" content=\"article\" \/>\n<meta property=\"og:title\" content=\"Chambre d&#039;humidification - Tallers uc\" \/>\n<meta property=\"og:description\" content=\"Projet de construction de 3 chambres d&#039;humidification pour la section de stabilisation en plastique moul\u00e9.  Toutes les parois de la chambre sont \u00e9quip\u00e9es d&#039;un sandwich creux en acier inoxydable qui sont toutes reli\u00e9es les unes aux autres, forment un circuit d&#039;huile \u00e0 utiliser comme radiateur et maintiennent une temp\u00e9rature stable \u00e0 l&#039;int\u00e9rieur.  Lorsque les pi\u00e8ces de la cha\u00eene de production ont \u00e9t\u00e9 introduites \u00e0 l&#039;int\u00e9rieur de la chambre, ce pr\u00e9chauff\u00e9 \u00e0 environ 200 \u00b0 C, puis de la vapeur est inject\u00e9 pour r\u00e9aliser la stabilit\u00e9 dimensionnelle des pi\u00e8ces moul\u00e9es.  Toutes les parties ext\u00e9rieures sont recouvertes d&#039;une couche d&#039;isolation thermique et rev\u00eatues d&#039;une feuille d&#039;acier inoxydable.\" \/>\n<meta property=\"og:url\" content=\"https:\/\/tallersuc.es\/fr\/producto\/camara-humidificadora\/\" \/>\n<meta property=\"og:site_name\" content=\"Tallers uc\" \/>\n<meta property=\"article:modified_time\" content=\"2019-07-04T09:52:35+00:00\" \/>\n<meta property=\"og:image\" content=\"https:\/\/tallersuc.es\/wp-content\/uploads\/2017\/02\/Cambra_humidificacio.jpg\" \/>\n\t<meta property=\"og:image:width\" content=\"451\" \/>\n\t<meta property=\"og:image:height\" content=\"800\" \/>\n\t<meta property=\"og:image:type\" content=\"image\/jpeg\" \/>\n<meta name=\"twitter:card\" content=\"summary_large_image\" \/>\n<script type=\"application\/ld+json\" class=\"yoast-schema-graph\">{\"@context\":\"https:\/\/schema.org\",\"@graph\":[{\"@type\":\"WebPage\",\"@id\":\"https:\/\/tallersuc.es\/fr\/producto\/camara-humidificadora\/\",\"url\":\"https:\/\/tallersuc.es\/fr\/producto\/camara-humidificadora\/\",\"name\":\"Chambre d'humidification - Tallers uc\",\"isPartOf\":{\"@id\":\"https:\/\/tallersuc.es\/fr\/#website\"},\"primaryImageOfPage\":{\"@id\":\"https:\/\/tallersuc.es\/fr\/producto\/camara-humidificadora\/#primaryimage\"},\"image\":{\"@id\":\"https:\/\/tallersuc.es\/en\/producto\/camara-humidificadora\/#primaryimage\"},\"thumbnailUrl\":\"https:\/\/tallersuc.es\/wp-content\/uploads\/2017\/02\/Cambra_humidificacio.jpg\",\"datePublished\":\"2017-02-01T16:49:19+00:00\",\"dateModified\":\"2019-07-04T09:52:35+00:00\",\"breadcrumb\":{\"@id\":\"https:\/\/tallersuc.es\/fr\/producto\/camara-humidificadora\/#breadcrumb\"},\"inLanguage\":\"fr-FR\",\"potentialAction\":[{\"@type\":\"ReadAction\",\"target\":[[\"https:\/\/tallersuc.es\/fr\/producto\/camara-humidificadora\/\"]]}]},{\"@type\":\"ImageObject\",\"inLanguage\":\"fr-FR\",\"@id\":\"https:\/\/tallersuc.es\/fr\/producto\/camara-humidificadora\/#primaryimage\",\"url\":\"https:\/\/tallersuc.es\/wp-content\/uploads\/2017\/02\/Cambra_humidificacio.jpg\",\"contentUrl\":\"https:\/\/tallersuc.es\/wp-content\/uploads\/2017\/02\/Cambra_humidificacio.jpg\",\"width\":451,\"height\":800,\"caption\":\"C\u00e1mara de humidificaci\u00f3n\"},{\"@type\":\"BreadcrumbList\",\"@id\":\"https:\/\/tallersuc.es\/fr\/producto\/camara-humidificadora\/#breadcrumb\",\"itemListElement\":[{\"@type\":\"ListItem\",\"position\":1,\"name\":\"Portada\",\"item\":\"https:\/\/tallersuc.es\/fr\/\"},{\"@type\":\"ListItem\",\"position\":2,\"name\":\"Productos\",\"item\":\"https:\/\/tallersuc.es\/fr\/shop\/\"},{\"@type\":\"ListItem\",\"position\":3,\"name\":\"Humidifying chamber\"}]},{\"@type\":\"WebSite\",\"@id\":\"https:\/\/tallersuc.es\/fr\/#website\",\"url\":\"https:\/\/tallersuc.es\/fr\/\",\"name\":\"Tallers uc\",\"description\":\"\",\"publisher\":{\"@id\":\"https:\/\/tallersuc.es\/fr\/#organization\"},\"potentialAction\":[{\"@type\":\"SearchAction\",\"target\":{\"@type\":\"EntryPoint\",\"urlTemplate\":\"https:\/\/tallersuc.es\/fr\/?s={search_term_string}\"},\"query-input\":{\"@type\":\"PropertyValueSpecification\",\"valueRequired\":true,\"valueName\":\"search_term_string\"}}],\"inLanguage\":\"fr-FR\"},{\"@type\":\"Organization\",\"@id\":\"https:\/\/tallersuc.es\/fr\/#organization\",\"name\":\"Tallers UC\",\"url\":\"https:\/\/tallersuc.es\/fr\/\",\"logo\":{\"@type\":\"ImageObject\",\"inLanguage\":\"fr-FR\",\"@id\":\"https:\/\/tallersuc.es\/fr\/#\/schema\/logo\/image\/\",\"url\":\"https:\/\/tallersuc.es\/wp-content\/uploads\/2017\/04\/favicon-gran.jpg\",\"contentUrl\":\"https:\/\/tallersuc.es\/wp-content\/uploads\/2017\/04\/favicon-gran.jpg\",\"width\":954,\"height\":954,\"caption\":\"Tallers UC\"},\"image\":{\"@id\":\"https:\/\/tallersuc.es\/fr\/#\/schema\/logo\/image\/\"}}]}<\/script>\n<!-- \/ Yoast SEO plugin. -->","yoast_head_json":{"title":"Chambre d'humidification - Tallers uc","robots":{"index":"index","follow":"follow","max-snippet":"max-snippet:-1","max-image-preview":"max-image-preview:large","max-video-preview":"max-video-preview:-1"},"canonical":"https:\/\/tallersuc.es\/fr\/producto\/camara-humidificadora\/","og_locale":"fr_FR","og_type":"article","og_title":"Chambre d'humidification - Tallers uc","og_description":"Projet de construction de 3 chambres d'humidification pour la section de stabilisation en plastique moul\u00e9.  Toutes les parois de la chambre sont \u00e9quip\u00e9es d'un sandwich creux en acier inoxydable qui sont toutes reli\u00e9es les unes aux autres, forment un circuit d'huile \u00e0 utiliser comme radiateur et maintiennent une temp\u00e9rature stable \u00e0 l'int\u00e9rieur.  Lorsque les pi\u00e8ces de la cha\u00eene de production ont \u00e9t\u00e9 introduites \u00e0 l'int\u00e9rieur de la chambre, ce pr\u00e9chauff\u00e9 \u00e0 environ 200 \u00b0 C, puis de la vapeur est inject\u00e9 pour r\u00e9aliser la stabilit\u00e9 dimensionnelle des pi\u00e8ces moul\u00e9es.  Toutes les parties ext\u00e9rieures sont recouvertes d'une couche d'isolation thermique et rev\u00eatues d'une feuille d'acier inoxydable.","og_url":"https:\/\/tallersuc.es\/fr\/producto\/camara-humidificadora\/","og_site_name":"Tallers uc","article_modified_time":"2019-07-04T09:52:35+00:00","og_image":[{"width":451,"height":800,"url":"https:\/\/tallersuc.es\/wp-content\/uploads\/2017\/02\/Cambra_humidificacio.jpg","type":"image\/jpeg"}],"twitter_card":"summary_large_image","schema":{"@context":"https:\/\/schema.org","@graph":[{"@type":"WebPage","@id":"https:\/\/tallersuc.es\/fr\/producto\/camara-humidificadora\/","url":"https:\/\/tallersuc.es\/fr\/producto\/camara-humidificadora\/","name":"Chambre d'humidification - Tallers uc","isPartOf":{"@id":"https:\/\/tallersuc.es\/fr\/#website"},"primaryImageOfPage":{"@id":"https:\/\/tallersuc.es\/fr\/producto\/camara-humidificadora\/#primaryimage"},"image":{"@id":"https:\/\/tallersuc.es\/en\/producto\/camara-humidificadora\/#primaryimage"},"thumbnailUrl":"https:\/\/tallersuc.es\/wp-content\/uploads\/2017\/02\/Cambra_humidificacio.jpg","datePublished":"2017-02-01T16:49:19+00:00","dateModified":"2019-07-04T09:52:35+00:00","breadcrumb":{"@id":"https:\/\/tallersuc.es\/fr\/producto\/camara-humidificadora\/#breadcrumb"},"inLanguage":"fr-FR","potentialAction":[{"@type":"ReadAction","target":[["https:\/\/tallersuc.es\/fr\/producto\/camara-humidificadora\/"]]}]},{"@type":"ImageObject","inLanguage":"fr-FR","@id":"https:\/\/tallersuc.es\/fr\/producto\/camara-humidificadora\/#primaryimage","url":"https:\/\/tallersuc.es\/wp-content\/uploads\/2017\/02\/Cambra_humidificacio.jpg","contentUrl":"https:\/\/tallersuc.es\/wp-content\/uploads\/2017\/02\/Cambra_humidificacio.jpg","width":451,"height":800,"caption":"C\u00e1mara de humidificaci\u00f3n"},{"@type":"BreadcrumbList","@id":"https:\/\/tallersuc.es\/fr\/producto\/camara-humidificadora\/#breadcrumb","itemListElement":[{"@type":"ListItem","position":1,"name":"Portada","item":"https:\/\/tallersuc.es\/fr\/"},{"@type":"ListItem","position":2,"name":"Productos","item":"https:\/\/tallersuc.es\/fr\/shop\/"},{"@type":"ListItem","position":3,"name":"Humidifying chamber"}]},{"@type":"WebSite","@id":"https:\/\/tallersuc.es\/fr\/#website","url":"https:\/\/tallersuc.es\/fr\/","name":"Tallers uc","description":"","publisher":{"@id":"https:\/\/tallersuc.es\/fr\/#organization"},"potentialAction":[{"@type":"SearchAction","target":{"@type":"EntryPoint","urlTemplate":"https:\/\/tallersuc.es\/fr\/?s={search_term_string}"},"query-input":{"@type":"PropertyValueSpecification","valueRequired":true,"valueName":"search_term_string"}}],"inLanguage":"fr-FR"},{"@type":"Organization","@id":"https:\/\/tallersuc.es\/fr\/#organization","name":"Tallers UC","url":"https:\/\/tallersuc.es\/fr\/","logo":{"@type":"ImageObject","inLanguage":"fr-FR","@id":"https:\/\/tallersuc.es\/fr\/#\/schema\/logo\/image\/","url":"https:\/\/tallersuc.es\/wp-content\/uploads\/2017\/04\/favicon-gran.jpg","contentUrl":"https:\/\/tallersuc.es\/wp-content\/uploads\/2017\/04\/favicon-gran.jpg","width":954,"height":954,"caption":"Tallers UC"},"image":{"@id":"https:\/\/tallersuc.es\/fr\/#\/schema\/logo\/image\/"}}]}},"_links":{"self":[{"href":"https:\/\/tallersuc.es\/fr\/wp-json\/wp\/v2\/product\/1745","targetHints":{"allow":["GET"]}}],"collection":[{"href":"https:\/\/tallersuc.es\/fr\/wp-json\/wp\/v2\/product"}],"about":[{"href":"https:\/\/tallersuc.es\/fr\/wp-json\/wp\/v2\/types\/product"}],"replies":[{"embeddable":true,"href":"https:\/\/tallersuc.es\/fr\/wp-json\/wp\/v2\/comments?post=1745"}],"wp:featuredmedia":[{"embeddable":true,"href":"https:\/\/tallersuc.es\/fr\/wp-json\/wp\/v2\/media\/1747"}],"wp:attachment":[{"href":"https:\/\/tallersuc.es\/fr\/wp-json\/wp\/v2\/media?parent=1745"}],"wp:term":[{"taxonomy":"product_cat","embeddable":true,"href":"https:\/\/tallersuc.es\/fr\/wp-json\/wp\/v2\/product_cat?post=1745"},{"taxonomy":"product_tag","embeddable":true,"href":"https:\/\/tallersuc.es\/fr\/wp-json\/wp\/v2\/product_tag?post=1745"}],"curies":[{"name":"wp","href":"https:\/\/api.w.org\/{rel}","templated":true}]}}