{"id":1676,"date":"2017-01-27T18:50:04","date_gmt":"2017-01-27T17:50:04","guid":{"rendered":"https:\/\/tallersuc.es\/?post_type=product&#038;p=1676"},"modified":"2019-07-01T17:35:39","modified_gmt":"2019-07-01T15:35:39","slug":"d1000","status":"publish","type":"product","link":"https:\/\/tallersuc.es\/fr\/producto\/d1000\/","title":{"rendered":"D1000"},"content":{"rendered":"","protected":false},"excerpt":{"rendered":"<ul>\n<li>Machines de dosage avec distributeurs r\u00e9glables, construites en cylindres, vannes et corps en acier inoxydable, avec pistons en t\u00e9flon non utilisables et facilement d\u00e9montables pour le nettoyage.<\/li>\n<li>Actionn\u00e9 par le moteur III-220\/380 volts, \u00e0 vitesse variable. Avec option d&rsquo;affichage num\u00e9rique.<\/li>\n<li>Doseur motoris\u00e9 avec 2 pompes doseuses de 500, 1000 et 2500 c.c. . Par voie de r\u00e9gulation, la dose pouvant remplir 50 c.c. les conteneurs peuvent \u00eatre calibr\u00e9s. 5000 c.c.<\/li>\n<\/ul>\n\n<p><span style=\"color: #000000;\">Fiche Produit:<\/span>\u00a0<a href=\"https:\/\/tallersuc.es\/wp-content\/uploads\/2017\/05\/D1000.pdf\">D1000<\/a><\/p>\n<p>&nbsp;<\/p>\n","protected":false},"featured_media":4672,"comment_status":"open","ping_status":"closed","template":"","meta":{"_et_pb_use_builder":"","_et_pb_old_content":"","_et_gb_content_width":""},"product_cat":[74],"product_tag":[140],"class_list":{"0":"post-1676","1":"product","2":"type-product","3":"status-publish","4":"has-post-thumbnail","6":"product_cat-semi-automaticas","7":"product_tag-semiautomaticas","9":"first","10":"instock","11":"shipping-taxable","12":"product-type-simple"},"yoast_head":"<!-- This site is optimized with the Yoast SEO plugin v23.9 - https:\/\/yoast.com\/wordpress\/plugins\/seo\/ -->\n<title>D1000 - Tallers uc<\/title>\n<meta name=\"robots\" content=\"index, follow, max-snippet:-1, max-image-preview:large, max-video-preview:-1\" \/>\n<link rel=\"canonical\" href=\"https:\/\/tallersuc.es\/fr\/producto\/d1000\/\" \/>\n<meta property=\"og:locale\" content=\"fr_FR\" \/>\n<meta property=\"og:type\" content=\"article\" \/>\n<meta property=\"og:title\" content=\"D1000 - Tallers uc\" \/>\n<meta property=\"og:description\" content=\"Machines de dosage avec distributeurs r\u00e9glables, construites en cylindres, vannes et corps en acier inoxydable, avec pistons en t\u00e9flon non utilisables et facilement d\u00e9montables pour le nettoyage.  Actionn\u00e9 par le moteur III-220\/380 volts, \u00e0 vitesse variable. Avec option d&#039;affichage num\u00e9rique.  Doseur motoris\u00e9 avec 2 pompes doseuses de 500, 1000 et 2500 c.c. . Par voie de r\u00e9gulation, la dose pouvant remplir 50 c.c. les conteneurs peuvent \u00eatre calibr\u00e9s. 5000 c.c.    Fiche Produit:\u00a0D1000  &nbsp;\" \/>\n<meta property=\"og:url\" content=\"https:\/\/tallersuc.es\/fr\/producto\/d1000\/\" \/>\n<meta property=\"og:site_name\" content=\"Tallers uc\" \/>\n<meta property=\"article:modified_time\" content=\"2019-07-01T15:35:39+00:00\" \/>\n<meta property=\"og:image\" content=\"https:\/\/tallersuc.es\/wp-content\/uploads\/2017\/01\/D1000-1.jpg\" \/>\n\t<meta property=\"og:image:width\" content=\"700\" \/>\n\t<meta property=\"og:image:height\" content=\"600\" \/>\n\t<meta property=\"og:image:type\" content=\"image\/jpeg\" \/>\n<meta name=\"twitter:card\" content=\"summary_large_image\" \/>\n<script type=\"application\/ld+json\" class=\"yoast-schema-graph\">{\"@context\":\"https:\/\/schema.org\",\"@graph\":[{\"@type\":\"WebPage\",\"@id\":\"https:\/\/tallersuc.es\/fr\/producto\/d1000\/\",\"url\":\"https:\/\/tallersuc.es\/fr\/producto\/d1000\/\",\"name\":\"D1000 - Tallers uc\",\"isPartOf\":{\"@id\":\"https:\/\/tallersuc.es\/fr\/#website\"},\"primaryImageOfPage\":{\"@id\":\"https:\/\/tallersuc.es\/fr\/producto\/d1000\/#primaryimage\"},\"image\":{\"@id\":\"https:\/\/tallersuc.es\/fr\/producto\/d1000\/#primaryimage\"},\"thumbnailUrl\":\"https:\/\/tallersuc.es\/wp-content\/uploads\/2017\/01\/D1000-1.jpg\",\"datePublished\":\"2017-01-27T17:50:04+00:00\",\"dateModified\":\"2019-07-01T15:35:39+00:00\",\"breadcrumb\":{\"@id\":\"https:\/\/tallersuc.es\/fr\/producto\/d1000\/#breadcrumb\"},\"inLanguage\":\"fr-FR\",\"potentialAction\":[{\"@type\":\"ReadAction\",\"target\":[[\"https:\/\/tallersuc.es\/fr\/producto\/d1000\/\"]]}]},{\"@type\":\"ImageObject\",\"inLanguage\":\"fr-FR\",\"@id\":\"https:\/\/tallersuc.es\/fr\/producto\/d1000\/#primaryimage\",\"url\":\"https:\/\/tallersuc.es\/wp-content\/uploads\/2017\/01\/D1000-1.jpg\",\"contentUrl\":\"https:\/\/tallersuc.es\/wp-content\/uploads\/2017\/01\/D1000-1.jpg\",\"width\":700,\"height\":600},{\"@type\":\"BreadcrumbList\",\"@id\":\"https:\/\/tallersuc.es\/fr\/producto\/d1000\/#breadcrumb\",\"itemListElement\":[{\"@type\":\"ListItem\",\"position\":1,\"name\":\"Portada\",\"item\":\"https:\/\/tallersuc.es\/fr\/\"},{\"@type\":\"ListItem\",\"position\":2,\"name\":\"Productos\",\"item\":\"https:\/\/tallersuc.es\/fr\/shop\/\"},{\"@type\":\"ListItem\",\"position\":3,\"name\":\"D1000\"}]},{\"@type\":\"WebSite\",\"@id\":\"https:\/\/tallersuc.es\/fr\/#website\",\"url\":\"https:\/\/tallersuc.es\/fr\/\",\"name\":\"Tallers uc\",\"description\":\"\",\"publisher\":{\"@id\":\"https:\/\/tallersuc.es\/fr\/#organization\"},\"potentialAction\":[{\"@type\":\"SearchAction\",\"target\":{\"@type\":\"EntryPoint\",\"urlTemplate\":\"https:\/\/tallersuc.es\/fr\/?s={search_term_string}\"},\"query-input\":{\"@type\":\"PropertyValueSpecification\",\"valueRequired\":true,\"valueName\":\"search_term_string\"}}],\"inLanguage\":\"fr-FR\"},{\"@type\":\"Organization\",\"@id\":\"https:\/\/tallersuc.es\/fr\/#organization\",\"name\":\"Tallers UC\",\"url\":\"https:\/\/tallersuc.es\/fr\/\",\"logo\":{\"@type\":\"ImageObject\",\"inLanguage\":\"fr-FR\",\"@id\":\"https:\/\/tallersuc.es\/fr\/#\/schema\/logo\/image\/\",\"url\":\"https:\/\/tallersuc.es\/wp-content\/uploads\/2017\/04\/favicon-gran.jpg\",\"contentUrl\":\"https:\/\/tallersuc.es\/wp-content\/uploads\/2017\/04\/favicon-gran.jpg\",\"width\":954,\"height\":954,\"caption\":\"Tallers UC\"},\"image\":{\"@id\":\"https:\/\/tallersuc.es\/fr\/#\/schema\/logo\/image\/\"}}]}<\/script>\n<!-- \/ Yoast SEO plugin. -->","yoast_head_json":{"title":"D1000 - Tallers uc","robots":{"index":"index","follow":"follow","max-snippet":"max-snippet:-1","max-image-preview":"max-image-preview:large","max-video-preview":"max-video-preview:-1"},"canonical":"https:\/\/tallersuc.es\/fr\/producto\/d1000\/","og_locale":"fr_FR","og_type":"article","og_title":"D1000 - Tallers uc","og_description":"Machines de dosage avec distributeurs r\u00e9glables, construites en cylindres, vannes et corps en acier inoxydable, avec pistons en t\u00e9flon non utilisables et facilement d\u00e9montables pour le nettoyage.  Actionn\u00e9 par le moteur III-220\/380 volts, \u00e0 vitesse variable. Avec option d'affichage num\u00e9rique.  Doseur motoris\u00e9 avec 2 pompes doseuses de 500, 1000 et 2500 c.c. . Par voie de r\u00e9gulation, la dose pouvant remplir 50 c.c. les conteneurs peuvent \u00eatre calibr\u00e9s. 5000 c.c.    Fiche Produit:\u00a0D1000  &nbsp;","og_url":"https:\/\/tallersuc.es\/fr\/producto\/d1000\/","og_site_name":"Tallers uc","article_modified_time":"2019-07-01T15:35:39+00:00","og_image":[{"width":700,"height":600,"url":"https:\/\/tallersuc.es\/wp-content\/uploads\/2017\/01\/D1000-1.jpg","type":"image\/jpeg"}],"twitter_card":"summary_large_image","schema":{"@context":"https:\/\/schema.org","@graph":[{"@type":"WebPage","@id":"https:\/\/tallersuc.es\/fr\/producto\/d1000\/","url":"https:\/\/tallersuc.es\/fr\/producto\/d1000\/","name":"D1000 - Tallers uc","isPartOf":{"@id":"https:\/\/tallersuc.es\/fr\/#website"},"primaryImageOfPage":{"@id":"https:\/\/tallersuc.es\/fr\/producto\/d1000\/#primaryimage"},"image":{"@id":"https:\/\/tallersuc.es\/fr\/producto\/d1000\/#primaryimage"},"thumbnailUrl":"https:\/\/tallersuc.es\/wp-content\/uploads\/2017\/01\/D1000-1.jpg","datePublished":"2017-01-27T17:50:04+00:00","dateModified":"2019-07-01T15:35:39+00:00","breadcrumb":{"@id":"https:\/\/tallersuc.es\/fr\/producto\/d1000\/#breadcrumb"},"inLanguage":"fr-FR","potentialAction":[{"@type":"ReadAction","target":[["https:\/\/tallersuc.es\/fr\/producto\/d1000\/"]]}]},{"@type":"ImageObject","inLanguage":"fr-FR","@id":"https:\/\/tallersuc.es\/fr\/producto\/d1000\/#primaryimage","url":"https:\/\/tallersuc.es\/wp-content\/uploads\/2017\/01\/D1000-1.jpg","contentUrl":"https:\/\/tallersuc.es\/wp-content\/uploads\/2017\/01\/D1000-1.jpg","width":700,"height":600},{"@type":"BreadcrumbList","@id":"https:\/\/tallersuc.es\/fr\/producto\/d1000\/#breadcrumb","itemListElement":[{"@type":"ListItem","position":1,"name":"Portada","item":"https:\/\/tallersuc.es\/fr\/"},{"@type":"ListItem","position":2,"name":"Productos","item":"https:\/\/tallersuc.es\/fr\/shop\/"},{"@type":"ListItem","position":3,"name":"D1000"}]},{"@type":"WebSite","@id":"https:\/\/tallersuc.es\/fr\/#website","url":"https:\/\/tallersuc.es\/fr\/","name":"Tallers uc","description":"","publisher":{"@id":"https:\/\/tallersuc.es\/fr\/#organization"},"potentialAction":[{"@type":"SearchAction","target":{"@type":"EntryPoint","urlTemplate":"https:\/\/tallersuc.es\/fr\/?s={search_term_string}"},"query-input":{"@type":"PropertyValueSpecification","valueRequired":true,"valueName":"search_term_string"}}],"inLanguage":"fr-FR"},{"@type":"Organization","@id":"https:\/\/tallersuc.es\/fr\/#organization","name":"Tallers UC","url":"https:\/\/tallersuc.es\/fr\/","logo":{"@type":"ImageObject","inLanguage":"fr-FR","@id":"https:\/\/tallersuc.es\/fr\/#\/schema\/logo\/image\/","url":"https:\/\/tallersuc.es\/wp-content\/uploads\/2017\/04\/favicon-gran.jpg","contentUrl":"https:\/\/tallersuc.es\/wp-content\/uploads\/2017\/04\/favicon-gran.jpg","width":954,"height":954,"caption":"Tallers UC"},"image":{"@id":"https:\/\/tallersuc.es\/fr\/#\/schema\/logo\/image\/"}}]}},"_links":{"self":[{"href":"https:\/\/tallersuc.es\/fr\/wp-json\/wp\/v2\/product\/1676","targetHints":{"allow":["GET"]}}],"collection":[{"href":"https:\/\/tallersuc.es\/fr\/wp-json\/wp\/v2\/product"}],"about":[{"href":"https:\/\/tallersuc.es\/fr\/wp-json\/wp\/v2\/types\/product"}],"replies":[{"embeddable":true,"href":"https:\/\/tallersuc.es\/fr\/wp-json\/wp\/v2\/comments?post=1676"}],"wp:featuredmedia":[{"embeddable":true,"href":"https:\/\/tallersuc.es\/fr\/wp-json\/wp\/v2\/media\/4672"}],"wp:attachment":[{"href":"https:\/\/tallersuc.es\/fr\/wp-json\/wp\/v2\/media?parent=1676"}],"wp:term":[{"taxonomy":"product_cat","embeddable":true,"href":"https:\/\/tallersuc.es\/fr\/wp-json\/wp\/v2\/product_cat?post=1676"},{"taxonomy":"product_tag","embeddable":true,"href":"https:\/\/tallersuc.es\/fr\/wp-json\/wp\/v2\/product_tag?post=1676"}],"curies":[{"name":"wp","href":"https:\/\/api.w.org\/{rel}","templated":true}]}}