{"id":1668,"date":"2017-01-27T18:38:09","date_gmt":"2017-01-27T17:38:09","guid":{"rendered":"https:\/\/tallersuc.es\/?post_type=product&#038;p=1668"},"modified":"2019-07-09T17:54:24","modified_gmt":"2019-07-09T15:54:24","slug":"roscadora-d-51-03","status":"publish","type":"product","link":"https:\/\/tallersuc.es\/fr\/producto\/roscadora-d-51-03\/","title":{"rendered":"Filetage D.51.03"},"content":{"rendered":"","protected":false},"excerpt":{"rendered":"<p>Station de fermeture automatique \u00e9quip\u00e9e d&rsquo;un syst\u00e8me d&#8217;embrayage magn\u00e9tique avec possibilit\u00e9 de r\u00e9gler le couple de serrage. Il a un d\u00e9tecteur de pr\u00e9sence qui s&rsquo;arr\u00eate la machine s&rsquo;il n&rsquo;y a pas de bouchon dans la bouteille.<\/p>\n<p>CARACTERISTIQUES TECHNIQUES:<br \/>\n&#8211; Unit\u00e9s par heure: 2.500<br \/>\n&#8211; Tension d&rsquo;alimentation: 380 &#8211; 400 V CA. Triphas\u00e9 + Neutre<br \/>\n&#8211; Puissance: 200 W &#8211; 1,9 A<br \/>\n&#8211; Tension de commande: 24 V CC<br \/>\n&#8211; Fr\u00e9quence: 48 &#8211; 52 Hz.<br \/>\n&#8211; Alimentation pneumatique: 6 &#8211; 7 bars<\/p>\n<p><span style=\"color: #000000;\">Fiche produit: <a href=\"https:\/\/tallersuc.es\/wp-content\/uploads\/2017\/05\/ROSCADORA-D51.03.pdf\">ROSCADORA D51.03<\/a><\/span><\/p>\n<p>&nbsp;<\/p>\n","protected":false},"featured_media":4679,"comment_status":"open","ping_status":"closed","template":"","meta":{"_et_pb_use_builder":"","_et_pb_old_content":"","_et_gb_content_width":""},"product_cat":[70],"product_tag":[134],"class_list":{"0":"post-1668","1":"product","2":"type-product","3":"status-publish","4":"has-post-thumbnail","6":"product_cat-automaticas","7":"product_tag-automaticas","9":"first","10":"instock","11":"shipping-taxable","12":"product-type-simple"},"yoast_head":"<!-- This site is optimized with the Yoast SEO plugin v23.9 - https:\/\/yoast.com\/wordpress\/plugins\/seo\/ -->\n<title>Roscadora Autom\u00e1tica - UC Maquinaria - Maquinaria para envasado<\/title>\n<meta name=\"description\" content=\"Roscadora autom\u00e1tica, Roscadora autom\u00e1tica Pilfer Proof, M\u00e1quina para envasado, M\u00e1quina para roscar botellas, M\u00e1quina roscado autom\u00e1tica\" \/>\n<meta name=\"robots\" content=\"index, follow, max-snippet:-1, max-image-preview:large, max-video-preview:-1\" \/>\n<link rel=\"canonical\" href=\"https:\/\/tallersuc.es\/fr\/producto\/roscadora-d-51-03\/\" \/>\n<meta property=\"og:locale\" content=\"fr_FR\" \/>\n<meta property=\"og:type\" content=\"article\" \/>\n<meta property=\"og:title\" content=\"Roscadora Autom\u00e1tica - UC Maquinaria - Maquinaria para envasado\" \/>\n<meta property=\"og:description\" content=\"Roscadora autom\u00e1tica, Roscadora autom\u00e1tica Pilfer Proof, M\u00e1quina para envasado, M\u00e1quina para roscar botellas, M\u00e1quina roscado autom\u00e1tica\" \/>\n<meta property=\"og:url\" content=\"https:\/\/tallersuc.es\/fr\/producto\/roscadora-d-51-03\/\" \/>\n<meta property=\"og:site_name\" content=\"Tallers uc\" \/>\n<meta property=\"article:modified_time\" content=\"2019-07-09T15:54:24+00:00\" \/>\n<meta property=\"og:image\" content=\"https:\/\/tallersuc.es\/wp-content\/uploads\/2017\/01\/Roscador-D5103.jpg\" \/>\n\t<meta property=\"og:image:width\" content=\"700\" \/>\n\t<meta property=\"og:image:height\" content=\"600\" \/>\n\t<meta property=\"og:image:type\" content=\"image\/jpeg\" \/>\n<meta name=\"twitter:card\" content=\"summary_large_image\" \/>\n<script type=\"application\/ld+json\" class=\"yoast-schema-graph\">{\"@context\":\"https:\/\/schema.org\",\"@graph\":[{\"@type\":\"WebPage\",\"@id\":\"https:\/\/tallersuc.es\/fr\/producto\/roscadora-d-51-03\/\",\"url\":\"https:\/\/tallersuc.es\/fr\/producto\/roscadora-d-51-03\/\",\"name\":\"Roscadora Autom\u00e1tica - UC Maquinaria - Maquinaria para envasado\",\"isPartOf\":{\"@id\":\"https:\/\/tallersuc.es\/fr\/#website\"},\"primaryImageOfPage\":{\"@id\":\"https:\/\/tallersuc.es\/fr\/producto\/roscadora-d-51-03\/#primaryimage\"},\"image\":{\"@id\":\"https:\/\/tallersuc.es\/es\/producto\/roscadora-d-51-03\/#primaryimage\"},\"thumbnailUrl\":\"https:\/\/tallersuc.es\/wp-content\/uploads\/2017\/01\/Roscador-D5103.jpg\",\"datePublished\":\"2017-01-27T17:38:09+00:00\",\"dateModified\":\"2019-07-09T15:54:24+00:00\",\"description\":\"Roscadora autom\u00e1tica, Roscadora autom\u00e1tica Pilfer Proof, M\u00e1quina para envasado, M\u00e1quina para roscar botellas, M\u00e1quina roscado autom\u00e1tica\",\"breadcrumb\":{\"@id\":\"https:\/\/tallersuc.es\/fr\/producto\/roscadora-d-51-03\/#breadcrumb\"},\"inLanguage\":\"fr-FR\",\"potentialAction\":[{\"@type\":\"ReadAction\",\"target\":[[\"https:\/\/tallersuc.es\/fr\/producto\/roscadora-d-51-03\/\"]]}]},{\"@type\":\"ImageObject\",\"inLanguage\":\"fr-FR\",\"@id\":\"https:\/\/tallersuc.es\/fr\/producto\/roscadora-d-51-03\/#primaryimage\",\"url\":\"https:\/\/tallersuc.es\/wp-content\/uploads\/2017\/01\/Roscador-D5103.jpg\",\"contentUrl\":\"https:\/\/tallersuc.es\/wp-content\/uploads\/2017\/01\/Roscador-D5103.jpg\",\"width\":700,\"height\":600},{\"@type\":\"BreadcrumbList\",\"@id\":\"https:\/\/tallersuc.es\/fr\/producto\/roscadora-d-51-03\/#breadcrumb\",\"itemListElement\":[{\"@type\":\"ListItem\",\"position\":1,\"name\":\"Portada\",\"item\":\"https:\/\/tallersuc.es\/fr\/\"},{\"@type\":\"ListItem\",\"position\":2,\"name\":\"Productos\",\"item\":\"https:\/\/tallersuc.es\/fr\/shop\/\"},{\"@type\":\"ListItem\",\"position\":3,\"name\":\"Roscadora Autom\u00e1tica D.51.03\"}]},{\"@type\":\"WebSite\",\"@id\":\"https:\/\/tallersuc.es\/fr\/#website\",\"url\":\"https:\/\/tallersuc.es\/fr\/\",\"name\":\"Tallers uc\",\"description\":\"\",\"publisher\":{\"@id\":\"https:\/\/tallersuc.es\/fr\/#organization\"},\"potentialAction\":[{\"@type\":\"SearchAction\",\"target\":{\"@type\":\"EntryPoint\",\"urlTemplate\":\"https:\/\/tallersuc.es\/fr\/?s={search_term_string}\"},\"query-input\":{\"@type\":\"PropertyValueSpecification\",\"valueRequired\":true,\"valueName\":\"search_term_string\"}}],\"inLanguage\":\"fr-FR\"},{\"@type\":\"Organization\",\"@id\":\"https:\/\/tallersuc.es\/fr\/#organization\",\"name\":\"Tallers UC\",\"url\":\"https:\/\/tallersuc.es\/fr\/\",\"logo\":{\"@type\":\"ImageObject\",\"inLanguage\":\"fr-FR\",\"@id\":\"https:\/\/tallersuc.es\/fr\/#\/schema\/logo\/image\/\",\"url\":\"https:\/\/tallersuc.es\/wp-content\/uploads\/2017\/04\/favicon-gran.jpg\",\"contentUrl\":\"https:\/\/tallersuc.es\/wp-content\/uploads\/2017\/04\/favicon-gran.jpg\",\"width\":954,\"height\":954,\"caption\":\"Tallers UC\"},\"image\":{\"@id\":\"https:\/\/tallersuc.es\/fr\/#\/schema\/logo\/image\/\"}}]}<\/script>\n<!-- \/ Yoast SEO plugin. -->","yoast_head_json":{"title":"Roscadora Autom\u00e1tica - UC Maquinaria - Maquinaria para envasado","description":"Roscadora autom\u00e1tica, Roscadora autom\u00e1tica Pilfer Proof, M\u00e1quina para envasado, M\u00e1quina para roscar botellas, M\u00e1quina roscado autom\u00e1tica","robots":{"index":"index","follow":"follow","max-snippet":"max-snippet:-1","max-image-preview":"max-image-preview:large","max-video-preview":"max-video-preview:-1"},"canonical":"https:\/\/tallersuc.es\/fr\/producto\/roscadora-d-51-03\/","og_locale":"fr_FR","og_type":"article","og_title":"Roscadora Autom\u00e1tica - UC Maquinaria - Maquinaria para envasado","og_description":"Roscadora autom\u00e1tica, Roscadora autom\u00e1tica Pilfer Proof, M\u00e1quina para envasado, M\u00e1quina para roscar botellas, M\u00e1quina roscado autom\u00e1tica","og_url":"https:\/\/tallersuc.es\/fr\/producto\/roscadora-d-51-03\/","og_site_name":"Tallers uc","article_modified_time":"2019-07-09T15:54:24+00:00","og_image":[{"width":700,"height":600,"url":"https:\/\/tallersuc.es\/wp-content\/uploads\/2017\/01\/Roscador-D5103.jpg","type":"image\/jpeg"}],"twitter_card":"summary_large_image","schema":{"@context":"https:\/\/schema.org","@graph":[{"@type":"WebPage","@id":"https:\/\/tallersuc.es\/fr\/producto\/roscadora-d-51-03\/","url":"https:\/\/tallersuc.es\/fr\/producto\/roscadora-d-51-03\/","name":"Roscadora Autom\u00e1tica - UC Maquinaria - Maquinaria para envasado","isPartOf":{"@id":"https:\/\/tallersuc.es\/fr\/#website"},"primaryImageOfPage":{"@id":"https:\/\/tallersuc.es\/fr\/producto\/roscadora-d-51-03\/#primaryimage"},"image":{"@id":"https:\/\/tallersuc.es\/es\/producto\/roscadora-d-51-03\/#primaryimage"},"thumbnailUrl":"https:\/\/tallersuc.es\/wp-content\/uploads\/2017\/01\/Roscador-D5103.jpg","datePublished":"2017-01-27T17:38:09+00:00","dateModified":"2019-07-09T15:54:24+00:00","description":"Roscadora autom\u00e1tica, Roscadora autom\u00e1tica Pilfer Proof, M\u00e1quina para envasado, M\u00e1quina para roscar botellas, M\u00e1quina roscado autom\u00e1tica","breadcrumb":{"@id":"https:\/\/tallersuc.es\/fr\/producto\/roscadora-d-51-03\/#breadcrumb"},"inLanguage":"fr-FR","potentialAction":[{"@type":"ReadAction","target":[["https:\/\/tallersuc.es\/fr\/producto\/roscadora-d-51-03\/"]]}]},{"@type":"ImageObject","inLanguage":"fr-FR","@id":"https:\/\/tallersuc.es\/fr\/producto\/roscadora-d-51-03\/#primaryimage","url":"https:\/\/tallersuc.es\/wp-content\/uploads\/2017\/01\/Roscador-D5103.jpg","contentUrl":"https:\/\/tallersuc.es\/wp-content\/uploads\/2017\/01\/Roscador-D5103.jpg","width":700,"height":600},{"@type":"BreadcrumbList","@id":"https:\/\/tallersuc.es\/fr\/producto\/roscadora-d-51-03\/#breadcrumb","itemListElement":[{"@type":"ListItem","position":1,"name":"Portada","item":"https:\/\/tallersuc.es\/fr\/"},{"@type":"ListItem","position":2,"name":"Productos","item":"https:\/\/tallersuc.es\/fr\/shop\/"},{"@type":"ListItem","position":3,"name":"Roscadora Autom\u00e1tica D.51.03"}]},{"@type":"WebSite","@id":"https:\/\/tallersuc.es\/fr\/#website","url":"https:\/\/tallersuc.es\/fr\/","name":"Tallers uc","description":"","publisher":{"@id":"https:\/\/tallersuc.es\/fr\/#organization"},"potentialAction":[{"@type":"SearchAction","target":{"@type":"EntryPoint","urlTemplate":"https:\/\/tallersuc.es\/fr\/?s={search_term_string}"},"query-input":{"@type":"PropertyValueSpecification","valueRequired":true,"valueName":"search_term_string"}}],"inLanguage":"fr-FR"},{"@type":"Organization","@id":"https:\/\/tallersuc.es\/fr\/#organization","name":"Tallers UC","url":"https:\/\/tallersuc.es\/fr\/","logo":{"@type":"ImageObject","inLanguage":"fr-FR","@id":"https:\/\/tallersuc.es\/fr\/#\/schema\/logo\/image\/","url":"https:\/\/tallersuc.es\/wp-content\/uploads\/2017\/04\/favicon-gran.jpg","contentUrl":"https:\/\/tallersuc.es\/wp-content\/uploads\/2017\/04\/favicon-gran.jpg","width":954,"height":954,"caption":"Tallers UC"},"image":{"@id":"https:\/\/tallersuc.es\/fr\/#\/schema\/logo\/image\/"}}]}},"_links":{"self":[{"href":"https:\/\/tallersuc.es\/fr\/wp-json\/wp\/v2\/product\/1668","targetHints":{"allow":["GET"]}}],"collection":[{"href":"https:\/\/tallersuc.es\/fr\/wp-json\/wp\/v2\/product"}],"about":[{"href":"https:\/\/tallersuc.es\/fr\/wp-json\/wp\/v2\/types\/product"}],"replies":[{"embeddable":true,"href":"https:\/\/tallersuc.es\/fr\/wp-json\/wp\/v2\/comments?post=1668"}],"wp:featuredmedia":[{"embeddable":true,"href":"https:\/\/tallersuc.es\/fr\/wp-json\/wp\/v2\/media\/4679"}],"wp:attachment":[{"href":"https:\/\/tallersuc.es\/fr\/wp-json\/wp\/v2\/media?parent=1668"}],"wp:term":[{"taxonomy":"product_cat","embeddable":true,"href":"https:\/\/tallersuc.es\/fr\/wp-json\/wp\/v2\/product_cat?post=1668"},{"taxonomy":"product_tag","embeddable":true,"href":"https:\/\/tallersuc.es\/fr\/wp-json\/wp\/v2\/product_tag?post=1668"}],"curies":[{"name":"wp","href":"https:\/\/api.w.org\/{rel}","templated":true}]}}