{"id":1661,"date":"2017-01-27T18:31:50","date_gmt":"2017-01-27T17:31:50","guid":{"rendered":"https:\/\/tallersuc.es\/?post_type=product&#038;p=1661"},"modified":"2019-07-01T13:47:06","modified_gmt":"2019-07-01T11:47:06","slug":"lineal-ld8","status":"publish","type":"product","link":"https:\/\/tallersuc.es\/fr\/producto\/lineal-ld8\/","title":{"rendered":"Lineal LD8"},"content":{"rendered":"","protected":false},"excerpt":{"rendered":"<ul>\n<li>Con\u00e7u pour une production \u00e9lev\u00e9e.<\/li>\n<li>Possibilit\u00e9 de monter diff\u00e9rentes buses de remplissage 6,8,10,12 &#8230;<\/li>\n<li>Machine de fermeture, enfileur.<\/li>\n<li>Arrangement de prise via Rampa Robo.<\/li>\n<li>Accumulateur d&rsquo;entr\u00e9e et de sortie en option<\/li>\n<\/ul>\n<p>T\u00e9l\u00e9chargez la fiche produit: <a href=\"https:\/\/tallersuc.es\/wp-content\/uploads\/2017\/05\/LD8.pdf\">LD8<\/a><\/p>\n","protected":false},"featured_media":4676,"comment_status":"open","ping_status":"closed","template":"","meta":{"_et_pb_use_builder":"","_et_pb_old_content":"","_et_gb_content_width":""},"product_cat":[70],"product_tag":[134],"class_list":{"0":"post-1661","1":"product","2":"type-product","3":"status-publish","4":"has-post-thumbnail","6":"product_cat-automaticas","7":"product_tag-automaticas","9":"first","10":"instock","11":"shipping-taxable","12":"product-type-simple"},"yoast_head":"<!-- This site is optimized with the Yoast SEO plugin v23.9 - https:\/\/yoast.com\/wordpress\/plugins\/seo\/ -->\n<title>Lineal LD8 - Tallers uc<\/title>\n<meta name=\"robots\" content=\"index, follow, max-snippet:-1, max-image-preview:large, max-video-preview:-1\" \/>\n<link rel=\"canonical\" href=\"https:\/\/tallersuc.es\/fr\/producto\/lineal-ld8\/\" \/>\n<meta property=\"og:locale\" content=\"fr_FR\" \/>\n<meta property=\"og:type\" content=\"article\" \/>\n<meta property=\"og:title\" content=\"Lineal LD8 - Tallers uc\" \/>\n<meta property=\"og:description\" content=\"Con\u00e7u pour une production \u00e9lev\u00e9e.  Possibilit\u00e9 de monter diff\u00e9rentes buses de remplissage 6,8,10,12 ...  Machine de fermeture, enfileur.  Arrangement de prise via Rampa Robo.  Accumulateur d&#039;entr\u00e9e et de sortie en option  T\u00e9l\u00e9chargez la fiche produit: LD8\" \/>\n<meta property=\"og:url\" content=\"https:\/\/tallersuc.es\/fr\/producto\/lineal-ld8\/\" \/>\n<meta property=\"og:site_name\" content=\"Tallers uc\" \/>\n<meta property=\"article:modified_time\" content=\"2019-07-01T11:47:06+00:00\" \/>\n<meta property=\"og:image\" content=\"https:\/\/tallersuc.es\/wp-content\/uploads\/2017\/01\/Lineal-LD8.jpg\" \/>\n\t<meta property=\"og:image:width\" content=\"700\" \/>\n\t<meta property=\"og:image:height\" content=\"601\" \/>\n\t<meta property=\"og:image:type\" content=\"image\/jpeg\" \/>\n<meta name=\"twitter:card\" content=\"summary_large_image\" \/>\n<script type=\"application\/ld+json\" class=\"yoast-schema-graph\">{\"@context\":\"https:\/\/schema.org\",\"@graph\":[{\"@type\":\"WebPage\",\"@id\":\"https:\/\/tallersuc.es\/fr\/producto\/lineal-ld8\/\",\"url\":\"https:\/\/tallersuc.es\/fr\/producto\/lineal-ld8\/\",\"name\":\"Lineal LD8 - Tallers uc\",\"isPartOf\":{\"@id\":\"https:\/\/tallersuc.es\/fr\/#website\"},\"primaryImageOfPage\":{\"@id\":\"https:\/\/tallersuc.es\/fr\/producto\/lineal-ld8\/#primaryimage\"},\"image\":{\"@id\":\"https:\/\/tallersuc.es\/es\/producto\/lineal-ld8\/#primaryimage\"},\"thumbnailUrl\":\"https:\/\/tallersuc.es\/wp-content\/uploads\/2017\/01\/Lineal-LD8.jpg\",\"datePublished\":\"2017-01-27T17:31:50+00:00\",\"dateModified\":\"2019-07-01T11:47:06+00:00\",\"breadcrumb\":{\"@id\":\"https:\/\/tallersuc.es\/fr\/producto\/lineal-ld8\/#breadcrumb\"},\"inLanguage\":\"fr-FR\",\"potentialAction\":[{\"@type\":\"ReadAction\",\"target\":[[\"https:\/\/tallersuc.es\/fr\/producto\/lineal-ld8\/\"]]}]},{\"@type\":\"ImageObject\",\"inLanguage\":\"fr-FR\",\"@id\":\"https:\/\/tallersuc.es\/fr\/producto\/lineal-ld8\/#primaryimage\",\"url\":\"https:\/\/tallersuc.es\/wp-content\/uploads\/2017\/01\/Lineal-LD8.jpg\",\"contentUrl\":\"https:\/\/tallersuc.es\/wp-content\/uploads\/2017\/01\/Lineal-LD8.jpg\",\"width\":700,\"height\":601},{\"@type\":\"BreadcrumbList\",\"@id\":\"https:\/\/tallersuc.es\/fr\/producto\/lineal-ld8\/#breadcrumb\",\"itemListElement\":[{\"@type\":\"ListItem\",\"position\":1,\"name\":\"Portada\",\"item\":\"https:\/\/tallersuc.es\/fr\/\"},{\"@type\":\"ListItem\",\"position\":2,\"name\":\"Productos\",\"item\":\"https:\/\/tallersuc.es\/fr\/shop\/\"},{\"@type\":\"ListItem\",\"position\":3,\"name\":\"Lineal LD8\"}]},{\"@type\":\"WebSite\",\"@id\":\"https:\/\/tallersuc.es\/fr\/#website\",\"url\":\"https:\/\/tallersuc.es\/fr\/\",\"name\":\"Tallers uc\",\"description\":\"\",\"publisher\":{\"@id\":\"https:\/\/tallersuc.es\/fr\/#organization\"},\"potentialAction\":[{\"@type\":\"SearchAction\",\"target\":{\"@type\":\"EntryPoint\",\"urlTemplate\":\"https:\/\/tallersuc.es\/fr\/?s={search_term_string}\"},\"query-input\":{\"@type\":\"PropertyValueSpecification\",\"valueRequired\":true,\"valueName\":\"search_term_string\"}}],\"inLanguage\":\"fr-FR\"},{\"@type\":\"Organization\",\"@id\":\"https:\/\/tallersuc.es\/fr\/#organization\",\"name\":\"Tallers UC\",\"url\":\"https:\/\/tallersuc.es\/fr\/\",\"logo\":{\"@type\":\"ImageObject\",\"inLanguage\":\"fr-FR\",\"@id\":\"https:\/\/tallersuc.es\/fr\/#\/schema\/logo\/image\/\",\"url\":\"https:\/\/tallersuc.es\/wp-content\/uploads\/2017\/04\/favicon-gran.jpg\",\"contentUrl\":\"https:\/\/tallersuc.es\/wp-content\/uploads\/2017\/04\/favicon-gran.jpg\",\"width\":954,\"height\":954,\"caption\":\"Tallers UC\"},\"image\":{\"@id\":\"https:\/\/tallersuc.es\/fr\/#\/schema\/logo\/image\/\"}}]}<\/script>\n<!-- \/ Yoast SEO plugin. -->","yoast_head_json":{"title":"Lineal LD8 - Tallers uc","robots":{"index":"index","follow":"follow","max-snippet":"max-snippet:-1","max-image-preview":"max-image-preview:large","max-video-preview":"max-video-preview:-1"},"canonical":"https:\/\/tallersuc.es\/fr\/producto\/lineal-ld8\/","og_locale":"fr_FR","og_type":"article","og_title":"Lineal LD8 - Tallers uc","og_description":"Con\u00e7u pour une production \u00e9lev\u00e9e.  Possibilit\u00e9 de monter diff\u00e9rentes buses de remplissage 6,8,10,12 ...  Machine de fermeture, enfileur.  Arrangement de prise via Rampa Robo.  Accumulateur d'entr\u00e9e et de sortie en option  T\u00e9l\u00e9chargez la fiche produit: LD8","og_url":"https:\/\/tallersuc.es\/fr\/producto\/lineal-ld8\/","og_site_name":"Tallers uc","article_modified_time":"2019-07-01T11:47:06+00:00","og_image":[{"width":700,"height":601,"url":"https:\/\/tallersuc.es\/wp-content\/uploads\/2017\/01\/Lineal-LD8.jpg","type":"image\/jpeg"}],"twitter_card":"summary_large_image","schema":{"@context":"https:\/\/schema.org","@graph":[{"@type":"WebPage","@id":"https:\/\/tallersuc.es\/fr\/producto\/lineal-ld8\/","url":"https:\/\/tallersuc.es\/fr\/producto\/lineal-ld8\/","name":"Lineal LD8 - Tallers uc","isPartOf":{"@id":"https:\/\/tallersuc.es\/fr\/#website"},"primaryImageOfPage":{"@id":"https:\/\/tallersuc.es\/fr\/producto\/lineal-ld8\/#primaryimage"},"image":{"@id":"https:\/\/tallersuc.es\/es\/producto\/lineal-ld8\/#primaryimage"},"thumbnailUrl":"https:\/\/tallersuc.es\/wp-content\/uploads\/2017\/01\/Lineal-LD8.jpg","datePublished":"2017-01-27T17:31:50+00:00","dateModified":"2019-07-01T11:47:06+00:00","breadcrumb":{"@id":"https:\/\/tallersuc.es\/fr\/producto\/lineal-ld8\/#breadcrumb"},"inLanguage":"fr-FR","potentialAction":[{"@type":"ReadAction","target":[["https:\/\/tallersuc.es\/fr\/producto\/lineal-ld8\/"]]}]},{"@type":"ImageObject","inLanguage":"fr-FR","@id":"https:\/\/tallersuc.es\/fr\/producto\/lineal-ld8\/#primaryimage","url":"https:\/\/tallersuc.es\/wp-content\/uploads\/2017\/01\/Lineal-LD8.jpg","contentUrl":"https:\/\/tallersuc.es\/wp-content\/uploads\/2017\/01\/Lineal-LD8.jpg","width":700,"height":601},{"@type":"BreadcrumbList","@id":"https:\/\/tallersuc.es\/fr\/producto\/lineal-ld8\/#breadcrumb","itemListElement":[{"@type":"ListItem","position":1,"name":"Portada","item":"https:\/\/tallersuc.es\/fr\/"},{"@type":"ListItem","position":2,"name":"Productos","item":"https:\/\/tallersuc.es\/fr\/shop\/"},{"@type":"ListItem","position":3,"name":"Lineal LD8"}]},{"@type":"WebSite","@id":"https:\/\/tallersuc.es\/fr\/#website","url":"https:\/\/tallersuc.es\/fr\/","name":"Tallers uc","description":"","publisher":{"@id":"https:\/\/tallersuc.es\/fr\/#organization"},"potentialAction":[{"@type":"SearchAction","target":{"@type":"EntryPoint","urlTemplate":"https:\/\/tallersuc.es\/fr\/?s={search_term_string}"},"query-input":{"@type":"PropertyValueSpecification","valueRequired":true,"valueName":"search_term_string"}}],"inLanguage":"fr-FR"},{"@type":"Organization","@id":"https:\/\/tallersuc.es\/fr\/#organization","name":"Tallers UC","url":"https:\/\/tallersuc.es\/fr\/","logo":{"@type":"ImageObject","inLanguage":"fr-FR","@id":"https:\/\/tallersuc.es\/fr\/#\/schema\/logo\/image\/","url":"https:\/\/tallersuc.es\/wp-content\/uploads\/2017\/04\/favicon-gran.jpg","contentUrl":"https:\/\/tallersuc.es\/wp-content\/uploads\/2017\/04\/favicon-gran.jpg","width":954,"height":954,"caption":"Tallers UC"},"image":{"@id":"https:\/\/tallersuc.es\/fr\/#\/schema\/logo\/image\/"}}]}},"_links":{"self":[{"href":"https:\/\/tallersuc.es\/fr\/wp-json\/wp\/v2\/product\/1661","targetHints":{"allow":["GET"]}}],"collection":[{"href":"https:\/\/tallersuc.es\/fr\/wp-json\/wp\/v2\/product"}],"about":[{"href":"https:\/\/tallersuc.es\/fr\/wp-json\/wp\/v2\/types\/product"}],"replies":[{"embeddable":true,"href":"https:\/\/tallersuc.es\/fr\/wp-json\/wp\/v2\/comments?post=1661"}],"wp:featuredmedia":[{"embeddable":true,"href":"https:\/\/tallersuc.es\/fr\/wp-json\/wp\/v2\/media\/4676"}],"wp:attachment":[{"href":"https:\/\/tallersuc.es\/fr\/wp-json\/wp\/v2\/media?parent=1661"}],"wp:term":[{"taxonomy":"product_cat","embeddable":true,"href":"https:\/\/tallersuc.es\/fr\/wp-json\/wp\/v2\/product_cat?post=1661"},{"taxonomy":"product_tag","embeddable":true,"href":"https:\/\/tallersuc.es\/fr\/wp-json\/wp\/v2\/product_tag?post=1661"}],"curies":[{"name":"wp","href":"https:\/\/api.w.org\/{rel}","templated":true}]}}