{"id":1481,"date":"2017-01-24T11:38:28","date_gmt":"2017-01-24T10:38:28","guid":{"rendered":"https:\/\/tallersuc.es\/?post_type=product&#038;p=1481"},"modified":"2017-03-06T17:23:40","modified_gmt":"2017-03-06T16:23:40","slug":"afiladora-cuchillos-xc-1","status":"publish","type":"product","link":"https:\/\/tallersuc.es\/fr\/producto\/afiladora-cuchillos-xc-1\/","title":{"rendered":"Afiladora de Cuchillos XC.1"},"content":{"rendered":"<p>Afiladora de cuchillos de cinta esmeril con mola pulidora de acabado.<\/p>\n<p>M\u00e1quina profesional de acabado excepcional.<\/p>\n<p>Conexi\u00f3n monof\u00e1sica de 230V.<\/p>\n<p>Velocidad de giro de 3.000 r.p.m<\/p>\n","protected":false},"excerpt":{"rendered":"<p>Afiladora de cuchillos de cinta esmeril con mola pulidora de acabado.<\/p>\n<p>M\u00e1quina profesional de acabado excepcional.<\/p>\n<p>Conexi\u00f3n monof\u00e1sica de 230V.<\/p>\n<p>Velocidad de giro de 3.000 r.p.m<\/p>\n","protected":false},"featured_media":1484,"comment_status":"open","ping_status":"closed","template":"","meta":{"_et_pb_use_builder":"","_et_pb_old_content":"","_et_gb_content_width":""},"product_cat":[235,242,63],"product_tag":[81,82,84,85,83],"class_list":{"0":"post-1481","1":"product","2":"type-product","3":"status-publish","4":"has-post-thumbnail","6":"product_cat-tallers-uc","7":"product_cat-afiladoras","8":"product_cat-maquinaria","9":"product_tag-afiladora","10":"product_tag-afiladora-de-cuchillos","11":"product_tag-cinta-esmeril","12":"product_tag-mola-pulidora","13":"product_tag-xc-1","15":"first","16":"instock","17":"shipping-taxable","18":"product-type-simple"},"yoast_head":"<!-- This site is optimized with the Yoast SEO plugin v23.9 - https:\/\/yoast.com\/wordpress\/plugins\/seo\/ -->\n<title>Afiladora de Cuchillos XC.1 - Tallers uc<\/title>\n<meta name=\"robots\" content=\"index, follow, max-snippet:-1, max-image-preview:large, max-video-preview:-1\" \/>\n<link rel=\"canonical\" href=\"https:\/\/tallersuc.es\/fr\/producto\/afiladora-cuchillos-xc-1\/\" \/>\n<meta property=\"og:locale\" content=\"fr_FR\" \/>\n<meta property=\"og:type\" content=\"article\" \/>\n<meta property=\"og:title\" content=\"Afiladora de Cuchillos XC.1 - Tallers uc\" \/>\n<meta property=\"og:description\" content=\"Afiladora de cuchillos de cinta esmeril con mola pulidora de acabado.  M\u00e1quina profesional de acabado excepcional.  Conexi\u00f3n monof\u00e1sica de 230V.  Velocidad de giro de 3.000 r.p.m\" \/>\n<meta property=\"og:url\" content=\"https:\/\/tallersuc.es\/fr\/producto\/afiladora-cuchillos-xc-1\/\" \/>\n<meta property=\"og:site_name\" content=\"Tallers uc\" \/>\n<meta property=\"article:modified_time\" content=\"2017-03-06T16:23:40+00:00\" \/>\n<meta property=\"og:image\" content=\"https:\/\/tallersuc.es\/wp-content\/uploads\/2017\/01\/Image-5-at-frame-1.jpg\" \/>\n\t<meta property=\"og:image:width\" content=\"720\" \/>\n\t<meta property=\"og:image:height\" content=\"1080\" \/>\n\t<meta property=\"og:image:type\" content=\"image\/jpeg\" \/>\n<meta name=\"twitter:card\" content=\"summary_large_image\" \/>\n<script type=\"application\/ld+json\" class=\"yoast-schema-graph\">{\"@context\":\"https:\/\/schema.org\",\"@graph\":[{\"@type\":\"WebPage\",\"@id\":\"https:\/\/tallersuc.es\/fr\/producto\/afiladora-cuchillos-xc-1\/\",\"url\":\"https:\/\/tallersuc.es\/fr\/producto\/afiladora-cuchillos-xc-1\/\",\"name\":\"Afiladora de Cuchillos XC.1 - Tallers uc\",\"isPartOf\":{\"@id\":\"https:\/\/tallersuc.es\/fr\/#website\"},\"primaryImageOfPage\":{\"@id\":\"https:\/\/tallersuc.es\/fr\/producto\/afiladora-cuchillos-xc-1\/#primaryimage\"},\"image\":{\"@id\":\"https:\/\/tallersuc.es\/en\/producto\/afiladora-cuchillos-xc-1\/#primaryimage\"},\"thumbnailUrl\":\"https:\/\/tallersuc.es\/wp-content\/uploads\/2017\/01\/Image-5-at-frame-1.jpg\",\"datePublished\":\"2017-01-24T10:38:28+00:00\",\"dateModified\":\"2017-03-06T16:23:40+00:00\",\"breadcrumb\":{\"@id\":\"https:\/\/tallersuc.es\/fr\/producto\/afiladora-cuchillos-xc-1\/#breadcrumb\"},\"inLanguage\":\"fr-FR\",\"potentialAction\":[{\"@type\":\"ReadAction\",\"target\":[[\"https:\/\/tallersuc.es\/fr\/producto\/afiladora-cuchillos-xc-1\/\"]]}]},{\"@type\":\"ImageObject\",\"inLanguage\":\"fr-FR\",\"@id\":\"https:\/\/tallersuc.es\/fr\/producto\/afiladora-cuchillos-xc-1\/#primaryimage\",\"url\":\"https:\/\/tallersuc.es\/wp-content\/uploads\/2017\/01\/Image-5-at-frame-1.jpg\",\"contentUrl\":\"https:\/\/tallersuc.es\/wp-content\/uploads\/2017\/01\/Image-5-at-frame-1.jpg\",\"width\":720,\"height\":1080,\"caption\":\"afiladora-de-cuchillos-xc1\"},{\"@type\":\"BreadcrumbList\",\"@id\":\"https:\/\/tallersuc.es\/fr\/producto\/afiladora-cuchillos-xc-1\/#breadcrumb\",\"itemListElement\":[{\"@type\":\"ListItem\",\"position\":1,\"name\":\"Portada\",\"item\":\"https:\/\/tallersuc.es\/fr\/\"},{\"@type\":\"ListItem\",\"position\":2,\"name\":\"Productos\",\"item\":\"https:\/\/tallersuc.es\/fr\/shop\/\"},{\"@type\":\"ListItem\",\"position\":3,\"name\":\"Afiladora de Cuchillos XC.1\"}]},{\"@type\":\"WebSite\",\"@id\":\"https:\/\/tallersuc.es\/fr\/#website\",\"url\":\"https:\/\/tallersuc.es\/fr\/\",\"name\":\"Tallers uc\",\"description\":\"\",\"publisher\":{\"@id\":\"https:\/\/tallersuc.es\/fr\/#organization\"},\"potentialAction\":[{\"@type\":\"SearchAction\",\"target\":{\"@type\":\"EntryPoint\",\"urlTemplate\":\"https:\/\/tallersuc.es\/fr\/?s={search_term_string}\"},\"query-input\":{\"@type\":\"PropertyValueSpecification\",\"valueRequired\":true,\"valueName\":\"search_term_string\"}}],\"inLanguage\":\"fr-FR\"},{\"@type\":\"Organization\",\"@id\":\"https:\/\/tallersuc.es\/fr\/#organization\",\"name\":\"Tallers UC\",\"url\":\"https:\/\/tallersuc.es\/fr\/\",\"logo\":{\"@type\":\"ImageObject\",\"inLanguage\":\"fr-FR\",\"@id\":\"https:\/\/tallersuc.es\/fr\/#\/schema\/logo\/image\/\",\"url\":\"https:\/\/tallersuc.es\/wp-content\/uploads\/2017\/04\/favicon-gran.jpg\",\"contentUrl\":\"https:\/\/tallersuc.es\/wp-content\/uploads\/2017\/04\/favicon-gran.jpg\",\"width\":954,\"height\":954,\"caption\":\"Tallers UC\"},\"image\":{\"@id\":\"https:\/\/tallersuc.es\/fr\/#\/schema\/logo\/image\/\"}}]}<\/script>\n<!-- \/ Yoast SEO plugin. -->","yoast_head_json":{"title":"Afiladora de Cuchillos XC.1 - Tallers uc","robots":{"index":"index","follow":"follow","max-snippet":"max-snippet:-1","max-image-preview":"max-image-preview:large","max-video-preview":"max-video-preview:-1"},"canonical":"https:\/\/tallersuc.es\/fr\/producto\/afiladora-cuchillos-xc-1\/","og_locale":"fr_FR","og_type":"article","og_title":"Afiladora de Cuchillos XC.1 - Tallers uc","og_description":"Afiladora de cuchillos de cinta esmeril con mola pulidora de acabado.  M\u00e1quina profesional de acabado excepcional.  Conexi\u00f3n monof\u00e1sica de 230V.  Velocidad de giro de 3.000 r.p.m","og_url":"https:\/\/tallersuc.es\/fr\/producto\/afiladora-cuchillos-xc-1\/","og_site_name":"Tallers uc","article_modified_time":"2017-03-06T16:23:40+00:00","og_image":[{"width":720,"height":1080,"url":"https:\/\/tallersuc.es\/wp-content\/uploads\/2017\/01\/Image-5-at-frame-1.jpg","type":"image\/jpeg"}],"twitter_card":"summary_large_image","schema":{"@context":"https:\/\/schema.org","@graph":[{"@type":"WebPage","@id":"https:\/\/tallersuc.es\/fr\/producto\/afiladora-cuchillos-xc-1\/","url":"https:\/\/tallersuc.es\/fr\/producto\/afiladora-cuchillos-xc-1\/","name":"Afiladora de Cuchillos XC.1 - Tallers uc","isPartOf":{"@id":"https:\/\/tallersuc.es\/fr\/#website"},"primaryImageOfPage":{"@id":"https:\/\/tallersuc.es\/fr\/producto\/afiladora-cuchillos-xc-1\/#primaryimage"},"image":{"@id":"https:\/\/tallersuc.es\/en\/producto\/afiladora-cuchillos-xc-1\/#primaryimage"},"thumbnailUrl":"https:\/\/tallersuc.es\/wp-content\/uploads\/2017\/01\/Image-5-at-frame-1.jpg","datePublished":"2017-01-24T10:38:28+00:00","dateModified":"2017-03-06T16:23:40+00:00","breadcrumb":{"@id":"https:\/\/tallersuc.es\/fr\/producto\/afiladora-cuchillos-xc-1\/#breadcrumb"},"inLanguage":"fr-FR","potentialAction":[{"@type":"ReadAction","target":[["https:\/\/tallersuc.es\/fr\/producto\/afiladora-cuchillos-xc-1\/"]]}]},{"@type":"ImageObject","inLanguage":"fr-FR","@id":"https:\/\/tallersuc.es\/fr\/producto\/afiladora-cuchillos-xc-1\/#primaryimage","url":"https:\/\/tallersuc.es\/wp-content\/uploads\/2017\/01\/Image-5-at-frame-1.jpg","contentUrl":"https:\/\/tallersuc.es\/wp-content\/uploads\/2017\/01\/Image-5-at-frame-1.jpg","width":720,"height":1080,"caption":"afiladora-de-cuchillos-xc1"},{"@type":"BreadcrumbList","@id":"https:\/\/tallersuc.es\/fr\/producto\/afiladora-cuchillos-xc-1\/#breadcrumb","itemListElement":[{"@type":"ListItem","position":1,"name":"Portada","item":"https:\/\/tallersuc.es\/fr\/"},{"@type":"ListItem","position":2,"name":"Productos","item":"https:\/\/tallersuc.es\/fr\/shop\/"},{"@type":"ListItem","position":3,"name":"Afiladora de Cuchillos XC.1"}]},{"@type":"WebSite","@id":"https:\/\/tallersuc.es\/fr\/#website","url":"https:\/\/tallersuc.es\/fr\/","name":"Tallers uc","description":"","publisher":{"@id":"https:\/\/tallersuc.es\/fr\/#organization"},"potentialAction":[{"@type":"SearchAction","target":{"@type":"EntryPoint","urlTemplate":"https:\/\/tallersuc.es\/fr\/?s={search_term_string}"},"query-input":{"@type":"PropertyValueSpecification","valueRequired":true,"valueName":"search_term_string"}}],"inLanguage":"fr-FR"},{"@type":"Organization","@id":"https:\/\/tallersuc.es\/fr\/#organization","name":"Tallers UC","url":"https:\/\/tallersuc.es\/fr\/","logo":{"@type":"ImageObject","inLanguage":"fr-FR","@id":"https:\/\/tallersuc.es\/fr\/#\/schema\/logo\/image\/","url":"https:\/\/tallersuc.es\/wp-content\/uploads\/2017\/04\/favicon-gran.jpg","contentUrl":"https:\/\/tallersuc.es\/wp-content\/uploads\/2017\/04\/favicon-gran.jpg","width":954,"height":954,"caption":"Tallers UC"},"image":{"@id":"https:\/\/tallersuc.es\/fr\/#\/schema\/logo\/image\/"}}]}},"_links":{"self":[{"href":"https:\/\/tallersuc.es\/fr\/wp-json\/wp\/v2\/product\/1481","targetHints":{"allow":["GET"]}}],"collection":[{"href":"https:\/\/tallersuc.es\/fr\/wp-json\/wp\/v2\/product"}],"about":[{"href":"https:\/\/tallersuc.es\/fr\/wp-json\/wp\/v2\/types\/product"}],"replies":[{"embeddable":true,"href":"https:\/\/tallersuc.es\/fr\/wp-json\/wp\/v2\/comments?post=1481"}],"wp:featuredmedia":[{"embeddable":true,"href":"https:\/\/tallersuc.es\/fr\/wp-json\/wp\/v2\/media\/1484"}],"wp:attachment":[{"href":"https:\/\/tallersuc.es\/fr\/wp-json\/wp\/v2\/media?parent=1481"}],"wp:term":[{"taxonomy":"product_cat","embeddable":true,"href":"https:\/\/tallersuc.es\/fr\/wp-json\/wp\/v2\/product_cat?post=1481"},{"taxonomy":"product_tag","embeddable":true,"href":"https:\/\/tallersuc.es\/fr\/wp-json\/wp\/v2\/product_tag?post=1481"}],"curies":[{"name":"wp","href":"https:\/\/api.w.org\/{rel}","templated":true}]}}