{"id":4280,"date":"2018-05-28T13:18:45","date_gmt":"2018-05-28T11:18:45","guid":{"rendered":"https:\/\/tallersuc.es\/?page_id=4280"},"modified":"2019-06-26T20:48:51","modified_gmt":"2019-06-26T18:48:51","slug":"politica-de-cookies","status":"publish","type":"page","link":"https:\/\/tallersuc.es\/fr\/politica-de-cookies\/","title":{"rendered":"POLITIQUE DE COOKIES"},"content":{"rendered":"<p>POLITIQUE DE COOKIES<\/p>\n<p>Les cookies utilis\u00e9s sont uniquement associ\u00e9s \u00e0 un utilisateur anonyme et \u00e0 son ordinateur, et ne fournissent pas les donn\u00e9es personnelles de l&rsquo;utilisateur par eux-m\u00eames.<\/p>\n<p>En utilisant des cookies, il est possible que le serveur sur lequel se trouve le site Web reconnaisse le navigateur Web utilis\u00e9 par l&rsquo;utilisateur afin de faciliter la navigation. Ils sont \u00e9galement utilis\u00e9s pour mesurer l&rsquo;audience et les param\u00e8tres de trafic, contr\u00f4ler le processus et le nombre d&rsquo;entr\u00e9es.<\/p>\n<p>L&rsquo;utilisateur a la possibilit\u00e9 de configurer son navigateur pour \u00eatre averti de la r\u00e9ception de cookies et emp\u00eacher son installation sur son ordinateur. Veuillez consulter les instructions et les manuels de votre navigateur pour d\u00e9velopper ces informations.<\/p>\n<p>Pour utiliser le site Web, il n&rsquo;est pas n\u00e9cessaire que l&rsquo;utilisateur autorise l&rsquo;installation de cookies envoy\u00e9s au site Web ou au tiers agissant en leur nom, sans pr\u00e9judice de la n\u00e9cessit\u00e9 pour l&rsquo;utilisateur de lancer une telle session dans chacun des services. disposition n\u00e9cessite un enregistrement pr\u00e9alable.<\/p>\n<p>En tout \u00e9tat de cause, les cookies ont un caract\u00e8re temporaire dans le seul but de rendre leur transmission ult\u00e9rieure plus efficace. Les cookies ne seront en aucun cas utilis\u00e9s pour collecter des informations personnelles.<\/p>\n<p>Ce site web utilise des cookies. Les cookies de ce site Web sont utilis\u00e9s pour personnaliser le contenu et les annonces, proposer des fonctionnalit\u00e9s de r\u00e9seau social et analyser le trafic. De plus, nous partageons des informations sur votre utilisation du site Web avec nos partenaires m\u00e9dias sociaux, publicitaires et d&rsquo;analyse Web, qui peuvent les combiner avec d&rsquo;autres informations que vous avez fournies ou que vous avez collect\u00e9es lors de votre utilisation de leurs services. Vous acceptez nos cookies si vous continuez \u00e0 utiliser notre site Web.<\/p>\n<p>Les cookies sont de petits fichiers texte que les pages Web peuvent utiliser pour rendre l&rsquo;exp\u00e9rience utilisateur plus efficace.<\/p>\n<p>La loi stipule que nous pouvons stocker des cookies sur votre appareil s&rsquo;ils sont strictement n\u00e9cessaires au fonctionnement de cette page. Pour tous les autres types de cookies, nous avons besoin de votre permission.<\/p>\n<p>Cette page utilise diff\u00e9rents types de cookies. Certains cookies sont plac\u00e9s par des services tiers apparaissant sur nos pages.<\/p>\n<p>\u00c0 tout moment, vous pouvez modifier ou retirer votre consentement de la d\u00e9claration de cookie de notre site Web.<\/p>\n<p>Obtenez plus d&rsquo;informations sur qui nous sommes, comment nous pouvons nous contacter et comment nous traitons les informations personnelles dans notre Politique de confidentialit\u00e9.<\/p>","protected":false},"excerpt":{"rendered":"<p>POLITIQUE DE COOKIES Les cookies utilis\u00e9s sont uniquement associ\u00e9s \u00e0 un utilisateur anonyme et \u00e0 son ordinateur, et ne fournissent pas les donn\u00e9es personnelles de l&rsquo;utilisateur par eux-m\u00eames. En utilisant des cookies, il est possible que le serveur sur lequel se trouve le site Web reconnaisse le navigateur Web utilis\u00e9 par l&rsquo;utilisateur afin de faciliter [&hellip;]<\/p>\n","protected":false},"author":2,"featured_media":0,"parent":0,"menu_order":0,"comment_status":"closed","ping_status":"closed","template":"","meta":{"_et_pb_use_builder":"","_et_pb_old_content":"","_et_gb_content_width":"","footnotes":""},"class_list":["post-4280","page","type-page","status-publish","hentry"],"yoast_head":"<!-- This site is optimized with the Yoast SEO plugin v23.9 - https:\/\/yoast.com\/wordpress\/plugins\/seo\/ -->\n<title>POLITIQUE DE COOKIES - Tallers uc<\/title>\n<meta name=\"robots\" content=\"index, follow, max-snippet:-1, max-image-preview:large, max-video-preview:-1\" \/>\n<link rel=\"canonical\" href=\"https:\/\/tallersuc.es\/fr\/politica-de-cookies\/\" \/>\n<meta property=\"og:locale\" content=\"fr_FR\" \/>\n<meta property=\"og:type\" content=\"article\" \/>\n<meta property=\"og:title\" content=\"POLITIQUE DE COOKIES - Tallers uc\" \/>\n<meta property=\"og:description\" content=\"POLITIQUE DE COOKIES Les cookies utilis\u00e9s sont uniquement associ\u00e9s \u00e0 un utilisateur anonyme et \u00e0 son ordinateur, et ne fournissent pas les donn\u00e9es personnelles de l&rsquo;utilisateur par eux-m\u00eames. En utilisant des cookies, il est possible que le serveur sur lequel se trouve le site Web reconnaisse le navigateur Web utilis\u00e9 par l&rsquo;utilisateur afin de faciliter [&hellip;]\" \/>\n<meta property=\"og:url\" content=\"https:\/\/tallersuc.es\/fr\/politica-de-cookies\/\" \/>\n<meta property=\"og:site_name\" content=\"Tallers uc\" \/>\n<meta property=\"article:modified_time\" content=\"2019-06-26T18:48:51+00:00\" \/>\n<meta name=\"twitter:card\" content=\"summary_large_image\" \/>\n<meta name=\"twitter:label1\" content=\"Dur\u00e9e de lecture estim\u00e9e\" \/>\n\t<meta name=\"twitter:data1\" content=\"6 minutes\" \/>\n<script type=\"application\/ld+json\" class=\"yoast-schema-graph\">{\"@context\":\"https:\/\/schema.org\",\"@graph\":[{\"@type\":\"WebPage\",\"@id\":\"https:\/\/tallersuc.es\/fr\/politica-de-cookies\/\",\"url\":\"https:\/\/tallersuc.es\/fr\/politica-de-cookies\/\",\"name\":\"POLITIQUE DE COOKIES - Tallers uc\",\"isPartOf\":{\"@id\":\"https:\/\/tallersuc.es\/fr\/#website\"},\"datePublished\":\"2018-05-28T11:18:45+00:00\",\"dateModified\":\"2019-06-26T18:48:51+00:00\",\"breadcrumb\":{\"@id\":\"https:\/\/tallersuc.es\/fr\/politica-de-cookies\/#breadcrumb\"},\"inLanguage\":\"fr-FR\",\"potentialAction\":[{\"@type\":\"ReadAction\",\"target\":[[\"https:\/\/tallersuc.es\/fr\/politica-de-cookies\/\"]]}]},{\"@type\":\"BreadcrumbList\",\"@id\":\"https:\/\/tallersuc.es\/fr\/politica-de-cookies\/#breadcrumb\",\"itemListElement\":[{\"@type\":\"ListItem\",\"position\":1,\"name\":\"Portada\",\"item\":\"https:\/\/tallersuc.es\/fr\/\"},{\"@type\":\"ListItem\",\"position\":2,\"name\":\"Pol\u00edtica de cookies\"}]},{\"@type\":\"WebSite\",\"@id\":\"https:\/\/tallersuc.es\/fr\/#website\",\"url\":\"https:\/\/tallersuc.es\/fr\/\",\"name\":\"Tallers uc\",\"description\":\"\",\"publisher\":{\"@id\":\"https:\/\/tallersuc.es\/fr\/#organization\"},\"potentialAction\":[{\"@type\":\"SearchAction\",\"target\":{\"@type\":\"EntryPoint\",\"urlTemplate\":\"https:\/\/tallersuc.es\/fr\/?s={search_term_string}\"},\"query-input\":{\"@type\":\"PropertyValueSpecification\",\"valueRequired\":true,\"valueName\":\"search_term_string\"}}],\"inLanguage\":\"fr-FR\"},{\"@type\":\"Organization\",\"@id\":\"https:\/\/tallersuc.es\/fr\/#organization\",\"name\":\"Tallers UC\",\"url\":\"https:\/\/tallersuc.es\/fr\/\",\"logo\":{\"@type\":\"ImageObject\",\"inLanguage\":\"fr-FR\",\"@id\":\"https:\/\/tallersuc.es\/fr\/#\/schema\/logo\/image\/\",\"url\":\"https:\/\/tallersuc.es\/wp-content\/uploads\/2017\/04\/favicon-gran.jpg\",\"contentUrl\":\"https:\/\/tallersuc.es\/wp-content\/uploads\/2017\/04\/favicon-gran.jpg\",\"width\":954,\"height\":954,\"caption\":\"Tallers UC\"},\"image\":{\"@id\":\"https:\/\/tallersuc.es\/fr\/#\/schema\/logo\/image\/\"}}]}<\/script>\n<!-- \/ Yoast SEO plugin. -->","yoast_head_json":{"title":"POLITIQUE DE COOKIES - Tallers uc","robots":{"index":"index","follow":"follow","max-snippet":"max-snippet:-1","max-image-preview":"max-image-preview:large","max-video-preview":"max-video-preview:-1"},"canonical":"https:\/\/tallersuc.es\/fr\/politica-de-cookies\/","og_locale":"fr_FR","og_type":"article","og_title":"POLITIQUE DE COOKIES - Tallers uc","og_description":"POLITIQUE DE COOKIES Les cookies utilis\u00e9s sont uniquement associ\u00e9s \u00e0 un utilisateur anonyme et \u00e0 son ordinateur, et ne fournissent pas les donn\u00e9es personnelles de l&rsquo;utilisateur par eux-m\u00eames. En utilisant des cookies, il est possible que le serveur sur lequel se trouve le site Web reconnaisse le navigateur Web utilis\u00e9 par l&rsquo;utilisateur afin de faciliter [&hellip;]","og_url":"https:\/\/tallersuc.es\/fr\/politica-de-cookies\/","og_site_name":"Tallers uc","article_modified_time":"2019-06-26T18:48:51+00:00","twitter_card":"summary_large_image","twitter_misc":{"Dur\u00e9e de lecture estim\u00e9e":"6 minutes"},"schema":{"@context":"https:\/\/schema.org","@graph":[{"@type":"WebPage","@id":"https:\/\/tallersuc.es\/fr\/politica-de-cookies\/","url":"https:\/\/tallersuc.es\/fr\/politica-de-cookies\/","name":"POLITIQUE DE COOKIES - Tallers uc","isPartOf":{"@id":"https:\/\/tallersuc.es\/fr\/#website"},"datePublished":"2018-05-28T11:18:45+00:00","dateModified":"2019-06-26T18:48:51+00:00","breadcrumb":{"@id":"https:\/\/tallersuc.es\/fr\/politica-de-cookies\/#breadcrumb"},"inLanguage":"fr-FR","potentialAction":[{"@type":"ReadAction","target":[["https:\/\/tallersuc.es\/fr\/politica-de-cookies\/"]]}]},{"@type":"BreadcrumbList","@id":"https:\/\/tallersuc.es\/fr\/politica-de-cookies\/#breadcrumb","itemListElement":[{"@type":"ListItem","position":1,"name":"Portada","item":"https:\/\/tallersuc.es\/fr\/"},{"@type":"ListItem","position":2,"name":"Pol\u00edtica de cookies"}]},{"@type":"WebSite","@id":"https:\/\/tallersuc.es\/fr\/#website","url":"https:\/\/tallersuc.es\/fr\/","name":"Tallers uc","description":"","publisher":{"@id":"https:\/\/tallersuc.es\/fr\/#organization"},"potentialAction":[{"@type":"SearchAction","target":{"@type":"EntryPoint","urlTemplate":"https:\/\/tallersuc.es\/fr\/?s={search_term_string}"},"query-input":{"@type":"PropertyValueSpecification","valueRequired":true,"valueName":"search_term_string"}}],"inLanguage":"fr-FR"},{"@type":"Organization","@id":"https:\/\/tallersuc.es\/fr\/#organization","name":"Tallers UC","url":"https:\/\/tallersuc.es\/fr\/","logo":{"@type":"ImageObject","inLanguage":"fr-FR","@id":"https:\/\/tallersuc.es\/fr\/#\/schema\/logo\/image\/","url":"https:\/\/tallersuc.es\/wp-content\/uploads\/2017\/04\/favicon-gran.jpg","contentUrl":"https:\/\/tallersuc.es\/wp-content\/uploads\/2017\/04\/favicon-gran.jpg","width":954,"height":954,"caption":"Tallers UC"},"image":{"@id":"https:\/\/tallersuc.es\/fr\/#\/schema\/logo\/image\/"}}]}},"_links":{"self":[{"href":"https:\/\/tallersuc.es\/fr\/wp-json\/wp\/v2\/pages\/4280","targetHints":{"allow":["GET"]}}],"collection":[{"href":"https:\/\/tallersuc.es\/fr\/wp-json\/wp\/v2\/pages"}],"about":[{"href":"https:\/\/tallersuc.es\/fr\/wp-json\/wp\/v2\/types\/page"}],"author":[{"embeddable":true,"href":"https:\/\/tallersuc.es\/fr\/wp-json\/wp\/v2\/users\/2"}],"replies":[{"embeddable":true,"href":"https:\/\/tallersuc.es\/fr\/wp-json\/wp\/v2\/comments?post=4280"}],"version-history":[{"count":0,"href":"https:\/\/tallersuc.es\/fr\/wp-json\/wp\/v2\/pages\/4280\/revisions"}],"wp:attachment":[{"href":"https:\/\/tallersuc.es\/fr\/wp-json\/wp\/v2\/media?parent=4280"}],"curies":[{"name":"wp","href":"https:\/\/api.w.org\/{rel}","templated":true}]}}