{"id":4083,"date":"2017-05-04T18:21:07","date_gmt":"2017-05-04T16:21:07","guid":{"rendered":"https:\/\/tallersuc.es\/?page_id=4083"},"modified":"2019-06-26T20:50:06","modified_gmt":"2019-06-26T18:50:06","slug":"politica-privacidad","status":"publish","type":"page","link":"https:\/\/tallersuc.es\/fr\/politica-privacidad\/","title":{"rendered":"POLITIQUE DE CONFIDENTIALIT\u00c9"},"content":{"rendered":"<p>DONNEES GENERALES<\/p>\n<p>Son objectif principal est de fournir aux clients et au grand public des informations sur la soci\u00e9t\u00e9, les produits et services propos\u00e9s.<\/p>\n<p>POLITIQUE DE CONFIDENTIALIT\u00c9<\/p>\n<p>Conform\u00e9ment aux dispositions de la loi organique 15\/1999 du 13 d\u00e9cembre, Protection des donn\u00e9es personnelles (LOPD) informe l&rsquo;utilisateur que toutes les donn\u00e9es fournies seront incorpor\u00e9es dans un fichier cr\u00e9\u00e9 et maintenu sous la responsabilit\u00e9 de Tallers Utillatges Comellas, SL.<\/p>\n<p>Nous respecterons toujours la confidentialit\u00e9 de vos donn\u00e9es personnelles qui ne seront utilis\u00e9es que pour g\u00e9rer les services offerts, r\u00e9pondre \u00e0 vos demandes, effectuer des t\u00e2ches administratives et envoyer des informations techniques, commerciales ou publicitaires par des moyens ordinaires ou \u00e9lectroniques.<\/p>\n<p>CONDITIONS D&rsquo;UTILISATION<\/p>\n<p>Les conditions d&rsquo;acc\u00e8s et d&rsquo;utilisation de ce site sont r\u00e9gies par la l\u00e9gislation en vigueur et par le principe de bonne foi, obligeant l&rsquo;utilisateur \u00e0 faire bon usage du site. Aucun comportement contraire \u00e0 la loi, aux droits ou aux int\u00e9r\u00eats de tiers n&rsquo;est autoris\u00e9.<\/p>\n<p>Tout type de notification et \/ ou r\u00e9clamation ne sera valable que par notification \u00e9crite et \/ ou courrier certifi\u00e9.<\/p>\n<p>RESPONSABILIT\u00c9S<\/p>\n<p>La soci\u00e9t\u00e9 ne sera pas non plus responsable des dommages pouvant r\u00e9sulter de pannes ou de mauvaises configurations du logiciel install\u00e9 sur l&rsquo;ordinateur de l&rsquo;utilisateur Internet. Cela exclut toute responsabilit\u00e9 pour tout incident technique ou d\u00e9faillance survenant lorsque l&rsquo;utilisateur se connecte sur Internet. De m\u00eame, l&rsquo;absence d&rsquo;interruptions ou d&rsquo;erreurs dans l&rsquo;acc\u00e8s au site Web n&rsquo;est pas garantie.<\/p>\n<p>PROPRI\u00c9T\u00c9 INTELLECTUELLE ET INDUSTRIELLE<\/p>\n<p>Tallers Utillatges Comellas, S.L. est titulaire de tous les droits sur le logiciel de la publication num\u00e9rique ainsi que des droits de propri\u00e9t\u00e9 industrielle et intellectuelle vis\u00e9s au contenu qui y est inclus, \u00e0 l&rsquo;exception des droits sur les produits et services \u00e0 caract\u00e8re public qui ne sont pas la propri\u00e9t\u00e9 de la pr\u00e9sente entreprise .<\/p>\n<p>DROIT APPLICABLE ET JURIDICTION<\/p>\n<p>Ces conditions g\u00e9n\u00e9rales sont r\u00e9gies par la l\u00e9gislation espagnole. Pour tout litige pouvant survenir concernant le site Web ou l&rsquo;activit\u00e9 qui se d\u00e9veloppe, il y aura des tribunaux comp\u00e9tents de la ville de Barcelone, l&rsquo;utilisateur renon\u00e7ant express\u00e9ment \u00e0 toute autre juridiction qui pourrait lui correspondre.<\/p>\n<p>POLITIQUE DE COOKIES<\/p>\n<p>Les cookies utilis\u00e9s sont uniquement associ\u00e9s \u00e0 un utilisateur anonyme et \u00e0 son ordinateur, et ne fournissent pas les donn\u00e9es personnelles de l&rsquo;utilisateur par eux-m\u00eames.<\/p>\n<p>En utilisant des cookies, il est possible que le serveur sur lequel se trouve le site Web reconnaisse le navigateur Web utilis\u00e9 par l&rsquo;utilisateur afin de faciliter la navigation. Ils sont \u00e9galement utilis\u00e9s pour mesurer l&rsquo;audience et les param\u00e8tres de trafic, contr\u00f4ler le processus et le nombre d&rsquo;entr\u00e9es.<\/p>\n<p>L&rsquo;utilisateur a la possibilit\u00e9 de configurer son navigateur pour \u00eatre averti de la r\u00e9ception de cookies et emp\u00eacher son installation sur son ordinateur. Veuillez consulter les instructions et les manuels de votre navigateur pour d\u00e9velopper ces informations.<\/p>\n<p>Pour utiliser le site Web, il n&rsquo;est pas n\u00e9cessaire que l&rsquo;utilisateur autorise l&rsquo;installation de cookies envoy\u00e9s au site Web ou au tiers agissant en leur nom, sans pr\u00e9judice de la n\u00e9cessit\u00e9 pour l&rsquo;utilisateur de lancer une telle session dans chacun des services. disposition n\u00e9cessite un enregistrement pr\u00e9alable.<\/p>\n<p>En tout \u00e9tat de cause, les cookies ont un caract\u00e8re temporaire dans le seul but de rendre leur transmission ult\u00e9rieure plus efficace. Les cookies ne seront en aucun cas utilis\u00e9s pour collecter des informations personnelles.<\/p>","protected":false},"excerpt":{"rendered":"<p>DONNEES GENERALES Son objectif principal est de fournir aux clients et au grand public des informations sur la soci\u00e9t\u00e9, les produits et services propos\u00e9s. POLITIQUE DE CONFIDENTIALIT\u00c9 Conform\u00e9ment aux dispositions de la loi organique 15\/1999 du 13 d\u00e9cembre, Protection des donn\u00e9es personnelles (LOPD) informe l&rsquo;utilisateur que toutes les donn\u00e9es fournies seront incorpor\u00e9es dans un fichier [&hellip;]<\/p>\n","protected":false},"author":2,"featured_media":0,"parent":0,"menu_order":0,"comment_status":"closed","ping_status":"closed","template":"","meta":{"_et_pb_use_builder":"","_et_pb_old_content":"","_et_gb_content_width":"","footnotes":""},"class_list":["post-4083","page","type-page","status-publish","hentry"],"yoast_head":"<!-- This site is optimized with the Yoast SEO plugin v23.9 - https:\/\/yoast.com\/wordpress\/plugins\/seo\/ -->\n<title>POLITIQUE DE CONFIDENTIALIT\u00c9 - Tallers uc<\/title>\n<meta name=\"robots\" content=\"index, follow, max-snippet:-1, max-image-preview:large, max-video-preview:-1\" \/>\n<link rel=\"canonical\" href=\"https:\/\/tallersuc.es\/fr\/politica-privacidad\/\" \/>\n<meta property=\"og:locale\" content=\"fr_FR\" \/>\n<meta property=\"og:type\" content=\"article\" \/>\n<meta property=\"og:title\" content=\"POLITIQUE DE CONFIDENTIALIT\u00c9 - Tallers uc\" \/>\n<meta property=\"og:description\" content=\"DONNEES GENERALES Son objectif principal est de fournir aux clients et au grand public des informations sur la soci\u00e9t\u00e9, les produits et services propos\u00e9s. POLITIQUE DE CONFIDENTIALIT\u00c9 Conform\u00e9ment aux dispositions de la loi organique 15\/1999 du 13 d\u00e9cembre, Protection des donn\u00e9es personnelles (LOPD) informe l&rsquo;utilisateur que toutes les donn\u00e9es fournies seront incorpor\u00e9es dans un fichier [&hellip;]\" \/>\n<meta property=\"og:url\" content=\"https:\/\/tallersuc.es\/fr\/politica-privacidad\/\" \/>\n<meta property=\"og:site_name\" content=\"Tallers uc\" \/>\n<meta property=\"article:modified_time\" content=\"2019-06-26T18:50:06+00:00\" \/>\n<meta name=\"twitter:card\" content=\"summary_large_image\" \/>\n<meta name=\"twitter:label1\" content=\"Dur\u00e9e de lecture estim\u00e9e\" \/>\n\t<meta name=\"twitter:data1\" content=\"9 minutes\" \/>\n<script type=\"application\/ld+json\" class=\"yoast-schema-graph\">{\"@context\":\"https:\/\/schema.org\",\"@graph\":[{\"@type\":\"WebPage\",\"@id\":\"https:\/\/tallersuc.es\/fr\/politica-privacidad\/\",\"url\":\"https:\/\/tallersuc.es\/fr\/politica-privacidad\/\",\"name\":\"POLITIQUE DE CONFIDENTIALIT\u00c9 - Tallers uc\",\"isPartOf\":{\"@id\":\"https:\/\/tallersuc.es\/fr\/#website\"},\"datePublished\":\"2017-05-04T16:21:07+00:00\",\"dateModified\":\"2019-06-26T18:50:06+00:00\",\"breadcrumb\":{\"@id\":\"https:\/\/tallersuc.es\/fr\/politica-privacidad\/#breadcrumb\"},\"inLanguage\":\"fr-FR\",\"potentialAction\":[{\"@type\":\"ReadAction\",\"target\":[[\"https:\/\/tallersuc.es\/fr\/politica-privacidad\/\"]]}]},{\"@type\":\"BreadcrumbList\",\"@id\":\"https:\/\/tallersuc.es\/fr\/politica-privacidad\/#breadcrumb\",\"itemListElement\":[{\"@type\":\"ListItem\",\"position\":1,\"name\":\"Portada\",\"item\":\"https:\/\/tallersuc.es\/fr\/\"},{\"@type\":\"ListItem\",\"position\":2,\"name\":\"POLITIQUE DE CONFIDENTIALIT\u00c9\"}]},{\"@type\":\"WebSite\",\"@id\":\"https:\/\/tallersuc.es\/fr\/#website\",\"url\":\"https:\/\/tallersuc.es\/fr\/\",\"name\":\"Tallers uc\",\"description\":\"\",\"publisher\":{\"@id\":\"https:\/\/tallersuc.es\/fr\/#organization\"},\"potentialAction\":[{\"@type\":\"SearchAction\",\"target\":{\"@type\":\"EntryPoint\",\"urlTemplate\":\"https:\/\/tallersuc.es\/fr\/?s={search_term_string}\"},\"query-input\":{\"@type\":\"PropertyValueSpecification\",\"valueRequired\":true,\"valueName\":\"search_term_string\"}}],\"inLanguage\":\"fr-FR\"},{\"@type\":\"Organization\",\"@id\":\"https:\/\/tallersuc.es\/fr\/#organization\",\"name\":\"Tallers UC\",\"url\":\"https:\/\/tallersuc.es\/fr\/\",\"logo\":{\"@type\":\"ImageObject\",\"inLanguage\":\"fr-FR\",\"@id\":\"https:\/\/tallersuc.es\/fr\/#\/schema\/logo\/image\/\",\"url\":\"https:\/\/tallersuc.es\/wp-content\/uploads\/2017\/04\/favicon-gran.jpg\",\"contentUrl\":\"https:\/\/tallersuc.es\/wp-content\/uploads\/2017\/04\/favicon-gran.jpg\",\"width\":954,\"height\":954,\"caption\":\"Tallers UC\"},\"image\":{\"@id\":\"https:\/\/tallersuc.es\/fr\/#\/schema\/logo\/image\/\"}}]}<\/script>\n<!-- \/ Yoast SEO plugin. -->","yoast_head_json":{"title":"POLITIQUE DE CONFIDENTIALIT\u00c9 - Tallers uc","robots":{"index":"index","follow":"follow","max-snippet":"max-snippet:-1","max-image-preview":"max-image-preview:large","max-video-preview":"max-video-preview:-1"},"canonical":"https:\/\/tallersuc.es\/fr\/politica-privacidad\/","og_locale":"fr_FR","og_type":"article","og_title":"POLITIQUE DE CONFIDENTIALIT\u00c9 - Tallers uc","og_description":"DONNEES GENERALES Son objectif principal est de fournir aux clients et au grand public des informations sur la soci\u00e9t\u00e9, les produits et services propos\u00e9s. POLITIQUE DE CONFIDENTIALIT\u00c9 Conform\u00e9ment aux dispositions de la loi organique 15\/1999 du 13 d\u00e9cembre, Protection des donn\u00e9es personnelles (LOPD) informe l&rsquo;utilisateur que toutes les donn\u00e9es fournies seront incorpor\u00e9es dans un fichier [&hellip;]","og_url":"https:\/\/tallersuc.es\/fr\/politica-privacidad\/","og_site_name":"Tallers uc","article_modified_time":"2019-06-26T18:50:06+00:00","twitter_card":"summary_large_image","twitter_misc":{"Dur\u00e9e de lecture estim\u00e9e":"9 minutes"},"schema":{"@context":"https:\/\/schema.org","@graph":[{"@type":"WebPage","@id":"https:\/\/tallersuc.es\/fr\/politica-privacidad\/","url":"https:\/\/tallersuc.es\/fr\/politica-privacidad\/","name":"POLITIQUE DE CONFIDENTIALIT\u00c9 - Tallers uc","isPartOf":{"@id":"https:\/\/tallersuc.es\/fr\/#website"},"datePublished":"2017-05-04T16:21:07+00:00","dateModified":"2019-06-26T18:50:06+00:00","breadcrumb":{"@id":"https:\/\/tallersuc.es\/fr\/politica-privacidad\/#breadcrumb"},"inLanguage":"fr-FR","potentialAction":[{"@type":"ReadAction","target":[["https:\/\/tallersuc.es\/fr\/politica-privacidad\/"]]}]},{"@type":"BreadcrumbList","@id":"https:\/\/tallersuc.es\/fr\/politica-privacidad\/#breadcrumb","itemListElement":[{"@type":"ListItem","position":1,"name":"Portada","item":"https:\/\/tallersuc.es\/fr\/"},{"@type":"ListItem","position":2,"name":"POLITIQUE DE CONFIDENTIALIT\u00c9"}]},{"@type":"WebSite","@id":"https:\/\/tallersuc.es\/fr\/#website","url":"https:\/\/tallersuc.es\/fr\/","name":"Tallers uc","description":"","publisher":{"@id":"https:\/\/tallersuc.es\/fr\/#organization"},"potentialAction":[{"@type":"SearchAction","target":{"@type":"EntryPoint","urlTemplate":"https:\/\/tallersuc.es\/fr\/?s={search_term_string}"},"query-input":{"@type":"PropertyValueSpecification","valueRequired":true,"valueName":"search_term_string"}}],"inLanguage":"fr-FR"},{"@type":"Organization","@id":"https:\/\/tallersuc.es\/fr\/#organization","name":"Tallers UC","url":"https:\/\/tallersuc.es\/fr\/","logo":{"@type":"ImageObject","inLanguage":"fr-FR","@id":"https:\/\/tallersuc.es\/fr\/#\/schema\/logo\/image\/","url":"https:\/\/tallersuc.es\/wp-content\/uploads\/2017\/04\/favicon-gran.jpg","contentUrl":"https:\/\/tallersuc.es\/wp-content\/uploads\/2017\/04\/favicon-gran.jpg","width":954,"height":954,"caption":"Tallers UC"},"image":{"@id":"https:\/\/tallersuc.es\/fr\/#\/schema\/logo\/image\/"}}]}},"_links":{"self":[{"href":"https:\/\/tallersuc.es\/fr\/wp-json\/wp\/v2\/pages\/4083","targetHints":{"allow":["GET"]}}],"collection":[{"href":"https:\/\/tallersuc.es\/fr\/wp-json\/wp\/v2\/pages"}],"about":[{"href":"https:\/\/tallersuc.es\/fr\/wp-json\/wp\/v2\/types\/page"}],"author":[{"embeddable":true,"href":"https:\/\/tallersuc.es\/fr\/wp-json\/wp\/v2\/users\/2"}],"replies":[{"embeddable":true,"href":"https:\/\/tallersuc.es\/fr\/wp-json\/wp\/v2\/comments?post=4083"}],"version-history":[{"count":0,"href":"https:\/\/tallersuc.es\/fr\/wp-json\/wp\/v2\/pages\/4083\/revisions"}],"wp:attachment":[{"href":"https:\/\/tallersuc.es\/fr\/wp-json\/wp\/v2\/media?parent=4083"}],"curies":[{"name":"wp","href":"https:\/\/api.w.org\/{rel}","templated":true}]}}