{"id":40287,"date":"2024-11-18T20:30:46","date_gmt":"2024-11-18T19:30:46","guid":{"rendered":"https:\/\/tallersuc.es\/?page_id=40287"},"modified":"2024-11-19T16:39:48","modified_gmt":"2024-11-19T15:39:48","slug":"formulario-de-satisfaccion","status":"publish","type":"page","link":"https:\/\/tallersuc.es\/fr\/formulario-de-satisfaccion\/","title":{"rendered":"Enqu\u00eate de satisfaction"},"content":{"rendered":"<p>Merci de nous aider \u00e0 nous am\u00e9liorer !<br \/>\nTon avis est tr\u00e8s important pour nous. Veuillez remplir ce court sondage.<\/p>\n<p>\n<div class=\"wpcf7 no-js\" id=\"wpcf7-f40301-o3\" lang=\"es-ES\" dir=\"ltr\" data-wpcf7-id=\"40301\">\n<div class=\"screen-reader-response\"><p role=\"status\" aria-live=\"polite\" aria-atomic=\"true\"><\/p> <ul><\/ul><\/div>\n<form action=\"\/fr\/wp-json\/wp\/v2\/pages\/40287#wpcf7-f40301-o3\" method=\"post\" class=\"wpcf7-form init\" aria-label=\"Formulario de contacto\" novalidate=\"novalidate\" data-status=\"init\">\n<fieldset class=\"hidden-fields-container\"><input type=\"hidden\" name=\"_wpcf7\" value=\"40301\" \/><input type=\"hidden\" name=\"_wpcf7_version\" value=\"6.1\" \/><input type=\"hidden\" name=\"_wpcf7_locale\" value=\"es_ES\" \/><input type=\"hidden\" name=\"_wpcf7_unit_tag\" value=\"wpcf7-f40301-o3\" \/><input type=\"hidden\" name=\"_wpcf7_container_post\" value=\"0\" \/><input type=\"hidden\" name=\"_wpcf7_posted_data_hash\" value=\"\" \/>\n<\/fieldset>\n<p><label> Votre nom <\/label><br \/>\n<span class=\"wpcf7-form-control-wrap\" data-name=\"your-name\"><input size=\"40\" maxlength=\"400\" class=\"wpcf7-form-control wpcf7-text wpcf7-validates-as-required\" autocomplete=\"name\" aria-required=\"true\" aria-invalid=\"false\" value=\"\" type=\"text\" name=\"your-name\" \/><\/span>\n<\/p>\n<p><label> Votre adresse e-mail <\/label><br \/>\n<span class=\"wpcf7-form-control-wrap\" data-name=\"your-email\"><input size=\"40\" maxlength=\"400\" class=\"wpcf7-form-control wpcf7-email wpcf7-validates-as-required wpcf7-text wpcf7-validates-as-email\" autocomplete=\"email\" aria-required=\"true\" aria-invalid=\"false\" value=\"\" type=\"email\" name=\"your-email\" \/><\/span>\n<\/p>\n<p><label> Comment \u00e9valueriez-vous le respect des d\u00e9lais convenus pour la fabrication de votre commande ? <\/label><br \/>\n<span class=\"wpcf7-form-control-wrap\" data-name=\"radio-492\"><span class=\"wpcf7-form-control wpcf7-radio\"><span class=\"wpcf7-list-item first\"><label><input type=\"radio\" name=\"radio-492\" value=\"1\" \/><span class=\"wpcf7-list-item-label\">1<\/span><\/label><\/span><span class=\"wpcf7-list-item\"><label><input type=\"radio\" name=\"radio-492\" value=\"2\" \/><span class=\"wpcf7-list-item-label\">2<\/span><\/label><\/span><span class=\"wpcf7-list-item\"><label><input type=\"radio\" name=\"radio-492\" value=\"3\" \/><span class=\"wpcf7-list-item-label\">3<\/span><\/label><\/span><span class=\"wpcf7-list-item\"><label><input type=\"radio\" name=\"radio-492\" value=\"4\" \/><span class=\"wpcf7-list-item-label\">4<\/span><\/label><\/span><span class=\"wpcf7-list-item\"><label><input type=\"radio\" name=\"radio-492\" value=\"5\" \/><span class=\"wpcf7-list-item-label\">5<\/span><\/label><\/span><span class=\"wpcf7-list-item\"><label><input type=\"radio\" name=\"radio-492\" value=\"6\" \/><span class=\"wpcf7-list-item-label\">6<\/span><\/label><\/span><span class=\"wpcf7-list-item\"><label><input type=\"radio\" name=\"radio-492\" value=\"7\" \/><span class=\"wpcf7-list-item-label\">7<\/span><\/label><\/span><span class=\"wpcf7-list-item\"><label><input type=\"radio\" name=\"radio-492\" value=\"8\" \/><span class=\"wpcf7-list-item-label\">8<\/span><\/label><\/span><span class=\"wpcf7-list-item\"><label><input type=\"radio\" name=\"radio-492\" value=\"9\" \/><span class=\"wpcf7-list-item-label\">9<\/span><\/label><\/span><span class=\"wpcf7-list-item last\"><label><input type=\"radio\" name=\"radio-492\" value=\"10\" \/><span class=\"wpcf7-list-item-label\">10<\/span><\/label><\/span><\/span><\/span>\n<\/p>\n<p><label> \u00cates-vous satisfait(e) de la propret\u00e9 et de la pr\u00e9sentation des produits livr\u00e9s ? (1 : Tr\u00e8s insatisfait - 10 : Tr\u00e8s satisfait) <\/label><br \/>\n<span class=\"wpcf7-form-control-wrap\" data-name=\"radio-493\"><span class=\"wpcf7-form-control wpcf7-radio\"><span class=\"wpcf7-list-item first\"><label><input type=\"radio\" name=\"radio-493\" value=\"1\" \/><span class=\"wpcf7-list-item-label\">1<\/span><\/label><\/span><span class=\"wpcf7-list-item\"><label><input type=\"radio\" name=\"radio-493\" value=\"2\" \/><span class=\"wpcf7-list-item-label\">2<\/span><\/label><\/span><span class=\"wpcf7-list-item\"><label><input type=\"radio\" name=\"radio-493\" value=\"3\" \/><span class=\"wpcf7-list-item-label\">3<\/span><\/label><\/span><span class=\"wpcf7-list-item\"><label><input type=\"radio\" name=\"radio-493\" value=\"4\" \/><span class=\"wpcf7-list-item-label\">4<\/span><\/label><\/span><span class=\"wpcf7-list-item\"><label><input type=\"radio\" name=\"radio-493\" value=\"5\" \/><span class=\"wpcf7-list-item-label\">5<\/span><\/label><\/span><span class=\"wpcf7-list-item\"><label><input type=\"radio\" name=\"radio-493\" value=\"6\" \/><span class=\"wpcf7-list-item-label\">6<\/span><\/label><\/span><span class=\"wpcf7-list-item\"><label><input type=\"radio\" name=\"radio-493\" value=\"7\" \/><span class=\"wpcf7-list-item-label\">7<\/span><\/label><\/span><span class=\"wpcf7-list-item\"><label><input type=\"radio\" name=\"radio-493\" value=\"8\" \/><span class=\"wpcf7-list-item-label\">8<\/span><\/label><\/span><span class=\"wpcf7-list-item\"><label><input type=\"radio\" name=\"radio-493\" value=\"9\" \/><span class=\"wpcf7-list-item-label\">9<\/span><\/label><\/span><span class=\"wpcf7-list-item last\"><label><input type=\"radio\" name=\"radio-493\" value=\"10\" \/><span class=\"wpcf7-list-item-label\">10<\/span><\/label><\/span><\/span><\/span>\n<\/p>\n<p><label> \u00cates-vous satisfait(e) du professionnalisme et de la courtoisie du personnel qui vous a assist\u00e9(e) ? (1 : Tr\u00e8s insatisfait - 10 : Tr\u00e8s satisfait) <\/label><br \/>\n<span class=\"wpcf7-form-control-wrap\" data-name=\"radio-494\"><span class=\"wpcf7-form-control wpcf7-radio\"><span class=\"wpcf7-list-item first\"><label><input type=\"radio\" name=\"radio-494\" value=\"1\" \/><span class=\"wpcf7-list-item-label\">1<\/span><\/label><\/span><span class=\"wpcf7-list-item\"><label><input type=\"radio\" name=\"radio-494\" value=\"2\" \/><span class=\"wpcf7-list-item-label\">2<\/span><\/label><\/span><span class=\"wpcf7-list-item\"><label><input type=\"radio\" name=\"radio-494\" value=\"3\" \/><span class=\"wpcf7-list-item-label\">3<\/span><\/label><\/span><span class=\"wpcf7-list-item\"><label><input type=\"radio\" name=\"radio-494\" value=\"4\" \/><span class=\"wpcf7-list-item-label\">4<\/span><\/label><\/span><span class=\"wpcf7-list-item\"><label><input type=\"radio\" name=\"radio-494\" value=\"5\" \/><span class=\"wpcf7-list-item-label\">5<\/span><\/label><\/span><span class=\"wpcf7-list-item\"><label><input type=\"radio\" name=\"radio-494\" value=\"6\" \/><span class=\"wpcf7-list-item-label\">6<\/span><\/label><\/span><span class=\"wpcf7-list-item\"><label><input type=\"radio\" name=\"radio-494\" value=\"7\" \/><span class=\"wpcf7-list-item-label\">7<\/span><\/label><\/span><span class=\"wpcf7-list-item\"><label><input type=\"radio\" name=\"radio-494\" value=\"8\" \/><span class=\"wpcf7-list-item-label\">8<\/span><\/label><\/span><span class=\"wpcf7-list-item\"><label><input type=\"radio\" name=\"radio-494\" value=\"9\" \/><span class=\"wpcf7-list-item-label\">9<\/span><\/label><\/span><span class=\"wpcf7-list-item last\"><label><input type=\"radio\" name=\"radio-494\" value=\"10\" \/><span class=\"wpcf7-list-item-label\">10<\/span><\/label><\/span><\/span><\/span>\n<\/p>\n<p><label> \u00cates-vous satisfait(e) de la rapidit\u00e9 de r\u00e9ponse aux premi\u00e8res demandes ou devis ? (1 : Tr\u00e8s insatisfait - 10 : Tr\u00e8s satisfait) <\/label><br \/>\n<span class=\"wpcf7-form-control-wrap\" data-name=\"radio-495\"><span class=\"wpcf7-form-control wpcf7-radio\"><span class=\"wpcf7-list-item first\"><label><input type=\"radio\" name=\"radio-495\" value=\"1\" \/><span class=\"wpcf7-list-item-label\">1<\/span><\/label><\/span><span class=\"wpcf7-list-item\"><label><input type=\"radio\" name=\"radio-495\" value=\"2\" \/><span class=\"wpcf7-list-item-label\">2<\/span><\/label><\/span><span class=\"wpcf7-list-item\"><label><input type=\"radio\" name=\"radio-495\" value=\"3\" \/><span class=\"wpcf7-list-item-label\">3<\/span><\/label><\/span><span class=\"wpcf7-list-item\"><label><input type=\"radio\" name=\"radio-495\" value=\"4\" \/><span class=\"wpcf7-list-item-label\">4<\/span><\/label><\/span><span class=\"wpcf7-list-item\"><label><input type=\"radio\" name=\"radio-495\" value=\"5\" \/><span class=\"wpcf7-list-item-label\">5<\/span><\/label><\/span><span class=\"wpcf7-list-item\"><label><input type=\"radio\" name=\"radio-495\" value=\"6\" \/><span class=\"wpcf7-list-item-label\">6<\/span><\/label><\/span><span class=\"wpcf7-list-item\"><label><input type=\"radio\" name=\"radio-495\" value=\"7\" \/><span class=\"wpcf7-list-item-label\">7<\/span><\/label><\/span><span class=\"wpcf7-list-item\"><label><input type=\"radio\" name=\"radio-495\" value=\"8\" \/><span class=\"wpcf7-list-item-label\">8<\/span><\/label><\/span><span class=\"wpcf7-list-item\"><label><input type=\"radio\" name=\"radio-495\" value=\"9\" \/><span class=\"wpcf7-list-item-label\">9<\/span><\/label><\/span><span class=\"wpcf7-list-item last\"><label><input type=\"radio\" name=\"radio-495\" value=\"10\" \/><span class=\"wpcf7-list-item-label\">10<\/span><\/label><\/span><\/span><\/span>\n<\/p>\n<p><label> Comment \u00e9valueriez-vous la capacit\u00e9 de l'entreprise \u00e0 s'adapter \u00e0 des changements impr\u00e9vus dans vos commandes ou sp\u00e9cifications ? (1 : Tr\u00e8s insatisfait - 10 : Tr\u00e8s satisfait) <\/label><br \/>\n<span class=\"wpcf7-form-control-wrap\" data-name=\"radio-496\"><span class=\"wpcf7-form-control wpcf7-radio\"><span class=\"wpcf7-list-item first\"><label><input type=\"radio\" name=\"radio-496\" value=\"1\" \/><span class=\"wpcf7-list-item-label\">1<\/span><\/label><\/span><span class=\"wpcf7-list-item\"><label><input type=\"radio\" name=\"radio-496\" value=\"2\" \/><span class=\"wpcf7-list-item-label\">2<\/span><\/label><\/span><span class=\"wpcf7-list-item\"><label><input type=\"radio\" name=\"radio-496\" value=\"3\" \/><span class=\"wpcf7-list-item-label\">3<\/span><\/label><\/span><span class=\"wpcf7-list-item\"><label><input type=\"radio\" name=\"radio-496\" value=\"4\" \/><span class=\"wpcf7-list-item-label\">4<\/span><\/label><\/span><span class=\"wpcf7-list-item\"><label><input type=\"radio\" name=\"radio-496\" value=\"5\" \/><span class=\"wpcf7-list-item-label\">5<\/span><\/label><\/span><span class=\"wpcf7-list-item\"><label><input type=\"radio\" name=\"radio-496\" value=\"6\" \/><span class=\"wpcf7-list-item-label\">6<\/span><\/label><\/span><span class=\"wpcf7-list-item\"><label><input type=\"radio\" name=\"radio-496\" value=\"7\" \/><span class=\"wpcf7-list-item-label\">7<\/span><\/label><\/span><span class=\"wpcf7-list-item\"><label><input type=\"radio\" name=\"radio-496\" value=\"8\" \/><span class=\"wpcf7-list-item-label\">8<\/span><\/label><\/span><span class=\"wpcf7-list-item\"><label><input type=\"radio\" name=\"radio-496\" value=\"9\" \/><span class=\"wpcf7-list-item-label\">9<\/span><\/label><\/span><span class=\"wpcf7-list-item last\"><label><input type=\"radio\" name=\"radio-496\" value=\"10\" \/><span class=\"wpcf7-list-item-label\">10<\/span><\/label><\/span><\/span><\/span>\n<\/p>\n<p><label> Quelle est la probabilit\u00e9 que vous recommandiez nos produits et services \u00e0 des coll\u00e8gues ou \u00e0 d'autres entreprises ? (1 : Tr\u00e8s improbable - 10 : Tr\u00e8s probable) <\/label><br \/>\n<span class=\"wpcf7-form-control-wrap\" data-name=\"radio-497\"><span class=\"wpcf7-form-control wpcf7-radio\"><span class=\"wpcf7-list-item first\"><label><input type=\"radio\" name=\"radio-497\" value=\"1\" \/><span class=\"wpcf7-list-item-label\">1<\/span><\/label><\/span><span class=\"wpcf7-list-item\"><label><input type=\"radio\" name=\"radio-497\" value=\"2\" \/><span class=\"wpcf7-list-item-label\">2<\/span><\/label><\/span><span class=\"wpcf7-list-item\"><label><input type=\"radio\" name=\"radio-497\" value=\"3\" \/><span class=\"wpcf7-list-item-label\">3<\/span><\/label><\/span><span class=\"wpcf7-list-item\"><label><input type=\"radio\" name=\"radio-497\" value=\"4\" \/><span class=\"wpcf7-list-item-label\">4<\/span><\/label><\/span><span class=\"wpcf7-list-item\"><label><input type=\"radio\" name=\"radio-497\" value=\"5\" \/><span class=\"wpcf7-list-item-label\">5<\/span><\/label><\/span><span class=\"wpcf7-list-item\"><label><input type=\"radio\" name=\"radio-497\" value=\"6\" \/><span class=\"wpcf7-list-item-label\">6<\/span><\/label><\/span><span class=\"wpcf7-list-item\"><label><input type=\"radio\" name=\"radio-497\" value=\"7\" \/><span class=\"wpcf7-list-item-label\">7<\/span><\/label><\/span><span class=\"wpcf7-list-item\"><label><input type=\"radio\" name=\"radio-497\" value=\"8\" \/><span class=\"wpcf7-list-item-label\">8<\/span><\/label><\/span><span class=\"wpcf7-list-item\"><label><input type=\"radio\" name=\"radio-497\" value=\"9\" \/><span class=\"wpcf7-list-item-label\">9<\/span><\/label><\/span><span class=\"wpcf7-list-item last\"><label><input type=\"radio\" name=\"radio-497\" value=\"10\" \/><span class=\"wpcf7-list-item-label\">10<\/span><\/label><\/span><\/span><\/span>\n<\/p>\n<p><label> Veuillez partager tout commentaire suppl\u00e9mentaire que vous jugez important pour am\u00e9liorer nos produits (facultatif). <\/label><br \/>\n<span class=\"wpcf7-form-control-wrap\" data-name=\"your-message\"><textarea cols=\"40\" rows=\"10\" maxlength=\"2000\" class=\"wpcf7-form-control wpcf7-textarea\" aria-invalid=\"false\" name=\"your-message\"><\/textarea><\/span>\n<\/p>\n<p><span class=\"wpcf7-form-control-wrap\" data-name=\"acceptance-425\"><span class=\"wpcf7-form-control wpcf7-acceptance\"><span class=\"wpcf7-list-item\"><label><input type=\"checkbox\" name=\"acceptance-425\" value=\"1\" aria-invalid=\"false\" \/><span class=\"wpcf7-list-item-label\">Pon aqu\u00ed la condici\u00f3n para el consentimiento. J'ai lu et accepte <a href=\"https:\/\/tallersuc.es\/condiciones-de-uso\/\">la politique l\u00e9gale<\/a> et de <a href=\"https:\/\/tallersuc.es\/politica-privacidad\/?lang=es\">Politique de confidentialit\u00e9<\/a><\/span><\/label><\/span><\/span><\/span>\n<\/p>\n<p><input class=\"wpcf7-form-control wpcf7-submit has-spinner\" type=\"submit\" value=\"Envoyer\" \/>\n<\/p><div class=\"wpcf7-response-output\" aria-hidden=\"true\"><\/div>\n<\/form>\n<\/div>\n<\/p>","protected":false},"excerpt":{"rendered":"<p>Merci de nous aider \u00e0 nous am\u00e9liorer ! Ton avis est tr\u00e8s important pour nous. Veuillez remplir ce court sondage.<\/p>\n","protected":false},"author":12,"featured_media":0,"parent":0,"menu_order":0,"comment_status":"closed","ping_status":"closed","template":"","meta":{"_et_pb_use_builder":"off","_et_pb_old_content":"","_et_gb_content_width":"","footnotes":""},"class_list":["post-40287","page","type-page","status-publish","hentry"],"yoast_head":"<!-- This site is optimized with the Yoast SEO plugin v23.9 - https:\/\/yoast.com\/wordpress\/plugins\/seo\/ -->\n<title>Enqu\u00eate de satisfaction - Tallers uc<\/title>\n<meta name=\"robots\" content=\"index, follow, max-snippet:-1, max-image-preview:large, max-video-preview:-1\" \/>\n<link rel=\"canonical\" href=\"https:\/\/tallersuc.es\/fr\/formulario-de-satisfaccion\/\" \/>\n<meta property=\"og:locale\" content=\"fr_FR\" \/>\n<meta property=\"og:type\" content=\"article\" \/>\n<meta property=\"og:title\" content=\"Enqu\u00eate de satisfaction - Tallers uc\" \/>\n<meta property=\"og:description\" content=\"Merci de nous aider \u00e0 nous am\u00e9liorer ! Ton avis est tr\u00e8s important pour nous. Veuillez remplir ce court sondage.\" \/>\n<meta property=\"og:url\" content=\"https:\/\/tallersuc.es\/fr\/formulario-de-satisfaccion\/\" \/>\n<meta property=\"og:site_name\" content=\"Tallers uc\" \/>\n<meta property=\"article:modified_time\" content=\"2024-11-19T15:39:48+00:00\" \/>\n<meta name=\"twitter:card\" content=\"summary_large_image\" \/>\n<meta name=\"twitter:label1\" content=\"Dur\u00e9e de lecture estim\u00e9e\" \/>\n\t<meta name=\"twitter:data1\" content=\"1 minute\" \/>\n<script type=\"application\/ld+json\" class=\"yoast-schema-graph\">{\"@context\":\"https:\/\/schema.org\",\"@graph\":[{\"@type\":\"WebPage\",\"@id\":\"https:\/\/tallersuc.es\/fr\/formulario-de-satisfaccion\/\",\"url\":\"https:\/\/tallersuc.es\/fr\/formulario-de-satisfaccion\/\",\"name\":\"Enqu\u00eate de satisfaction - Tallers uc\",\"isPartOf\":{\"@id\":\"https:\/\/tallersuc.es\/fr\/#website\"},\"datePublished\":\"2024-11-18T19:30:46+00:00\",\"dateModified\":\"2024-11-19T15:39:48+00:00\",\"breadcrumb\":{\"@id\":\"https:\/\/tallersuc.es\/fr\/formulario-de-satisfaccion\/#breadcrumb\"},\"inLanguage\":\"fr-FR\",\"potentialAction\":[{\"@type\":\"ReadAction\",\"target\":[[\"https:\/\/tallersuc.es\/fr\/formulario-de-satisfaccion\/\"]]}]},{\"@type\":\"BreadcrumbList\",\"@id\":\"https:\/\/tallersuc.es\/fr\/formulario-de-satisfaccion\/#breadcrumb\",\"itemListElement\":[{\"@type\":\"ListItem\",\"position\":1,\"name\":\"Portada\",\"item\":\"https:\/\/tallersuc.es\/fr\/\"},{\"@type\":\"ListItem\",\"position\":2,\"name\":\"Encuesta de satisfacci\u00f3n\"}]},{\"@type\":\"WebSite\",\"@id\":\"https:\/\/tallersuc.es\/fr\/#website\",\"url\":\"https:\/\/tallersuc.es\/fr\/\",\"name\":\"Tallers uc\",\"description\":\"\",\"publisher\":{\"@id\":\"https:\/\/tallersuc.es\/fr\/#organization\"},\"potentialAction\":[{\"@type\":\"SearchAction\",\"target\":{\"@type\":\"EntryPoint\",\"urlTemplate\":\"https:\/\/tallersuc.es\/fr\/?s={search_term_string}\"},\"query-input\":{\"@type\":\"PropertyValueSpecification\",\"valueRequired\":true,\"valueName\":\"search_term_string\"}}],\"inLanguage\":\"fr-FR\"},{\"@type\":\"Organization\",\"@id\":\"https:\/\/tallersuc.es\/fr\/#organization\",\"name\":\"Tallers UC\",\"url\":\"https:\/\/tallersuc.es\/fr\/\",\"logo\":{\"@type\":\"ImageObject\",\"inLanguage\":\"fr-FR\",\"@id\":\"https:\/\/tallersuc.es\/fr\/#\/schema\/logo\/image\/\",\"url\":\"https:\/\/tallersuc.es\/wp-content\/uploads\/2017\/04\/favicon-gran.jpg\",\"contentUrl\":\"https:\/\/tallersuc.es\/wp-content\/uploads\/2017\/04\/favicon-gran.jpg\",\"width\":954,\"height\":954,\"caption\":\"Tallers UC\"},\"image\":{\"@id\":\"https:\/\/tallersuc.es\/fr\/#\/schema\/logo\/image\/\"}}]}<\/script>\n<!-- \/ Yoast SEO plugin. -->","yoast_head_json":{"title":"Enqu\u00eate de satisfaction - Tallers uc","robots":{"index":"index","follow":"follow","max-snippet":"max-snippet:-1","max-image-preview":"max-image-preview:large","max-video-preview":"max-video-preview:-1"},"canonical":"https:\/\/tallersuc.es\/fr\/formulario-de-satisfaccion\/","og_locale":"fr_FR","og_type":"article","og_title":"Enqu\u00eate de satisfaction - Tallers uc","og_description":"Merci de nous aider \u00e0 nous am\u00e9liorer ! Ton avis est tr\u00e8s important pour nous. Veuillez remplir ce court sondage.","og_url":"https:\/\/tallersuc.es\/fr\/formulario-de-satisfaccion\/","og_site_name":"Tallers uc","article_modified_time":"2024-11-19T15:39:48+00:00","twitter_card":"summary_large_image","twitter_misc":{"Dur\u00e9e de lecture estim\u00e9e":"1 minute"},"schema":{"@context":"https:\/\/schema.org","@graph":[{"@type":"WebPage","@id":"https:\/\/tallersuc.es\/fr\/formulario-de-satisfaccion\/","url":"https:\/\/tallersuc.es\/fr\/formulario-de-satisfaccion\/","name":"Enqu\u00eate de satisfaction - Tallers uc","isPartOf":{"@id":"https:\/\/tallersuc.es\/fr\/#website"},"datePublished":"2024-11-18T19:30:46+00:00","dateModified":"2024-11-19T15:39:48+00:00","breadcrumb":{"@id":"https:\/\/tallersuc.es\/fr\/formulario-de-satisfaccion\/#breadcrumb"},"inLanguage":"fr-FR","potentialAction":[{"@type":"ReadAction","target":[["https:\/\/tallersuc.es\/fr\/formulario-de-satisfaccion\/"]]}]},{"@type":"BreadcrumbList","@id":"https:\/\/tallersuc.es\/fr\/formulario-de-satisfaccion\/#breadcrumb","itemListElement":[{"@type":"ListItem","position":1,"name":"Portada","item":"https:\/\/tallersuc.es\/fr\/"},{"@type":"ListItem","position":2,"name":"Encuesta de satisfacci\u00f3n"}]},{"@type":"WebSite","@id":"https:\/\/tallersuc.es\/fr\/#website","url":"https:\/\/tallersuc.es\/fr\/","name":"Tallers uc","description":"","publisher":{"@id":"https:\/\/tallersuc.es\/fr\/#organization"},"potentialAction":[{"@type":"SearchAction","target":{"@type":"EntryPoint","urlTemplate":"https:\/\/tallersuc.es\/fr\/?s={search_term_string}"},"query-input":{"@type":"PropertyValueSpecification","valueRequired":true,"valueName":"search_term_string"}}],"inLanguage":"fr-FR"},{"@type":"Organization","@id":"https:\/\/tallersuc.es\/fr\/#organization","name":"Tallers UC","url":"https:\/\/tallersuc.es\/fr\/","logo":{"@type":"ImageObject","inLanguage":"fr-FR","@id":"https:\/\/tallersuc.es\/fr\/#\/schema\/logo\/image\/","url":"https:\/\/tallersuc.es\/wp-content\/uploads\/2017\/04\/favicon-gran.jpg","contentUrl":"https:\/\/tallersuc.es\/wp-content\/uploads\/2017\/04\/favicon-gran.jpg","width":954,"height":954,"caption":"Tallers UC"},"image":{"@id":"https:\/\/tallersuc.es\/fr\/#\/schema\/logo\/image\/"}}]}},"_links":{"self":[{"href":"https:\/\/tallersuc.es\/fr\/wp-json\/wp\/v2\/pages\/40287","targetHints":{"allow":["GET"]}}],"collection":[{"href":"https:\/\/tallersuc.es\/fr\/wp-json\/wp\/v2\/pages"}],"about":[{"href":"https:\/\/tallersuc.es\/fr\/wp-json\/wp\/v2\/types\/page"}],"author":[{"embeddable":true,"href":"https:\/\/tallersuc.es\/fr\/wp-json\/wp\/v2\/users\/12"}],"replies":[{"embeddable":true,"href":"https:\/\/tallersuc.es\/fr\/wp-json\/wp\/v2\/comments?post=40287"}],"version-history":[{"count":17,"href":"https:\/\/tallersuc.es\/fr\/wp-json\/wp\/v2\/pages\/40287\/revisions"}],"predecessor-version":[{"id":40306,"href":"https:\/\/tallersuc.es\/fr\/wp-json\/wp\/v2\/pages\/40287\/revisions\/40306"}],"wp:attachment":[{"href":"https:\/\/tallersuc.es\/fr\/wp-json\/wp\/v2\/media?parent=40287"}],"curies":[{"name":"wp","href":"https:\/\/api.w.org\/{rel}","templated":true}]}}