{"id":1563,"date":"2017-01-25T16:12:23","date_gmt":"2017-01-25T15:12:23","guid":{"rendered":"https:\/\/tallersuc.es\/?page_id=1563&#038;lang=es"},"modified":"2018-05-16T11:32:19","modified_gmt":"2018-05-16T09:32:19","slug":"empresa","status":"publish","type":"page","link":"https:\/\/tallersuc.es\/fr\/empresa\/","title":{"rendered":"Empresa"},"content":{"rendered":"<p>[vc_row][vc_column width=\u00a0\u00bb1\/4&Prime;][vc_column_text]<strong><span style=\"color: #fe5000;\">CERTIFICADOS<\/span><\/strong><\/p>\n<div class=\"wpb_text_column wpb_content_element \">\n<div class=\"wpb_wrapper\">\n<p>Disponemos del certificado <strong>ISO 9001<\/strong> desde el a\u00f1o 2014 como compromiso de calidad en todos nuestros proyectos y fabricaciones.<\/p>\n<\/div>\n<\/div>\n<p>[\/vc_column_text][vc_single_image image=\u00a0\u00bb4160&Prime; img_size=\u00a0\u00bbfull\u00a0\u00bb onclick=\u00a0\u00bblink_image\u00a0\u00bb title=\u00a0\u00bbISO 9001&Prime;][vc_btn title=\u00a0\u00bbPOL\u00cdTICA DE CALIDAD\u00a0\u00bb style=\u00a0\u00bbcustom\u00a0\u00bb custom_background=\u00a0\u00bb#fe5000&Prime; custom_text=\u00a0\u00bb#ffffff\u00a0\u00bb align=\u00a0\u00bbcenter\u00a0\u00bb el_id=\u00a0\u00bbPOL\u00cdTICA DE CALIDAD\u00a0\u00bb link=\u00a0\u00bburl:https%3A%2F%2Ftallersuc.es%2Fwp-content%2Fuploads%2F2017%2F09%2FPolitica-de-calidad.pdf|title:Pol%C3%ADtica%20de%20Calidad||\u00a0\u00bb][\/vc_column][vc_column width=\u00a0\u00bb3\/4&Prime;][vc_separator][vc_column_text]<\/p>\n<div class=\"wpb_wrapper\">\n<h3 style=\"text-align: left;\"><strong><span style=\"color: #fe5000;\">SERVICIOS<br \/>\n<\/span><\/strong><\/h3>\n<h3 style=\"text-align: left;\">DEPARTAMENTO DE I+D<\/h3>\n<p style=\"text-align: left;\">Realizamos proyectos a medida siempre de la mano del cliente aportando nuestros conocimientos a las necesidades de producci\u00f3n y mejora de instalaciones requeridas.<\/p>\n<h3 style=\"text-align: left;\">MECANIZADOS:<span style=\"color: #fe5000;\"><br \/>\n<\/span><\/h3>\n<p style=\"text-align: left;\">Otra divisi\u00f3n de la empresa est\u00e1 dedicada a la mecanizaci\u00f3n de nuestros proyectos y de otras empresas partiendo siempre de la premisa de la calidad.<\/p>\n<p style=\"text-align: left;\">Desde la oficina t\u00e9cnica realizamos el inicio de la fabricaci\u00f3n mediante CAD-CAM para realizar las piezas de nivel m\u00e1s avanzado de fabricaci\u00f3n.<\/p>\n<h3 style=\"text-align: left;\">MONTAJES:<\/h3>\n<p style=\"text-align: left;\">Materializamos los ensamblajes de los conjuntos e instalaciones proyectadas por el cliente seg\u00fan sus directrices.<\/p>\n<h3 style=\"text-align: left;\">MANTENIMIENTO:<\/h3>\n<p style=\"text-align: left;\">Realizamos el mantenimiento de instalaciones aportando mejoras t\u00e9cnicas basadas en el aumento y mejoras de la producci\u00f3n.<\/p>\n<\/div>\n<p>[\/vc_column_text][vc_separator][\/vc_column][\/vc_row]<\/p>\n","protected":false},"excerpt":{"rendered":"<p>[vc_row][vc_column width=\u00a0\u00bb1\/4&Prime;][vc_column_text]CERTIFICADOS Disponemos del certificado ISO 9001 desde el a\u00f1o 2014 como compromiso de calidad en todos nuestros proyectos y fabricaciones. [\/vc_column_text][vc_single_image image=\u00a0\u00bb4160&Prime; img_size=\u00a0\u00bbfull\u00a0\u00bb onclick=\u00a0\u00bblink_image\u00a0\u00bb title=\u00a0\u00bbISO 9001&Prime;][vc_btn title=\u00a0\u00bbPOL\u00cdTICA DE CALIDAD\u00a0\u00bb style=\u00a0\u00bbcustom\u00a0\u00bb custom_background=\u00a0\u00bb#fe5000&Prime; custom_text=\u00a0\u00bb#ffffff\u00a0\u00bb align=\u00a0\u00bbcenter\u00a0\u00bb el_id=\u00a0\u00bbPOL\u00cdTICA DE CALIDAD\u00a0\u00bb link=\u00a0\u00bburl:https%3A%2F%2Ftallersuc.es%2Fwp-content%2Fuploads%2F2017%2F09%2FPolitica-de-calidad.pdf|title:Pol%C3%ADtica%20de%20Calidad||\u00a0\u00bb][\/vc_column][vc_column width=\u00a0\u00bb3\/4&Prime;][vc_separator][vc_column_text] SERVICIOS DEPARTAMENTO DE I+D Realizamos proyectos a medida siempre de la mano del cliente aportando nuestros [&hellip;]<\/p>\n","protected":false},"author":2,"featured_media":0,"parent":0,"menu_order":0,"comment_status":"closed","ping_status":"closed","template":"","meta":{"_et_pb_use_builder":"","_et_pb_old_content":"","_et_gb_content_width":"","footnotes":""},"class_list":["post-1563","page","type-page","status-publish","hentry"],"yoast_head":"<!-- This site is optimized with the Yoast SEO plugin v23.9 - https:\/\/yoast.com\/wordpress\/plugins\/seo\/ -->\n<title>Empresa - Tallers uc<\/title>\n<meta name=\"robots\" content=\"index, follow, max-snippet:-1, max-image-preview:large, max-video-preview:-1\" \/>\n<link rel=\"canonical\" href=\"https:\/\/tallersuc.es\/fr\/empresa\/\" \/>\n<meta property=\"og:locale\" content=\"fr_FR\" \/>\n<meta property=\"og:type\" content=\"article\" \/>\n<meta property=\"og:title\" content=\"Empresa - Tallers uc\" \/>\n<meta property=\"og:description\" content=\"[vc_row][vc_column width=\u00a0\u00bb1\/4&Prime;][vc_column_text]CERTIFICADOS Disponemos del certificado ISO 9001 desde el a\u00f1o 2014 como compromiso de calidad en todos nuestros proyectos y fabricaciones. [\/vc_column_text][vc_single_image image=\u00a0\u00bb4160&Prime; img_size=\u00a0\u00bbfull\u00a0\u00bb onclick=\u00a0\u00bblink_image\u00a0\u00bb title=\u00a0\u00bbISO 9001&Prime;][vc_btn title=\u00a0\u00bbPOL\u00cdTICA DE CALIDAD\u00a0\u00bb style=\u00a0\u00bbcustom\u00a0\u00bb custom_background=\u00a0\u00bb#fe5000&Prime; custom_text=\u00a0\u00bb#ffffff\u00a0\u00bb align=\u00a0\u00bbcenter\u00a0\u00bb el_id=\u00a0\u00bbPOL\u00cdTICA DE CALIDAD\u00a0\u00bb link=\u00a0\u00bburl:https%3A%2F%2Ftallersuc.es%2Fwp-content%2Fuploads%2F2017%2F09%2FPolitica-de-calidad.pdf|title:Pol%C3%ADtica%20de%20Calidad||\u00a0\u00bb][\/vc_column][vc_column width=\u00a0\u00bb3\/4&Prime;][vc_separator][vc_column_text] SERVICIOS DEPARTAMENTO DE I+D Realizamos proyectos a medida siempre de la mano del cliente aportando nuestros [&hellip;]\" \/>\n<meta property=\"og:url\" content=\"https:\/\/tallersuc.es\/fr\/empresa\/\" \/>\n<meta property=\"og:site_name\" content=\"Tallers uc\" \/>\n<meta property=\"article:modified_time\" content=\"2018-05-16T09:32:19+00:00\" \/>\n<meta name=\"twitter:card\" content=\"summary_large_image\" \/>\n<meta name=\"twitter:label1\" content=\"Dur\u00e9e de lecture estim\u00e9e\" \/>\n\t<meta name=\"twitter:data1\" content=\"1 minute\" \/>\n<script type=\"application\/ld+json\" class=\"yoast-schema-graph\">{\"@context\":\"https:\/\/schema.org\",\"@graph\":[{\"@type\":\"WebPage\",\"@id\":\"https:\/\/tallersuc.es\/fr\/empresa\/\",\"url\":\"https:\/\/tallersuc.es\/fr\/empresa\/\",\"name\":\"Empresa - Tallers uc\",\"isPartOf\":{\"@id\":\"https:\/\/tallersuc.es\/fr\/#website\"},\"datePublished\":\"2017-01-25T15:12:23+00:00\",\"dateModified\":\"2018-05-16T09:32:19+00:00\",\"breadcrumb\":{\"@id\":\"https:\/\/tallersuc.es\/fr\/empresa\/#breadcrumb\"},\"inLanguage\":\"fr-FR\",\"potentialAction\":[{\"@type\":\"ReadAction\",\"target\":[[\"https:\/\/tallersuc.es\/fr\/empresa\/\"]]}]},{\"@type\":\"BreadcrumbList\",\"@id\":\"https:\/\/tallersuc.es\/fr\/empresa\/#breadcrumb\",\"itemListElement\":[{\"@type\":\"ListItem\",\"position\":1,\"name\":\"Portada\",\"item\":\"https:\/\/tallersuc.es\/fr\/\"},{\"@type\":\"ListItem\",\"position\":2,\"name\":\"Empresa\"}]},{\"@type\":\"WebSite\",\"@id\":\"https:\/\/tallersuc.es\/fr\/#website\",\"url\":\"https:\/\/tallersuc.es\/fr\/\",\"name\":\"Tallers uc\",\"description\":\"\",\"publisher\":{\"@id\":\"https:\/\/tallersuc.es\/fr\/#organization\"},\"potentialAction\":[{\"@type\":\"SearchAction\",\"target\":{\"@type\":\"EntryPoint\",\"urlTemplate\":\"https:\/\/tallersuc.es\/fr\/?s={search_term_string}\"},\"query-input\":{\"@type\":\"PropertyValueSpecification\",\"valueRequired\":true,\"valueName\":\"search_term_string\"}}],\"inLanguage\":\"fr-FR\"},{\"@type\":\"Organization\",\"@id\":\"https:\/\/tallersuc.es\/fr\/#organization\",\"name\":\"Tallers UC\",\"url\":\"https:\/\/tallersuc.es\/fr\/\",\"logo\":{\"@type\":\"ImageObject\",\"inLanguage\":\"fr-FR\",\"@id\":\"https:\/\/tallersuc.es\/fr\/#\/schema\/logo\/image\/\",\"url\":\"https:\/\/tallersuc.es\/wp-content\/uploads\/2017\/04\/favicon-gran.jpg\",\"contentUrl\":\"https:\/\/tallersuc.es\/wp-content\/uploads\/2017\/04\/favicon-gran.jpg\",\"width\":954,\"height\":954,\"caption\":\"Tallers UC\"},\"image\":{\"@id\":\"https:\/\/tallersuc.es\/fr\/#\/schema\/logo\/image\/\"}}]}<\/script>\n<!-- \/ Yoast SEO plugin. -->","yoast_head_json":{"title":"Empresa - Tallers uc","robots":{"index":"index","follow":"follow","max-snippet":"max-snippet:-1","max-image-preview":"max-image-preview:large","max-video-preview":"max-video-preview:-1"},"canonical":"https:\/\/tallersuc.es\/fr\/empresa\/","og_locale":"fr_FR","og_type":"article","og_title":"Empresa - Tallers uc","og_description":"[vc_row][vc_column width=\u00a0\u00bb1\/4&Prime;][vc_column_text]CERTIFICADOS Disponemos del certificado ISO 9001 desde el a\u00f1o 2014 como compromiso de calidad en todos nuestros proyectos y fabricaciones. [\/vc_column_text][vc_single_image image=\u00a0\u00bb4160&Prime; img_size=\u00a0\u00bbfull\u00a0\u00bb onclick=\u00a0\u00bblink_image\u00a0\u00bb title=\u00a0\u00bbISO 9001&Prime;][vc_btn title=\u00a0\u00bbPOL\u00cdTICA DE CALIDAD\u00a0\u00bb style=\u00a0\u00bbcustom\u00a0\u00bb custom_background=\u00a0\u00bb#fe5000&Prime; custom_text=\u00a0\u00bb#ffffff\u00a0\u00bb align=\u00a0\u00bbcenter\u00a0\u00bb el_id=\u00a0\u00bbPOL\u00cdTICA DE CALIDAD\u00a0\u00bb link=\u00a0\u00bburl:https%3A%2F%2Ftallersuc.es%2Fwp-content%2Fuploads%2F2017%2F09%2FPolitica-de-calidad.pdf|title:Pol%C3%ADtica%20de%20Calidad||\u00a0\u00bb][\/vc_column][vc_column width=\u00a0\u00bb3\/4&Prime;][vc_separator][vc_column_text] SERVICIOS DEPARTAMENTO DE I+D Realizamos proyectos a medida siempre de la mano del cliente aportando nuestros [&hellip;]","og_url":"https:\/\/tallersuc.es\/fr\/empresa\/","og_site_name":"Tallers uc","article_modified_time":"2018-05-16T09:32:19+00:00","twitter_card":"summary_large_image","twitter_misc":{"Dur\u00e9e de lecture estim\u00e9e":"1 minute"},"schema":{"@context":"https:\/\/schema.org","@graph":[{"@type":"WebPage","@id":"https:\/\/tallersuc.es\/fr\/empresa\/","url":"https:\/\/tallersuc.es\/fr\/empresa\/","name":"Empresa - Tallers uc","isPartOf":{"@id":"https:\/\/tallersuc.es\/fr\/#website"},"datePublished":"2017-01-25T15:12:23+00:00","dateModified":"2018-05-16T09:32:19+00:00","breadcrumb":{"@id":"https:\/\/tallersuc.es\/fr\/empresa\/#breadcrumb"},"inLanguage":"fr-FR","potentialAction":[{"@type":"ReadAction","target":[["https:\/\/tallersuc.es\/fr\/empresa\/"]]}]},{"@type":"BreadcrumbList","@id":"https:\/\/tallersuc.es\/fr\/empresa\/#breadcrumb","itemListElement":[{"@type":"ListItem","position":1,"name":"Portada","item":"https:\/\/tallersuc.es\/fr\/"},{"@type":"ListItem","position":2,"name":"Empresa"}]},{"@type":"WebSite","@id":"https:\/\/tallersuc.es\/fr\/#website","url":"https:\/\/tallersuc.es\/fr\/","name":"Tallers uc","description":"","publisher":{"@id":"https:\/\/tallersuc.es\/fr\/#organization"},"potentialAction":[{"@type":"SearchAction","target":{"@type":"EntryPoint","urlTemplate":"https:\/\/tallersuc.es\/fr\/?s={search_term_string}"},"query-input":{"@type":"PropertyValueSpecification","valueRequired":true,"valueName":"search_term_string"}}],"inLanguage":"fr-FR"},{"@type":"Organization","@id":"https:\/\/tallersuc.es\/fr\/#organization","name":"Tallers UC","url":"https:\/\/tallersuc.es\/fr\/","logo":{"@type":"ImageObject","inLanguage":"fr-FR","@id":"https:\/\/tallersuc.es\/fr\/#\/schema\/logo\/image\/","url":"https:\/\/tallersuc.es\/wp-content\/uploads\/2017\/04\/favicon-gran.jpg","contentUrl":"https:\/\/tallersuc.es\/wp-content\/uploads\/2017\/04\/favicon-gran.jpg","width":954,"height":954,"caption":"Tallers UC"},"image":{"@id":"https:\/\/tallersuc.es\/fr\/#\/schema\/logo\/image\/"}}]}},"_links":{"self":[{"href":"https:\/\/tallersuc.es\/fr\/wp-json\/wp\/v2\/pages\/1563","targetHints":{"allow":["GET"]}}],"collection":[{"href":"https:\/\/tallersuc.es\/fr\/wp-json\/wp\/v2\/pages"}],"about":[{"href":"https:\/\/tallersuc.es\/fr\/wp-json\/wp\/v2\/types\/page"}],"author":[{"embeddable":true,"href":"https:\/\/tallersuc.es\/fr\/wp-json\/wp\/v2\/users\/2"}],"replies":[{"embeddable":true,"href":"https:\/\/tallersuc.es\/fr\/wp-json\/wp\/v2\/comments?post=1563"}],"version-history":[{"count":0,"href":"https:\/\/tallersuc.es\/fr\/wp-json\/wp\/v2\/pages\/1563\/revisions"}],"wp:attachment":[{"href":"https:\/\/tallersuc.es\/fr\/wp-json\/wp\/v2\/media?parent=1563"}],"curies":[{"name":"wp","href":"https:\/\/api.w.org\/{rel}","templated":true}]}}