{"id":6560,"date":"2019-07-18T11:23:16","date_gmt":"2019-07-18T09:23:16","guid":{"rendered":"https:\/\/tallersuc.es\/?post_type=product&#038;p=6560"},"modified":"2019-07-18T11:26:17","modified_gmt":"2019-07-18T09:26:17","slug":"llenadora-peristaltica","status":"publish","type":"product","link":"https:\/\/tallersuc.es\/es\/producto\/llenadora-peristaltica\/","title":{"rendered":"Llenadora Perist\u00e1ltica"},"content":{"rendered":"","protected":false},"excerpt":{"rendered":"<p>Llenadora perist\u00e1ltica de sobremesa para un uso flexible. El principio de llenado perist\u00e1ltico proporciona las ventajas de un llenado preciso con protecci\u00f3n garantizada contra la contaminaci\u00f3n y la facilidad de limpieza.<\/p>\n<p>Es capaz de llenar vol\u00famenes de entre 0,2 ml y m\u00e1s de 250 ml, con una precisi\u00f3n de llenado de +\/- 0,5% con la mayor parte de vol\u00famenes. Esta precisi\u00f3n de llenado evita el gasto que supone el sobrellenado y contribuye a rentabilizar ampliamente su inversi\u00f3n.<\/p>\n<p>Se puede cambiar el paso del fluido en muy poco tiempo. Al cerrar el paso del fluido se evita el riesgo de contaminaci\u00f3n cruzada, lo que hace ideal para el llenado para terceros en entornos de producci\u00f3n donde se lleva a cabo el llenado con varios tipos de l\u00edquidos en lotes de diferentes tama\u00f1os.<\/p>\n","protected":false},"featured_media":4115,"comment_status":"open","ping_status":"closed","template":"","meta":{"_et_pb_use_builder":"","_et_pb_old_content":"","_et_gb_content_width":""},"product_cat":[235,74],"product_tag":[],"class_list":{"0":"post-6560","1":"product","2":"type-product","3":"status-publish","4":"has-post-thumbnail","6":"product_cat-tallers-uc","7":"product_cat-semi-automaticas","9":"first","10":"instock","11":"shipping-taxable","12":"product-type-simple"},"yoast_head":"<!-- This site is optimized with the Yoast SEO plugin v23.9 - https:\/\/yoast.com\/wordpress\/plugins\/seo\/ -->\n<title>Llenadora Perist\u00e1ltica - Tallers uc<\/title>\n<meta name=\"robots\" content=\"index, follow, max-snippet:-1, max-image-preview:large, max-video-preview:-1\" \/>\n<link rel=\"canonical\" href=\"https:\/\/tallersuc.es\/es\/producto\/llenadora-peristaltica\/\" \/>\n<meta property=\"og:locale\" content=\"es_ES\" \/>\n<meta property=\"og:type\" content=\"article\" \/>\n<meta property=\"og:title\" content=\"Llenadora Perist\u00e1ltica - Tallers uc\" \/>\n<meta property=\"og:description\" content=\"Llenadora perist\u00e1ltica de sobremesa para un uso flexible. El principio de llenado perist\u00e1ltico proporciona las ventajas de un llenado preciso con protecci\u00f3n garantizada contra la contaminaci\u00f3n y la facilidad de limpieza.  Es capaz de llenar vol\u00famenes de entre 0,2 ml y m\u00e1s de 250 ml, con una precisi\u00f3n de llenado de +\/- 0,5% con la mayor parte de vol\u00famenes. Esta precisi\u00f3n de llenado evita el gasto que supone el sobrellenado y contribuye a rentabilizar ampliamente su inversi\u00f3n.  Se puede cambiar el paso del fluido en muy poco tiempo. Al cerrar el paso del fluido se evita el riesgo de contaminaci\u00f3n cruzada, lo que hace ideal para el llenado para terceros en entornos de producci\u00f3n donde se lleva a cabo el llenado con varios tipos de l\u00edquidos en lotes de diferentes tama\u00f1os.\" \/>\n<meta property=\"og:url\" content=\"https:\/\/tallersuc.es\/es\/producto\/llenadora-peristaltica\/\" \/>\n<meta property=\"og:site_name\" content=\"Tallers uc\" \/>\n<meta property=\"article:modified_time\" content=\"2019-07-18T09:26:17+00:00\" \/>\n<meta property=\"og:image\" content=\"https:\/\/tallersuc.es\/wp-content\/uploads\/2017\/03\/Llenadora-Peristaltica.jpg\" \/>\n\t<meta property=\"og:image:width\" content=\"2048\" \/>\n\t<meta property=\"og:image:height\" content=\"1536\" \/>\n\t<meta property=\"og:image:type\" content=\"image\/jpeg\" \/>\n<meta name=\"twitter:card\" content=\"summary_large_image\" \/>\n<script type=\"application\/ld+json\" class=\"yoast-schema-graph\">{\"@context\":\"https:\/\/schema.org\",\"@graph\":[{\"@type\":\"WebPage\",\"@id\":\"https:\/\/tallersuc.es\/es\/producto\/llenadora-peristaltica\/\",\"url\":\"https:\/\/tallersuc.es\/es\/producto\/llenadora-peristaltica\/\",\"name\":\"Llenadora Perist\u00e1ltica - Tallers uc\",\"isPartOf\":{\"@id\":\"https:\/\/tallersuc.es\/es\/#website\"},\"primaryImageOfPage\":{\"@id\":\"https:\/\/tallersuc.es\/es\/producto\/llenadora-peristaltica\/#primaryimage\"},\"image\":{\"@id\":\"https:\/\/tallersuc.es\/en\/producto\/llenadora-peristaltica\/#primaryimage\"},\"thumbnailUrl\":\"https:\/\/tallersuc.es\/wp-content\/uploads\/2017\/03\/Llenadora-Peristaltica.jpg\",\"datePublished\":\"2019-07-18T09:23:16+00:00\",\"dateModified\":\"2019-07-18T09:26:17+00:00\",\"breadcrumb\":{\"@id\":\"https:\/\/tallersuc.es\/es\/producto\/llenadora-peristaltica\/#breadcrumb\"},\"inLanguage\":\"es\",\"potentialAction\":[{\"@type\":\"ReadAction\",\"target\":[[\"https:\/\/tallersuc.es\/es\/producto\/llenadora-peristaltica\/\"]]}]},{\"@type\":\"ImageObject\",\"inLanguage\":\"es\",\"@id\":\"https:\/\/tallersuc.es\/es\/producto\/llenadora-peristaltica\/#primaryimage\",\"url\":\"https:\/\/tallersuc.es\/wp-content\/uploads\/2017\/03\/Llenadora-Peristaltica.jpg\",\"contentUrl\":\"https:\/\/tallersuc.es\/wp-content\/uploads\/2017\/03\/Llenadora-Peristaltica.jpg\",\"width\":2048,\"height\":1536,\"caption\":\"Llenadora Peristaltica\"},{\"@type\":\"BreadcrumbList\",\"@id\":\"https:\/\/tallersuc.es\/es\/producto\/llenadora-peristaltica\/#breadcrumb\",\"itemListElement\":[{\"@type\":\"ListItem\",\"position\":1,\"name\":\"Portada\",\"item\":\"https:\/\/tallersuc.es\/es\/\"},{\"@type\":\"ListItem\",\"position\":2,\"name\":\"Productos\",\"item\":\"https:\/\/tallersuc.es\/es\/shop\/\"},{\"@type\":\"ListItem\",\"position\":3,\"name\":\"Peristaltic filler\"}]},{\"@type\":\"WebSite\",\"@id\":\"https:\/\/tallersuc.es\/es\/#website\",\"url\":\"https:\/\/tallersuc.es\/es\/\",\"name\":\"Tallers uc\",\"description\":\"\",\"publisher\":{\"@id\":\"https:\/\/tallersuc.es\/es\/#organization\"},\"potentialAction\":[{\"@type\":\"SearchAction\",\"target\":{\"@type\":\"EntryPoint\",\"urlTemplate\":\"https:\/\/tallersuc.es\/es\/?s={search_term_string}\"},\"query-input\":{\"@type\":\"PropertyValueSpecification\",\"valueRequired\":true,\"valueName\":\"search_term_string\"}}],\"inLanguage\":\"es\"},{\"@type\":\"Organization\",\"@id\":\"https:\/\/tallersuc.es\/es\/#organization\",\"name\":\"Tallers UC\",\"url\":\"https:\/\/tallersuc.es\/es\/\",\"logo\":{\"@type\":\"ImageObject\",\"inLanguage\":\"es\",\"@id\":\"https:\/\/tallersuc.es\/es\/#\/schema\/logo\/image\/\",\"url\":\"https:\/\/tallersuc.es\/wp-content\/uploads\/2017\/04\/favicon-gran.jpg\",\"contentUrl\":\"https:\/\/tallersuc.es\/wp-content\/uploads\/2017\/04\/favicon-gran.jpg\",\"width\":954,\"height\":954,\"caption\":\"Tallers UC\"},\"image\":{\"@id\":\"https:\/\/tallersuc.es\/es\/#\/schema\/logo\/image\/\"}}]}<\/script>\n<!-- \/ Yoast SEO plugin. -->","yoast_head_json":{"title":"Llenadora Perist\u00e1ltica - Tallers uc","robots":{"index":"index","follow":"follow","max-snippet":"max-snippet:-1","max-image-preview":"max-image-preview:large","max-video-preview":"max-video-preview:-1"},"canonical":"https:\/\/tallersuc.es\/es\/producto\/llenadora-peristaltica\/","og_locale":"es_ES","og_type":"article","og_title":"Llenadora Perist\u00e1ltica - Tallers uc","og_description":"Llenadora perist\u00e1ltica de sobremesa para un uso flexible. El principio de llenado perist\u00e1ltico proporciona las ventajas de un llenado preciso con protecci\u00f3n garantizada contra la contaminaci\u00f3n y la facilidad de limpieza.  Es capaz de llenar vol\u00famenes de entre 0,2 ml y m\u00e1s de 250 ml, con una precisi\u00f3n de llenado de +\/- 0,5% con la mayor parte de vol\u00famenes. Esta precisi\u00f3n de llenado evita el gasto que supone el sobrellenado y contribuye a rentabilizar ampliamente su inversi\u00f3n.  Se puede cambiar el paso del fluido en muy poco tiempo. Al cerrar el paso del fluido se evita el riesgo de contaminaci\u00f3n cruzada, lo que hace ideal para el llenado para terceros en entornos de producci\u00f3n donde se lleva a cabo el llenado con varios tipos de l\u00edquidos en lotes de diferentes tama\u00f1os.","og_url":"https:\/\/tallersuc.es\/es\/producto\/llenadora-peristaltica\/","og_site_name":"Tallers uc","article_modified_time":"2019-07-18T09:26:17+00:00","og_image":[{"width":2048,"height":1536,"url":"https:\/\/tallersuc.es\/wp-content\/uploads\/2017\/03\/Llenadora-Peristaltica.jpg","type":"image\/jpeg"}],"twitter_card":"summary_large_image","schema":{"@context":"https:\/\/schema.org","@graph":[{"@type":"WebPage","@id":"https:\/\/tallersuc.es\/es\/producto\/llenadora-peristaltica\/","url":"https:\/\/tallersuc.es\/es\/producto\/llenadora-peristaltica\/","name":"Llenadora Perist\u00e1ltica - Tallers uc","isPartOf":{"@id":"https:\/\/tallersuc.es\/es\/#website"},"primaryImageOfPage":{"@id":"https:\/\/tallersuc.es\/es\/producto\/llenadora-peristaltica\/#primaryimage"},"image":{"@id":"https:\/\/tallersuc.es\/en\/producto\/llenadora-peristaltica\/#primaryimage"},"thumbnailUrl":"https:\/\/tallersuc.es\/wp-content\/uploads\/2017\/03\/Llenadora-Peristaltica.jpg","datePublished":"2019-07-18T09:23:16+00:00","dateModified":"2019-07-18T09:26:17+00:00","breadcrumb":{"@id":"https:\/\/tallersuc.es\/es\/producto\/llenadora-peristaltica\/#breadcrumb"},"inLanguage":"es","potentialAction":[{"@type":"ReadAction","target":[["https:\/\/tallersuc.es\/es\/producto\/llenadora-peristaltica\/"]]}]},{"@type":"ImageObject","inLanguage":"es","@id":"https:\/\/tallersuc.es\/es\/producto\/llenadora-peristaltica\/#primaryimage","url":"https:\/\/tallersuc.es\/wp-content\/uploads\/2017\/03\/Llenadora-Peristaltica.jpg","contentUrl":"https:\/\/tallersuc.es\/wp-content\/uploads\/2017\/03\/Llenadora-Peristaltica.jpg","width":2048,"height":1536,"caption":"Llenadora Peristaltica"},{"@type":"BreadcrumbList","@id":"https:\/\/tallersuc.es\/es\/producto\/llenadora-peristaltica\/#breadcrumb","itemListElement":[{"@type":"ListItem","position":1,"name":"Portada","item":"https:\/\/tallersuc.es\/es\/"},{"@type":"ListItem","position":2,"name":"Productos","item":"https:\/\/tallersuc.es\/es\/shop\/"},{"@type":"ListItem","position":3,"name":"Peristaltic filler"}]},{"@type":"WebSite","@id":"https:\/\/tallersuc.es\/es\/#website","url":"https:\/\/tallersuc.es\/es\/","name":"Tallers uc","description":"","publisher":{"@id":"https:\/\/tallersuc.es\/es\/#organization"},"potentialAction":[{"@type":"SearchAction","target":{"@type":"EntryPoint","urlTemplate":"https:\/\/tallersuc.es\/es\/?s={search_term_string}"},"query-input":{"@type":"PropertyValueSpecification","valueRequired":true,"valueName":"search_term_string"}}],"inLanguage":"es"},{"@type":"Organization","@id":"https:\/\/tallersuc.es\/es\/#organization","name":"Tallers UC","url":"https:\/\/tallersuc.es\/es\/","logo":{"@type":"ImageObject","inLanguage":"es","@id":"https:\/\/tallersuc.es\/es\/#\/schema\/logo\/image\/","url":"https:\/\/tallersuc.es\/wp-content\/uploads\/2017\/04\/favicon-gran.jpg","contentUrl":"https:\/\/tallersuc.es\/wp-content\/uploads\/2017\/04\/favicon-gran.jpg","width":954,"height":954,"caption":"Tallers UC"},"image":{"@id":"https:\/\/tallersuc.es\/es\/#\/schema\/logo\/image\/"}}]}},"_links":{"self":[{"href":"https:\/\/tallersuc.es\/es\/wp-json\/wp\/v2\/product\/6560","targetHints":{"allow":["GET"]}}],"collection":[{"href":"https:\/\/tallersuc.es\/es\/wp-json\/wp\/v2\/product"}],"about":[{"href":"https:\/\/tallersuc.es\/es\/wp-json\/wp\/v2\/types\/product"}],"replies":[{"embeddable":true,"href":"https:\/\/tallersuc.es\/es\/wp-json\/wp\/v2\/comments?post=6560"}],"wp:featuredmedia":[{"embeddable":true,"href":"https:\/\/tallersuc.es\/es\/wp-json\/wp\/v2\/media\/4115"}],"wp:attachment":[{"href":"https:\/\/tallersuc.es\/es\/wp-json\/wp\/v2\/media?parent=6560"}],"wp:term":[{"taxonomy":"product_cat","embeddable":true,"href":"https:\/\/tallersuc.es\/es\/wp-json\/wp\/v2\/product_cat?post=6560"},{"taxonomy":"product_tag","embeddable":true,"href":"https:\/\/tallersuc.es\/es\/wp-json\/wp\/v2\/product_tag?post=6560"}],"curies":[{"name":"wp","href":"https:\/\/api.w.org\/{rel}","templated":true}]}}