{"id":1771,"date":"2017-02-01T18:30:51","date_gmt":"2017-02-01T17:30:51","guid":{"rendered":"https:\/\/tallersuc.es\/?post_type=product&#038;p=1771&#038;lang=es"},"modified":"2019-07-03T16:14:17","modified_gmt":"2019-07-03T14:14:17","slug":"taponadora","status":"publish","type":"product","link":"https:\/\/tallersuc.es\/es\/producto\/taponadora\/","title":{"rendered":"Taponadora"},"content":{"rendered":"<div class=\"page\" title=\"Page 1\">\n<div class=\"layoutArea\">\n<div class=\"column\">\n<p>&nbsp;<\/p>\n<\/div>\n<\/div>\n<\/div>\n<div class=\"page\" title=\"Page 1\"><\/div>\n","protected":false},"excerpt":{"rendered":"<ul>\n<li>M\u00e1quina semiautom\u00e1tica para la colocaci\u00f3n de tapas, tapones, embellecedores.<\/li>\n<li>Regulable en altura mediante husillo.<\/li>\n<li>Funcionamiento mediante pisto\u0301n neum\u00e1tico.<\/li>\n<li>De fa\u0301cil manejo.<\/li>\n<\/ul>\n\n<p><span style=\"color: #000000;\">Ficha de producto:\u00a0<\/span><a href=\"https:\/\/tallersuc.es\/wp-content\/uploads\/2019\/03\/Taponadora.pdf\">Taponadora Neum\u00e1tica<\/a><\/p>\n<p>&nbsp;<\/p>\n","protected":false},"featured_media":5852,"comment_status":"open","ping_status":"closed","template":"","meta":{"_et_pb_use_builder":"","_et_pb_old_content":"","_et_gb_content_width":""},"product_cat":[74],"product_tag":[140],"class_list":{"0":"post-1771","1":"product","2":"type-product","3":"status-publish","4":"has-post-thumbnail","6":"product_cat-semi-automaticas","7":"product_tag-semiautomaticas","9":"first","10":"instock","11":"shipping-taxable","12":"product-type-simple"},"yoast_head":"<!-- This site is optimized with the Yoast SEO plugin v23.9 - https:\/\/yoast.com\/wordpress\/plugins\/seo\/ -->\n<title>Taponadora - Tallers uc<\/title>\n<meta name=\"robots\" content=\"index, follow, max-snippet:-1, max-image-preview:large, max-video-preview:-1\" \/>\n<link rel=\"canonical\" href=\"https:\/\/tallersuc.es\/es\/producto\/taponadora\/\" \/>\n<meta property=\"og:locale\" content=\"es_ES\" \/>\n<meta property=\"og:type\" content=\"article\" \/>\n<meta property=\"og:title\" content=\"Taponadora - Tallers uc\" \/>\n<meta property=\"og:description\" content=\"M\u00e1quina semiautom\u00e1tica para la colocaci\u00f3n de tapas, tapones, embellecedores.  Regulable en altura mediante husillo.  Funcionamiento mediante pisto\u0301n neum\u00e1tico.  De fa\u0301cil manejo.    Ficha de producto:\u00a0Taponadora Neum\u00e1tica  &nbsp;\" \/>\n<meta property=\"og:url\" content=\"https:\/\/tallersuc.es\/es\/producto\/taponadora\/\" \/>\n<meta property=\"og:site_name\" content=\"Tallers uc\" \/>\n<meta property=\"article:modified_time\" content=\"2019-07-03T14:14:17+00:00\" \/>\n<meta property=\"og:image\" content=\"https:\/\/tallersuc.es\/wp-content\/uploads\/2017\/02\/TAPONADORA-NEUMATICA.jpg\" \/>\n\t<meta property=\"og:image:width\" content=\"700\" \/>\n\t<meta property=\"og:image:height\" content=\"600\" \/>\n\t<meta property=\"og:image:type\" content=\"image\/jpeg\" \/>\n<meta name=\"twitter:card\" content=\"summary_large_image\" \/>\n<script type=\"application\/ld+json\" class=\"yoast-schema-graph\">{\"@context\":\"https:\/\/schema.org\",\"@graph\":[{\"@type\":\"WebPage\",\"@id\":\"https:\/\/tallersuc.es\/es\/producto\/taponadora\/\",\"url\":\"https:\/\/tallersuc.es\/es\/producto\/taponadora\/\",\"name\":\"Taponadora - Tallers uc\",\"isPartOf\":{\"@id\":\"https:\/\/tallersuc.es\/es\/#website\"},\"primaryImageOfPage\":{\"@id\":\"https:\/\/tallersuc.es\/es\/producto\/taponadora\/#primaryimage\"},\"image\":{\"@id\":\"https:\/\/tallersuc.es\/fr\/producto\/taponadora\/#primaryimage\"},\"thumbnailUrl\":\"https:\/\/tallersuc.es\/wp-content\/uploads\/2017\/02\/TAPONADORA-NEUMATICA.jpg\",\"datePublished\":\"2017-02-01T17:30:51+00:00\",\"dateModified\":\"2019-07-03T14:14:17+00:00\",\"breadcrumb\":{\"@id\":\"https:\/\/tallersuc.es\/es\/producto\/taponadora\/#breadcrumb\"},\"inLanguage\":\"es\",\"potentialAction\":[{\"@type\":\"ReadAction\",\"target\":[[\"https:\/\/tallersuc.es\/es\/producto\/taponadora\/\"]]}]},{\"@type\":\"ImageObject\",\"inLanguage\":\"es\",\"@id\":\"https:\/\/tallersuc.es\/es\/producto\/taponadora\/#primaryimage\",\"url\":\"https:\/\/tallersuc.es\/wp-content\/uploads\/2017\/02\/TAPONADORA-NEUMATICA.jpg\",\"contentUrl\":\"https:\/\/tallersuc.es\/wp-content\/uploads\/2017\/02\/TAPONADORA-NEUMATICA.jpg\",\"width\":700,\"height\":600},{\"@type\":\"BreadcrumbList\",\"@id\":\"https:\/\/tallersuc.es\/es\/producto\/taponadora\/#breadcrumb\",\"itemListElement\":[{\"@type\":\"ListItem\",\"position\":1,\"name\":\"Portada\",\"item\":\"https:\/\/tallersuc.es\/es\/\"},{\"@type\":\"ListItem\",\"position\":2,\"name\":\"Productos\",\"item\":\"https:\/\/tallersuc.es\/es\/shop\/\"},{\"@type\":\"ListItem\",\"position\":3,\"name\":\"Capper\"}]},{\"@type\":\"WebSite\",\"@id\":\"https:\/\/tallersuc.es\/es\/#website\",\"url\":\"https:\/\/tallersuc.es\/es\/\",\"name\":\"Tallers uc\",\"description\":\"\",\"publisher\":{\"@id\":\"https:\/\/tallersuc.es\/es\/#organization\"},\"potentialAction\":[{\"@type\":\"SearchAction\",\"target\":{\"@type\":\"EntryPoint\",\"urlTemplate\":\"https:\/\/tallersuc.es\/es\/?s={search_term_string}\"},\"query-input\":{\"@type\":\"PropertyValueSpecification\",\"valueRequired\":true,\"valueName\":\"search_term_string\"}}],\"inLanguage\":\"es\"},{\"@type\":\"Organization\",\"@id\":\"https:\/\/tallersuc.es\/es\/#organization\",\"name\":\"Tallers UC\",\"url\":\"https:\/\/tallersuc.es\/es\/\",\"logo\":{\"@type\":\"ImageObject\",\"inLanguage\":\"es\",\"@id\":\"https:\/\/tallersuc.es\/es\/#\/schema\/logo\/image\/\",\"url\":\"https:\/\/tallersuc.es\/wp-content\/uploads\/2017\/04\/favicon-gran.jpg\",\"contentUrl\":\"https:\/\/tallersuc.es\/wp-content\/uploads\/2017\/04\/favicon-gran.jpg\",\"width\":954,\"height\":954,\"caption\":\"Tallers UC\"},\"image\":{\"@id\":\"https:\/\/tallersuc.es\/es\/#\/schema\/logo\/image\/\"}}]}<\/script>\n<!-- \/ Yoast SEO plugin. -->","yoast_head_json":{"title":"Taponadora - Tallers uc","robots":{"index":"index","follow":"follow","max-snippet":"max-snippet:-1","max-image-preview":"max-image-preview:large","max-video-preview":"max-video-preview:-1"},"canonical":"https:\/\/tallersuc.es\/es\/producto\/taponadora\/","og_locale":"es_ES","og_type":"article","og_title":"Taponadora - Tallers uc","og_description":"M\u00e1quina semiautom\u00e1tica para la colocaci\u00f3n de tapas, tapones, embellecedores.  Regulable en altura mediante husillo.  Funcionamiento mediante pisto\u0301n neum\u00e1tico.  De fa\u0301cil manejo.    Ficha de producto:\u00a0Taponadora Neum\u00e1tica  &nbsp;","og_url":"https:\/\/tallersuc.es\/es\/producto\/taponadora\/","og_site_name":"Tallers uc","article_modified_time":"2019-07-03T14:14:17+00:00","og_image":[{"width":700,"height":600,"url":"https:\/\/tallersuc.es\/wp-content\/uploads\/2017\/02\/TAPONADORA-NEUMATICA.jpg","type":"image\/jpeg"}],"twitter_card":"summary_large_image","schema":{"@context":"https:\/\/schema.org","@graph":[{"@type":"WebPage","@id":"https:\/\/tallersuc.es\/es\/producto\/taponadora\/","url":"https:\/\/tallersuc.es\/es\/producto\/taponadora\/","name":"Taponadora - Tallers uc","isPartOf":{"@id":"https:\/\/tallersuc.es\/es\/#website"},"primaryImageOfPage":{"@id":"https:\/\/tallersuc.es\/es\/producto\/taponadora\/#primaryimage"},"image":{"@id":"https:\/\/tallersuc.es\/fr\/producto\/taponadora\/#primaryimage"},"thumbnailUrl":"https:\/\/tallersuc.es\/wp-content\/uploads\/2017\/02\/TAPONADORA-NEUMATICA.jpg","datePublished":"2017-02-01T17:30:51+00:00","dateModified":"2019-07-03T14:14:17+00:00","breadcrumb":{"@id":"https:\/\/tallersuc.es\/es\/producto\/taponadora\/#breadcrumb"},"inLanguage":"es","potentialAction":[{"@type":"ReadAction","target":[["https:\/\/tallersuc.es\/es\/producto\/taponadora\/"]]}]},{"@type":"ImageObject","inLanguage":"es","@id":"https:\/\/tallersuc.es\/es\/producto\/taponadora\/#primaryimage","url":"https:\/\/tallersuc.es\/wp-content\/uploads\/2017\/02\/TAPONADORA-NEUMATICA.jpg","contentUrl":"https:\/\/tallersuc.es\/wp-content\/uploads\/2017\/02\/TAPONADORA-NEUMATICA.jpg","width":700,"height":600},{"@type":"BreadcrumbList","@id":"https:\/\/tallersuc.es\/es\/producto\/taponadora\/#breadcrumb","itemListElement":[{"@type":"ListItem","position":1,"name":"Portada","item":"https:\/\/tallersuc.es\/es\/"},{"@type":"ListItem","position":2,"name":"Productos","item":"https:\/\/tallersuc.es\/es\/shop\/"},{"@type":"ListItem","position":3,"name":"Capper"}]},{"@type":"WebSite","@id":"https:\/\/tallersuc.es\/es\/#website","url":"https:\/\/tallersuc.es\/es\/","name":"Tallers uc","description":"","publisher":{"@id":"https:\/\/tallersuc.es\/es\/#organization"},"potentialAction":[{"@type":"SearchAction","target":{"@type":"EntryPoint","urlTemplate":"https:\/\/tallersuc.es\/es\/?s={search_term_string}"},"query-input":{"@type":"PropertyValueSpecification","valueRequired":true,"valueName":"search_term_string"}}],"inLanguage":"es"},{"@type":"Organization","@id":"https:\/\/tallersuc.es\/es\/#organization","name":"Tallers UC","url":"https:\/\/tallersuc.es\/es\/","logo":{"@type":"ImageObject","inLanguage":"es","@id":"https:\/\/tallersuc.es\/es\/#\/schema\/logo\/image\/","url":"https:\/\/tallersuc.es\/wp-content\/uploads\/2017\/04\/favicon-gran.jpg","contentUrl":"https:\/\/tallersuc.es\/wp-content\/uploads\/2017\/04\/favicon-gran.jpg","width":954,"height":954,"caption":"Tallers UC"},"image":{"@id":"https:\/\/tallersuc.es\/es\/#\/schema\/logo\/image\/"}}]}},"_links":{"self":[{"href":"https:\/\/tallersuc.es\/es\/wp-json\/wp\/v2\/product\/1771","targetHints":{"allow":["GET"]}}],"collection":[{"href":"https:\/\/tallersuc.es\/es\/wp-json\/wp\/v2\/product"}],"about":[{"href":"https:\/\/tallersuc.es\/es\/wp-json\/wp\/v2\/types\/product"}],"replies":[{"embeddable":true,"href":"https:\/\/tallersuc.es\/es\/wp-json\/wp\/v2\/comments?post=1771"}],"wp:featuredmedia":[{"embeddable":true,"href":"https:\/\/tallersuc.es\/es\/wp-json\/wp\/v2\/media\/5852"}],"wp:attachment":[{"href":"https:\/\/tallersuc.es\/es\/wp-json\/wp\/v2\/media?parent=1771"}],"wp:term":[{"taxonomy":"product_cat","embeddable":true,"href":"https:\/\/tallersuc.es\/es\/wp-json\/wp\/v2\/product_cat?post=1771"},{"taxonomy":"product_tag","embeddable":true,"href":"https:\/\/tallersuc.es\/es\/wp-json\/wp\/v2\/product_tag?post=1771"}],"curies":[{"name":"wp","href":"https:\/\/api.w.org\/{rel}","templated":true}]}}