{"id":1755,"date":"2017-02-01T17:58:12","date_gmt":"2017-02-01T16:58:12","guid":{"rendered":"https:\/\/tallersuc.es\/?post_type=product&#038;p=1755&#038;lang=es"},"modified":"2019-07-04T11:52:42","modified_gmt":"2019-07-04T09:52:42","slug":"construccion-instalacion-cintas-transportadoras","status":"publish","type":"product","link":"https:\/\/tallersuc.es\/es\/producto\/construccion-instalacion-cintas-transportadoras\/","title":{"rendered":"Cintas transportadoras"},"content":{"rendered":"","protected":false},"excerpt":{"rendered":"<p>Dise\u00f1o personalizado de cintas de transporte para espacios de trabajo. Se realiza desde la distribuci\u00f3n del espacio hasta la instalaci\u00f3n final.<\/p>\n<p>Modificaci\u00f3n de la distribuci\u00f3n de la sala de trabajo, para distribuir 4 m\u00e1quinas en forma de \u00abH\u00bb, dejando en el interior un espacio para la encajadora y encelofanadora, con el fin de conseguir una mejor organizaci\u00f3n.<\/p>\n<p>Con un simple giro en la barrera de la cinta, se consiguen enviar los envases desde cualquier linea de llenado al centro de la sala.<\/p>\n<p><strong>CARACTER\u00cdSTICAS:<\/strong><\/p>\n<ul>\n<li>Todas las cintas est\u00e1n dotadas de cuadro de maniobra para trabajar independiente.<\/li>\n<li>La velocidad de las cintas se controla mediante variador electr\u00f3nico.<\/li>\n<li>Todas las cintas llevan los elementos necesarios para el trasvase de botes y barreras mec\u00e1nicas para la selecci\u00f3n del sentido de los envases.<\/li>\n<li>Las cintas de 5 metros, tienen instaladas mesas de trabajo en ambos lados, de 200 mm de ancho, para la manipulaci\u00f3n de los envases, fabricadas en chapa satinada de inox.<\/li>\n<li>Las cintas de trabajo disponen de sensor para el contador de piezas.<\/li>\n<li>Todas las cintas disponen de paro temporizado para el ahorro energ\u00e9tico.<\/li>\n<li>Est\u00e1n instaladas setas de emergencia, seg\u00fan normativa de seguridad.<\/li>\n<\/ul>\n","protected":false},"featured_media":1610,"comment_status":"open","ping_status":"closed","template":"","meta":{"_et_pb_use_builder":"","_et_pb_old_content":"","_et_gb_content_width":""},"product_cat":[116],"product_tag":[153,156,154,155,145],"class_list":{"0":"post-1755","1":"product","2":"type-product","3":"status-publish","4":"has-post-thumbnail","6":"product_cat-personalizadas","7":"product_tag-cintas","8":"product_tag-cintas-transportadoras","9":"product_tag-construccion","10":"product_tag-intalacion","11":"product_tag-personalizadas","13":"first","14":"instock","15":"shipping-taxable","16":"product-type-simple"},"yoast_head":"<!-- This site is optimized with the Yoast SEO plugin v23.9 - https:\/\/yoast.com\/wordpress\/plugins\/seo\/ -->\n<title>Cintas transportadoras - Tallers uc<\/title>\n<meta name=\"robots\" content=\"index, follow, max-snippet:-1, max-image-preview:large, max-video-preview:-1\" \/>\n<link rel=\"canonical\" href=\"https:\/\/tallersuc.es\/es\/producto\/construccion-instalacion-cintas-transportadoras\/\" \/>\n<meta property=\"og:locale\" content=\"es_ES\" \/>\n<meta property=\"og:type\" content=\"article\" \/>\n<meta property=\"og:title\" content=\"Cintas transportadoras - Tallers uc\" \/>\n<meta property=\"og:description\" content=\"Dise\u00f1o personalizado de cintas de transporte para espacios de trabajo. Se realiza desde la distribuci\u00f3n del espacio hasta la instalaci\u00f3n final.  Modificaci\u00f3n de la distribuci\u00f3n de la sala de trabajo, para distribuir 4 m\u00e1quinas en forma de &quot;H&quot;, dejando en el interior un espacio para la encajadora y encelofanadora, con el fin de conseguir una mejor organizaci\u00f3n.  Con un simple giro en la barrera de la cinta, se consiguen enviar los envases desde cualquier linea de llenado al centro de la sala.  CARACTER\u00cdSTICAS:   Todas las cintas est\u00e1n dotadas de cuadro de maniobra para trabajar independiente.  La velocidad de las cintas se controla mediante variador electr\u00f3nico.  Todas las cintas llevan los elementos necesarios para el trasvase de botes y barreras mec\u00e1nicas para la selecci\u00f3n del sentido de los envases.  Las cintas de 5 metros, tienen instaladas mesas de trabajo en ambos lados, de 200 mm de ancho, para la manipulaci\u00f3n de los envases, fabricadas en chapa satinada de inox.  Las cintas de trabajo disponen de sensor para el contador de piezas.  Todas las cintas disponen de paro temporizado para el ahorro energ\u00e9tico.  Est\u00e1n instaladas setas de emergencia, seg\u00fan normativa de seguridad.\" \/>\n<meta property=\"og:url\" content=\"https:\/\/tallersuc.es\/es\/producto\/construccion-instalacion-cintas-transportadoras\/\" \/>\n<meta property=\"og:site_name\" content=\"Tallers uc\" \/>\n<meta property=\"article:modified_time\" content=\"2019-07-04T09:52:42+00:00\" \/>\n<meta property=\"og:image\" content=\"https:\/\/tallersuc.es\/wp-content\/uploads\/2017\/01\/cinta.jpg\" \/>\n\t<meta property=\"og:image:width\" content=\"2048\" \/>\n\t<meta property=\"og:image:height\" content=\"1106\" \/>\n\t<meta property=\"og:image:type\" content=\"image\/jpeg\" \/>\n<meta name=\"twitter:card\" content=\"summary_large_image\" \/>\n<script type=\"application\/ld+json\" class=\"yoast-schema-graph\">{\"@context\":\"https:\/\/schema.org\",\"@graph\":[{\"@type\":\"WebPage\",\"@id\":\"https:\/\/tallersuc.es\/es\/producto\/construccion-instalacion-cintas-transportadoras\/\",\"url\":\"https:\/\/tallersuc.es\/es\/producto\/construccion-instalacion-cintas-transportadoras\/\",\"name\":\"Cintas transportadoras - Tallers uc\",\"isPartOf\":{\"@id\":\"https:\/\/tallersuc.es\/es\/#website\"},\"primaryImageOfPage\":{\"@id\":\"https:\/\/tallersuc.es\/es\/producto\/construccion-instalacion-cintas-transportadoras\/#primaryimage\"},\"image\":{\"@id\":\"https:\/\/tallersuc.es\/en\/producto\/construccion-instalacion-cintas-transportadoras\/#primaryimage\"},\"thumbnailUrl\":\"https:\/\/tallersuc.es\/wp-content\/uploads\/2017\/01\/cinta.jpg\",\"datePublished\":\"2017-02-01T16:58:12+00:00\",\"dateModified\":\"2019-07-04T09:52:42+00:00\",\"breadcrumb\":{\"@id\":\"https:\/\/tallersuc.es\/es\/producto\/construccion-instalacion-cintas-transportadoras\/#breadcrumb\"},\"inLanguage\":\"es\",\"potentialAction\":[{\"@type\":\"ReadAction\",\"target\":[[\"https:\/\/tallersuc.es\/es\/producto\/construccion-instalacion-cintas-transportadoras\/\"]]}]},{\"@type\":\"ImageObject\",\"inLanguage\":\"es\",\"@id\":\"https:\/\/tallersuc.es\/es\/producto\/construccion-instalacion-cintas-transportadoras\/#primaryimage\",\"url\":\"https:\/\/tallersuc.es\/wp-content\/uploads\/2017\/01\/cinta.jpg\",\"contentUrl\":\"https:\/\/tallersuc.es\/wp-content\/uploads\/2017\/01\/cinta.jpg\",\"width\":2048,\"height\":1106,\"caption\":\"cinta\"},{\"@type\":\"BreadcrumbList\",\"@id\":\"https:\/\/tallersuc.es\/es\/producto\/construccion-instalacion-cintas-transportadoras\/#breadcrumb\",\"itemListElement\":[{\"@type\":\"ListItem\",\"position\":1,\"name\":\"Portada\",\"item\":\"https:\/\/tallersuc.es\/es\/\"},{\"@type\":\"ListItem\",\"position\":2,\"name\":\"Productos\",\"item\":\"https:\/\/tallersuc.es\/es\/shop\/\"},{\"@type\":\"ListItem\",\"position\":3,\"name\":\"Conveyor Belts\"}]},{\"@type\":\"WebSite\",\"@id\":\"https:\/\/tallersuc.es\/es\/#website\",\"url\":\"https:\/\/tallersuc.es\/es\/\",\"name\":\"Tallers uc\",\"description\":\"\",\"publisher\":{\"@id\":\"https:\/\/tallersuc.es\/es\/#organization\"},\"potentialAction\":[{\"@type\":\"SearchAction\",\"target\":{\"@type\":\"EntryPoint\",\"urlTemplate\":\"https:\/\/tallersuc.es\/es\/?s={search_term_string}\"},\"query-input\":{\"@type\":\"PropertyValueSpecification\",\"valueRequired\":true,\"valueName\":\"search_term_string\"}}],\"inLanguage\":\"es\"},{\"@type\":\"Organization\",\"@id\":\"https:\/\/tallersuc.es\/es\/#organization\",\"name\":\"Tallers UC\",\"url\":\"https:\/\/tallersuc.es\/es\/\",\"logo\":{\"@type\":\"ImageObject\",\"inLanguage\":\"es\",\"@id\":\"https:\/\/tallersuc.es\/es\/#\/schema\/logo\/image\/\",\"url\":\"https:\/\/tallersuc.es\/wp-content\/uploads\/2017\/04\/favicon-gran.jpg\",\"contentUrl\":\"https:\/\/tallersuc.es\/wp-content\/uploads\/2017\/04\/favicon-gran.jpg\",\"width\":954,\"height\":954,\"caption\":\"Tallers UC\"},\"image\":{\"@id\":\"https:\/\/tallersuc.es\/es\/#\/schema\/logo\/image\/\"}}]}<\/script>\n<!-- \/ Yoast SEO plugin. -->","yoast_head_json":{"title":"Cintas transportadoras - Tallers uc","robots":{"index":"index","follow":"follow","max-snippet":"max-snippet:-1","max-image-preview":"max-image-preview:large","max-video-preview":"max-video-preview:-1"},"canonical":"https:\/\/tallersuc.es\/es\/producto\/construccion-instalacion-cintas-transportadoras\/","og_locale":"es_ES","og_type":"article","og_title":"Cintas transportadoras - Tallers uc","og_description":"Dise\u00f1o personalizado de cintas de transporte para espacios de trabajo. Se realiza desde la distribuci\u00f3n del espacio hasta la instalaci\u00f3n final.  Modificaci\u00f3n de la distribuci\u00f3n de la sala de trabajo, para distribuir 4 m\u00e1quinas en forma de \"H\", dejando en el interior un espacio para la encajadora y encelofanadora, con el fin de conseguir una mejor organizaci\u00f3n.  Con un simple giro en la barrera de la cinta, se consiguen enviar los envases desde cualquier linea de llenado al centro de la sala.  CARACTER\u00cdSTICAS:   Todas las cintas est\u00e1n dotadas de cuadro de maniobra para trabajar independiente.  La velocidad de las cintas se controla mediante variador electr\u00f3nico.  Todas las cintas llevan los elementos necesarios para el trasvase de botes y barreras mec\u00e1nicas para la selecci\u00f3n del sentido de los envases.  Las cintas de 5 metros, tienen instaladas mesas de trabajo en ambos lados, de 200 mm de ancho, para la manipulaci\u00f3n de los envases, fabricadas en chapa satinada de inox.  Las cintas de trabajo disponen de sensor para el contador de piezas.  Todas las cintas disponen de paro temporizado para el ahorro energ\u00e9tico.  Est\u00e1n instaladas setas de emergencia, seg\u00fan normativa de seguridad.","og_url":"https:\/\/tallersuc.es\/es\/producto\/construccion-instalacion-cintas-transportadoras\/","og_site_name":"Tallers uc","article_modified_time":"2019-07-04T09:52:42+00:00","og_image":[{"width":2048,"height":1106,"url":"https:\/\/tallersuc.es\/wp-content\/uploads\/2017\/01\/cinta.jpg","type":"image\/jpeg"}],"twitter_card":"summary_large_image","schema":{"@context":"https:\/\/schema.org","@graph":[{"@type":"WebPage","@id":"https:\/\/tallersuc.es\/es\/producto\/construccion-instalacion-cintas-transportadoras\/","url":"https:\/\/tallersuc.es\/es\/producto\/construccion-instalacion-cintas-transportadoras\/","name":"Cintas transportadoras - Tallers uc","isPartOf":{"@id":"https:\/\/tallersuc.es\/es\/#website"},"primaryImageOfPage":{"@id":"https:\/\/tallersuc.es\/es\/producto\/construccion-instalacion-cintas-transportadoras\/#primaryimage"},"image":{"@id":"https:\/\/tallersuc.es\/en\/producto\/construccion-instalacion-cintas-transportadoras\/#primaryimage"},"thumbnailUrl":"https:\/\/tallersuc.es\/wp-content\/uploads\/2017\/01\/cinta.jpg","datePublished":"2017-02-01T16:58:12+00:00","dateModified":"2019-07-04T09:52:42+00:00","breadcrumb":{"@id":"https:\/\/tallersuc.es\/es\/producto\/construccion-instalacion-cintas-transportadoras\/#breadcrumb"},"inLanguage":"es","potentialAction":[{"@type":"ReadAction","target":[["https:\/\/tallersuc.es\/es\/producto\/construccion-instalacion-cintas-transportadoras\/"]]}]},{"@type":"ImageObject","inLanguage":"es","@id":"https:\/\/tallersuc.es\/es\/producto\/construccion-instalacion-cintas-transportadoras\/#primaryimage","url":"https:\/\/tallersuc.es\/wp-content\/uploads\/2017\/01\/cinta.jpg","contentUrl":"https:\/\/tallersuc.es\/wp-content\/uploads\/2017\/01\/cinta.jpg","width":2048,"height":1106,"caption":"cinta"},{"@type":"BreadcrumbList","@id":"https:\/\/tallersuc.es\/es\/producto\/construccion-instalacion-cintas-transportadoras\/#breadcrumb","itemListElement":[{"@type":"ListItem","position":1,"name":"Portada","item":"https:\/\/tallersuc.es\/es\/"},{"@type":"ListItem","position":2,"name":"Productos","item":"https:\/\/tallersuc.es\/es\/shop\/"},{"@type":"ListItem","position":3,"name":"Conveyor Belts"}]},{"@type":"WebSite","@id":"https:\/\/tallersuc.es\/es\/#website","url":"https:\/\/tallersuc.es\/es\/","name":"Tallers uc","description":"","publisher":{"@id":"https:\/\/tallersuc.es\/es\/#organization"},"potentialAction":[{"@type":"SearchAction","target":{"@type":"EntryPoint","urlTemplate":"https:\/\/tallersuc.es\/es\/?s={search_term_string}"},"query-input":{"@type":"PropertyValueSpecification","valueRequired":true,"valueName":"search_term_string"}}],"inLanguage":"es"},{"@type":"Organization","@id":"https:\/\/tallersuc.es\/es\/#organization","name":"Tallers UC","url":"https:\/\/tallersuc.es\/es\/","logo":{"@type":"ImageObject","inLanguage":"es","@id":"https:\/\/tallersuc.es\/es\/#\/schema\/logo\/image\/","url":"https:\/\/tallersuc.es\/wp-content\/uploads\/2017\/04\/favicon-gran.jpg","contentUrl":"https:\/\/tallersuc.es\/wp-content\/uploads\/2017\/04\/favicon-gran.jpg","width":954,"height":954,"caption":"Tallers UC"},"image":{"@id":"https:\/\/tallersuc.es\/es\/#\/schema\/logo\/image\/"}}]}},"_links":{"self":[{"href":"https:\/\/tallersuc.es\/es\/wp-json\/wp\/v2\/product\/1755","targetHints":{"allow":["GET"]}}],"collection":[{"href":"https:\/\/tallersuc.es\/es\/wp-json\/wp\/v2\/product"}],"about":[{"href":"https:\/\/tallersuc.es\/es\/wp-json\/wp\/v2\/types\/product"}],"replies":[{"embeddable":true,"href":"https:\/\/tallersuc.es\/es\/wp-json\/wp\/v2\/comments?post=1755"}],"wp:featuredmedia":[{"embeddable":true,"href":"https:\/\/tallersuc.es\/es\/wp-json\/wp\/v2\/media\/1610"}],"wp:attachment":[{"href":"https:\/\/tallersuc.es\/es\/wp-json\/wp\/v2\/media?parent=1755"}],"wp:term":[{"taxonomy":"product_cat","embeddable":true,"href":"https:\/\/tallersuc.es\/es\/wp-json\/wp\/v2\/product_cat?post=1755"},{"taxonomy":"product_tag","embeddable":true,"href":"https:\/\/tallersuc.es\/es\/wp-json\/wp\/v2\/product_tag?post=1755"}],"curies":[{"name":"wp","href":"https:\/\/api.w.org\/{rel}","templated":true}]}}