{"id":1530,"date":"2017-01-24T13:13:12","date_gmt":"2017-01-24T12:13:12","guid":{"rendered":"https:\/\/tallersuc.es\/?post_type=product&#038;p=1530"},"modified":"2017-02-20T10:23:52","modified_gmt":"2017-02-20T09:23:52","slug":"linea-automatica-sala-blanca","status":"publish","type":"product","link":"https:\/\/tallersuc.es\/es\/producto\/linea-automatica-sala-blanca\/","title":{"rendered":"Linea autom\u00e1tica para sala blanca LD-6\/QF"},"content":{"rendered":"<h2>Linea autom\u00e1tica para sala blanca LD-6\/QF<\/h2>\n<p>Llenado por bombas peristalticas con colocaci\u00f3n tap\u00f3n de goma y m\u00e1quina cerradora para c\u00e1psulas aluminio para envases de pl\u00e1stico o vidrio.<\/p>\n<p>LD-6\/QF<\/p>\n<p>Llenadora equipada con 6 dosificadores y cerrador para tapones de pl\u00e1stico con precinto.<\/p>\n<p>Instalaci\u00f3n antideflagrante.<\/p>\n<p>&nbsp;<\/p>\n","protected":false},"excerpt":{"rendered":"<p>Linea autom\u00e1tica para sala blanca LD-6\/QF Llenado por bombas peristalticas con colocaci\u00f3n tap\u00f3n de goma y m\u00e1quina cerradora para c\u00e1psulas aluminio para envases de pl\u00e1stico o vidrio. LD-6\/QF Llenadora equipada con 6 dosificadores y cerrador para tapones de pl\u00e1stico con precinto. Instalaci\u00f3n antideflagrante. &nbsp;<\/p>\n","protected":false},"featured_media":1532,"comment_status":"open","ping_status":"closed","template":"","meta":{"_et_pb_use_builder":"","_et_pb_old_content":"","_et_gb_content_width":""},"product_cat":[63],"product_tag":[103,97,99,102,100,98,101],"class_list":{"0":"post-1530","1":"product","2":"type-product","3":"status-publish","4":"has-post-thumbnail","6":"product_cat-maquinaria","7":"product_tag-ld-6qf","8":"product_tag-linea-automatica","9":"product_tag-llenado","10":"product_tag-maquina-cerradora","11":"product_tag-por-bombas","12":"product_tag-sala-blanca","13":"product_tag-tapon-de-goma","15":"first","16":"instock","17":"shipping-taxable","18":"product-type-simple"},"yoast_head":"<!-- This site is optimized with the Yoast SEO plugin v23.9 - https:\/\/yoast.com\/wordpress\/plugins\/seo\/ -->\n<title>Linea autom\u00e1tica para sala blanca LD-6\/QF - Tallers uc<\/title>\n<meta name=\"robots\" content=\"index, follow, max-snippet:-1, max-image-preview:large, max-video-preview:-1\" \/>\n<link rel=\"canonical\" href=\"https:\/\/tallersuc.es\/es\/producto\/linea-automatica-sala-blanca\/\" \/>\n<meta property=\"og:locale\" content=\"es_ES\" \/>\n<meta property=\"og:type\" content=\"article\" \/>\n<meta property=\"og:title\" content=\"Linea autom\u00e1tica para sala blanca LD-6\/QF - Tallers uc\" \/>\n<meta property=\"og:description\" content=\"Linea autom\u00e1tica para sala blanca LD-6\/QF Llenado por bombas peristalticas con colocaci\u00f3n tap\u00f3n de goma y m\u00e1quina cerradora para c\u00e1psulas aluminio para envases de pl\u00e1stico o vidrio. LD-6\/QF Llenadora equipada con 6 dosificadores y cerrador para tapones de pl\u00e1stico con precinto. Instalaci\u00f3n antideflagrante. &nbsp;\" \/>\n<meta property=\"og:url\" content=\"https:\/\/tallersuc.es\/es\/producto\/linea-automatica-sala-blanca\/\" \/>\n<meta property=\"og:site_name\" content=\"Tallers uc\" \/>\n<meta property=\"article:modified_time\" content=\"2017-02-20T09:23:52+00:00\" \/>\n<meta property=\"og:image\" content=\"https:\/\/tallersuc.es\/wp-content\/uploads\/2017\/01\/Image-10-at-frame-1.jpg\" \/>\n\t<meta property=\"og:image:width\" content=\"1080\" \/>\n\t<meta property=\"og:image:height\" content=\"958\" \/>\n\t<meta property=\"og:image:type\" content=\"image\/jpeg\" \/>\n<meta name=\"twitter:card\" content=\"summary_large_image\" \/>\n<script type=\"application\/ld+json\" class=\"yoast-schema-graph\">{\"@context\":\"https:\/\/schema.org\",\"@graph\":[{\"@type\":\"WebPage\",\"@id\":\"https:\/\/tallersuc.es\/es\/producto\/linea-automatica-sala-blanca\/\",\"url\":\"https:\/\/tallersuc.es\/es\/producto\/linea-automatica-sala-blanca\/\",\"name\":\"Linea autom\u00e1tica para sala blanca LD-6\/QF - Tallers uc\",\"isPartOf\":{\"@id\":\"https:\/\/tallersuc.es\/es\/#website\"},\"primaryImageOfPage\":{\"@id\":\"https:\/\/tallersuc.es\/es\/producto\/linea-automatica-sala-blanca\/#primaryimage\"},\"image\":{\"@id\":\"https:\/\/tallersuc.es\/fr\/producto\/linea-automatica-sala-blanca\/#primaryimage\"},\"thumbnailUrl\":\"https:\/\/tallersuc.es\/wp-content\/uploads\/2017\/01\/Image-10-at-frame-1.jpg\",\"datePublished\":\"2017-01-24T12:13:12+00:00\",\"dateModified\":\"2017-02-20T09:23:52+00:00\",\"breadcrumb\":{\"@id\":\"https:\/\/tallersuc.es\/es\/producto\/linea-automatica-sala-blanca\/#breadcrumb\"},\"inLanguage\":\"es\",\"potentialAction\":[{\"@type\":\"ReadAction\",\"target\":[[\"https:\/\/tallersuc.es\/es\/producto\/linea-automatica-sala-blanca\/\"]]}]},{\"@type\":\"ImageObject\",\"inLanguage\":\"es\",\"@id\":\"https:\/\/tallersuc.es\/es\/producto\/linea-automatica-sala-blanca\/#primaryimage\",\"url\":\"https:\/\/tallersuc.es\/wp-content\/uploads\/2017\/01\/Image-10-at-frame-1.jpg\",\"contentUrl\":\"https:\/\/tallersuc.es\/wp-content\/uploads\/2017\/01\/Image-10-at-frame-1.jpg\",\"width\":1080,\"height\":958,\"caption\":\"linea-automatica\"},{\"@type\":\"BreadcrumbList\",\"@id\":\"https:\/\/tallersuc.es\/es\/producto\/linea-automatica-sala-blanca\/#breadcrumb\",\"itemListElement\":[{\"@type\":\"ListItem\",\"position\":1,\"name\":\"Portada\",\"item\":\"https:\/\/tallersuc.es\/es\/\"},{\"@type\":\"ListItem\",\"position\":2,\"name\":\"Productos\",\"item\":\"https:\/\/tallersuc.es\/es\/shop\/\"},{\"@type\":\"ListItem\",\"position\":3,\"name\":\"Linea autom\u00e1tica para sala blanca LD-6\/QF\"}]},{\"@type\":\"WebSite\",\"@id\":\"https:\/\/tallersuc.es\/es\/#website\",\"url\":\"https:\/\/tallersuc.es\/es\/\",\"name\":\"Tallers uc\",\"description\":\"\",\"publisher\":{\"@id\":\"https:\/\/tallersuc.es\/es\/#organization\"},\"potentialAction\":[{\"@type\":\"SearchAction\",\"target\":{\"@type\":\"EntryPoint\",\"urlTemplate\":\"https:\/\/tallersuc.es\/es\/?s={search_term_string}\"},\"query-input\":{\"@type\":\"PropertyValueSpecification\",\"valueRequired\":true,\"valueName\":\"search_term_string\"}}],\"inLanguage\":\"es\"},{\"@type\":\"Organization\",\"@id\":\"https:\/\/tallersuc.es\/es\/#organization\",\"name\":\"Tallers UC\",\"url\":\"https:\/\/tallersuc.es\/es\/\",\"logo\":{\"@type\":\"ImageObject\",\"inLanguage\":\"es\",\"@id\":\"https:\/\/tallersuc.es\/es\/#\/schema\/logo\/image\/\",\"url\":\"https:\/\/tallersuc.es\/wp-content\/uploads\/2017\/04\/favicon-gran.jpg\",\"contentUrl\":\"https:\/\/tallersuc.es\/wp-content\/uploads\/2017\/04\/favicon-gran.jpg\",\"width\":954,\"height\":954,\"caption\":\"Tallers UC\"},\"image\":{\"@id\":\"https:\/\/tallersuc.es\/es\/#\/schema\/logo\/image\/\"}}]}<\/script>\n<!-- \/ Yoast SEO plugin. -->","yoast_head_json":{"title":"Linea autom\u00e1tica para sala blanca LD-6\/QF - Tallers uc","robots":{"index":"index","follow":"follow","max-snippet":"max-snippet:-1","max-image-preview":"max-image-preview:large","max-video-preview":"max-video-preview:-1"},"canonical":"https:\/\/tallersuc.es\/es\/producto\/linea-automatica-sala-blanca\/","og_locale":"es_ES","og_type":"article","og_title":"Linea autom\u00e1tica para sala blanca LD-6\/QF - Tallers uc","og_description":"Linea autom\u00e1tica para sala blanca LD-6\/QF Llenado por bombas peristalticas con colocaci\u00f3n tap\u00f3n de goma y m\u00e1quina cerradora para c\u00e1psulas aluminio para envases de pl\u00e1stico o vidrio. LD-6\/QF Llenadora equipada con 6 dosificadores y cerrador para tapones de pl\u00e1stico con precinto. Instalaci\u00f3n antideflagrante. &nbsp;","og_url":"https:\/\/tallersuc.es\/es\/producto\/linea-automatica-sala-blanca\/","og_site_name":"Tallers uc","article_modified_time":"2017-02-20T09:23:52+00:00","og_image":[{"width":1080,"height":958,"url":"https:\/\/tallersuc.es\/wp-content\/uploads\/2017\/01\/Image-10-at-frame-1.jpg","type":"image\/jpeg"}],"twitter_card":"summary_large_image","schema":{"@context":"https:\/\/schema.org","@graph":[{"@type":"WebPage","@id":"https:\/\/tallersuc.es\/es\/producto\/linea-automatica-sala-blanca\/","url":"https:\/\/tallersuc.es\/es\/producto\/linea-automatica-sala-blanca\/","name":"Linea autom\u00e1tica para sala blanca LD-6\/QF - Tallers uc","isPartOf":{"@id":"https:\/\/tallersuc.es\/es\/#website"},"primaryImageOfPage":{"@id":"https:\/\/tallersuc.es\/es\/producto\/linea-automatica-sala-blanca\/#primaryimage"},"image":{"@id":"https:\/\/tallersuc.es\/fr\/producto\/linea-automatica-sala-blanca\/#primaryimage"},"thumbnailUrl":"https:\/\/tallersuc.es\/wp-content\/uploads\/2017\/01\/Image-10-at-frame-1.jpg","datePublished":"2017-01-24T12:13:12+00:00","dateModified":"2017-02-20T09:23:52+00:00","breadcrumb":{"@id":"https:\/\/tallersuc.es\/es\/producto\/linea-automatica-sala-blanca\/#breadcrumb"},"inLanguage":"es","potentialAction":[{"@type":"ReadAction","target":[["https:\/\/tallersuc.es\/es\/producto\/linea-automatica-sala-blanca\/"]]}]},{"@type":"ImageObject","inLanguage":"es","@id":"https:\/\/tallersuc.es\/es\/producto\/linea-automatica-sala-blanca\/#primaryimage","url":"https:\/\/tallersuc.es\/wp-content\/uploads\/2017\/01\/Image-10-at-frame-1.jpg","contentUrl":"https:\/\/tallersuc.es\/wp-content\/uploads\/2017\/01\/Image-10-at-frame-1.jpg","width":1080,"height":958,"caption":"linea-automatica"},{"@type":"BreadcrumbList","@id":"https:\/\/tallersuc.es\/es\/producto\/linea-automatica-sala-blanca\/#breadcrumb","itemListElement":[{"@type":"ListItem","position":1,"name":"Portada","item":"https:\/\/tallersuc.es\/es\/"},{"@type":"ListItem","position":2,"name":"Productos","item":"https:\/\/tallersuc.es\/es\/shop\/"},{"@type":"ListItem","position":3,"name":"Linea autom\u00e1tica para sala blanca LD-6\/QF"}]},{"@type":"WebSite","@id":"https:\/\/tallersuc.es\/es\/#website","url":"https:\/\/tallersuc.es\/es\/","name":"Tallers uc","description":"","publisher":{"@id":"https:\/\/tallersuc.es\/es\/#organization"},"potentialAction":[{"@type":"SearchAction","target":{"@type":"EntryPoint","urlTemplate":"https:\/\/tallersuc.es\/es\/?s={search_term_string}"},"query-input":{"@type":"PropertyValueSpecification","valueRequired":true,"valueName":"search_term_string"}}],"inLanguage":"es"},{"@type":"Organization","@id":"https:\/\/tallersuc.es\/es\/#organization","name":"Tallers UC","url":"https:\/\/tallersuc.es\/es\/","logo":{"@type":"ImageObject","inLanguage":"es","@id":"https:\/\/tallersuc.es\/es\/#\/schema\/logo\/image\/","url":"https:\/\/tallersuc.es\/wp-content\/uploads\/2017\/04\/favicon-gran.jpg","contentUrl":"https:\/\/tallersuc.es\/wp-content\/uploads\/2017\/04\/favicon-gran.jpg","width":954,"height":954,"caption":"Tallers UC"},"image":{"@id":"https:\/\/tallersuc.es\/es\/#\/schema\/logo\/image\/"}}]}},"_links":{"self":[{"href":"https:\/\/tallersuc.es\/es\/wp-json\/wp\/v2\/product\/1530","targetHints":{"allow":["GET"]}}],"collection":[{"href":"https:\/\/tallersuc.es\/es\/wp-json\/wp\/v2\/product"}],"about":[{"href":"https:\/\/tallersuc.es\/es\/wp-json\/wp\/v2\/types\/product"}],"replies":[{"embeddable":true,"href":"https:\/\/tallersuc.es\/es\/wp-json\/wp\/v2\/comments?post=1530"}],"wp:featuredmedia":[{"embeddable":true,"href":"https:\/\/tallersuc.es\/es\/wp-json\/wp\/v2\/media\/1532"}],"wp:attachment":[{"href":"https:\/\/tallersuc.es\/es\/wp-json\/wp\/v2\/media?parent=1530"}],"wp:term":[{"taxonomy":"product_cat","embeddable":true,"href":"https:\/\/tallersuc.es\/es\/wp-json\/wp\/v2\/product_cat?post=1530"},{"taxonomy":"product_tag","embeddable":true,"href":"https:\/\/tallersuc.es\/es\/wp-json\/wp\/v2\/product_tag?post=1530"}],"curies":[{"name":"wp","href":"https:\/\/api.w.org\/{rel}","templated":true}]}}