{"id":1526,"date":"2017-01-24T12:29:13","date_gmt":"2017-01-24T11:29:13","guid":{"rendered":"https:\/\/tallersuc.es\/?post_type=product&#038;p=1526"},"modified":"2017-03-06T17:17:20","modified_gmt":"2017-03-06T16:17:20","slug":"cerradoras-neumaticas-frascos-botellas","status":"publish","type":"product","link":"https:\/\/tallersuc.es\/es\/producto\/cerradoras-neumaticas-frascos-botellas\/","title":{"rendered":"Cerradoras neum\u00e1ticas (para frascos y botellas)"},"content":{"rendered":"<h2>CERRADORAS NEUM\u00c1TICAS<\/h2>\n<p>Accionadas por motor el\u00e9ctrico y pist\u00f3n neum\u00e1tico que rebordean c\u00e1psulas de aluminio y v\u00e1lvula nubolizador.<\/p>\n<p>Roscan y rebordean c\u00e1psulas Pilfer-Proof, Twist-Off, y similares.<\/p>\n<p>MODELOS:<\/p>\n<p>TIPO \u00abB-08\u00bb: PARA REBORDEAR C\u00c1PSULAS.<\/p>\n<p>TIPO \u00abBRE-08\u00bb: PARA ROSCAR Y REBORDEAR PILFER-PROOF.<\/p>\n<p>TIPO \u00abBQF-08&#8243;: PARA ENROSCAR TAPAS.<\/p>\n<p>[vc_row][vc_column][vc_table vc_table_theme=\u00bbclassic\u00bb allow_html=\u00bb1&#8243;][align-center]CERRADORAS,[align-center]%22B%22-%22BRE%22,[align-center]%22P%22,[align-center]%22PRE%22|RENDIMIENTO%2FHORA,[align-center]1.000,[align-center]400,[align-center]400|ALTURA%20MAX.%20ENVASE,[align-center]350%20mm.,[align-center]180%20mm.,[align-center]|ALTURA%20M%C3%81QUINA,[align-center]940%20mm.,[align-center]180%20mm.,[align-center]|PESO,[align-center]65%20Kg.,[align-center]15%20Kg.,[align-center]15%20Kg.|MOTOR%20III%20220%2F380V,[align-center]1%2F4%20HP,[align-center]&#8212;&#8212;&#8212;&#8211;,[align-center]&#8212;&#8212;&#8212;-[\/vc_table][\/vc_column][\/vc_row]<\/p>\n","protected":false},"excerpt":{"rendered":"<p>CERRADORAS NEUM\u00c1TICAS Accionadas por motor el\u00e9ctrico y pist\u00f3n neum\u00e1tico que rebordean c\u00e1psulas de aluminio y v\u00e1lvula nubolizador. Roscan y rebordean c\u00e1psulas Pilfer-Proof, Twist-Off, y similares. MODELOS: TIPO \u00abB-08\u00bb: PARA REBORDEAR C\u00c1PSULAS. TIPO \u00abBRE-08\u00bb: PARA ROSCAR Y REBORDEAR PILFER-PROOF. TIPO \u00abBQF-08&#8243;: PARA ENROSCAR TAPAS. [vc_row][vc_column][vc_table vc_table_theme=\u00bbclassic\u00bb allow_html=\u00bb1&#8243;][align-center]CERRADORAS,[align-center]%22B%22-%22BRE%22,[align-center]%22P%22,[align-center]%22PRE%22|RENDIMIENTO%2FHORA,[align-center]1.000,[align-center]400,[align-center]400|ALTURA%20MAX.%20ENVASE,[align-center]350%20mm.,[align-center]180%20mm.,[align-center]|ALTURA%20M%C3%81QUINA,[align-center]940%20mm.,[align-center]180%20mm.,[align-center]|PESO,[align-center]65%20Kg.,[align-center]15%20Kg.,[align-center]15%20Kg.|MOTOR%20III%20220%2F380V,[align-center]1%2F4%20HP,[align-center]&#8212;&#8212;&#8212;&#8211;,[align-center]&#8212;&#8212;&#8212;-[\/vc_table][\/vc_column][\/vc_row]<\/p>\n","protected":false},"featured_media":1529,"comment_status":"open","ping_status":"closed","template":"","meta":{"_et_pb_use_builder":"","_et_pb_old_content":"","_et_gb_content_width":""},"product_cat":[235,240],"product_tag":[96,88,93,94,95,92],"class_list":{"0":"post-1526","1":"product","2":"type-product","3":"status-publish","4":"has-post-thumbnail","6":"product_cat-tallers-uc","7":"product_cat-cerradoras","8":"product_tag-capsulas-de-aluminio","9":"product_tag-cerradoras","10":"product_tag-cerradoras-semi-automatica","11":"product_tag-motor-electrico","12":"product_tag-piston-neumatico","13":"product_tag-valvula-nubolizador","15":"first","16":"instock","17":"shipping-taxable","18":"product-type-simple"},"yoast_head":"<!-- This site is optimized with the Yoast SEO plugin v23.9 - https:\/\/yoast.com\/wordpress\/plugins\/seo\/ -->\n<title>Cerradoras neum\u00e1ticas (para frascos y botellas) - Tallers uc<\/title>\n<meta name=\"robots\" content=\"index, follow, max-snippet:-1, max-image-preview:large, max-video-preview:-1\" \/>\n<link rel=\"canonical\" href=\"https:\/\/tallersuc.es\/es\/producto\/cerradoras-neumaticas-frascos-botellas\/\" \/>\n<meta property=\"og:locale\" content=\"es_ES\" \/>\n<meta property=\"og:type\" content=\"article\" \/>\n<meta property=\"og:title\" content=\"Cerradoras neum\u00e1ticas (para frascos y botellas) - Tallers uc\" \/>\n<meta property=\"og:description\" content=\"CERRADORAS NEUM\u00c1TICAS Accionadas por motor el\u00e9ctrico y pist\u00f3n neum\u00e1tico que rebordean c\u00e1psulas de aluminio y v\u00e1lvula nubolizador. Roscan y rebordean c\u00e1psulas Pilfer-Proof, Twist-Off, y similares. MODELOS: TIPO \u00abB-08\u00bb: PARA REBORDEAR C\u00c1PSULAS. TIPO \u00abBRE-08\u00bb: PARA ROSCAR Y REBORDEAR PILFER-PROOF. TIPO \u00abBQF-08&#8243;: PARA ENROSCAR TAPAS. [vc_row][vc_column][vc_table vc_table_theme=\u00bbclassic\u00bb allow_html=\u00bb1&#8243;][align-center]CERRADORAS,[align-center]%22B%22-%22BRE%22,[align-center]%22P%22,[align-center]%22PRE%22|RENDIMIENTO%2FHORA,[align-center]1.000,[align-center]400,[align-center]400|ALTURA%20MAX.%20ENVASE,[align-center]350%20mm.,[align-center]180%20mm.,[align-center]|ALTURA%20M%C3%81QUINA,[align-center]940%20mm.,[align-center]180%20mm.,[align-center]|PESO,[align-center]65%20Kg.,[align-center]15%20Kg.,[align-center]15%20Kg.|MOTOR%20III%20220%2F380V,[align-center]1%2F4%20HP,[align-center]&#8212;&#8212;&#8212;&#8211;,[align-center]&#8212;&#8212;&#8212;-[\/vc_table][\/vc_column][\/vc_row]\" \/>\n<meta property=\"og:url\" content=\"https:\/\/tallersuc.es\/es\/producto\/cerradoras-neumaticas-frascos-botellas\/\" \/>\n<meta property=\"og:site_name\" content=\"Tallers uc\" \/>\n<meta property=\"article:modified_time\" content=\"2017-03-06T16:17:20+00:00\" \/>\n<meta property=\"og:image\" content=\"https:\/\/tallersuc.es\/wp-content\/uploads\/2017\/01\/Image-33-at-frame-43.jpg\" \/>\n\t<meta property=\"og:image:width\" content=\"338\" \/>\n\t<meta property=\"og:image:height\" content=\"650\" \/>\n\t<meta property=\"og:image:type\" content=\"image\/jpeg\" \/>\n<meta name=\"twitter:card\" content=\"summary_large_image\" \/>\n<meta name=\"twitter:label1\" content=\"Tiempo de lectura\" \/>\n\t<meta name=\"twitter:data1\" content=\"1 minuto\" \/>\n<script type=\"application\/ld+json\" class=\"yoast-schema-graph\">{\"@context\":\"https:\/\/schema.org\",\"@graph\":[{\"@type\":\"WebPage\",\"@id\":\"https:\/\/tallersuc.es\/es\/producto\/cerradoras-neumaticas-frascos-botellas\/\",\"url\":\"https:\/\/tallersuc.es\/es\/producto\/cerradoras-neumaticas-frascos-botellas\/\",\"name\":\"Cerradoras neum\u00e1ticas (para frascos y botellas) - Tallers uc\",\"isPartOf\":{\"@id\":\"https:\/\/tallersuc.es\/es\/#website\"},\"primaryImageOfPage\":{\"@id\":\"https:\/\/tallersuc.es\/es\/producto\/cerradoras-neumaticas-frascos-botellas\/#primaryimage\"},\"image\":{\"@id\":\"https:\/\/tallersuc.es\/es\/producto\/cerradoras-neumaticas-frascos-botellas\/#primaryimage\"},\"thumbnailUrl\":\"https:\/\/tallersuc.es\/wp-content\/uploads\/2017\/01\/Image-33-at-frame-43.jpg\",\"datePublished\":\"2017-01-24T11:29:13+00:00\",\"dateModified\":\"2017-03-06T16:17:20+00:00\",\"breadcrumb\":{\"@id\":\"https:\/\/tallersuc.es\/es\/producto\/cerradoras-neumaticas-frascos-botellas\/#breadcrumb\"},\"inLanguage\":\"es\",\"potentialAction\":[{\"@type\":\"ReadAction\",\"target\":[[\"https:\/\/tallersuc.es\/es\/producto\/cerradoras-neumaticas-frascos-botellas\/\"]]}]},{\"@type\":\"ImageObject\",\"inLanguage\":\"es\",\"@id\":\"https:\/\/tallersuc.es\/es\/producto\/cerradoras-neumaticas-frascos-botellas\/#primaryimage\",\"url\":\"https:\/\/tallersuc.es\/wp-content\/uploads\/2017\/01\/Image-33-at-frame-43.jpg\",\"contentUrl\":\"https:\/\/tallersuc.es\/wp-content\/uploads\/2017\/01\/Image-33-at-frame-43.jpg\",\"width\":338,\"height\":650,\"caption\":\"cerradora-semi-automatica\"},{\"@type\":\"BreadcrumbList\",\"@id\":\"https:\/\/tallersuc.es\/es\/producto\/cerradoras-neumaticas-frascos-botellas\/#breadcrumb\",\"itemListElement\":[{\"@type\":\"ListItem\",\"position\":1,\"name\":\"Portada\",\"item\":\"https:\/\/tallersuc.es\/es\/\"},{\"@type\":\"ListItem\",\"position\":2,\"name\":\"Productos\",\"item\":\"https:\/\/tallersuc.es\/es\/shop\/\"},{\"@type\":\"ListItem\",\"position\":3,\"name\":\"Cerradoras neum\u00e1ticas (para frascos y botellas)\"}]},{\"@type\":\"WebSite\",\"@id\":\"https:\/\/tallersuc.es\/es\/#website\",\"url\":\"https:\/\/tallersuc.es\/es\/\",\"name\":\"Tallers uc\",\"description\":\"\",\"publisher\":{\"@id\":\"https:\/\/tallersuc.es\/es\/#organization\"},\"potentialAction\":[{\"@type\":\"SearchAction\",\"target\":{\"@type\":\"EntryPoint\",\"urlTemplate\":\"https:\/\/tallersuc.es\/es\/?s={search_term_string}\"},\"query-input\":{\"@type\":\"PropertyValueSpecification\",\"valueRequired\":true,\"valueName\":\"search_term_string\"}}],\"inLanguage\":\"es\"},{\"@type\":\"Organization\",\"@id\":\"https:\/\/tallersuc.es\/es\/#organization\",\"name\":\"Tallers UC\",\"url\":\"https:\/\/tallersuc.es\/es\/\",\"logo\":{\"@type\":\"ImageObject\",\"inLanguage\":\"es\",\"@id\":\"https:\/\/tallersuc.es\/es\/#\/schema\/logo\/image\/\",\"url\":\"https:\/\/tallersuc.es\/wp-content\/uploads\/2017\/04\/favicon-gran.jpg\",\"contentUrl\":\"https:\/\/tallersuc.es\/wp-content\/uploads\/2017\/04\/favicon-gran.jpg\",\"width\":954,\"height\":954,\"caption\":\"Tallers UC\"},\"image\":{\"@id\":\"https:\/\/tallersuc.es\/es\/#\/schema\/logo\/image\/\"}}]}<\/script>\n<!-- \/ Yoast SEO plugin. -->","yoast_head_json":{"title":"Cerradoras neum\u00e1ticas (para frascos y botellas) - Tallers uc","robots":{"index":"index","follow":"follow","max-snippet":"max-snippet:-1","max-image-preview":"max-image-preview:large","max-video-preview":"max-video-preview:-1"},"canonical":"https:\/\/tallersuc.es\/es\/producto\/cerradoras-neumaticas-frascos-botellas\/","og_locale":"es_ES","og_type":"article","og_title":"Cerradoras neum\u00e1ticas (para frascos y botellas) - Tallers uc","og_description":"CERRADORAS NEUM\u00c1TICAS Accionadas por motor el\u00e9ctrico y pist\u00f3n neum\u00e1tico que rebordean c\u00e1psulas de aluminio y v\u00e1lvula nubolizador. Roscan y rebordean c\u00e1psulas Pilfer-Proof, Twist-Off, y similares. MODELOS: TIPO \u00abB-08\u00bb: PARA REBORDEAR C\u00c1PSULAS. TIPO \u00abBRE-08\u00bb: PARA ROSCAR Y REBORDEAR PILFER-PROOF. TIPO \u00abBQF-08&#8243;: PARA ENROSCAR TAPAS. [vc_row][vc_column][vc_table vc_table_theme=\u00bbclassic\u00bb allow_html=\u00bb1&#8243;][align-center]CERRADORAS,[align-center]%22B%22-%22BRE%22,[align-center]%22P%22,[align-center]%22PRE%22|RENDIMIENTO%2FHORA,[align-center]1.000,[align-center]400,[align-center]400|ALTURA%20MAX.%20ENVASE,[align-center]350%20mm.,[align-center]180%20mm.,[align-center]|ALTURA%20M%C3%81QUINA,[align-center]940%20mm.,[align-center]180%20mm.,[align-center]|PESO,[align-center]65%20Kg.,[align-center]15%20Kg.,[align-center]15%20Kg.|MOTOR%20III%20220%2F380V,[align-center]1%2F4%20HP,[align-center]&#8212;&#8212;&#8212;&#8211;,[align-center]&#8212;&#8212;&#8212;-[\/vc_table][\/vc_column][\/vc_row]","og_url":"https:\/\/tallersuc.es\/es\/producto\/cerradoras-neumaticas-frascos-botellas\/","og_site_name":"Tallers uc","article_modified_time":"2017-03-06T16:17:20+00:00","og_image":[{"width":338,"height":650,"url":"https:\/\/tallersuc.es\/wp-content\/uploads\/2017\/01\/Image-33-at-frame-43.jpg","type":"image\/jpeg"}],"twitter_card":"summary_large_image","twitter_misc":{"Tiempo de lectura":"1 minuto"},"schema":{"@context":"https:\/\/schema.org","@graph":[{"@type":"WebPage","@id":"https:\/\/tallersuc.es\/es\/producto\/cerradoras-neumaticas-frascos-botellas\/","url":"https:\/\/tallersuc.es\/es\/producto\/cerradoras-neumaticas-frascos-botellas\/","name":"Cerradoras neum\u00e1ticas (para frascos y botellas) - Tallers uc","isPartOf":{"@id":"https:\/\/tallersuc.es\/es\/#website"},"primaryImageOfPage":{"@id":"https:\/\/tallersuc.es\/es\/producto\/cerradoras-neumaticas-frascos-botellas\/#primaryimage"},"image":{"@id":"https:\/\/tallersuc.es\/es\/producto\/cerradoras-neumaticas-frascos-botellas\/#primaryimage"},"thumbnailUrl":"https:\/\/tallersuc.es\/wp-content\/uploads\/2017\/01\/Image-33-at-frame-43.jpg","datePublished":"2017-01-24T11:29:13+00:00","dateModified":"2017-03-06T16:17:20+00:00","breadcrumb":{"@id":"https:\/\/tallersuc.es\/es\/producto\/cerradoras-neumaticas-frascos-botellas\/#breadcrumb"},"inLanguage":"es","potentialAction":[{"@type":"ReadAction","target":[["https:\/\/tallersuc.es\/es\/producto\/cerradoras-neumaticas-frascos-botellas\/"]]}]},{"@type":"ImageObject","inLanguage":"es","@id":"https:\/\/tallersuc.es\/es\/producto\/cerradoras-neumaticas-frascos-botellas\/#primaryimage","url":"https:\/\/tallersuc.es\/wp-content\/uploads\/2017\/01\/Image-33-at-frame-43.jpg","contentUrl":"https:\/\/tallersuc.es\/wp-content\/uploads\/2017\/01\/Image-33-at-frame-43.jpg","width":338,"height":650,"caption":"cerradora-semi-automatica"},{"@type":"BreadcrumbList","@id":"https:\/\/tallersuc.es\/es\/producto\/cerradoras-neumaticas-frascos-botellas\/#breadcrumb","itemListElement":[{"@type":"ListItem","position":1,"name":"Portada","item":"https:\/\/tallersuc.es\/es\/"},{"@type":"ListItem","position":2,"name":"Productos","item":"https:\/\/tallersuc.es\/es\/shop\/"},{"@type":"ListItem","position":3,"name":"Cerradoras neum\u00e1ticas (para frascos y botellas)"}]},{"@type":"WebSite","@id":"https:\/\/tallersuc.es\/es\/#website","url":"https:\/\/tallersuc.es\/es\/","name":"Tallers uc","description":"","publisher":{"@id":"https:\/\/tallersuc.es\/es\/#organization"},"potentialAction":[{"@type":"SearchAction","target":{"@type":"EntryPoint","urlTemplate":"https:\/\/tallersuc.es\/es\/?s={search_term_string}"},"query-input":{"@type":"PropertyValueSpecification","valueRequired":true,"valueName":"search_term_string"}}],"inLanguage":"es"},{"@type":"Organization","@id":"https:\/\/tallersuc.es\/es\/#organization","name":"Tallers UC","url":"https:\/\/tallersuc.es\/es\/","logo":{"@type":"ImageObject","inLanguage":"es","@id":"https:\/\/tallersuc.es\/es\/#\/schema\/logo\/image\/","url":"https:\/\/tallersuc.es\/wp-content\/uploads\/2017\/04\/favicon-gran.jpg","contentUrl":"https:\/\/tallersuc.es\/wp-content\/uploads\/2017\/04\/favicon-gran.jpg","width":954,"height":954,"caption":"Tallers UC"},"image":{"@id":"https:\/\/tallersuc.es\/es\/#\/schema\/logo\/image\/"}}]}},"_links":{"self":[{"href":"https:\/\/tallersuc.es\/es\/wp-json\/wp\/v2\/product\/1526","targetHints":{"allow":["GET"]}}],"collection":[{"href":"https:\/\/tallersuc.es\/es\/wp-json\/wp\/v2\/product"}],"about":[{"href":"https:\/\/tallersuc.es\/es\/wp-json\/wp\/v2\/types\/product"}],"replies":[{"embeddable":true,"href":"https:\/\/tallersuc.es\/es\/wp-json\/wp\/v2\/comments?post=1526"}],"wp:featuredmedia":[{"embeddable":true,"href":"https:\/\/tallersuc.es\/es\/wp-json\/wp\/v2\/media\/1529"}],"wp:attachment":[{"href":"https:\/\/tallersuc.es\/es\/wp-json\/wp\/v2\/media?parent=1526"}],"wp:term":[{"taxonomy":"product_cat","embeddable":true,"href":"https:\/\/tallersuc.es\/es\/wp-json\/wp\/v2\/product_cat?post=1526"},{"taxonomy":"product_tag","embeddable":true,"href":"https:\/\/tallersuc.es\/es\/wp-json\/wp\/v2\/product_tag?post=1526"}],"curies":[{"name":"wp","href":"https:\/\/api.w.org\/{rel}","templated":true}]}}