{"id":4083,"date":"2017-05-04T18:21:07","date_gmt":"2017-05-04T16:21:07","guid":{"rendered":"https:\/\/tallersuc.es\/?page_id=4083"},"modified":"2019-06-26T20:50:06","modified_gmt":"2019-06-26T18:50:06","slug":"politica-privacidad","status":"publish","type":"page","link":"https:\/\/tallersuc.es\/es\/politica-privacidad\/","title":{"rendered":"POL\u00cdTICA DE PRIVACIDAD"},"content":{"rendered":"<p><span style=\"color: #fe5000;\"><strong>DATOS GENERALES<\/strong><\/span><\/p>\n<p>Su principal objetivo es facilitar a los clientes y al p\u00fablico en general, la informaci\u00f3n relativa a la empresa, a los productos y servicios que se ofrecen.<\/p>\n<p><span style=\"color: #fe5000;\"><strong>POL\u00cdTICA DE PRIVACIDAD<\/strong><\/span><br \/>\nEn cumplimiento del que se dispone en la Ley Org\u00e1nica 15\/1999, de 13 de Diciembre, de Protecci\u00f3n de Datos de Car\u00e1cter Personal (LOPD) se informa al usuario que todos los datos que nos proporcione ser\u00e1n incorporados a un fichero, creado y mantenido bajo la responsabilidad de Tallers Utillatges Comellas, S.L.<\/p>\n<p>Siempre se va a respetar la confidencialidad de sus datos personales que s\u00f3lo ser\u00e1n utilizados con el fin de gestionar los servicios ofrecidos, atender a las solicitudes que nos plantee, realizar tareas administrativas, as\u00ed como remitir informaci\u00f3n t\u00e9cnica, comercial o publicitaria por v\u00eda ordinaria o electr\u00f3nica.<\/p>\n<p><span style=\"color: #fe5000;\"><strong>CONDICIONES DE USO<\/strong><\/span><br \/>\nLas condiciones de acceso y uso del presente sitio web se rigen por la legalidad vigente y por el principio de buena fe comprometi\u00e9ndose el usuario a realizar un buen uso de la web. No se permiten conductas que vayan contra la ley, los derechos o intereses de terceros.<\/p>\n<p>Cualquier tipo de notificaci\u00f3n y\/o reclamaci\u00f3n solamente ser\u00e1 v\u00e1lida por notificaci\u00f3n escrita y\/o correo certificado.<\/p>\n<p><span style=\"color: #fe5000;\"><strong>RESPONSABILIDADES<\/strong><\/span><br \/>\nTampoco la empresa se responsabilizar\u00e1 de los da\u00f1os y perjuicios que se produzcan por fallos o malas configuraciones del software instalado en el ordenador del internauta. Se excluye toda responsabilidad por alguna incidencia t\u00e9cnica o fallo que se produzca cuando el usuario se conecte en internet. Igualmente no se garantiza la inexistencia de interrupciones o errores en el acceso al sitio web.<\/p>\n<p><span style=\"color: #fe5000;\"><strong>PROPIEDAD INTELECTUAL E INDUSTRIAL<\/strong><\/span><br \/>\nTallers Utillatges Comellas, S.L. es titular de todos los derechos sobre el software de la publicaci\u00f3n digital as\u00ed como de los derechos de propiedad industrial e intelectual referidos a los contenidos que se incluyan, en excepci\u00f3n de los derechos sobre productos y servicios de car\u00e1cter p\u00fablico que no son propiedad de esta empresa.<\/p>\n<p><span style=\"color: #fe5000;\"><strong>LEY APLICABLE Y JURISDICCI\u00d3N<\/strong><\/span><br \/>\nLas presentes condiciones generales se rigen por la legislaci\u00f3n espa\u00f1ola. Para cualquier litigio que pudiera surgir relacionado con el sitio web o la actividad que en \u00e9l se desarrolla ser\u00e1n competentes Juzgados de la ciudad de Barcelona, renunciando expresamente el usuario a cualquiera otro fuero que pudiera corresponderle.<\/p>\n<p><span style=\"color: #fe5000;\"><strong>POL\u00cdTICA DE COOKIES<\/strong><\/span><br \/>\nLas cookies utilizadas se asocian \u00fanicamente con un usuario an\u00f3nimo y su ordenador, y no proporcionan por s\u00ed mismas los datos personales del usuario.<\/p>\n<p>Mediante el uso de las cookies resulta posible que el servidor donde se encuentra la web reconozca el navegador web utilizado por el usuario con el fin de que la navegaci\u00f3n sea m\u00e1s sencilla. Se utilizan tambi\u00e9n para medir la audiencia y par\u00e1metros del tr\u00e1fico, controlar el proceso y n\u00famero de entradas.<\/p>\n<p>El usuario tiene la posibilidad de configurar su navegador para ser avisado de la recepci\u00f3n de cookies y para impedir su instalaci\u00f3n en su equipo. Por favor consulte las instrucciones y manuales de su navegador para ampliar esta informaci\u00f3n.<\/p>\n<p>Para utilizar el sitio web no es necesario que el usuario permita la instalaci\u00f3n de las cookies enviadas al sitio web, o el tercero que act\u00fae en su nombre, sin perjuicio que sea necesario que el usuario inicie una sesi\u00f3n tal en cada uno de los servicios la prestaci\u00f3n de los cuales requiera el previo registro.<\/p>\n<p>En todo caso las cookies tienen un car\u00e1cter temporal con la \u00fanica finalidad de hacer m\u00e1s eficaz su transmisi\u00f3n ulterior. En ning\u00fan caso se utilizar\u00e1 cookies para recoger informaci\u00f3n de car\u00e1cter personal.<\/p>","protected":false},"excerpt":{"rendered":"<p>DATOS GENERALES Su principal objetivo es facilitar a los clientes y al p\u00fablico en general, la informaci\u00f3n relativa a la empresa, a los productos y servicios que se ofrecen. POL\u00cdTICA DE PRIVACIDAD En cumplimiento del que se dispone en la Ley Org\u00e1nica 15\/1999, de 13 de Diciembre, de Protecci\u00f3n de Datos de Car\u00e1cter Personal (LOPD) [&hellip;]<\/p>\n","protected":false},"author":2,"featured_media":0,"parent":0,"menu_order":0,"comment_status":"closed","ping_status":"closed","template":"","meta":{"_et_pb_use_builder":"","_et_pb_old_content":"","_et_gb_content_width":"","footnotes":""},"class_list":["post-4083","page","type-page","status-publish","hentry"],"yoast_head":"<!-- This site is optimized with the Yoast SEO plugin v23.9 - https:\/\/yoast.com\/wordpress\/plugins\/seo\/ -->\n<title>POL\u00cdTICA DE PRIVACIDAD - Tallers uc<\/title>\n<meta name=\"robots\" content=\"index, follow, max-snippet:-1, max-image-preview:large, max-video-preview:-1\" \/>\n<link rel=\"canonical\" href=\"https:\/\/tallersuc.es\/es\/politica-privacidad\/\" \/>\n<meta property=\"og:locale\" content=\"es_ES\" \/>\n<meta property=\"og:type\" content=\"article\" \/>\n<meta property=\"og:title\" content=\"POL\u00cdTICA DE PRIVACIDAD - Tallers uc\" \/>\n<meta property=\"og:description\" content=\"DATOS GENERALES Su principal objetivo es facilitar a los clientes y al p\u00fablico en general, la informaci\u00f3n relativa a la empresa, a los productos y servicios que se ofrecen. POL\u00cdTICA DE PRIVACIDAD En cumplimiento del que se dispone en la Ley Org\u00e1nica 15\/1999, de 13 de Diciembre, de Protecci\u00f3n de Datos de Car\u00e1cter Personal (LOPD) [&hellip;]\" \/>\n<meta property=\"og:url\" content=\"https:\/\/tallersuc.es\/es\/politica-privacidad\/\" \/>\n<meta property=\"og:site_name\" content=\"Tallers uc\" \/>\n<meta property=\"article:modified_time\" content=\"2019-06-26T18:50:06+00:00\" \/>\n<meta name=\"twitter:card\" content=\"summary_large_image\" \/>\n<meta name=\"twitter:label1\" content=\"Tiempo de lectura\" \/>\n\t<meta name=\"twitter:data1\" content=\"9 minutos\" \/>\n<script type=\"application\/ld+json\" class=\"yoast-schema-graph\">{\"@context\":\"https:\/\/schema.org\",\"@graph\":[{\"@type\":\"WebPage\",\"@id\":\"https:\/\/tallersuc.es\/es\/politica-privacidad\/\",\"url\":\"https:\/\/tallersuc.es\/es\/politica-privacidad\/\",\"name\":\"POL\u00cdTICA DE PRIVACIDAD - Tallers uc\",\"isPartOf\":{\"@id\":\"https:\/\/tallersuc.es\/es\/#website\"},\"datePublished\":\"2017-05-04T16:21:07+00:00\",\"dateModified\":\"2019-06-26T18:50:06+00:00\",\"breadcrumb\":{\"@id\":\"https:\/\/tallersuc.es\/es\/politica-privacidad\/#breadcrumb\"},\"inLanguage\":\"es\",\"potentialAction\":[{\"@type\":\"ReadAction\",\"target\":[[\"https:\/\/tallersuc.es\/es\/politica-privacidad\/\"]]}]},{\"@type\":\"BreadcrumbList\",\"@id\":\"https:\/\/tallersuc.es\/es\/politica-privacidad\/#breadcrumb\",\"itemListElement\":[{\"@type\":\"ListItem\",\"position\":1,\"name\":\"Portada\",\"item\":\"https:\/\/tallersuc.es\/es\/\"},{\"@type\":\"ListItem\",\"position\":2,\"name\":\"POLITIQUE DE CONFIDENTIALIT\u00c9\"}]},{\"@type\":\"WebSite\",\"@id\":\"https:\/\/tallersuc.es\/es\/#website\",\"url\":\"https:\/\/tallersuc.es\/es\/\",\"name\":\"Tallers uc\",\"description\":\"\",\"publisher\":{\"@id\":\"https:\/\/tallersuc.es\/es\/#organization\"},\"potentialAction\":[{\"@type\":\"SearchAction\",\"target\":{\"@type\":\"EntryPoint\",\"urlTemplate\":\"https:\/\/tallersuc.es\/es\/?s={search_term_string}\"},\"query-input\":{\"@type\":\"PropertyValueSpecification\",\"valueRequired\":true,\"valueName\":\"search_term_string\"}}],\"inLanguage\":\"es\"},{\"@type\":\"Organization\",\"@id\":\"https:\/\/tallersuc.es\/es\/#organization\",\"name\":\"Tallers UC\",\"url\":\"https:\/\/tallersuc.es\/es\/\",\"logo\":{\"@type\":\"ImageObject\",\"inLanguage\":\"es\",\"@id\":\"https:\/\/tallersuc.es\/es\/#\/schema\/logo\/image\/\",\"url\":\"https:\/\/tallersuc.es\/wp-content\/uploads\/2017\/04\/favicon-gran.jpg\",\"contentUrl\":\"https:\/\/tallersuc.es\/wp-content\/uploads\/2017\/04\/favicon-gran.jpg\",\"width\":954,\"height\":954,\"caption\":\"Tallers UC\"},\"image\":{\"@id\":\"https:\/\/tallersuc.es\/es\/#\/schema\/logo\/image\/\"}}]}<\/script>\n<!-- \/ Yoast SEO plugin. -->","yoast_head_json":{"title":"POL\u00cdTICA DE PRIVACIDAD - Tallers uc","robots":{"index":"index","follow":"follow","max-snippet":"max-snippet:-1","max-image-preview":"max-image-preview:large","max-video-preview":"max-video-preview:-1"},"canonical":"https:\/\/tallersuc.es\/es\/politica-privacidad\/","og_locale":"es_ES","og_type":"article","og_title":"POL\u00cdTICA DE PRIVACIDAD - Tallers uc","og_description":"DATOS GENERALES Su principal objetivo es facilitar a los clientes y al p\u00fablico en general, la informaci\u00f3n relativa a la empresa, a los productos y servicios que se ofrecen. POL\u00cdTICA DE PRIVACIDAD En cumplimiento del que se dispone en la Ley Org\u00e1nica 15\/1999, de 13 de Diciembre, de Protecci\u00f3n de Datos de Car\u00e1cter Personal (LOPD) [&hellip;]","og_url":"https:\/\/tallersuc.es\/es\/politica-privacidad\/","og_site_name":"Tallers uc","article_modified_time":"2019-06-26T18:50:06+00:00","twitter_card":"summary_large_image","twitter_misc":{"Tiempo de lectura":"9 minutos"},"schema":{"@context":"https:\/\/schema.org","@graph":[{"@type":"WebPage","@id":"https:\/\/tallersuc.es\/es\/politica-privacidad\/","url":"https:\/\/tallersuc.es\/es\/politica-privacidad\/","name":"POL\u00cdTICA DE PRIVACIDAD - Tallers uc","isPartOf":{"@id":"https:\/\/tallersuc.es\/es\/#website"},"datePublished":"2017-05-04T16:21:07+00:00","dateModified":"2019-06-26T18:50:06+00:00","breadcrumb":{"@id":"https:\/\/tallersuc.es\/es\/politica-privacidad\/#breadcrumb"},"inLanguage":"es","potentialAction":[{"@type":"ReadAction","target":[["https:\/\/tallersuc.es\/es\/politica-privacidad\/"]]}]},{"@type":"BreadcrumbList","@id":"https:\/\/tallersuc.es\/es\/politica-privacidad\/#breadcrumb","itemListElement":[{"@type":"ListItem","position":1,"name":"Portada","item":"https:\/\/tallersuc.es\/es\/"},{"@type":"ListItem","position":2,"name":"POLITIQUE DE CONFIDENTIALIT\u00c9"}]},{"@type":"WebSite","@id":"https:\/\/tallersuc.es\/es\/#website","url":"https:\/\/tallersuc.es\/es\/","name":"Tallers uc","description":"","publisher":{"@id":"https:\/\/tallersuc.es\/es\/#organization"},"potentialAction":[{"@type":"SearchAction","target":{"@type":"EntryPoint","urlTemplate":"https:\/\/tallersuc.es\/es\/?s={search_term_string}"},"query-input":{"@type":"PropertyValueSpecification","valueRequired":true,"valueName":"search_term_string"}}],"inLanguage":"es"},{"@type":"Organization","@id":"https:\/\/tallersuc.es\/es\/#organization","name":"Tallers UC","url":"https:\/\/tallersuc.es\/es\/","logo":{"@type":"ImageObject","inLanguage":"es","@id":"https:\/\/tallersuc.es\/es\/#\/schema\/logo\/image\/","url":"https:\/\/tallersuc.es\/wp-content\/uploads\/2017\/04\/favicon-gran.jpg","contentUrl":"https:\/\/tallersuc.es\/wp-content\/uploads\/2017\/04\/favicon-gran.jpg","width":954,"height":954,"caption":"Tallers UC"},"image":{"@id":"https:\/\/tallersuc.es\/es\/#\/schema\/logo\/image\/"}}]}},"_links":{"self":[{"href":"https:\/\/tallersuc.es\/es\/wp-json\/wp\/v2\/pages\/4083","targetHints":{"allow":["GET"]}}],"collection":[{"href":"https:\/\/tallersuc.es\/es\/wp-json\/wp\/v2\/pages"}],"about":[{"href":"https:\/\/tallersuc.es\/es\/wp-json\/wp\/v2\/types\/page"}],"author":[{"embeddable":true,"href":"https:\/\/tallersuc.es\/es\/wp-json\/wp\/v2\/users\/2"}],"replies":[{"embeddable":true,"href":"https:\/\/tallersuc.es\/es\/wp-json\/wp\/v2\/comments?post=4083"}],"version-history":[{"count":0,"href":"https:\/\/tallersuc.es\/es\/wp-json\/wp\/v2\/pages\/4083\/revisions"}],"wp:attachment":[{"href":"https:\/\/tallersuc.es\/es\/wp-json\/wp\/v2\/media?parent=4083"}],"curies":[{"name":"wp","href":"https:\/\/api.w.org\/{rel}","templated":true}]}}