{"id":3945,"date":"2017-03-27T18:14:44","date_gmt":"2017-03-27T16:14:44","guid":{"rendered":"https:\/\/tallersuc.es\/?page_id=3945"},"modified":"2018-08-29T10:53:53","modified_gmt":"2018-08-29T08:53:53","slug":"personalizados","status":"publish","type":"page","link":"https:\/\/tallersuc.es\/es\/personalizados\/","title":{"rendered":"Personalizados"},"content":{"rendered":"<p>[vc_row][vc_column][vc_row_inner][vc_column_inner width=\u00bb1\/2&#8243;][vc_empty_space height=\u00bb60px\u00bb][vc_single_image image=\u00bb1604&#8243; img_size=\u00bbmedium\u00bb alignment=\u00bbcenter\u00bb onclick=\u00bblink_image\u00bb][vc_btn title=\u00bbFicha\u00bb style=\u00bbcustom\u00bb custom_background=\u00bb#fe5000&#8243; custom_text=\u00bb#ffffff\u00bb size=\u00bbsm\u00bb align=\u00bbcenter\u00bb i_icon_fontawesome=\u00bbfa fa-download\u00bb add_icon=\u00bbtrue\u00bb link=\u00bburl:https%3A%2F%2Ftallersuc.es%2Fwp-content%2Fuploads%2F2017%2F05%2FPRENSA-P-UN-01.pdf||target:%20_blank|\u00bb][\/vc_column_inner][vc_column_inner width=\u00bb1\/2&#8243;][vc_custom_heading text=\u00bbPRENSA P-UN-01&#8243; font_container=\u00bbtag:h2|text_align:center|color:%23fe5000&#8243; google_fonts=\u00bbfont_family:Lato%3A100%2C100italic%2C300%2C300italic%2Cregular%2Citalic%2C700%2C700italic%2C900%2C900italic|font_style:400%20regular%3A400%3Anormal\u00bb][vc_column_text][\/vc_column_text][vc_column_text]P-UN-01 ha sido disen\u0303ada y construida para el cierre del conjunto de viales UNICADOSE despue\u0301s del proceso de llenado . Equipada con una prensa Oleo-hidra\u0301ulica y dispositivo digital para el cierre controlado.<br \/>\nSe ha dispuesto un sensor en el alojamiento de la bandeja de viales para que solo haya una posible posicio\u0301n.<\/p>\n<p>&nbsp;<\/p>\n<p><strong>CARACTERI\u0301STICAS<\/strong><br \/>\nMedidas:<\/p>\n<ul>\n<li>Ancho: 603 mm<\/li>\n<li>Profundidad: 802 mm v<\/li>\n<li>Altura: 1.461 mm<\/li>\n<li>Potencia: 2 C.V.<\/li>\n<\/ul>\n<p>Intensidad:<\/p>\n<ul>\n<li>2,16 Amp. ESTRELLA<\/li>\n<li>3,83 Amp. TRIANGULO<\/li>\n<li>Peso: 120 Kg<\/li>\n<\/ul>\n<p>[\/vc_column_text][vc_column_text][\/vc_column_text][\/vc_column_inner][\/vc_row_inner][vc_separator][vc_row_inner][vc_column_inner width=\u00bb1\/4&#8243;][vc_empty_space height=\u00bb20px\u00bb][vc_single_image image=\u00bb4129&#8243; img_size=\u00bbmedium\u00bb alignment=\u00bbcenter\u00bb onclick=\u00bblink_image\u00bb][vc_single_image image=\u00bb1754&#8243; img_size=\u00bbmedium\u00bb alignment=\u00bbcenter\u00bb onclick=\u00bblink_image\u00bb][\/vc_column_inner][vc_column_inner width=\u00bb1\/4&#8243;][vc_empty_space height=\u00bb1px\u00bb][vc_single_image image=\u00bb4130&#8243; img_size=\u00bblarge\u00bb onclick=\u00bblink_image\u00bb][\/vc_column_inner][vc_column_inner width=\u00bb2\/4&#8243;][vc_custom_heading text=\u00bbESTACI\u00d3N PRENSA\u00bb font_container=\u00bbtag:h2|text_align:center|color:%23fe5000&#8243; google_fonts=\u00bbfont_family:Lato%3A100%2C100italic%2C300%2C300italic%2Cregular%2Citalic%2C700%2C700italic%2C900%2C900italic|font_style:400%20regular%3A400%3Anormal\u00bb][vc_column_text]Construcci\u00f3n de prensa semiautom\u00e1tica para el perforado de clich\u00e9s de tampograf\u00eda.<\/p>\n<p>Toda la estructura est\u00e1 construida con perfiler\u00eda de aluminio junto a la bancada. Dotada de sistema de seguridad para que no pueda ser posible el funcionamiento si se accede a la zona de trabajo.<\/p>\n<p>Caracter\u00edsticas:<br \/>\n&#8211; Bancada en aluminio anodizado.<br \/>\n&#8211; Pies regulables en altura.<br \/>\n&#8211; Prensa semiautom\u00e1tica accionada mediante husillo oleo-hidr\u00e1ulico.<br \/>\n&#8211; Matriz de plegado y taladrado del clich\u00e9.<br \/>\n&#8211; Gu\u00eda de entrada del clich\u00e9 ajustable a diferentes anchos (entre 99,5 y 100,5 mm).[\/vc_column_text][vc_column_text][\/vc_column_text][\/vc_column_inner][\/vc_row_inner][vc_separator][vc_row_inner][vc_column_inner width=\u00bb1\/4&#8243;][vc_empty_space height=\u00bb15&#8243;][vc_single_image image=\u00bb1747&#8243; img_size=\u00bbmedium\u00bb alignment=\u00bbcenter\u00bb onclick=\u00bblink_image\u00bb][\/vc_column_inner][vc_column_inner width=\u00bb1\/4&#8243;][vc_empty_space height=\u00bb15px\u00bb][vc_single_image image=\u00bb4123&#8243; img_size=\u00bbmedium\u00bb onclick=\u00bblink_image\u00bb][\/vc_column_inner][vc_column_inner width=\u00bb2\/4&#8243;][vc_custom_heading text=\u00bbC\u00c1MARAS HUMIDIFICADORAS\u00bb font_container=\u00bbtag:h2|text_align:center|color:%23fe5000&#8243; google_fonts=\u00bbfont_family:Lato%3A100%2C100italic%2C300%2C300italic%2Cregular%2Citalic%2C700%2C700italic%2C900%2C900italic|font_style:400%20regular%3A400%3Anormal\u00bb][vc_column_text]Proyecto para la construcci\u00f3n de 3 c\u00e1maras de humidificadoras para secci\u00f3n de estabilizaci\u00f3n del pl\u00e1stico moldeado.<\/p>\n<p>Todas las paredes de la c\u00e1mara est\u00e1n equipadas con un sandwich hueco de acero inox que conectadas todas entre s\u00ed, conforman un circuito de aceite para usarlas de radiador y mantener una temperatura estable en el interior.<\/p>\n<p>Cuando las piezas de la cadena de producci\u00f3n se han introducido dentro de la c\u00e1mara, \u00e9sta pre-calentada a unos 200\u00ba, seguidamente se inyecta vapor para realizar la estabilidad dimensional de las piezas moldeadas.<\/p>\n<p>Todas las partes exteriores est\u00e1n forradas de una capa de aislante t\u00e9rmico y acabadas con chapa de acero inoxidable.[\/vc_column_text][\/vc_column_inner][\/vc_row_inner][vc_separator][vc_row_inner][vc_column_inner width=\u00bb1\/2&#8243;][vc_empty_space height=\u00bb60px\u00bb][vc_single_image image=\u00bb4119&#8243; img_size=\u00bb400&#215;200&#8243; alignment=\u00bbcenter\u00bb onclick=\u00bblink_image\u00bb][vc_single_image image=\u00bb3815&#8243; img_size=\u00bb400&#215;200&#8243; alignment=\u00bbcenter\u00bb onclick=\u00bblink_image\u00bb][\/vc_column_inner][vc_column_inner width=\u00bb1\/2&#8243;][vc_custom_heading text=\u00bbCONSTRUCCI\u00d3N INSTALACI\u00d3N CINTAS TRANSPORTADORAS\u00bb font_container=\u00bbtag:h2|text_align:center|color:%23fe5000&#8243; google_fonts=\u00bbfont_family:Lato%3A100%2C100italic%2C300%2C300italic%2Cregular%2Citalic%2C700%2C700italic%2C900%2C900italic|font_style:400%20regular%3A400%3Anormal\u00bb][vc_column_text]Dise\u00f1o personalizado de cintas de transporte para espacios de trabajo. Se realiza desde la distribuci\u00f3n del espacio hasta la instalaci\u00f3n final.<\/p>\n<p>Modificaci\u00f3n de la distribuci\u00f3n de la sala de trabajo, para distribuir 4 m\u00e1quinas en forma de \u201cH\u201d, dejando en el interior un espacio para la encajadora y encelofanadora, con el fin de conseguir una mejor organizaci\u00f3n.<\/p>\n<p>Con un simple giro en la barrera de la cinta, se consiguen enviar los envases desde cualquier linea de llenado al centro de la sala.<\/p>\n<p><strong>CARACTER\u00cdSTICAS:<\/strong><\/p>\n<p>&#8211; Todas las cintas est\u00e1n dotadas de cuadro de maniobra para trabajar independiente. &#8212; La velocidad de las cintas se controla mediante variador electr\u00f3nico.<br \/>\n&#8211; Todas las cintas llevan los elementos necesarios para el trasvase de botes y barreras mec\u00e1nicas para la selecci\u00f3n del sentido de los envases.<br \/>\n&#8211; Las cintas de 5 metros, tienen instaladas mesas de trabajo en ambos lados, de 200 mm de ancho, para la manipulaci\u00f3n de los envases, fabricadas en chapa satinada de inox.<br \/>\n&#8211; Las cintas de trabajo disponen de sensor para el contador de piezas.<br \/>\n&#8211; Todas las cintas disponen de paro temporizado para el ahorro energ\u00e9tico.<br \/>\n&#8211; Est\u00e1n instaladas setas de emergencia, seg\u00fan normativa de seguridad.[\/vc_column_text][\/vc_column_inner][\/vc_row_inner][vc_separator][vc_row_inner][vc_column_inner width=\u00bb1\/2&#8243;][vc_single_image image=\u00bb3805&#8243; img_size=\u00bblarge\u00bb alignment=\u00bbcenter\u00bb onclick=\u00bblink_image\u00bb][\/vc_column_inner][vc_column_inner width=\u00bb1\/2&#8243;][vc_custom_heading text=\u00bbCONTROL DE CA\u00cdDA DE ENVASES\u00bb font_container=\u00bbtag:h2|text_align:center|color:%23fe5000&#8243; google_fonts=\u00bbfont_family:Lato%3A100%2C100italic%2C300%2C300italic%2Cregular%2Citalic%2C700%2C700italic%2C900%2C900italic|font_style:400%20regular%3A400%3Anormal\u00bb][vc_column_text]Maquina para la simulaci\u00f3n del movimiento del transporte.<\/p>\n<p>Es \u00fatil para realizar \u00a0el dise\u00f1o del embalaje y estructura interna para salvar el contenido de los mismos y realizar ensayos para tener en cuenta si pueden haber roturas del producto durante la entrega.[\/vc_column_text][\/vc_column_inner][\/vc_row_inner][vc_separator][vc_row_inner][vc_column_inner width=\u00bb1\/2&#8243;][vc_single_image image=\u00bb1624&#8243; img_size=\u00bbmedium\u00bb alignment=\u00bbcenter\u00bb onclick=\u00bblink_image\u00bb][\/vc_column_inner][vc_column_inner width=\u00bb1\/2&#8243;][vc_custom_heading text=\u00bbLIMPIADORA DE RODILLOS\u00bb font_container=\u00bbtag:h2|text_align:center|color:%23fe5000&#8243; google_fonts=\u00bbfont_family:Lato%3A100%2C100italic%2C300%2C300italic%2Cregular%2Citalic%2C700%2C700italic%2C900%2C900italic|font_style:400%20regular%3A400%3Anormal\u00bb][vc_column_text]\u00datil para la limpieza de restos de pintura para rodillos de impresi\u00f3n offset.[\/vc_column_text][\/vc_column_inner][\/vc_row_inner][\/vc_column][\/vc_row]<\/p>\n","protected":false},"excerpt":{"rendered":"<p>[vc_row][vc_column][vc_row_inner][vc_column_inner width=\u00bb1\/2&#8243;][vc_empty_space height=\u00bb60px\u00bb][vc_single_image image=\u00bb1604&#8243; img_size=\u00bbmedium\u00bb alignment=\u00bbcenter\u00bb onclick=\u00bblink_image\u00bb][vc_btn title=\u00bbFicha\u00bb style=\u00bbcustom\u00bb custom_background=\u00bb#fe5000&#8243; custom_text=\u00bb#ffffff\u00bb size=\u00bbsm\u00bb align=\u00bbcenter\u00bb i_icon_fontawesome=\u00bbfa fa-download\u00bb add_icon=\u00bbtrue\u00bb link=\u00bburl:https%3A%2F%2Ftallersuc.es%2Fwp-content%2Fuploads%2F2017%2F05%2FPRENSA-P-UN-01.pdf||target:%20_blank|\u00bb][\/vc_column_inner][vc_column_inner width=\u00bb1\/2&#8243;][vc_custom_heading text=\u00bbPRENSA P-UN-01&#8243; font_container=\u00bbtag:h2|text_align:center|color:%23fe5000&#8243; google_fonts=\u00bbfont_family:Lato%3A100%2C100italic%2C300%2C300italic%2Cregular%2Citalic%2C700%2C700italic%2C900%2C900italic|font_style:400%20regular%3A400%3Anormal\u00bb][vc_column_text][\/vc_column_text][vc_column_text]P-UN-01 ha sido disen\u0303ada y construida para el cierre del conjunto de viales UNICADOSE despue\u0301s del proceso de llenado . Equipada con una prensa Oleo-hidra\u0301ulica y dispositivo digital para el cierre controlado. Se ha [&hellip;]<\/p>\n","protected":false},"author":2,"featured_media":0,"parent":0,"menu_order":0,"comment_status":"closed","ping_status":"closed","template":"","meta":{"_et_pb_use_builder":"","_et_pb_old_content":"","_et_gb_content_width":"","footnotes":""},"class_list":["post-3945","page","type-page","status-publish","hentry"],"yoast_head":"<!-- This site is optimized with the Yoast SEO plugin v23.9 - https:\/\/yoast.com\/wordpress\/plugins\/seo\/ -->\n<title>Personalizados - Tallers uc<\/title>\n<meta name=\"robots\" content=\"index, follow, max-snippet:-1, max-image-preview:large, max-video-preview:-1\" \/>\n<link rel=\"canonical\" href=\"https:\/\/tallersuc.es\/es\/personalizados\/\" \/>\n<meta property=\"og:locale\" content=\"es_ES\" \/>\n<meta property=\"og:type\" content=\"article\" \/>\n<meta property=\"og:title\" content=\"Personalizados - Tallers uc\" \/>\n<meta property=\"og:description\" content=\"[vc_row][vc_column][vc_row_inner][vc_column_inner width=\u00bb1\/2&#8243;][vc_empty_space height=\u00bb60px\u00bb][vc_single_image image=\u00bb1604&#8243; img_size=\u00bbmedium\u00bb alignment=\u00bbcenter\u00bb onclick=\u00bblink_image\u00bb][vc_btn title=\u00bbFicha\u00bb style=\u00bbcustom\u00bb custom_background=\u00bb#fe5000&#8243; custom_text=\u00bb#ffffff\u00bb size=\u00bbsm\u00bb align=\u00bbcenter\u00bb i_icon_fontawesome=\u00bbfa fa-download\u00bb add_icon=\u00bbtrue\u00bb link=\u00bburl:https%3A%2F%2Ftallersuc.es%2Fwp-content%2Fuploads%2F2017%2F05%2FPRENSA-P-UN-01.pdf||target:%20_blank|\u00bb][\/vc_column_inner][vc_column_inner width=\u00bb1\/2&#8243;][vc_custom_heading text=\u00bbPRENSA P-UN-01&#8243; font_container=\u00bbtag:h2|text_align:center|color:%23fe5000&#8243; google_fonts=\u00bbfont_family:Lato%3A100%2C100italic%2C300%2C300italic%2Cregular%2Citalic%2C700%2C700italic%2C900%2C900italic|font_style:400%20regular%3A400%3Anormal\u00bb][vc_column_text][\/vc_column_text][vc_column_text]P-UN-01 ha sido disen\u0303ada y construida para el cierre del conjunto de viales UNICADOSE despue\u0301s del proceso de llenado . Equipada con una prensa Oleo-hidra\u0301ulica y dispositivo digital para el cierre controlado. Se ha [&hellip;]\" \/>\n<meta property=\"og:url\" content=\"https:\/\/tallersuc.es\/es\/personalizados\/\" \/>\n<meta property=\"og:site_name\" content=\"Tallers uc\" \/>\n<meta property=\"article:modified_time\" content=\"2018-08-29T08:53:53+00:00\" \/>\n<meta name=\"twitter:card\" content=\"summary_large_image\" \/>\n<meta name=\"twitter:label1\" content=\"Tiempo de lectura\" \/>\n\t<meta name=\"twitter:data1\" content=\"6 minutos\" \/>\n<script type=\"application\/ld+json\" class=\"yoast-schema-graph\">{\"@context\":\"https:\/\/schema.org\",\"@graph\":[{\"@type\":\"WebPage\",\"@id\":\"https:\/\/tallersuc.es\/es\/personalizados\/\",\"url\":\"https:\/\/tallersuc.es\/es\/personalizados\/\",\"name\":\"Personalizados - Tallers uc\",\"isPartOf\":{\"@id\":\"https:\/\/tallersuc.es\/es\/#website\"},\"datePublished\":\"2017-03-27T16:14:44+00:00\",\"dateModified\":\"2018-08-29T08:53:53+00:00\",\"breadcrumb\":{\"@id\":\"https:\/\/tallersuc.es\/es\/personalizados\/#breadcrumb\"},\"inLanguage\":\"es\",\"potentialAction\":[{\"@type\":\"ReadAction\",\"target\":[[\"https:\/\/tallersuc.es\/es\/personalizados\/\"]]}]},{\"@type\":\"BreadcrumbList\",\"@id\":\"https:\/\/tallersuc.es\/es\/personalizados\/#breadcrumb\",\"itemListElement\":[{\"@type\":\"ListItem\",\"position\":1,\"name\":\"Portada\",\"item\":\"https:\/\/tallersuc.es\/es\/\"},{\"@type\":\"ListItem\",\"position\":2,\"name\":\"Personalizados\"}]},{\"@type\":\"WebSite\",\"@id\":\"https:\/\/tallersuc.es\/es\/#website\",\"url\":\"https:\/\/tallersuc.es\/es\/\",\"name\":\"Tallers uc\",\"description\":\"\",\"publisher\":{\"@id\":\"https:\/\/tallersuc.es\/es\/#organization\"},\"potentialAction\":[{\"@type\":\"SearchAction\",\"target\":{\"@type\":\"EntryPoint\",\"urlTemplate\":\"https:\/\/tallersuc.es\/es\/?s={search_term_string}\"},\"query-input\":{\"@type\":\"PropertyValueSpecification\",\"valueRequired\":true,\"valueName\":\"search_term_string\"}}],\"inLanguage\":\"es\"},{\"@type\":\"Organization\",\"@id\":\"https:\/\/tallersuc.es\/es\/#organization\",\"name\":\"Tallers UC\",\"url\":\"https:\/\/tallersuc.es\/es\/\",\"logo\":{\"@type\":\"ImageObject\",\"inLanguage\":\"es\",\"@id\":\"https:\/\/tallersuc.es\/es\/#\/schema\/logo\/image\/\",\"url\":\"https:\/\/tallersuc.es\/wp-content\/uploads\/2017\/04\/favicon-gran.jpg\",\"contentUrl\":\"https:\/\/tallersuc.es\/wp-content\/uploads\/2017\/04\/favicon-gran.jpg\",\"width\":954,\"height\":954,\"caption\":\"Tallers UC\"},\"image\":{\"@id\":\"https:\/\/tallersuc.es\/es\/#\/schema\/logo\/image\/\"}}]}<\/script>\n<!-- \/ Yoast SEO plugin. -->","yoast_head_json":{"title":"Personalizados - Tallers uc","robots":{"index":"index","follow":"follow","max-snippet":"max-snippet:-1","max-image-preview":"max-image-preview:large","max-video-preview":"max-video-preview:-1"},"canonical":"https:\/\/tallersuc.es\/es\/personalizados\/","og_locale":"es_ES","og_type":"article","og_title":"Personalizados - Tallers uc","og_description":"[vc_row][vc_column][vc_row_inner][vc_column_inner width=\u00bb1\/2&#8243;][vc_empty_space height=\u00bb60px\u00bb][vc_single_image image=\u00bb1604&#8243; img_size=\u00bbmedium\u00bb alignment=\u00bbcenter\u00bb onclick=\u00bblink_image\u00bb][vc_btn title=\u00bbFicha\u00bb style=\u00bbcustom\u00bb custom_background=\u00bb#fe5000&#8243; custom_text=\u00bb#ffffff\u00bb size=\u00bbsm\u00bb align=\u00bbcenter\u00bb i_icon_fontawesome=\u00bbfa fa-download\u00bb add_icon=\u00bbtrue\u00bb link=\u00bburl:https%3A%2F%2Ftallersuc.es%2Fwp-content%2Fuploads%2F2017%2F05%2FPRENSA-P-UN-01.pdf||target:%20_blank|\u00bb][\/vc_column_inner][vc_column_inner width=\u00bb1\/2&#8243;][vc_custom_heading text=\u00bbPRENSA P-UN-01&#8243; font_container=\u00bbtag:h2|text_align:center|color:%23fe5000&#8243; google_fonts=\u00bbfont_family:Lato%3A100%2C100italic%2C300%2C300italic%2Cregular%2Citalic%2C700%2C700italic%2C900%2C900italic|font_style:400%20regular%3A400%3Anormal\u00bb][vc_column_text][\/vc_column_text][vc_column_text]P-UN-01 ha sido disen\u0303ada y construida para el cierre del conjunto de viales UNICADOSE despue\u0301s del proceso de llenado . Equipada con una prensa Oleo-hidra\u0301ulica y dispositivo digital para el cierre controlado. Se ha [&hellip;]","og_url":"https:\/\/tallersuc.es\/es\/personalizados\/","og_site_name":"Tallers uc","article_modified_time":"2018-08-29T08:53:53+00:00","twitter_card":"summary_large_image","twitter_misc":{"Tiempo de lectura":"6 minutos"},"schema":{"@context":"https:\/\/schema.org","@graph":[{"@type":"WebPage","@id":"https:\/\/tallersuc.es\/es\/personalizados\/","url":"https:\/\/tallersuc.es\/es\/personalizados\/","name":"Personalizados - Tallers uc","isPartOf":{"@id":"https:\/\/tallersuc.es\/es\/#website"},"datePublished":"2017-03-27T16:14:44+00:00","dateModified":"2018-08-29T08:53:53+00:00","breadcrumb":{"@id":"https:\/\/tallersuc.es\/es\/personalizados\/#breadcrumb"},"inLanguage":"es","potentialAction":[{"@type":"ReadAction","target":[["https:\/\/tallersuc.es\/es\/personalizados\/"]]}]},{"@type":"BreadcrumbList","@id":"https:\/\/tallersuc.es\/es\/personalizados\/#breadcrumb","itemListElement":[{"@type":"ListItem","position":1,"name":"Portada","item":"https:\/\/tallersuc.es\/es\/"},{"@type":"ListItem","position":2,"name":"Personalizados"}]},{"@type":"WebSite","@id":"https:\/\/tallersuc.es\/es\/#website","url":"https:\/\/tallersuc.es\/es\/","name":"Tallers uc","description":"","publisher":{"@id":"https:\/\/tallersuc.es\/es\/#organization"},"potentialAction":[{"@type":"SearchAction","target":{"@type":"EntryPoint","urlTemplate":"https:\/\/tallersuc.es\/es\/?s={search_term_string}"},"query-input":{"@type":"PropertyValueSpecification","valueRequired":true,"valueName":"search_term_string"}}],"inLanguage":"es"},{"@type":"Organization","@id":"https:\/\/tallersuc.es\/es\/#organization","name":"Tallers UC","url":"https:\/\/tallersuc.es\/es\/","logo":{"@type":"ImageObject","inLanguage":"es","@id":"https:\/\/tallersuc.es\/es\/#\/schema\/logo\/image\/","url":"https:\/\/tallersuc.es\/wp-content\/uploads\/2017\/04\/favicon-gran.jpg","contentUrl":"https:\/\/tallersuc.es\/wp-content\/uploads\/2017\/04\/favicon-gran.jpg","width":954,"height":954,"caption":"Tallers UC"},"image":{"@id":"https:\/\/tallersuc.es\/es\/#\/schema\/logo\/image\/"}}]}},"_links":{"self":[{"href":"https:\/\/tallersuc.es\/es\/wp-json\/wp\/v2\/pages\/3945","targetHints":{"allow":["GET"]}}],"collection":[{"href":"https:\/\/tallersuc.es\/es\/wp-json\/wp\/v2\/pages"}],"about":[{"href":"https:\/\/tallersuc.es\/es\/wp-json\/wp\/v2\/types\/page"}],"author":[{"embeddable":true,"href":"https:\/\/tallersuc.es\/es\/wp-json\/wp\/v2\/users\/2"}],"replies":[{"embeddable":true,"href":"https:\/\/tallersuc.es\/es\/wp-json\/wp\/v2\/comments?post=3945"}],"version-history":[{"count":0,"href":"https:\/\/tallersuc.es\/es\/wp-json\/wp\/v2\/pages\/3945\/revisions"}],"wp:attachment":[{"href":"https:\/\/tallersuc.es\/es\/wp-json\/wp\/v2\/media?parent=3945"}],"curies":[{"name":"wp","href":"https:\/\/api.w.org\/{rel}","templated":true}]}}