{"id":3929,"date":"2017-03-27T17:52:19","date_gmt":"2017-03-27T15:52:19","guid":{"rendered":"https:\/\/tallersuc.es\/?page_id=3929"},"modified":"2019-06-03T17:54:24","modified_gmt":"2019-06-03T15:54:24","slug":"accesorios-old","status":"publish","type":"page","link":"https:\/\/tallersuc.es\/es\/accesorios-old\/","title":{"rendered":"Accesorios-old"},"content":{"rendered":"<p>[vc_row][vc_column][vc_row_inner][vc_column_inner width=\u00bb1\/2&#8243;][vc_single_image image=\u00bb1613&#8243; img_size=\u00bbmedium\u00bb alignment=\u00bbcenter\u00bb onclick=\u00bblink_image\u00bb][\/vc_column_inner][vc_column_inner width=\u00bb1\/2&#8243;][vc_custom_heading text=\u00bbENFAJADOR\u00bb font_container=\u00bbtag:h2|font_size:25|text_align:center|color:%23fe5000&#8243; google_fonts=\u00bbfont_family:Lato%3A100%2C100italic%2C300%2C300italic%2Cregular%2Citalic%2C700%2C700italic%2C900%2C900italic|font_style:400%20regular%3A400%3Anormal\u00bb][vc_column_text]Dise\u00f1amos y construimos diferentes tipos de enfajadores. Desde regulaci\u00f3n manual mediante manivelas, hasta totalmente automatizados. Usamos diferentes materiales para las bandas de agarre, siempre usando mediante ensayos, el material m\u00e1s conveniente para el producto.[\/vc_column_text][\/vc_column_inner][\/vc_row_inner][vc_separator][vc_row_inner][vc_column_inner width=\u00bb1\/2&#8243;][vc_single_image image=\u00bb1612&#8243; img_size=\u00bbmedium\u00bb alignment=\u00bbcenter\u00bb onclick=\u00bblink_image\u00bb][\/vc_column_inner][vc_column_inner width=\u00bb1\/2&#8243;][vc_custom_heading text=\u00bbLIMPIADOR DE BOTELLAS\u00bb font_container=\u00bbtag:h2|font_size:25|text_align:center|color:%23fe5000&#8243; google_fonts=\u00bbfont_family:Lato%3A100%2C100italic%2C300%2C300italic%2Cregular%2Citalic%2C700%2C700italic%2C900%2C900italic|font_style:400%20regular%3A400%3Anormal\u00bb][vc_column_text]Limpiador manual de botellas neum\u00e1tico. Se instala en un lateral de la cinta, d\u00f3nde el operario sit\u00faa las botellas y antes de disponerlas en la cinta, pulsa el limpiador con el bote\u00a0 que mediante aire vac\u00eda cualquier impureza que pudiese contener.[\/vc_column_text][\/vc_column_inner][\/vc_row_inner][vc_separator][vc_row_inner][vc_column_inner width=\u00bb1\/2&#8243;][vc_single_image image=\u00bb4345&#8243; img_size=\u00bbmedium\u00bb alignment=\u00bbcenter\u00bb onclick=\u00bblink_image\u00bb][vc_single_image image=\u00bb4344&#8243; img_size=\u00bbmedium\u00bb alignment=\u00bbcenter\u00bb onclick=\u00bblink_image\u00bb][\/vc_column_inner][vc_column_inner width=\u00bb1\/2&#8243;][vc_custom_heading text=\u00bbPLATO ACUMULADOR\u00bb font_container=\u00bbtag:h2|font_size:25|text_align:center|color:%23fe5000&#8243; google_fonts=\u00bbfont_family:Lato%3A100%2C100italic%2C300%2C300italic%2Cregular%2Citalic%2C700%2C700italic%2C900%2C900italic|font_style:400%20regular%3A400%3Anormal\u00bb][vc_column_text]Plato acumulador dise\u00f1ado y construido por Tallers UC. Hay diferentes opciones desde velocidad fija y variable, materiales de construcci\u00f3n y di\u00e1metros del plato.<\/p>\n<p>Pensado para trabajar como una parte m\u00e1s de la linea de llenado o tambi\u00e9n como elemento aut\u00f3nomo para una l\u00ednea de producci\u00f3n eventual.[\/vc_column_text][\/vc_column_inner][\/vc_row_inner][vc_separator][vc_row_inner][vc_column_inner width=\u00bb1\/2&#8243;][vc_single_image image=\u00bb1617&#8243; img_size=\u00bbmedium\u00bb alignment=\u00bbcenter\u00bb onclick=\u00bblink_image\u00bb][\/vc_column_inner][vc_column_inner width=\u00bb1\/2&#8243;][vc_custom_heading text=\u00bbPIE VIBRADOR\u00bb font_container=\u00bbtag:h2|font_size:25|text_align:center|color:%23fe5000&#8243; google_fonts=\u00bbfont_family:Lato%3A100%2C100italic%2C300%2C300italic%2Cregular%2Citalic%2C700%2C700italic%2C900%2C900italic|font_style:400%20regular%3A400%3Anormal\u00bb][vc_column_text]<\/p>\n<ul>\n<li>Pie regulable para vibrador.<\/li>\n<\/ul>\n<p>[\/vc_column_text][\/vc_column_inner][\/vc_row_inner][vc_separator][vc_row_inner][vc_column_inner width=\u00bb1\/2&#8243;][vc_single_image image=\u00bb1611&#8243; img_size=\u00bbmedium\u00bb alignment=\u00bbcenter\u00bb onclick=\u00bblink_image\u00bb][\/vc_column_inner][vc_column_inner width=\u00bb1\/2&#8243;][vc_custom_heading text=\u00bbRAMPA\/VIBRADOR\u00bb font_container=\u00bbtag:h2|font_size:25|text_align:center|color:%23fe5000&#8243; google_fonts=\u00bbfont_family:Lato%3A100%2C100italic%2C300%2C300italic%2Cregular%2Citalic%2C700%2C700italic%2C900%2C900italic|font_style:400%20regular%3A400%3Anormal\u00bb][vc_column_text]<\/p>\n<ul>\n<li>Dise\u00f1o y construcci\u00f3n de rampas y soporte para vibradores.<\/li>\n<\/ul>\n<p>[\/vc_column_text][\/vc_column_inner][\/vc_row_inner][vc_separator][vc_row_inner][vc_column_inner width=\u00bb1\/2&#8243;][vc_single_image image=\u00bb1615&#8243; img_size=\u00bbmedium\u00bb alignment=\u00bbcenter\u00bb onclick=\u00bblink_image\u00bb][\/vc_column_inner][vc_column_inner width=\u00bb1\/2&#8243;][vc_custom_heading text=\u00bbROSCADOR MANUAL\u00bb font_container=\u00bbtag:h2|font_size:25|text_align:center|color:%23fe5000&#8243; google_fonts=\u00bbfont_family:Lato%3A100%2C100italic%2C300%2C300italic%2Cregular%2Citalic%2C700%2C700italic%2C900%2C900italic|font_style:400%20regular%3A400%3Anormal\u00bb][vc_column_text]<\/p>\n<ul>\n<li>Roscador de envases manual neum\u00e1tico.<\/li>\n<\/ul>\n<p>[\/vc_column_text][\/vc_column_inner][\/vc_row_inner][vc_separator][vc_row_inner][vc_column_inner width=\u00bb1\/2&#8243;][vc_single_image image=\u00bb1601&#8243; img_size=\u00bbmedium\u00bb alignment=\u00bbcenter\u00bb onclick=\u00bblink_image\u00bb][\/vc_column_inner][vc_column_inner width=\u00bb1\/2&#8243;][vc_custom_heading text=\u00bbMESA INOX\u00bb font_container=\u00bbtag:h2|font_size:25|text_align:center|color:%23fe5000&#8243; google_fonts=\u00bbfont_family:Lato%3A100%2C100italic%2C300%2C300italic%2Cregular%2Citalic%2C700%2C700italic%2C900%2C900italic|font_style:400%20regular%3A400%3Anormal\u00bb][vc_column_text]<\/p>\n<ul>\n<li>Construcci\u00f3n de mesa de trabajo en acero inox.<\/li>\n<\/ul>\n<p>[\/vc_column_text][\/vc_column_inner][\/vc_row_inner][vc_separator][vc_row_inner][vc_column_inner width=\u00bb1\/2&#8243;][vc_single_image image=\u00bb1610&#8243; img_size=\u00bbmedium\u00bb alignment=\u00bbcenter\u00bb onclick=\u00bblink_image\u00bb][\/vc_column_inner][vc_column_inner width=\u00bb1\/2&#8243;][vc_custom_heading text=\u00bbCINTA TRANSPOTADORA\u00bb font_container=\u00bbtag:h2|font_size:25|text_align:center|color:%23fe5000&#8243; google_fonts=\u00bbfont_family:Lato%3A100%2C100italic%2C300%2C300italic%2Cregular%2Citalic%2C700%2C700italic%2C900%2C900italic|font_style:400%20regular%3A400%3Anormal\u00bb][vc_column_text]Construcci\u00f3n de cintas a medida de diferentes longitudes.[\/vc_column_text][\/vc_column_inner][\/vc_row_inner][vc_separator][\/vc_column][\/vc_row]<\/p>\n","protected":false},"excerpt":{"rendered":"<p>[vc_row][vc_column][vc_row_inner][vc_column_inner width=\u00bb1\/2&#8243;][vc_single_image image=\u00bb1613&#8243; img_size=\u00bbmedium\u00bb alignment=\u00bbcenter\u00bb onclick=\u00bblink_image\u00bb][\/vc_column_inner][vc_column_inner width=\u00bb1\/2&#8243;][vc_custom_heading text=\u00bbENFAJADOR\u00bb font_container=\u00bbtag:h2|font_size:25|text_align:center|color:%23fe5000&#8243; google_fonts=\u00bbfont_family:Lato%3A100%2C100italic%2C300%2C300italic%2Cregular%2Citalic%2C700%2C700italic%2C900%2C900italic|font_style:400%20regular%3A400%3Anormal\u00bb][vc_column_text]Dise\u00f1amos y construimos diferentes tipos de enfajadores. Desde regulaci\u00f3n manual mediante manivelas, hasta totalmente automatizados. Usamos diferentes materiales para las bandas de agarre, siempre usando mediante ensayos, el material m\u00e1s conveniente para el producto.[\/vc_column_text][\/vc_column_inner][\/vc_row_inner][vc_separator][vc_row_inner][vc_column_inner width=\u00bb1\/2&#8243;][vc_single_image image=\u00bb1612&#8243; img_size=\u00bbmedium\u00bb alignment=\u00bbcenter\u00bb onclick=\u00bblink_image\u00bb][\/vc_column_inner][vc_column_inner width=\u00bb1\/2&#8243;][vc_custom_heading text=\u00bbLIMPIADOR DE BOTELLAS\u00bb font_container=\u00bbtag:h2|font_size:25|text_align:center|color:%23fe5000&#8243; google_fonts=\u00bbfont_family:Lato%3A100%2C100italic%2C300%2C300italic%2Cregular%2Citalic%2C700%2C700italic%2C900%2C900italic|font_style:400%20regular%3A400%3Anormal\u00bb][vc_column_text]Limpiador manual [&hellip;]<\/p>\n","protected":false},"author":2,"featured_media":0,"parent":0,"menu_order":0,"comment_status":"closed","ping_status":"closed","template":"","meta":{"_et_pb_use_builder":"","_et_pb_old_content":"","_et_gb_content_width":"","footnotes":""},"class_list":["post-3929","page","type-page","status-publish","hentry"],"yoast_head":"<!-- This site is optimized with the Yoast SEO plugin v23.9 - https:\/\/yoast.com\/wordpress\/plugins\/seo\/ -->\n<title>Accesorios-old - Tallers uc<\/title>\n<meta name=\"robots\" content=\"index, follow, max-snippet:-1, max-image-preview:large, max-video-preview:-1\" \/>\n<link rel=\"canonical\" href=\"https:\/\/tallersuc.es\/es\/accesorios-old\/\" \/>\n<meta property=\"og:locale\" content=\"es_ES\" \/>\n<meta property=\"og:type\" content=\"article\" \/>\n<meta property=\"og:title\" content=\"Accesorios-old - Tallers uc\" \/>\n<meta property=\"og:description\" content=\"[vc_row][vc_column][vc_row_inner][vc_column_inner width=\u00bb1\/2&#8243;][vc_single_image image=\u00bb1613&#8243; img_size=\u00bbmedium\u00bb alignment=\u00bbcenter\u00bb onclick=\u00bblink_image\u00bb][\/vc_column_inner][vc_column_inner width=\u00bb1\/2&#8243;][vc_custom_heading text=\u00bbENFAJADOR\u00bb font_container=\u00bbtag:h2|font_size:25|text_align:center|color:%23fe5000&#8243; google_fonts=\u00bbfont_family:Lato%3A100%2C100italic%2C300%2C300italic%2Cregular%2Citalic%2C700%2C700italic%2C900%2C900italic|font_style:400%20regular%3A400%3Anormal\u00bb][vc_column_text]Dise\u00f1amos y construimos diferentes tipos de enfajadores. Desde regulaci\u00f3n manual mediante manivelas, hasta totalmente automatizados. Usamos diferentes materiales para las bandas de agarre, siempre usando mediante ensayos, el material m\u00e1s conveniente para el producto.[\/vc_column_text][\/vc_column_inner][\/vc_row_inner][vc_separator][vc_row_inner][vc_column_inner width=\u00bb1\/2&#8243;][vc_single_image image=\u00bb1612&#8243; img_size=\u00bbmedium\u00bb alignment=\u00bbcenter\u00bb onclick=\u00bblink_image\u00bb][\/vc_column_inner][vc_column_inner width=\u00bb1\/2&#8243;][vc_custom_heading text=\u00bbLIMPIADOR DE BOTELLAS\u00bb font_container=\u00bbtag:h2|font_size:25|text_align:center|color:%23fe5000&#8243; google_fonts=\u00bbfont_family:Lato%3A100%2C100italic%2C300%2C300italic%2Cregular%2Citalic%2C700%2C700italic%2C900%2C900italic|font_style:400%20regular%3A400%3Anormal\u00bb][vc_column_text]Limpiador manual [&hellip;]\" \/>\n<meta property=\"og:url\" content=\"https:\/\/tallersuc.es\/es\/accesorios-old\/\" \/>\n<meta property=\"og:site_name\" content=\"Tallers uc\" \/>\n<meta property=\"article:modified_time\" content=\"2019-06-03T15:54:24+00:00\" \/>\n<meta name=\"twitter:card\" content=\"summary_large_image\" \/>\n<meta name=\"twitter:label1\" content=\"Tiempo de lectura\" \/>\n\t<meta name=\"twitter:data1\" content=\"4 minutos\" \/>\n<script type=\"application\/ld+json\" class=\"yoast-schema-graph\">{\"@context\":\"https:\/\/schema.org\",\"@graph\":[{\"@type\":\"WebPage\",\"@id\":\"https:\/\/tallersuc.es\/es\/accesorios-old\/\",\"url\":\"https:\/\/tallersuc.es\/es\/accesorios-old\/\",\"name\":\"Accesorios-old - Tallers uc\",\"isPartOf\":{\"@id\":\"https:\/\/tallersuc.es\/es\/#website\"},\"datePublished\":\"2017-03-27T15:52:19+00:00\",\"dateModified\":\"2019-06-03T15:54:24+00:00\",\"breadcrumb\":{\"@id\":\"https:\/\/tallersuc.es\/es\/accesorios-old\/#breadcrumb\"},\"inLanguage\":\"es\",\"potentialAction\":[{\"@type\":\"ReadAction\",\"target\":[[\"https:\/\/tallersuc.es\/es\/accesorios-old\/\"]]}]},{\"@type\":\"BreadcrumbList\",\"@id\":\"https:\/\/tallersuc.es\/es\/accesorios-old\/#breadcrumb\",\"itemListElement\":[{\"@type\":\"ListItem\",\"position\":1,\"name\":\"Portada\",\"item\":\"https:\/\/tallersuc.es\/es\/\"},{\"@type\":\"ListItem\",\"position\":2,\"name\":\"Accesorios-old\"}]},{\"@type\":\"WebSite\",\"@id\":\"https:\/\/tallersuc.es\/es\/#website\",\"url\":\"https:\/\/tallersuc.es\/es\/\",\"name\":\"Tallers uc\",\"description\":\"\",\"publisher\":{\"@id\":\"https:\/\/tallersuc.es\/es\/#organization\"},\"potentialAction\":[{\"@type\":\"SearchAction\",\"target\":{\"@type\":\"EntryPoint\",\"urlTemplate\":\"https:\/\/tallersuc.es\/es\/?s={search_term_string}\"},\"query-input\":{\"@type\":\"PropertyValueSpecification\",\"valueRequired\":true,\"valueName\":\"search_term_string\"}}],\"inLanguage\":\"es\"},{\"@type\":\"Organization\",\"@id\":\"https:\/\/tallersuc.es\/es\/#organization\",\"name\":\"Tallers UC\",\"url\":\"https:\/\/tallersuc.es\/es\/\",\"logo\":{\"@type\":\"ImageObject\",\"inLanguage\":\"es\",\"@id\":\"https:\/\/tallersuc.es\/es\/#\/schema\/logo\/image\/\",\"url\":\"https:\/\/tallersuc.es\/wp-content\/uploads\/2017\/04\/favicon-gran.jpg\",\"contentUrl\":\"https:\/\/tallersuc.es\/wp-content\/uploads\/2017\/04\/favicon-gran.jpg\",\"width\":954,\"height\":954,\"caption\":\"Tallers UC\"},\"image\":{\"@id\":\"https:\/\/tallersuc.es\/es\/#\/schema\/logo\/image\/\"}}]}<\/script>\n<!-- \/ Yoast SEO plugin. -->","yoast_head_json":{"title":"Accesorios-old - Tallers uc","robots":{"index":"index","follow":"follow","max-snippet":"max-snippet:-1","max-image-preview":"max-image-preview:large","max-video-preview":"max-video-preview:-1"},"canonical":"https:\/\/tallersuc.es\/es\/accesorios-old\/","og_locale":"es_ES","og_type":"article","og_title":"Accesorios-old - Tallers uc","og_description":"[vc_row][vc_column][vc_row_inner][vc_column_inner width=\u00bb1\/2&#8243;][vc_single_image image=\u00bb1613&#8243; img_size=\u00bbmedium\u00bb alignment=\u00bbcenter\u00bb onclick=\u00bblink_image\u00bb][\/vc_column_inner][vc_column_inner width=\u00bb1\/2&#8243;][vc_custom_heading text=\u00bbENFAJADOR\u00bb font_container=\u00bbtag:h2|font_size:25|text_align:center|color:%23fe5000&#8243; google_fonts=\u00bbfont_family:Lato%3A100%2C100italic%2C300%2C300italic%2Cregular%2Citalic%2C700%2C700italic%2C900%2C900italic|font_style:400%20regular%3A400%3Anormal\u00bb][vc_column_text]Dise\u00f1amos y construimos diferentes tipos de enfajadores. Desde regulaci\u00f3n manual mediante manivelas, hasta totalmente automatizados. Usamos diferentes materiales para las bandas de agarre, siempre usando mediante ensayos, el material m\u00e1s conveniente para el producto.[\/vc_column_text][\/vc_column_inner][\/vc_row_inner][vc_separator][vc_row_inner][vc_column_inner width=\u00bb1\/2&#8243;][vc_single_image image=\u00bb1612&#8243; img_size=\u00bbmedium\u00bb alignment=\u00bbcenter\u00bb onclick=\u00bblink_image\u00bb][\/vc_column_inner][vc_column_inner width=\u00bb1\/2&#8243;][vc_custom_heading text=\u00bbLIMPIADOR DE BOTELLAS\u00bb font_container=\u00bbtag:h2|font_size:25|text_align:center|color:%23fe5000&#8243; google_fonts=\u00bbfont_family:Lato%3A100%2C100italic%2C300%2C300italic%2Cregular%2Citalic%2C700%2C700italic%2C900%2C900italic|font_style:400%20regular%3A400%3Anormal\u00bb][vc_column_text]Limpiador manual [&hellip;]","og_url":"https:\/\/tallersuc.es\/es\/accesorios-old\/","og_site_name":"Tallers uc","article_modified_time":"2019-06-03T15:54:24+00:00","twitter_card":"summary_large_image","twitter_misc":{"Tiempo de lectura":"4 minutos"},"schema":{"@context":"https:\/\/schema.org","@graph":[{"@type":"WebPage","@id":"https:\/\/tallersuc.es\/es\/accesorios-old\/","url":"https:\/\/tallersuc.es\/es\/accesorios-old\/","name":"Accesorios-old - Tallers uc","isPartOf":{"@id":"https:\/\/tallersuc.es\/es\/#website"},"datePublished":"2017-03-27T15:52:19+00:00","dateModified":"2019-06-03T15:54:24+00:00","breadcrumb":{"@id":"https:\/\/tallersuc.es\/es\/accesorios-old\/#breadcrumb"},"inLanguage":"es","potentialAction":[{"@type":"ReadAction","target":[["https:\/\/tallersuc.es\/es\/accesorios-old\/"]]}]},{"@type":"BreadcrumbList","@id":"https:\/\/tallersuc.es\/es\/accesorios-old\/#breadcrumb","itemListElement":[{"@type":"ListItem","position":1,"name":"Portada","item":"https:\/\/tallersuc.es\/es\/"},{"@type":"ListItem","position":2,"name":"Accesorios-old"}]},{"@type":"WebSite","@id":"https:\/\/tallersuc.es\/es\/#website","url":"https:\/\/tallersuc.es\/es\/","name":"Tallers uc","description":"","publisher":{"@id":"https:\/\/tallersuc.es\/es\/#organization"},"potentialAction":[{"@type":"SearchAction","target":{"@type":"EntryPoint","urlTemplate":"https:\/\/tallersuc.es\/es\/?s={search_term_string}"},"query-input":{"@type":"PropertyValueSpecification","valueRequired":true,"valueName":"search_term_string"}}],"inLanguage":"es"},{"@type":"Organization","@id":"https:\/\/tallersuc.es\/es\/#organization","name":"Tallers UC","url":"https:\/\/tallersuc.es\/es\/","logo":{"@type":"ImageObject","inLanguage":"es","@id":"https:\/\/tallersuc.es\/es\/#\/schema\/logo\/image\/","url":"https:\/\/tallersuc.es\/wp-content\/uploads\/2017\/04\/favicon-gran.jpg","contentUrl":"https:\/\/tallersuc.es\/wp-content\/uploads\/2017\/04\/favicon-gran.jpg","width":954,"height":954,"caption":"Tallers UC"},"image":{"@id":"https:\/\/tallersuc.es\/es\/#\/schema\/logo\/image\/"}}]}},"_links":{"self":[{"href":"https:\/\/tallersuc.es\/es\/wp-json\/wp\/v2\/pages\/3929","targetHints":{"allow":["GET"]}}],"collection":[{"href":"https:\/\/tallersuc.es\/es\/wp-json\/wp\/v2\/pages"}],"about":[{"href":"https:\/\/tallersuc.es\/es\/wp-json\/wp\/v2\/types\/page"}],"author":[{"embeddable":true,"href":"https:\/\/tallersuc.es\/es\/wp-json\/wp\/v2\/users\/2"}],"replies":[{"embeddable":true,"href":"https:\/\/tallersuc.es\/es\/wp-json\/wp\/v2\/comments?post=3929"}],"version-history":[{"count":0,"href":"https:\/\/tallersuc.es\/es\/wp-json\/wp\/v2\/pages\/3929\/revisions"}],"wp:attachment":[{"href":"https:\/\/tallersuc.es\/es\/wp-json\/wp\/v2\/media?parent=3929"}],"curies":[{"name":"wp","href":"https:\/\/api.w.org\/{rel}","templated":true}]}}