{"id":1162,"date":"2014-02-20T11:59:05","date_gmt":"2014-02-20T11:59:05","guid":{"rendered":"http:\/\/themes.muffingroup.com\/betheme\/?page_id=6"},"modified":"2019-07-12T15:53:42","modified_gmt":"2019-07-12T13:53:42","slug":"newsletter","status":"publish","type":"page","link":"https:\/\/tallersuc.es\/es\/newsletter\/","title":{"rendered":"Newsletter"},"content":{"rendered":"<p>[et_pb_section fb_built=\u00bb1&#8243; admin_label=\u00bbHero\u00bb _builder_version=\u00bb3.22.3&#8243; custom_padding=\u00bb90px||1px|||\u00bb][et_pb_row custom_margin=\u00bb-47px|auto|-1px|auto||\u00bb _builder_version=\u00bb3.22.3&#8243; background_size=\u00bbinitial\u00bb background_position=\u00bbtop_left\u00bb background_repeat=\u00bbrepeat\u00bb][et_pb_column type=\u00bb4_4&#8243; _builder_version=\u00bb3.0.47&#8243;][et_pb_text admin_label=\u00bbTitle\u00bb _builder_version=\u00bb3.24.1&#8243; header_font=\u00bbMontserrat|500|||||||\u00bb header_text_align=\u00bbcenter\u00bb header_font_size=\u00bb55px\u00bb animation_style=\u00bbzoom\u00bb animation_direction=\u00bbleft\u00bb animation_intensity_zoom=\u00bb10%\u00bb z_index_tablet=\u00bb500&#8243; text_text_shadow_horizontal_length_tablet=\u00bb0px\u00bb text_text_shadow_vertical_length_tablet=\u00bb0px\u00bb text_text_shadow_blur_strength_tablet=\u00bb1px\u00bb link_text_shadow_horizontal_length_tablet=\u00bb0px\u00bb link_text_shadow_vertical_length_tablet=\u00bb0px\u00bb link_text_shadow_blur_strength_tablet=\u00bb1px\u00bb ul_text_shadow_horizontal_length_tablet=\u00bb0px\u00bb ul_text_shadow_vertical_length_tablet=\u00bb0px\u00bb ul_text_shadow_blur_strength_tablet=\u00bb1px\u00bb ol_text_shadow_horizontal_length_tablet=\u00bb0px\u00bb ol_text_shadow_vertical_length_tablet=\u00bb0px\u00bb ol_text_shadow_blur_strength_tablet=\u00bb1px\u00bb quote_text_shadow_horizontal_length_tablet=\u00bb0px\u00bb quote_text_shadow_vertical_length_tablet=\u00bb0px\u00bb quote_text_shadow_blur_strength_tablet=\u00bb1px\u00bb header_font_size_tablet=\u00bb50px\u00bb header_font_size_last_edited=\u00bbon|phone\u00bb header_text_shadow_horizontal_length_tablet=\u00bb0px\u00bb header_text_shadow_vertical_length_tablet=\u00bb0px\u00bb header_text_shadow_blur_strength_tablet=\u00bb1px\u00bb header_2_text_shadow_horizontal_length_tablet=\u00bb0px\u00bb header_2_text_shadow_vertical_length_tablet=\u00bb0px\u00bb header_2_text_shadow_blur_strength_tablet=\u00bb1px\u00bb header_3_text_shadow_horizontal_length_tablet=\u00bb0px\u00bb header_3_text_shadow_vertical_length_tablet=\u00bb0px\u00bb header_3_text_shadow_blur_strength_tablet=\u00bb1px\u00bb header_4_text_shadow_horizontal_length_tablet=\u00bb0px\u00bb header_4_text_shadow_vertical_length_tablet=\u00bb0px\u00bb header_4_text_shadow_blur_strength_tablet=\u00bb1px\u00bb header_5_text_shadow_horizontal_length_tablet=\u00bb0px\u00bb header_5_text_shadow_vertical_length_tablet=\u00bb0px\u00bb header_5_text_shadow_blur_strength_tablet=\u00bb1px\u00bb header_6_text_shadow_horizontal_length_tablet=\u00bb0px\u00bb header_6_text_shadow_vertical_length_tablet=\u00bb0px\u00bb header_6_text_shadow_blur_strength_tablet=\u00bb1px\u00bb box_shadow_horizontal_tablet=\u00bb0px\u00bb box_shadow_vertical_tablet=\u00bb0px\u00bb box_shadow_blur_tablet=\u00bb40px\u00bb box_shadow_spread_tablet=\u00bb0px\u00bb inline_fonts=\u00bbJura\u00bb]<\/p>\n<h1><span face=\"Jura\" style=\"font-family: Jura;\">NEWSLETTER<\/span><\/h1>\n<p>[\/et_pb_text][et_pb_divider color=\u00bb#fe5416&#8243; divider_weight=\u00bb3px\u00bb _builder_version=\u00bb3.23&#8243; max_width=\u00bb100px\u00bb module_alignment=\u00bbcenter\u00bb animation_style=\u00bbfade\u00bb animation_direction=\u00bbleft\u00bb]<br \/>\n[\/et_pb_divider][et_pb_text _builder_version=\u00bb3.24.1&#8243; text_font=\u00bbMontserrat|300|||||||\u00bb text_font_size=\u00bb20px\u00bb text_line_height=\u00bb1.8em\u00bb text_orientation=\u00bbcenter\u00bb max_width=\u00bb700px\u00bb module_alignment=\u00bbcenter\u00bb animation_style=\u00bbzoom\u00bb animation_direction=\u00bbleft\u00bb animation_delay=\u00bb100ms\u00bb animation_intensity_zoom=\u00bb10%\u00bb z_index_tablet=\u00bb500&#8243; text_text_shadow_horizontal_length_tablet=\u00bb0px\u00bb text_text_shadow_vertical_length_tablet=\u00bb0px\u00bb text_text_shadow_blur_strength_tablet=\u00bb1px\u00bb link_text_shadow_horizontal_length_tablet=\u00bb0px\u00bb link_text_shadow_vertical_length_tablet=\u00bb0px\u00bb link_text_shadow_blur_strength_tablet=\u00bb1px\u00bb ul_text_shadow_horizontal_length_tablet=\u00bb0px\u00bb ul_text_shadow_vertical_length_tablet=\u00bb0px\u00bb ul_text_shadow_blur_strength_tablet=\u00bb1px\u00bb ol_text_shadow_horizontal_length_tablet=\u00bb0px\u00bb ol_text_shadow_vertical_length_tablet=\u00bb0px\u00bb ol_text_shadow_blur_strength_tablet=\u00bb1px\u00bb quote_text_shadow_horizontal_length_tablet=\u00bb0px\u00bb quote_text_shadow_vertical_length_tablet=\u00bb0px\u00bb quote_text_shadow_blur_strength_tablet=\u00bb1px\u00bb header_text_shadow_horizontal_length_tablet=\u00bb0px\u00bb header_text_shadow_vertical_length_tablet=\u00bb0px\u00bb header_text_shadow_blur_strength_tablet=\u00bb1px\u00bb header_2_text_shadow_horizontal_length_tablet=\u00bb0px\u00bb header_2_text_shadow_vertical_length_tablet=\u00bb0px\u00bb header_2_text_shadow_blur_strength_tablet=\u00bb1px\u00bb header_3_text_shadow_horizontal_length_tablet=\u00bb0px\u00bb header_3_text_shadow_vertical_length_tablet=\u00bb0px\u00bb header_3_text_shadow_blur_strength_tablet=\u00bb1px\u00bb header_4_text_shadow_horizontal_length_tablet=\u00bb0px\u00bb header_4_text_shadow_vertical_length_tablet=\u00bb0px\u00bb header_4_text_shadow_blur_strength_tablet=\u00bb1px\u00bb header_5_text_shadow_horizontal_length_tablet=\u00bb0px\u00bb header_5_text_shadow_vertical_length_tablet=\u00bb0px\u00bb header_5_text_shadow_blur_strength_tablet=\u00bb1px\u00bb header_6_text_shadow_horizontal_length_tablet=\u00bb0px\u00bb header_6_text_shadow_vertical_length_tablet=\u00bb0px\u00bb header_6_text_shadow_blur_strength_tablet=\u00bb1px\u00bb box_shadow_horizontal_tablet=\u00bb0px\u00bb box_shadow_vertical_tablet=\u00bb0px\u00bb box_shadow_blur_tablet=\u00bb40px\u00bb box_shadow_spread_tablet=\u00bb0px\u00bb inline_fonts=\u00bbJura\u00bb]<\/p>\n<p><span style=\"font-family: Jura;\">Bienvenido a nuestra Newsletter. Aqu\u00ed iremos publicaremos noticias y promociones relacionadas con nuestro sector.<\/span><\/p>\n<p>[\/et_pb_text][\/et_pb_column][\/et_pb_row][\/et_pb_section][et_pb_section fb_built=\u00bb1&#8243; admin_label=\u00bbBlog\u00bb _builder_version=\u00bb3.22.3&#8243; custom_margin=\u00bb|||\u00bb custom_padding=\u00bb29px||0px|||\u00bb][et_pb_row custom_padding=\u00bb|0px||||\u00bb _builder_version=\u00bb3.23&#8243; width=\u00bb100%\u00bb][et_pb_column type=\u00bb4_4&#8243; _builder_version=\u00bb3.0.47&#8243;][et_pb_blog fullwidth=\u00bboff\u00bb posts_number=\u00bb6&#8243; include_categories=\u00bb72&#8243; show_more=\u00bbon\u00bb show_author=\u00bboff\u00bb show_date=\u00bboff\u00bb show_categories=\u00bboff\u00bb _builder_version=\u00bb3.23&#8243; header_font=\u00bbMontserrat||||||||\u00bb header_font_size=\u00bb16px\u00bb header_line_height=\u00bb1.4em\u00bb body_font=\u00bbJura|500|||||||\u00bb body_font_size=\u00bb15px\u00bb body_line_height=\u00bb2em\u00bb meta_font=\u00bbMontserrat||||||||\u00bb pagination_font=\u00bbMontserrat||||||||\u00bb pagination_font_size=\u00bb17px\u00bb border_width_all=\u00bb0px\u00bb box_shadow_style=\u00bbpreset3&#8243; box_shadow_vertical=\u00bb45px\u00bb box_shadow_blur=\u00bb62px\u00bb box_shadow_color=\u00bbrgba(18,47,100,0.06)\u00bb custom_padding=\u00bb|0px||||\u00bb]<br \/>\n[\/et_pb_blog][\/et_pb_column][\/et_pb_row][\/et_pb_section][et_pb_section fb_built=\u00bb1&#8243; admin_label=\u00bbSubscribe\u00bb _builder_version=\u00bb3.23&#8243; background_image=\u00bbhttps:\/\/tallersuc.es\/wp-content\/uploads\/2019\/05\/Fondo-Blog-3.png\u00bb parallax=\u00bbon\u00bb min_height=\u00bb1222px\u00bb custom_margin=\u00bb||63px|||\u00bb custom_padding=\u00bb54px|0px|11px|0px||\u00bb][et_pb_row _builder_version=\u00bb3.24.1&#8243; width=\u00bb100%\u00bb max_width=\u00bb1428px\u00bb custom_width_px=\u00bb1440px\u00bb min_height=\u00bb1137px\u00bb use_custom_gutter=\u00bbon\u00bb][et_pb_column type=\u00bb1_4&#8243; _builder_version=\u00bb3.0.47&#8243;][\/et_pb_column][et_pb_column type=\u00bb1_2&#8243; _builder_version=\u00bb3.0.47&#8243;][et_pb_text admin_label=\u00bbSubtitle\u00bb _builder_version=\u00bb3.24.1&#8243; text_font=\u00bbMontserrat|500||on|||||\u00bb text_text_color=\u00bbrgba(0,0,0,0.25)\u00bb text_orientation=\u00bbcenter\u00bb animation_style=\u00bbfade\u00bb]<\/p>\n<p>SUSCRIBETE<\/p>\n<p>[\/et_pb_text][et_pb_text admin_label=\u00bbTitle\u00bb _builder_version=\u00bb3.0.105&#8243; text_font=\u00bb||||||||\u00bb header_font=\u00bb||||||||\u00bb header_2_font=\u00bbMontserrat|500|||||||\u00bb header_2_text_align=\u00bbcenter\u00bb header_2_font_size=\u00bb30px\u00bb header_2_line_height=\u00bb1.4em\u00bb animation_style=\u00bbfade\u00bb inline_fonts=\u00bbJura\u00bb]<\/p>\n<h2><span style=\"font-family: Jura;\">\u00bfQuieres estar al d\u00eda de las \u00faltimas novedades?<\/span><\/h2>\n<p>[\/et_pb_text][et_pb_text _builder_version=\u00bb3.24.1&#8243; min_height=\u00bb274px\u00bb custom_margin=\u00bb|-2px|-1px|-2px||\u00bb custom_padding=\u00bb|10px|3px|17px||\u00bb z_index_tablet=\u00bb500&#8243; text_text_shadow_horizontal_length_tablet=\u00bb0px\u00bb text_text_shadow_vertical_length_tablet=\u00bb0px\u00bb text_text_shadow_blur_strength_tablet=\u00bb1px\u00bb link_text_shadow_horizontal_length_tablet=\u00bb0px\u00bb link_text_shadow_vertical_length_tablet=\u00bb0px\u00bb link_text_shadow_blur_strength_tablet=\u00bb1px\u00bb ul_text_shadow_horizontal_length_tablet=\u00bb0px\u00bb ul_text_shadow_vertical_length_tablet=\u00bb0px\u00bb ul_text_shadow_blur_strength_tablet=\u00bb1px\u00bb ol_text_shadow_horizontal_length_tablet=\u00bb0px\u00bb ol_text_shadow_vertical_length_tablet=\u00bb0px\u00bb ol_text_shadow_blur_strength_tablet=\u00bb1px\u00bb quote_text_shadow_horizontal_length_tablet=\u00bb0px\u00bb quote_text_shadow_vertical_length_tablet=\u00bb0px\u00bb quote_text_shadow_blur_strength_tablet=\u00bb1px\u00bb header_text_shadow_horizontal_length_tablet=\u00bb0px\u00bb header_text_shadow_vertical_length_tablet=\u00bb0px\u00bb header_text_shadow_blur_strength_tablet=\u00bb1px\u00bb header_2_text_shadow_horizontal_length_tablet=\u00bb0px\u00bb header_2_text_shadow_vertical_length_tablet=\u00bb0px\u00bb header_2_text_shadow_blur_strength_tablet=\u00bb1px\u00bb header_3_text_shadow_horizontal_length_tablet=\u00bb0px\u00bb header_3_text_shadow_vertical_length_tablet=\u00bb0px\u00bb header_3_text_shadow_blur_strength_tablet=\u00bb1px\u00bb header_4_text_shadow_horizontal_length_tablet=\u00bb0px\u00bb header_4_text_shadow_vertical_length_tablet=\u00bb0px\u00bb header_4_text_shadow_blur_strength_tablet=\u00bb1px\u00bb header_5_text_shadow_horizontal_length_tablet=\u00bb0px\u00bb header_5_text_shadow_vertical_length_tablet=\u00bb0px\u00bb header_5_text_shadow_blur_strength_tablet=\u00bb1px\u00bb header_6_text_shadow_horizontal_length_tablet=\u00bb0px\u00bb header_6_text_shadow_vertical_length_tablet=\u00bb0px\u00bb header_6_text_shadow_blur_strength_tablet=\u00bb1px\u00bb box_shadow_horizontal_tablet=\u00bb0px\u00bb box_shadow_vertical_tablet=\u00bb0px\u00bb box_shadow_blur_tablet=\u00bb40px\u00bb box_shadow_spread_tablet=\u00bb0px\u00bb saved_tabs=\u00bball\u00bb inline_fonts=\u00bbJura\u00bb border_width_all=\u00bb2px\u00bb]<\/p>\n<div id=\"mc_embed_signup\">\n<form id=\"mc-embedded-subscribe-form\" class=\"validate\" action=\"https:\/\/tallersuc.us3.list-manage.com\/subscribe\/post?u=b1d5118a22f294b14916741e1&amp;id=5a3976d60e\" method=\"post\" name=\"mc-embedded-subscribe-form\" novalidate=\"novalidate\" target=\"_blank\">\n<div id=\"mc_embed_signup_scroll\">\n<h2 style=\"text-align: center;\"><\/h2>\n<h2 style=\"text-align: center;\"><\/h2>\n<h2 style=\"text-align: center;\">Suscribete<\/h2>\n<p>&nbsp;<\/p>\n<div class=\"indicates-required\" style=\"text-align: center;\">Empresa<\/div>\n<div class=\"mc-field-group\" style=\"text-align: center;\">\n<p><input id=\"mce-MMERGE6\" class=\"\" name=\"MMERGE6\" type=\"text\" value=\"\" \/><\/p>\n<\/div>\n<div class=\"mc-field-group\" style=\"text-align: center;\"><\/div>\n<div class=\"mc-field-group\" style=\"text-align: center;\"><\/div>\n<div class=\"mc-field-group\" style=\"text-align: center;\"><\/div>\n<div class=\"mc-field-group\" style=\"text-align: center;\"><\/div>\n<div class=\"mc-field-group\" style=\"text-align: center;\"><\/div>\n<div class=\"mc-field-group\" style=\"text-align: center;\"><\/div>\n<div class=\"mc-field-group\" style=\"text-align: center;\"><label for=\"mce-NOMBRE\">Nombre\u00a0<span class=\"asterisk\">*<\/span><br \/> <\/label><input id=\"mce-NOMBRE\" class=\"required\" name=\"NOMBRE\" type=\"text\" value=\"\" aria-required=\"true\" \/><\/div>\n<div class=\"mc-field-group\" style=\"text-align: center;\"><\/div>\n<div class=\"mc-field-group\" style=\"text-align: center;\"><label for=\"mce-APELLIDO\"><br \/>Apellido\u00a0<span class=\"asterisk\">*<\/span><br \/> <\/label><input id=\"mce-APELLIDO\" class=\"required\" name=\"APELLIDO\" type=\"text\" value=\"\" aria-required=\"true\" \/><\/div>\n<div class=\"mc-field-group\" style=\"text-align: center;\"><\/div>\n<div class=\"mc-field-group\" style=\"text-align: center;\"><label for=\"mce-EMAIL\"><br \/>Email\u00a0<span class=\"asterisk\">*<\/span><br \/> <\/label><input id=\"mce-EMAIL\" class=\"required email\" name=\"EMAIL\" type=\"email\" value=\"\" aria-required=\"true\" \/><\/div>\n<div id=\"mergeRow-gdpr\" class=\"mergeRow gdpr-mergeRow content__gdprBlock mc-field-group\" style=\"text-align: center;\">\n<div class=\"content__gdpr\">\n<p><label><br \/><strong><\/strong><span style=\"text-decoration: underline;\"><strong>Consentimiento<\/strong><\/span><strong><\/span><\/label><\/strong><\/label><\/p>\n<p>UC Maquinaria utilizar\u00e1 la informaci\u00f3n que proporcione en este formulario para estar en contacto con usted y brindarle actualizaciones y noticias de inter\u00e9s.<\/p>\n<fieldset class=\"mc_fieldset gdprRequired mc-field-group\" name=\"interestgroup_field\">\n<p><label class=\"checkbox subfield\" for=\"gdpr_23333\"><input id=\"gdpr_23333\" class=\"av-checkbox gdpr\" name=\"gdpr[23333]\" type=\"checkbox\" value=\"Y\" \/>He le\u00eddo y acepto la pol\u00edtica de privacidad<\/label><\/p>\n<p>&nbsp;<\/p>\n<\/fieldset>\n<fieldset class=\"mc_fieldset gdprRequired mc-field-group\" name=\"interestgroup_field\"><\/fieldset>\n<p style=\"text-align: justify;\">UTILLATGES COMELLAS, S.L te informa que los datos de car\u00e1cter personal que nos proporciones ser\u00e1n tratados por UTILLATGES COMELLAS, S.L como responsable de esta web. La Finalidad ofrecerte noticias y novedades relacionadas con nuestro sector. La Legitimaci\u00f3n es gracias a tu consentimiento. Destinatarios: tus datos se encuentran alojados en nuestra plataforma de marketing digital Mailchimp. Podr\u00e1s ejercer Tus derechos de Acceso, Rectificaci\u00f3n, Limitaci\u00f3n o Suprimir tus datos enviando un email a info@tallersuc.es o ante la Autoridad de Control. Encontrar\u00e1s m\u00e1s informaci\u00f3n en\u00a0<a href=\"https:\/\/tallersuc.es\/politica-privacidad\/\" target=\"_blank\" rel=\"noopener noreferrer\">pol\u00edtica de Privacidad<\/a> \u00a0<\/p>\n<p style=\"text-align: justify;\">\n<\/div>\n<div class=\"content__gdprLegal\">\n<p style=\"text-align: justify;\">Utilizamos Mailchimp como nuestra plataforma de marketing. Al hacer clic a continuaci\u00f3n para suscribirse, le complacer\u00e1 recibir su mailchimp para su procesamiento <a href=\"https:\/\/mailchimp.com\/legal\/\" target=\"_blank\" rel=\"noopener noreferrer\">Obtenga m\u00e1s informaci\u00f3n sobre las pr\u00e1cticas de privacidad de Mailchimp, aqu\u00ed.<\/a>\u00a0<\/p>\n<p><a href=\"https:\/\/mailchimp.com\/legal\/\" target=\"_blank\" rel=\"noopener noreferrer\"> <\/a><\/p>\n<p><a href=\"https:\/\/mailchimp.com\/legal\/\" target=\"_blank\" rel=\"noopener noreferrer\"><\/a><\/p>\n<\/div>\n<\/div>\n<div id=\"mce-responses\" class=\"clear\" style=\"text-align: center;\">\n<div id=\"mce-error-response\" class=\"response\" style=\"display: none;\"><\/div>\n<div id=\"mce-success-response\" class=\"response\" style=\"display: none;\"><\/div>\n<\/div>\n<p style=\"text-align: center;\"><!-- real people should not fill this in and expect good things - do not remove this or risk form bot signups--><\/p>\n<div style=\"position: absolute; left: -5000px; text-align: center;\" aria-hidden=\"true\"><input name=\"b_b1d5118a22f294b14916741e1_5a3976d60e\" type=\"text\" value=\"\" tabindex=\"-1\" \/><\/div>\n<div class=\"clear\" style=\"text-align: center;\"><input id=\"mc-embedded-subscribe\" class=\"button\" name=\"subscribe\" type=\"submit\" value=\"Subscribe\" \/><\/div>\n<\/div>\n<\/form>\n<\/div>\n<p>\u00a0<span style=\"font-size: 16px;\">\u00a0<\/span><\/p>\n<p>[\/et_pb_text][\/et_pb_column][et_pb_column type=\u00bb1_4&#8243; _builder_version=\u00bb3.0.47&#8243;][\/et_pb_column][\/et_pb_row][\/et_pb_section]<\/p>","protected":false},"excerpt":{"rendered":"<p>NEWSLETTER Bienvenido a nuestra Newsletter. Aqu\u00ed iremos publicaremos noticias y promociones relacionadas con nuestro sector. SUSCRIBETE \u00bfQuieres estar al d\u00eda de las \u00faltimas novedades? Suscribete &nbsp; Empresa Nombre\u00a0* Apellido\u00a0* Email\u00a0* Consentimiento UC Maquinaria utilizar\u00e1 la informaci\u00f3n que proporcione en este formulario para estar en contacto con usted y brindarle actualizaciones y noticias de inter\u00e9s. He [&hellip;]<\/p>\n","protected":false},"author":2,"featured_media":1679,"parent":0,"menu_order":0,"comment_status":"open","ping_status":"closed","template":"","meta":{"_et_pb_use_builder":"on","_et_pb_old_content":"","_et_gb_content_width":"","footnotes":""},"class_list":["post-1162","page","type-page","status-publish","has-post-thumbnail","hentry"],"yoast_head":"<!-- This site is optimized with the Yoast SEO plugin v23.9 - https:\/\/yoast.com\/wordpress\/plugins\/seo\/ -->\n<title>Newsletter - Tallers uc<\/title>\n<meta name=\"robots\" content=\"index, follow, max-snippet:-1, max-image-preview:large, max-video-preview:-1\" \/>\n<link rel=\"canonical\" href=\"https:\/\/tallersuc.es\/es\/newsletter\/\" \/>\n<meta property=\"og:locale\" content=\"es_ES\" \/>\n<meta property=\"og:type\" content=\"article\" \/>\n<meta property=\"og:title\" content=\"Newsletter - Tallers uc\" \/>\n<meta property=\"og:description\" content=\"NEWSLETTER Bienvenido a nuestra Newsletter. Aqu\u00ed iremos publicaremos noticias y promociones relacionadas con nuestro sector. SUSCRIBETE \u00bfQuieres estar al d\u00eda de las \u00faltimas novedades? Suscribete &nbsp; Empresa Nombre\u00a0* Apellido\u00a0* Email\u00a0* Consentimiento UC Maquinaria utilizar\u00e1 la informaci\u00f3n que proporcione en este formulario para estar en contacto con usted y brindarle actualizaciones y noticias de inter\u00e9s. He [&hellip;]\" \/>\n<meta property=\"og:url\" content=\"https:\/\/tallersuc.es\/es\/newsletter\/\" \/>\n<meta property=\"og:site_name\" content=\"Tallers uc\" \/>\n<meta property=\"article:modified_time\" content=\"2019-07-12T13:53:42+00:00\" \/>\n<meta name=\"twitter:card\" content=\"summary_large_image\" \/>\n<meta name=\"twitter:label1\" content=\"Tiempo de lectura\" \/>\n\t<meta name=\"twitter:data1\" content=\"9 minutos\" \/>\n<script type=\"application\/ld+json\" class=\"yoast-schema-graph\">{\"@context\":\"https:\/\/schema.org\",\"@graph\":[{\"@type\":\"WebPage\",\"@id\":\"https:\/\/tallersuc.es\/es\/newsletter\/\",\"url\":\"https:\/\/tallersuc.es\/es\/newsletter\/\",\"name\":\"Newsletter - Tallers uc\",\"isPartOf\":{\"@id\":\"https:\/\/tallersuc.es\/es\/#website\"},\"primaryImageOfPage\":{\"@id\":\"https:\/\/tallersuc.es\/es\/newsletter\/#primaryimage\"},\"image\":{\"@id\":\"https:\/\/tallersuc.es\/es\/newsletter\/#primaryimage\"},\"thumbnailUrl\":\"\",\"datePublished\":\"2014-02-20T11:59:05+00:00\",\"dateModified\":\"2019-07-12T13:53:42+00:00\",\"breadcrumb\":{\"@id\":\"https:\/\/tallersuc.es\/es\/newsletter\/#breadcrumb\"},\"inLanguage\":\"es\",\"potentialAction\":[{\"@type\":\"ReadAction\",\"target\":[[\"https:\/\/tallersuc.es\/es\/newsletter\/\"]]}]},{\"@type\":\"ImageObject\",\"inLanguage\":\"es\",\"@id\":\"https:\/\/tallersuc.es\/es\/newsletter\/#primaryimage\",\"url\":\"\",\"contentUrl\":\"\"},{\"@type\":\"BreadcrumbList\",\"@id\":\"https:\/\/tallersuc.es\/es\/newsletter\/#breadcrumb\",\"itemListElement\":[{\"@type\":\"ListItem\",\"position\":1,\"name\":\"Portada\",\"item\":\"https:\/\/tallersuc.es\/es\/\"},{\"@type\":\"ListItem\",\"position\":2,\"name\":\"Newsletter\"}]},{\"@type\":\"WebSite\",\"@id\":\"https:\/\/tallersuc.es\/es\/#website\",\"url\":\"https:\/\/tallersuc.es\/es\/\",\"name\":\"Tallers uc\",\"description\":\"\",\"publisher\":{\"@id\":\"https:\/\/tallersuc.es\/es\/#organization\"},\"potentialAction\":[{\"@type\":\"SearchAction\",\"target\":{\"@type\":\"EntryPoint\",\"urlTemplate\":\"https:\/\/tallersuc.es\/es\/?s={search_term_string}\"},\"query-input\":{\"@type\":\"PropertyValueSpecification\",\"valueRequired\":true,\"valueName\":\"search_term_string\"}}],\"inLanguage\":\"es\"},{\"@type\":\"Organization\",\"@id\":\"https:\/\/tallersuc.es\/es\/#organization\",\"name\":\"Tallers UC\",\"url\":\"https:\/\/tallersuc.es\/es\/\",\"logo\":{\"@type\":\"ImageObject\",\"inLanguage\":\"es\",\"@id\":\"https:\/\/tallersuc.es\/es\/#\/schema\/logo\/image\/\",\"url\":\"https:\/\/tallersuc.es\/wp-content\/uploads\/2017\/04\/favicon-gran.jpg\",\"contentUrl\":\"https:\/\/tallersuc.es\/wp-content\/uploads\/2017\/04\/favicon-gran.jpg\",\"width\":954,\"height\":954,\"caption\":\"Tallers UC\"},\"image\":{\"@id\":\"https:\/\/tallersuc.es\/es\/#\/schema\/logo\/image\/\"}}]}<\/script>\n<!-- \/ Yoast SEO plugin. -->","yoast_head_json":{"title":"Newsletter - Tallers uc","robots":{"index":"index","follow":"follow","max-snippet":"max-snippet:-1","max-image-preview":"max-image-preview:large","max-video-preview":"max-video-preview:-1"},"canonical":"https:\/\/tallersuc.es\/es\/newsletter\/","og_locale":"es_ES","og_type":"article","og_title":"Newsletter - Tallers uc","og_description":"NEWSLETTER Bienvenido a nuestra Newsletter. Aqu\u00ed iremos publicaremos noticias y promociones relacionadas con nuestro sector. SUSCRIBETE \u00bfQuieres estar al d\u00eda de las \u00faltimas novedades? Suscribete &nbsp; Empresa Nombre\u00a0* Apellido\u00a0* Email\u00a0* Consentimiento UC Maquinaria utilizar\u00e1 la informaci\u00f3n que proporcione en este formulario para estar en contacto con usted y brindarle actualizaciones y noticias de inter\u00e9s. He [&hellip;]","og_url":"https:\/\/tallersuc.es\/es\/newsletter\/","og_site_name":"Tallers uc","article_modified_time":"2019-07-12T13:53:42+00:00","twitter_card":"summary_large_image","twitter_misc":{"Tiempo de lectura":"9 minutos"},"schema":{"@context":"https:\/\/schema.org","@graph":[{"@type":"WebPage","@id":"https:\/\/tallersuc.es\/es\/newsletter\/","url":"https:\/\/tallersuc.es\/es\/newsletter\/","name":"Newsletter - Tallers uc","isPartOf":{"@id":"https:\/\/tallersuc.es\/es\/#website"},"primaryImageOfPage":{"@id":"https:\/\/tallersuc.es\/es\/newsletter\/#primaryimage"},"image":{"@id":"https:\/\/tallersuc.es\/es\/newsletter\/#primaryimage"},"thumbnailUrl":"","datePublished":"2014-02-20T11:59:05+00:00","dateModified":"2019-07-12T13:53:42+00:00","breadcrumb":{"@id":"https:\/\/tallersuc.es\/es\/newsletter\/#breadcrumb"},"inLanguage":"es","potentialAction":[{"@type":"ReadAction","target":[["https:\/\/tallersuc.es\/es\/newsletter\/"]]}]},{"@type":"ImageObject","inLanguage":"es","@id":"https:\/\/tallersuc.es\/es\/newsletter\/#primaryimage","url":"","contentUrl":""},{"@type":"BreadcrumbList","@id":"https:\/\/tallersuc.es\/es\/newsletter\/#breadcrumb","itemListElement":[{"@type":"ListItem","position":1,"name":"Portada","item":"https:\/\/tallersuc.es\/es\/"},{"@type":"ListItem","position":2,"name":"Newsletter"}]},{"@type":"WebSite","@id":"https:\/\/tallersuc.es\/es\/#website","url":"https:\/\/tallersuc.es\/es\/","name":"Tallers uc","description":"","publisher":{"@id":"https:\/\/tallersuc.es\/es\/#organization"},"potentialAction":[{"@type":"SearchAction","target":{"@type":"EntryPoint","urlTemplate":"https:\/\/tallersuc.es\/es\/?s={search_term_string}"},"query-input":{"@type":"PropertyValueSpecification","valueRequired":true,"valueName":"search_term_string"}}],"inLanguage":"es"},{"@type":"Organization","@id":"https:\/\/tallersuc.es\/es\/#organization","name":"Tallers UC","url":"https:\/\/tallersuc.es\/es\/","logo":{"@type":"ImageObject","inLanguage":"es","@id":"https:\/\/tallersuc.es\/es\/#\/schema\/logo\/image\/","url":"https:\/\/tallersuc.es\/wp-content\/uploads\/2017\/04\/favicon-gran.jpg","contentUrl":"https:\/\/tallersuc.es\/wp-content\/uploads\/2017\/04\/favicon-gran.jpg","width":954,"height":954,"caption":"Tallers UC"},"image":{"@id":"https:\/\/tallersuc.es\/es\/#\/schema\/logo\/image\/"}}]}},"_links":{"self":[{"href":"https:\/\/tallersuc.es\/es\/wp-json\/wp\/v2\/pages\/1162","targetHints":{"allow":["GET"]}}],"collection":[{"href":"https:\/\/tallersuc.es\/es\/wp-json\/wp\/v2\/pages"}],"about":[{"href":"https:\/\/tallersuc.es\/es\/wp-json\/wp\/v2\/types\/page"}],"author":[{"embeddable":true,"href":"https:\/\/tallersuc.es\/es\/wp-json\/wp\/v2\/users\/2"}],"replies":[{"embeddable":true,"href":"https:\/\/tallersuc.es\/es\/wp-json\/wp\/v2\/comments?post=1162"}],"version-history":[{"count":0,"href":"https:\/\/tallersuc.es\/es\/wp-json\/wp\/v2\/pages\/1162\/revisions"}],"wp:featuredmedia":[{"embeddable":true,"href":"https:\/\/tallersuc.es\/es\/wp-json\/"}],"wp:attachment":[{"href":"https:\/\/tallersuc.es\/es\/wp-json\/wp\/v2\/media?parent=1162"}],"curies":[{"name":"wp","href":"https:\/\/api.w.org\/{rel}","templated":true}]}}