{"id":1668,"date":"2017-01-27T18:38:09","date_gmt":"2017-01-27T17:38:09","guid":{"rendered":"https:\/\/tallersuc.es\/?post_type=product&#038;p=1668"},"modified":"2019-07-09T17:54:24","modified_gmt":"2019-07-09T15:54:24","slug":"roscadora-d-51-03","status":"publish","type":"product","link":"https:\/\/tallersuc.es\/en\/producto\/roscadora-d-51-03\/","title":{"rendered":"Threader D.51.03"},"content":{"rendered":"","protected":false},"excerpt":{"rendered":"<p>Automatic closing station equipped with magnetic clutch system with the possibility of regulating the tightening torque. It has presence detector that stops the machine if there is no stopper in the bottle.<\/p>\n<p>TECHNICAL CHARACTERISTICS:<br \/>\n&#8211; Units per hour: 2,500<br \/>\n&#8211; Supply voltage: 380 &#8211; 400 V C.A.<br \/>\nThree-phase + Neutral<br \/>\n&#8211; Power: 200 W &#8211; 1.9 A<br \/>\n&#8211; Control voltage: 24 V D.C.<br \/>\n&#8211; Frequency: 48 &#8211; 52 Hz.<br \/>\n&#8211; Pneumatic Feeding: 6 &#8211; 7 Bar<\/p>\n<p><span style=\"color: #000000;\">Product Card: <a href=\"https:\/\/tallersuc.es\/wp-content\/uploads\/2017\/05\/ROSCADORA-D51.03.pdf\">ROSCADORA D51.03<\/a><\/span><\/p>\n<p>&nbsp;<\/p>\n","protected":false},"featured_media":4679,"comment_status":"open","ping_status":"closed","template":"","meta":{"_et_pb_use_builder":"","_et_pb_old_content":"","_et_gb_content_width":""},"product_cat":[70],"product_tag":[134],"class_list":{"0":"post-1668","1":"product","2":"type-product","3":"status-publish","4":"has-post-thumbnail","6":"product_cat-automaticas","7":"product_tag-automaticas","9":"first","10":"instock","11":"shipping-taxable","12":"product-type-simple"},"yoast_head":"<!-- This site is optimized with the Yoast SEO plugin v23.9 - https:\/\/yoast.com\/wordpress\/plugins\/seo\/ -->\n<title>Roscadora Autom\u00e1tica - UC Maquinaria - Maquinaria para envasado<\/title>\n<meta name=\"description\" content=\"Roscadora autom\u00e1tica, Roscadora autom\u00e1tica Pilfer Proof, M\u00e1quina para envasado, M\u00e1quina para roscar botellas, M\u00e1quina roscado autom\u00e1tica\" \/>\n<meta name=\"robots\" content=\"index, follow, max-snippet:-1, max-image-preview:large, max-video-preview:-1\" \/>\n<link rel=\"canonical\" href=\"https:\/\/tallersuc.es\/en\/producto\/roscadora-d-51-03\/\" \/>\n<meta property=\"og:locale\" content=\"en_US\" \/>\n<meta property=\"og:type\" content=\"article\" \/>\n<meta property=\"og:title\" content=\"Roscadora Autom\u00e1tica - UC Maquinaria - Maquinaria para envasado\" \/>\n<meta property=\"og:description\" content=\"Roscadora autom\u00e1tica, Roscadora autom\u00e1tica Pilfer Proof, M\u00e1quina para envasado, M\u00e1quina para roscar botellas, M\u00e1quina roscado autom\u00e1tica\" \/>\n<meta property=\"og:url\" content=\"https:\/\/tallersuc.es\/en\/producto\/roscadora-d-51-03\/\" \/>\n<meta property=\"og:site_name\" content=\"Tallers uc\" \/>\n<meta property=\"article:modified_time\" content=\"2019-07-09T15:54:24+00:00\" \/>\n<meta property=\"og:image\" content=\"https:\/\/tallersuc.es\/wp-content\/uploads\/2017\/01\/Roscador-D5103.jpg\" \/>\n\t<meta property=\"og:image:width\" content=\"700\" \/>\n\t<meta property=\"og:image:height\" content=\"600\" \/>\n\t<meta property=\"og:image:type\" content=\"image\/jpeg\" \/>\n<meta name=\"twitter:card\" content=\"summary_large_image\" \/>\n<script type=\"application\/ld+json\" class=\"yoast-schema-graph\">{\"@context\":\"https:\/\/schema.org\",\"@graph\":[{\"@type\":\"WebPage\",\"@id\":\"https:\/\/tallersuc.es\/en\/producto\/roscadora-d-51-03\/\",\"url\":\"https:\/\/tallersuc.es\/en\/producto\/roscadora-d-51-03\/\",\"name\":\"Roscadora Autom\u00e1tica - UC Maquinaria - Maquinaria para envasado\",\"isPartOf\":{\"@id\":\"https:\/\/tallersuc.es\/en\/#website\"},\"primaryImageOfPage\":{\"@id\":\"https:\/\/tallersuc.es\/en\/producto\/roscadora-d-51-03\/#primaryimage\"},\"image\":{\"@id\":\"https:\/\/tallersuc.es\/es\/producto\/roscadora-d-51-03\/#primaryimage\"},\"thumbnailUrl\":\"https:\/\/tallersuc.es\/wp-content\/uploads\/2017\/01\/Roscador-D5103.jpg\",\"datePublished\":\"2017-01-27T17:38:09+00:00\",\"dateModified\":\"2019-07-09T15:54:24+00:00\",\"description\":\"Roscadora autom\u00e1tica, Roscadora autom\u00e1tica Pilfer Proof, M\u00e1quina para envasado, M\u00e1quina para roscar botellas, M\u00e1quina roscado autom\u00e1tica\",\"breadcrumb\":{\"@id\":\"https:\/\/tallersuc.es\/en\/producto\/roscadora-d-51-03\/#breadcrumb\"},\"inLanguage\":\"en-US\",\"potentialAction\":[{\"@type\":\"ReadAction\",\"target\":[[\"https:\/\/tallersuc.es\/en\/producto\/roscadora-d-51-03\/\"]]}]},{\"@type\":\"ImageObject\",\"inLanguage\":\"en-US\",\"@id\":\"https:\/\/tallersuc.es\/en\/producto\/roscadora-d-51-03\/#primaryimage\",\"url\":\"https:\/\/tallersuc.es\/wp-content\/uploads\/2017\/01\/Roscador-D5103.jpg\",\"contentUrl\":\"https:\/\/tallersuc.es\/wp-content\/uploads\/2017\/01\/Roscador-D5103.jpg\",\"width\":700,\"height\":600},{\"@type\":\"BreadcrumbList\",\"@id\":\"https:\/\/tallersuc.es\/en\/producto\/roscadora-d-51-03\/#breadcrumb\",\"itemListElement\":[{\"@type\":\"ListItem\",\"position\":1,\"name\":\"Portada\",\"item\":\"https:\/\/tallersuc.es\/en\/\"},{\"@type\":\"ListItem\",\"position\":2,\"name\":\"Productos\",\"item\":\"https:\/\/tallersuc.es\/en\/shop\/\"},{\"@type\":\"ListItem\",\"position\":3,\"name\":\"Roscadora Autom\u00e1tica D.51.03\"}]},{\"@type\":\"WebSite\",\"@id\":\"https:\/\/tallersuc.es\/en\/#website\",\"url\":\"https:\/\/tallersuc.es\/en\/\",\"name\":\"Tallers uc\",\"description\":\"\",\"publisher\":{\"@id\":\"https:\/\/tallersuc.es\/en\/#organization\"},\"potentialAction\":[{\"@type\":\"SearchAction\",\"target\":{\"@type\":\"EntryPoint\",\"urlTemplate\":\"https:\/\/tallersuc.es\/en\/?s={search_term_string}\"},\"query-input\":{\"@type\":\"PropertyValueSpecification\",\"valueRequired\":true,\"valueName\":\"search_term_string\"}}],\"inLanguage\":\"en-US\"},{\"@type\":\"Organization\",\"@id\":\"https:\/\/tallersuc.es\/en\/#organization\",\"name\":\"Tallers UC\",\"url\":\"https:\/\/tallersuc.es\/en\/\",\"logo\":{\"@type\":\"ImageObject\",\"inLanguage\":\"en-US\",\"@id\":\"https:\/\/tallersuc.es\/en\/#\/schema\/logo\/image\/\",\"url\":\"https:\/\/tallersuc.es\/wp-content\/uploads\/2017\/04\/favicon-gran.jpg\",\"contentUrl\":\"https:\/\/tallersuc.es\/wp-content\/uploads\/2017\/04\/favicon-gran.jpg\",\"width\":954,\"height\":954,\"caption\":\"Tallers UC\"},\"image\":{\"@id\":\"https:\/\/tallersuc.es\/en\/#\/schema\/logo\/image\/\"}}]}<\/script>\n<!-- \/ Yoast SEO plugin. -->","yoast_head_json":{"title":"Roscadora Autom\u00e1tica - UC Maquinaria - Maquinaria para envasado","description":"Roscadora autom\u00e1tica, Roscadora autom\u00e1tica Pilfer Proof, M\u00e1quina para envasado, M\u00e1quina para roscar botellas, M\u00e1quina roscado autom\u00e1tica","robots":{"index":"index","follow":"follow","max-snippet":"max-snippet:-1","max-image-preview":"max-image-preview:large","max-video-preview":"max-video-preview:-1"},"canonical":"https:\/\/tallersuc.es\/en\/producto\/roscadora-d-51-03\/","og_locale":"en_US","og_type":"article","og_title":"Roscadora Autom\u00e1tica - UC Maquinaria - Maquinaria para envasado","og_description":"Roscadora autom\u00e1tica, Roscadora autom\u00e1tica Pilfer Proof, M\u00e1quina para envasado, M\u00e1quina para roscar botellas, M\u00e1quina roscado autom\u00e1tica","og_url":"https:\/\/tallersuc.es\/en\/producto\/roscadora-d-51-03\/","og_site_name":"Tallers uc","article_modified_time":"2019-07-09T15:54:24+00:00","og_image":[{"width":700,"height":600,"url":"https:\/\/tallersuc.es\/wp-content\/uploads\/2017\/01\/Roscador-D5103.jpg","type":"image\/jpeg"}],"twitter_card":"summary_large_image","schema":{"@context":"https:\/\/schema.org","@graph":[{"@type":"WebPage","@id":"https:\/\/tallersuc.es\/en\/producto\/roscadora-d-51-03\/","url":"https:\/\/tallersuc.es\/en\/producto\/roscadora-d-51-03\/","name":"Roscadora Autom\u00e1tica - UC Maquinaria - Maquinaria para envasado","isPartOf":{"@id":"https:\/\/tallersuc.es\/en\/#website"},"primaryImageOfPage":{"@id":"https:\/\/tallersuc.es\/en\/producto\/roscadora-d-51-03\/#primaryimage"},"image":{"@id":"https:\/\/tallersuc.es\/es\/producto\/roscadora-d-51-03\/#primaryimage"},"thumbnailUrl":"https:\/\/tallersuc.es\/wp-content\/uploads\/2017\/01\/Roscador-D5103.jpg","datePublished":"2017-01-27T17:38:09+00:00","dateModified":"2019-07-09T15:54:24+00:00","description":"Roscadora autom\u00e1tica, Roscadora autom\u00e1tica Pilfer Proof, M\u00e1quina para envasado, M\u00e1quina para roscar botellas, M\u00e1quina roscado autom\u00e1tica","breadcrumb":{"@id":"https:\/\/tallersuc.es\/en\/producto\/roscadora-d-51-03\/#breadcrumb"},"inLanguage":"en-US","potentialAction":[{"@type":"ReadAction","target":[["https:\/\/tallersuc.es\/en\/producto\/roscadora-d-51-03\/"]]}]},{"@type":"ImageObject","inLanguage":"en-US","@id":"https:\/\/tallersuc.es\/en\/producto\/roscadora-d-51-03\/#primaryimage","url":"https:\/\/tallersuc.es\/wp-content\/uploads\/2017\/01\/Roscador-D5103.jpg","contentUrl":"https:\/\/tallersuc.es\/wp-content\/uploads\/2017\/01\/Roscador-D5103.jpg","width":700,"height":600},{"@type":"BreadcrumbList","@id":"https:\/\/tallersuc.es\/en\/producto\/roscadora-d-51-03\/#breadcrumb","itemListElement":[{"@type":"ListItem","position":1,"name":"Portada","item":"https:\/\/tallersuc.es\/en\/"},{"@type":"ListItem","position":2,"name":"Productos","item":"https:\/\/tallersuc.es\/en\/shop\/"},{"@type":"ListItem","position":3,"name":"Roscadora Autom\u00e1tica D.51.03"}]},{"@type":"WebSite","@id":"https:\/\/tallersuc.es\/en\/#website","url":"https:\/\/tallersuc.es\/en\/","name":"Tallers uc","description":"","publisher":{"@id":"https:\/\/tallersuc.es\/en\/#organization"},"potentialAction":[{"@type":"SearchAction","target":{"@type":"EntryPoint","urlTemplate":"https:\/\/tallersuc.es\/en\/?s={search_term_string}"},"query-input":{"@type":"PropertyValueSpecification","valueRequired":true,"valueName":"search_term_string"}}],"inLanguage":"en-US"},{"@type":"Organization","@id":"https:\/\/tallersuc.es\/en\/#organization","name":"Tallers UC","url":"https:\/\/tallersuc.es\/en\/","logo":{"@type":"ImageObject","inLanguage":"en-US","@id":"https:\/\/tallersuc.es\/en\/#\/schema\/logo\/image\/","url":"https:\/\/tallersuc.es\/wp-content\/uploads\/2017\/04\/favicon-gran.jpg","contentUrl":"https:\/\/tallersuc.es\/wp-content\/uploads\/2017\/04\/favicon-gran.jpg","width":954,"height":954,"caption":"Tallers UC"},"image":{"@id":"https:\/\/tallersuc.es\/en\/#\/schema\/logo\/image\/"}}]}},"_links":{"self":[{"href":"https:\/\/tallersuc.es\/en\/wp-json\/wp\/v2\/product\/1668","targetHints":{"allow":["GET"]}}],"collection":[{"href":"https:\/\/tallersuc.es\/en\/wp-json\/wp\/v2\/product"}],"about":[{"href":"https:\/\/tallersuc.es\/en\/wp-json\/wp\/v2\/types\/product"}],"replies":[{"embeddable":true,"href":"https:\/\/tallersuc.es\/en\/wp-json\/wp\/v2\/comments?post=1668"}],"wp:featuredmedia":[{"embeddable":true,"href":"https:\/\/tallersuc.es\/en\/wp-json\/wp\/v2\/media\/4679"}],"wp:attachment":[{"href":"https:\/\/tallersuc.es\/en\/wp-json\/wp\/v2\/media?parent=1668"}],"wp:term":[{"taxonomy":"product_cat","embeddable":true,"href":"https:\/\/tallersuc.es\/en\/wp-json\/wp\/v2\/product_cat?post=1668"},{"taxonomy":"product_tag","embeddable":true,"href":"https:\/\/tallersuc.es\/en\/wp-json\/wp\/v2\/product_tag?post=1668"}],"curies":[{"name":"wp","href":"https:\/\/api.w.org\/{rel}","templated":true}]}}