{"id":1542,"date":"2017-01-24T13:53:53","date_gmt":"2017-01-24T12:53:53","guid":{"rendered":"https:\/\/tallersuc.es\/?post_type=product&#038;p=1542&#038;lang=es"},"modified":"2017-03-06T17:30:11","modified_gmt":"2017-03-06T16:30:11","slug":"monoblock","status":"publish","type":"product","link":"https:\/\/tallersuc.es\/en\/producto\/monoblock\/","title":{"rendered":"Monoblock"},"content":{"rendered":"<p>M\u00e1quinas autom\u00e1ticas que en el mismo plato estrella se realizan varias operaciones.<\/p>\n<p>MONOBLOC TIPO B<\/p>\n<p>Tres dosificadores de llenado, alimentaci\u00f3n autom\u00e1tica de las v\u00e1lvulas, cabezal de rebordeado por rulinas. Alimentaci\u00f3n autom\u00e1tica de cubre v\u00e1lvulas a presi\u00f3n.<\/p>\n<p>MONOBLOC TIPO BRE<\/p>\n<p>Tres dosificadores de llenado. Alimentaci\u00f3n autom\u00e1tica de c\u00e1psulas, cabezal roscado.<\/p>\n","protected":false},"excerpt":{"rendered":"<p>M\u00e1quinas autom\u00e1ticas que en el mismo plato estrella se realizan varias operaciones. MONOBLOC TIPO B Tres dosificadores de llenado, alimentaci\u00f3n autom\u00e1tica de las v\u00e1lvulas, cabezal de rebordeado por rulinas. Alimentaci\u00f3n autom\u00e1tica de cubre v\u00e1lvulas a presi\u00f3n. MONOBLOC TIPO BRE Tres dosificadores de llenado. Alimentaci\u00f3n autom\u00e1tica de c\u00e1psulas, cabezal roscado.<\/p>\n","protected":false},"featured_media":0,"comment_status":"open","ping_status":"closed","template":"","meta":{"_et_pb_use_builder":"","_et_pb_old_content":"","_et_gb_content_width":""},"product_cat":[63],"product_tag":[113,110,111,112],"class_list":{"0":"post-1542","1":"product","2":"type-product","3":"status-publish","5":"product_cat-maquinaria","6":"product_tag-dosificadores","7":"product_tag-monobloc-tipo-b","8":"product_tag-monobloc-tipo-bre","9":"product_tag-monoblock","11":"first","12":"instock","13":"shipping-taxable","14":"product-type-simple"},"yoast_head":"<!-- This site is optimized with the Yoast SEO plugin v23.9 - https:\/\/yoast.com\/wordpress\/plugins\/seo\/ -->\n<title>Monoblock - Tallers uc<\/title>\n<meta name=\"robots\" content=\"index, follow, max-snippet:-1, max-image-preview:large, max-video-preview:-1\" \/>\n<link rel=\"canonical\" href=\"https:\/\/tallersuc.es\/en\/producto\/monoblock\/\" \/>\n<meta property=\"og:locale\" content=\"en_US\" \/>\n<meta property=\"og:type\" content=\"article\" \/>\n<meta property=\"og:title\" content=\"Monoblock - Tallers uc\" \/>\n<meta property=\"og:description\" content=\"M\u00e1quinas autom\u00e1ticas que en el mismo plato estrella se realizan varias operaciones. MONOBLOC TIPO B Tres dosificadores de llenado, alimentaci\u00f3n autom\u00e1tica de las v\u00e1lvulas, cabezal de rebordeado por rulinas. Alimentaci\u00f3n autom\u00e1tica de cubre v\u00e1lvulas a presi\u00f3n. MONOBLOC TIPO BRE Tres dosificadores de llenado. Alimentaci\u00f3n autom\u00e1tica de c\u00e1psulas, cabezal roscado.\" \/>\n<meta property=\"og:url\" content=\"https:\/\/tallersuc.es\/en\/producto\/monoblock\/\" \/>\n<meta property=\"og:site_name\" content=\"Tallers uc\" \/>\n<meta property=\"article:modified_time\" content=\"2017-03-06T16:30:11+00:00\" \/>\n<meta name=\"twitter:card\" content=\"summary_large_image\" \/>\n<script type=\"application\/ld+json\" class=\"yoast-schema-graph\">{\"@context\":\"https:\/\/schema.org\",\"@graph\":[{\"@type\":\"WebPage\",\"@id\":\"https:\/\/tallersuc.es\/en\/producto\/monoblock\/\",\"url\":\"https:\/\/tallersuc.es\/en\/producto\/monoblock\/\",\"name\":\"Monoblock - Tallers uc\",\"isPartOf\":{\"@id\":\"https:\/\/tallersuc.es\/en\/#website\"},\"datePublished\":\"2017-01-24T12:53:53+00:00\",\"dateModified\":\"2017-03-06T16:30:11+00:00\",\"breadcrumb\":{\"@id\":\"https:\/\/tallersuc.es\/en\/producto\/monoblock\/#breadcrumb\"},\"inLanguage\":\"en-US\",\"potentialAction\":[{\"@type\":\"ReadAction\",\"target\":[[\"https:\/\/tallersuc.es\/en\/producto\/monoblock\/\"]]}]},{\"@type\":\"BreadcrumbList\",\"@id\":\"https:\/\/tallersuc.es\/en\/producto\/monoblock\/#breadcrumb\",\"itemListElement\":[{\"@type\":\"ListItem\",\"position\":1,\"name\":\"Portada\",\"item\":\"https:\/\/tallersuc.es\/en\/\"},{\"@type\":\"ListItem\",\"position\":2,\"name\":\"Productos\",\"item\":\"https:\/\/tallersuc.es\/en\/shop\/\"},{\"@type\":\"ListItem\",\"position\":3,\"name\":\"Monoblock\"}]},{\"@type\":\"WebSite\",\"@id\":\"https:\/\/tallersuc.es\/en\/#website\",\"url\":\"https:\/\/tallersuc.es\/en\/\",\"name\":\"Tallers uc\",\"description\":\"\",\"publisher\":{\"@id\":\"https:\/\/tallersuc.es\/en\/#organization\"},\"potentialAction\":[{\"@type\":\"SearchAction\",\"target\":{\"@type\":\"EntryPoint\",\"urlTemplate\":\"https:\/\/tallersuc.es\/en\/?s={search_term_string}\"},\"query-input\":{\"@type\":\"PropertyValueSpecification\",\"valueRequired\":true,\"valueName\":\"search_term_string\"}}],\"inLanguage\":\"en-US\"},{\"@type\":\"Organization\",\"@id\":\"https:\/\/tallersuc.es\/en\/#organization\",\"name\":\"Tallers UC\",\"url\":\"https:\/\/tallersuc.es\/en\/\",\"logo\":{\"@type\":\"ImageObject\",\"inLanguage\":\"en-US\",\"@id\":\"https:\/\/tallersuc.es\/en\/#\/schema\/logo\/image\/\",\"url\":\"https:\/\/tallersuc.es\/wp-content\/uploads\/2017\/04\/favicon-gran.jpg\",\"contentUrl\":\"https:\/\/tallersuc.es\/wp-content\/uploads\/2017\/04\/favicon-gran.jpg\",\"width\":954,\"height\":954,\"caption\":\"Tallers UC\"},\"image\":{\"@id\":\"https:\/\/tallersuc.es\/en\/#\/schema\/logo\/image\/\"}}]}<\/script>\n<!-- \/ Yoast SEO plugin. -->","yoast_head_json":{"title":"Monoblock - Tallers uc","robots":{"index":"index","follow":"follow","max-snippet":"max-snippet:-1","max-image-preview":"max-image-preview:large","max-video-preview":"max-video-preview:-1"},"canonical":"https:\/\/tallersuc.es\/en\/producto\/monoblock\/","og_locale":"en_US","og_type":"article","og_title":"Monoblock - Tallers uc","og_description":"M\u00e1quinas autom\u00e1ticas que en el mismo plato estrella se realizan varias operaciones. MONOBLOC TIPO B Tres dosificadores de llenado, alimentaci\u00f3n autom\u00e1tica de las v\u00e1lvulas, cabezal de rebordeado por rulinas. Alimentaci\u00f3n autom\u00e1tica de cubre v\u00e1lvulas a presi\u00f3n. MONOBLOC TIPO BRE Tres dosificadores de llenado. Alimentaci\u00f3n autom\u00e1tica de c\u00e1psulas, cabezal roscado.","og_url":"https:\/\/tallersuc.es\/en\/producto\/monoblock\/","og_site_name":"Tallers uc","article_modified_time":"2017-03-06T16:30:11+00:00","twitter_card":"summary_large_image","schema":{"@context":"https:\/\/schema.org","@graph":[{"@type":"WebPage","@id":"https:\/\/tallersuc.es\/en\/producto\/monoblock\/","url":"https:\/\/tallersuc.es\/en\/producto\/monoblock\/","name":"Monoblock - Tallers uc","isPartOf":{"@id":"https:\/\/tallersuc.es\/en\/#website"},"datePublished":"2017-01-24T12:53:53+00:00","dateModified":"2017-03-06T16:30:11+00:00","breadcrumb":{"@id":"https:\/\/tallersuc.es\/en\/producto\/monoblock\/#breadcrumb"},"inLanguage":"en-US","potentialAction":[{"@type":"ReadAction","target":[["https:\/\/tallersuc.es\/en\/producto\/monoblock\/"]]}]},{"@type":"BreadcrumbList","@id":"https:\/\/tallersuc.es\/en\/producto\/monoblock\/#breadcrumb","itemListElement":[{"@type":"ListItem","position":1,"name":"Portada","item":"https:\/\/tallersuc.es\/en\/"},{"@type":"ListItem","position":2,"name":"Productos","item":"https:\/\/tallersuc.es\/en\/shop\/"},{"@type":"ListItem","position":3,"name":"Monoblock"}]},{"@type":"WebSite","@id":"https:\/\/tallersuc.es\/en\/#website","url":"https:\/\/tallersuc.es\/en\/","name":"Tallers uc","description":"","publisher":{"@id":"https:\/\/tallersuc.es\/en\/#organization"},"potentialAction":[{"@type":"SearchAction","target":{"@type":"EntryPoint","urlTemplate":"https:\/\/tallersuc.es\/en\/?s={search_term_string}"},"query-input":{"@type":"PropertyValueSpecification","valueRequired":true,"valueName":"search_term_string"}}],"inLanguage":"en-US"},{"@type":"Organization","@id":"https:\/\/tallersuc.es\/en\/#organization","name":"Tallers UC","url":"https:\/\/tallersuc.es\/en\/","logo":{"@type":"ImageObject","inLanguage":"en-US","@id":"https:\/\/tallersuc.es\/en\/#\/schema\/logo\/image\/","url":"https:\/\/tallersuc.es\/wp-content\/uploads\/2017\/04\/favicon-gran.jpg","contentUrl":"https:\/\/tallersuc.es\/wp-content\/uploads\/2017\/04\/favicon-gran.jpg","width":954,"height":954,"caption":"Tallers UC"},"image":{"@id":"https:\/\/tallersuc.es\/en\/#\/schema\/logo\/image\/"}}]}},"_links":{"self":[{"href":"https:\/\/tallersuc.es\/en\/wp-json\/wp\/v2\/product\/1542","targetHints":{"allow":["GET"]}}],"collection":[{"href":"https:\/\/tallersuc.es\/en\/wp-json\/wp\/v2\/product"}],"about":[{"href":"https:\/\/tallersuc.es\/en\/wp-json\/wp\/v2\/types\/product"}],"replies":[{"embeddable":true,"href":"https:\/\/tallersuc.es\/en\/wp-json\/wp\/v2\/comments?post=1542"}],"wp:attachment":[{"href":"https:\/\/tallersuc.es\/en\/wp-json\/wp\/v2\/media?parent=1542"}],"wp:term":[{"taxonomy":"product_cat","embeddable":true,"href":"https:\/\/tallersuc.es\/en\/wp-json\/wp\/v2\/product_cat?post=1542"},{"taxonomy":"product_tag","embeddable":true,"href":"https:\/\/tallersuc.es\/en\/wp-json\/wp\/v2\/product_tag?post=1542"}],"curies":[{"name":"wp","href":"https:\/\/api.w.org\/{rel}","templated":true}]}}