{"id":1534,"date":"2017-01-24T13:37:10","date_gmt":"2017-01-24T12:37:10","guid":{"rendered":"https:\/\/tallersuc.es\/?post_type=product&#038;p=1534&#038;lang=es"},"modified":"2017-03-14T18:10:40","modified_gmt":"2017-03-14T17:10:40","slug":"linea-automatica-sala-blanca-ld-8qf","status":"publish","type":"product","link":"https:\/\/tallersuc.es\/en\/producto\/linea-automatica-sala-blanca-ld-8qf\/","title":{"rendered":"Linea Autom\u00e1tica para sala blanca LD-8\/QF"},"content":{"rendered":"<h2>Linea Autom\u00e1tica para sala blanca LD-8\/QF<\/h2>\n<p>Llenado por bombas peristalticas con colocaci\u00f3n tap\u00f3n de goma y m\u00e1quina cerradora para c\u00e1psulas aluminio para envases de pl\u00e1stico o vidrio.<\/p>\n<h3>LD-8\/QF<\/h3>\n<p>Llenadora equipada con 8 dosificadores, cerrador tap\u00f3n roscador y boquillas de llenado.<\/p>\n","protected":false},"excerpt":{"rendered":"<p>Linea Autom\u00e1tica para sala blanca LD-8\/QF Llenado por bombas peristalticas con colocaci\u00f3n tap\u00f3n de goma y m\u00e1quina cerradora para c\u00e1psulas aluminio para envases de pl\u00e1stico o vidrio. LD-8\/QF Llenadora equipada con 8 dosificadores, cerrador tap\u00f3n roscador y boquillas de llenado.<\/p>\n","protected":false},"featured_media":1536,"comment_status":"open","ping_status":"closed","template":"","meta":{"_et_pb_use_builder":"","_et_pb_old_content":"","_et_gb_content_width":""},"product_cat":[63],"product_tag":[106,97,104,102,105,98,101],"class_list":{"0":"post-1534","1":"product","2":"type-product","3":"status-publish","4":"has-post-thumbnail","6":"product_cat-maquinaria","7":"product_tag-capsulas-aluminio","8":"product_tag-linea-automatica","9":"product_tag-llenado-por-bombas","10":"product_tag-maquina-cerradora","11":"product_tag-peristalticas","12":"product_tag-sala-blanca","13":"product_tag-tapon-de-goma","15":"first","16":"instock","17":"shipping-taxable","18":"product-type-simple"},"yoast_head":"<!-- This site is optimized with the Yoast SEO plugin v23.9 - https:\/\/yoast.com\/wordpress\/plugins\/seo\/ -->\n<title>Linea Autom\u00e1tica para sala blanca LD-8\/QF - Tallers uc<\/title>\n<meta name=\"robots\" content=\"index, follow, max-snippet:-1, max-image-preview:large, max-video-preview:-1\" \/>\n<link rel=\"canonical\" href=\"https:\/\/tallersuc.es\/en\/producto\/linea-automatica-sala-blanca-ld-8qf\/\" \/>\n<meta property=\"og:locale\" content=\"en_US\" \/>\n<meta property=\"og:type\" content=\"article\" \/>\n<meta property=\"og:title\" content=\"Linea Autom\u00e1tica para sala blanca LD-8\/QF - Tallers uc\" \/>\n<meta property=\"og:description\" content=\"Linea Autom\u00e1tica para sala blanca LD-8\/QF Llenado por bombas peristalticas con colocaci\u00f3n tap\u00f3n de goma y m\u00e1quina cerradora para c\u00e1psulas aluminio para envases de pl\u00e1stico o vidrio. LD-8\/QF Llenadora equipada con 8 dosificadores, cerrador tap\u00f3n roscador y boquillas de llenado.\" \/>\n<meta property=\"og:url\" content=\"https:\/\/tallersuc.es\/en\/producto\/linea-automatica-sala-blanca-ld-8qf\/\" \/>\n<meta property=\"og:site_name\" content=\"Tallers uc\" \/>\n<meta property=\"article:modified_time\" content=\"2017-03-14T17:10:40+00:00\" \/>\n<meta property=\"og:image\" content=\"https:\/\/tallersuc.es\/wp-content\/uploads\/2017\/01\/Image-42-at-frame-106.jpg\" \/>\n\t<meta property=\"og:image:width\" content=\"2048\" \/>\n\t<meta property=\"og:image:height\" content=\"1281\" \/>\n\t<meta property=\"og:image:type\" content=\"image\/jpeg\" \/>\n<meta name=\"twitter:card\" content=\"summary_large_image\" \/>\n<script type=\"application\/ld+json\" class=\"yoast-schema-graph\">{\"@context\":\"https:\/\/schema.org\",\"@graph\":[{\"@type\":\"WebPage\",\"@id\":\"https:\/\/tallersuc.es\/en\/producto\/linea-automatica-sala-blanca-ld-8qf\/\",\"url\":\"https:\/\/tallersuc.es\/en\/producto\/linea-automatica-sala-blanca-ld-8qf\/\",\"name\":\"Linea Autom\u00e1tica para sala blanca LD-8\/QF - Tallers uc\",\"isPartOf\":{\"@id\":\"https:\/\/tallersuc.es\/en\/#website\"},\"primaryImageOfPage\":{\"@id\":\"https:\/\/tallersuc.es\/en\/producto\/linea-automatica-sala-blanca-ld-8qf\/#primaryimage\"},\"image\":{\"@id\":\"https:\/\/tallersuc.es\/es\/producto\/linea-automatica-sala-blanca-ld-8qf\/#primaryimage\"},\"thumbnailUrl\":\"https:\/\/tallersuc.es\/wp-content\/uploads\/2017\/01\/Image-42-at-frame-106.jpg\",\"datePublished\":\"2017-01-24T12:37:10+00:00\",\"dateModified\":\"2017-03-14T17:10:40+00:00\",\"breadcrumb\":{\"@id\":\"https:\/\/tallersuc.es\/en\/producto\/linea-automatica-sala-blanca-ld-8qf\/#breadcrumb\"},\"inLanguage\":\"en-US\",\"potentialAction\":[{\"@type\":\"ReadAction\",\"target\":[[\"https:\/\/tallersuc.es\/en\/producto\/linea-automatica-sala-blanca-ld-8qf\/\"]]}]},{\"@type\":\"ImageObject\",\"inLanguage\":\"en-US\",\"@id\":\"https:\/\/tallersuc.es\/en\/producto\/linea-automatica-sala-blanca-ld-8qf\/#primaryimage\",\"url\":\"https:\/\/tallersuc.es\/wp-content\/uploads\/2017\/01\/Image-42-at-frame-106.jpg\",\"contentUrl\":\"https:\/\/tallersuc.es\/wp-content\/uploads\/2017\/01\/Image-42-at-frame-106.jpg\",\"width\":2048,\"height\":1281,\"caption\":\"ld-8-qf\"},{\"@type\":\"BreadcrumbList\",\"@id\":\"https:\/\/tallersuc.es\/en\/producto\/linea-automatica-sala-blanca-ld-8qf\/#breadcrumb\",\"itemListElement\":[{\"@type\":\"ListItem\",\"position\":1,\"name\":\"Portada\",\"item\":\"https:\/\/tallersuc.es\/en\/\"},{\"@type\":\"ListItem\",\"position\":2,\"name\":\"Productos\",\"item\":\"https:\/\/tallersuc.es\/en\/shop\/\"},{\"@type\":\"ListItem\",\"position\":3,\"name\":\"Linea Autom\u00e1tica para sala blanca LD-8\/QF\"}]},{\"@type\":\"WebSite\",\"@id\":\"https:\/\/tallersuc.es\/en\/#website\",\"url\":\"https:\/\/tallersuc.es\/en\/\",\"name\":\"Tallers uc\",\"description\":\"\",\"publisher\":{\"@id\":\"https:\/\/tallersuc.es\/en\/#organization\"},\"potentialAction\":[{\"@type\":\"SearchAction\",\"target\":{\"@type\":\"EntryPoint\",\"urlTemplate\":\"https:\/\/tallersuc.es\/en\/?s={search_term_string}\"},\"query-input\":{\"@type\":\"PropertyValueSpecification\",\"valueRequired\":true,\"valueName\":\"search_term_string\"}}],\"inLanguage\":\"en-US\"},{\"@type\":\"Organization\",\"@id\":\"https:\/\/tallersuc.es\/en\/#organization\",\"name\":\"Tallers UC\",\"url\":\"https:\/\/tallersuc.es\/en\/\",\"logo\":{\"@type\":\"ImageObject\",\"inLanguage\":\"en-US\",\"@id\":\"https:\/\/tallersuc.es\/en\/#\/schema\/logo\/image\/\",\"url\":\"https:\/\/tallersuc.es\/wp-content\/uploads\/2017\/04\/favicon-gran.jpg\",\"contentUrl\":\"https:\/\/tallersuc.es\/wp-content\/uploads\/2017\/04\/favicon-gran.jpg\",\"width\":954,\"height\":954,\"caption\":\"Tallers UC\"},\"image\":{\"@id\":\"https:\/\/tallersuc.es\/en\/#\/schema\/logo\/image\/\"}}]}<\/script>\n<!-- \/ Yoast SEO plugin. -->","yoast_head_json":{"title":"Linea Autom\u00e1tica para sala blanca LD-8\/QF - Tallers uc","robots":{"index":"index","follow":"follow","max-snippet":"max-snippet:-1","max-image-preview":"max-image-preview:large","max-video-preview":"max-video-preview:-1"},"canonical":"https:\/\/tallersuc.es\/en\/producto\/linea-automatica-sala-blanca-ld-8qf\/","og_locale":"en_US","og_type":"article","og_title":"Linea Autom\u00e1tica para sala blanca LD-8\/QF - Tallers uc","og_description":"Linea Autom\u00e1tica para sala blanca LD-8\/QF Llenado por bombas peristalticas con colocaci\u00f3n tap\u00f3n de goma y m\u00e1quina cerradora para c\u00e1psulas aluminio para envases de pl\u00e1stico o vidrio. LD-8\/QF Llenadora equipada con 8 dosificadores, cerrador tap\u00f3n roscador y boquillas de llenado.","og_url":"https:\/\/tallersuc.es\/en\/producto\/linea-automatica-sala-blanca-ld-8qf\/","og_site_name":"Tallers uc","article_modified_time":"2017-03-14T17:10:40+00:00","og_image":[{"width":2048,"height":1281,"url":"https:\/\/tallersuc.es\/wp-content\/uploads\/2017\/01\/Image-42-at-frame-106.jpg","type":"image\/jpeg"}],"twitter_card":"summary_large_image","schema":{"@context":"https:\/\/schema.org","@graph":[{"@type":"WebPage","@id":"https:\/\/tallersuc.es\/en\/producto\/linea-automatica-sala-blanca-ld-8qf\/","url":"https:\/\/tallersuc.es\/en\/producto\/linea-automatica-sala-blanca-ld-8qf\/","name":"Linea Autom\u00e1tica para sala blanca LD-8\/QF - Tallers uc","isPartOf":{"@id":"https:\/\/tallersuc.es\/en\/#website"},"primaryImageOfPage":{"@id":"https:\/\/tallersuc.es\/en\/producto\/linea-automatica-sala-blanca-ld-8qf\/#primaryimage"},"image":{"@id":"https:\/\/tallersuc.es\/es\/producto\/linea-automatica-sala-blanca-ld-8qf\/#primaryimage"},"thumbnailUrl":"https:\/\/tallersuc.es\/wp-content\/uploads\/2017\/01\/Image-42-at-frame-106.jpg","datePublished":"2017-01-24T12:37:10+00:00","dateModified":"2017-03-14T17:10:40+00:00","breadcrumb":{"@id":"https:\/\/tallersuc.es\/en\/producto\/linea-automatica-sala-blanca-ld-8qf\/#breadcrumb"},"inLanguage":"en-US","potentialAction":[{"@type":"ReadAction","target":[["https:\/\/tallersuc.es\/en\/producto\/linea-automatica-sala-blanca-ld-8qf\/"]]}]},{"@type":"ImageObject","inLanguage":"en-US","@id":"https:\/\/tallersuc.es\/en\/producto\/linea-automatica-sala-blanca-ld-8qf\/#primaryimage","url":"https:\/\/tallersuc.es\/wp-content\/uploads\/2017\/01\/Image-42-at-frame-106.jpg","contentUrl":"https:\/\/tallersuc.es\/wp-content\/uploads\/2017\/01\/Image-42-at-frame-106.jpg","width":2048,"height":1281,"caption":"ld-8-qf"},{"@type":"BreadcrumbList","@id":"https:\/\/tallersuc.es\/en\/producto\/linea-automatica-sala-blanca-ld-8qf\/#breadcrumb","itemListElement":[{"@type":"ListItem","position":1,"name":"Portada","item":"https:\/\/tallersuc.es\/en\/"},{"@type":"ListItem","position":2,"name":"Productos","item":"https:\/\/tallersuc.es\/en\/shop\/"},{"@type":"ListItem","position":3,"name":"Linea Autom\u00e1tica para sala blanca LD-8\/QF"}]},{"@type":"WebSite","@id":"https:\/\/tallersuc.es\/en\/#website","url":"https:\/\/tallersuc.es\/en\/","name":"Tallers uc","description":"","publisher":{"@id":"https:\/\/tallersuc.es\/en\/#organization"},"potentialAction":[{"@type":"SearchAction","target":{"@type":"EntryPoint","urlTemplate":"https:\/\/tallersuc.es\/en\/?s={search_term_string}"},"query-input":{"@type":"PropertyValueSpecification","valueRequired":true,"valueName":"search_term_string"}}],"inLanguage":"en-US"},{"@type":"Organization","@id":"https:\/\/tallersuc.es\/en\/#organization","name":"Tallers UC","url":"https:\/\/tallersuc.es\/en\/","logo":{"@type":"ImageObject","inLanguage":"en-US","@id":"https:\/\/tallersuc.es\/en\/#\/schema\/logo\/image\/","url":"https:\/\/tallersuc.es\/wp-content\/uploads\/2017\/04\/favicon-gran.jpg","contentUrl":"https:\/\/tallersuc.es\/wp-content\/uploads\/2017\/04\/favicon-gran.jpg","width":954,"height":954,"caption":"Tallers UC"},"image":{"@id":"https:\/\/tallersuc.es\/en\/#\/schema\/logo\/image\/"}}]}},"_links":{"self":[{"href":"https:\/\/tallersuc.es\/en\/wp-json\/wp\/v2\/product\/1534","targetHints":{"allow":["GET"]}}],"collection":[{"href":"https:\/\/tallersuc.es\/en\/wp-json\/wp\/v2\/product"}],"about":[{"href":"https:\/\/tallersuc.es\/en\/wp-json\/wp\/v2\/types\/product"}],"replies":[{"embeddable":true,"href":"https:\/\/tallersuc.es\/en\/wp-json\/wp\/v2\/comments?post=1534"}],"wp:featuredmedia":[{"embeddable":true,"href":"https:\/\/tallersuc.es\/en\/wp-json\/wp\/v2\/media\/1536"}],"wp:attachment":[{"href":"https:\/\/tallersuc.es\/en\/wp-json\/wp\/v2\/media?parent=1534"}],"wp:term":[{"taxonomy":"product_cat","embeddable":true,"href":"https:\/\/tallersuc.es\/en\/wp-json\/wp\/v2\/product_cat?post=1534"},{"taxonomy":"product_tag","embeddable":true,"href":"https:\/\/tallersuc.es\/en\/wp-json\/wp\/v2\/product_tag?post=1534"}],"curies":[{"name":"wp","href":"https:\/\/api.w.org\/{rel}","templated":true}]}}