{"id":1514,"date":"2017-01-24T11:54:41","date_gmt":"2017-01-24T10:54:41","guid":{"rendered":"https:\/\/tallersuc.es\/?post_type=product&#038;p=1514"},"modified":"2017-03-06T17:17:45","modified_gmt":"2017-03-06T16:17:45","slug":"cerradoras-manuales-frascos-botellas","status":"publish","type":"product","link":"https:\/\/tallersuc.es\/en\/producto\/cerradoras-manuales-frascos-botellas\/","title":{"rendered":"Cerradoras manuales de frascos y botellas"},"content":{"rendered":"<h2>Cerradoras manuales de frascos y botellas<\/h2>\n<p>Rebordean c\u00e1psulas de aluminio y v\u00e1lvula nubolizador.<\/p>\n<p>Roscan tapones de pl\u00e1stico y tapas Twist-off.<\/p>\n<p>Roscan y rebordean c\u00e1psulas Pilfer-proof y similares.<\/p>\n<h3>MODELOS<\/h3>\n<p>TIPO &#8220;P&#8221;: Para rebordear tapas.<br \/>\nTipo &#8220;PRE&#8221;: Para roscar- rebordear c\u00e1psulas Pilfer-Proof y similares.<br \/>\n[vc_row][vc_column][vc_table vc_table_theme=&#8221;classic&#8221; allow_html=&#8221;1&#8243;][align-center]CERRADORAS,[align-center]%22B%22-%22BRE%22,[align-center]%22P%22,[align-center]%22PRE%22|RENDIMIENTO%2FHORA,[align-center]1.000,[align-center]400,[align-center]400|ALTURA%20MAX.%20ENVASE,[align-center]350%20mm.,[align-center]180%20mm.,[align-center]|ALTURA%20M%C3%81QUINA,[align-center]940%20mm.,[align-center]180%20mm.,[align-center]|PESO,[align-center]65%20Kg.,[align-center]15%20Kg.,[align-center]15%20Kg.|MOTOR%20III%20220%2F380V,[align-center]1%2F4%20HP,[align-center]&#8212;&#8212;&#8212;&#8211;,[align-center]&#8212;&#8212;&#8212;-[\/vc_table][\/vc_column][\/vc_row]<\/p>\n","protected":false},"excerpt":{"rendered":"<p>Cerradoras manuales de frascos y botellas Rebordean c\u00e1psulas de aluminio y v\u00e1lvula nubolizador. Roscan tapones de pl\u00e1stico y tapas Twist-off. Roscan y rebordean c\u00e1psulas Pilfer-proof y similares. MODELOS TIPO &#8220;P&#8221;: Para rebordear tapas. Tipo &#8220;PRE&#8221;: Para roscar- rebordear c\u00e1psulas Pilfer-Proof y similares. [vc_row][vc_column][vc_table vc_table_theme=&#8221;classic&#8221; allow_html=&#8221;1&#8243;][align-center]CERRADORAS,[align-center]%22B%22-%22BRE%22,[align-center]%22P%22,[align-center]%22PRE%22|RENDIMIENTO%2FHORA,[align-center]1.000,[align-center]400,[align-center]400|ALTURA%20MAX.%20ENVASE,[align-center]350%20mm.,[align-center]180%20mm.,[align-center]|ALTURA%20M%C3%81QUINA,[align-center]940%20mm.,[align-center]180%20mm.,[align-center]|PESO,[align-center]65%20Kg.,[align-center]15%20Kg.,[align-center]15%20Kg.|MOTOR%20III%20220%2F380V,[align-center]1%2F4%20HP,[align-center]&#8212;&#8212;&#8212;&#8211;,[align-center]&#8212;&#8212;&#8212;-[\/vc_table][\/vc_column][\/vc_row]<\/p>\n","protected":false},"featured_media":1516,"comment_status":"open","ping_status":"closed","template":"","meta":{"_et_pb_use_builder":"","_et_pb_old_content":"","_et_gb_content_width":""},"product_cat":[235,240,63],"product_tag":[91,88,89,90,92],"class_list":{"0":"post-1514","1":"product","2":"type-product","3":"status-publish","4":"has-post-thumbnail","6":"product_cat-tallers-uc","7":"product_cat-cerradoras","8":"product_cat-maquinaria","9":"product_tag-aluminio","10":"product_tag-cerradoras","11":"product_tag-cerradoras-manuales","12":"product_tag-frascos-y-botellas","13":"product_tag-valvula-nubolizador","15":"first","16":"instock","17":"shipping-taxable","18":"product-type-simple"},"yoast_head":"<!-- This site is optimized with the Yoast SEO plugin v23.9 - https:\/\/yoast.com\/wordpress\/plugins\/seo\/ -->\n<title>Cerradoras manuales de frascos y botellas - Tallers uc<\/title>\n<meta name=\"robots\" content=\"index, follow, max-snippet:-1, max-image-preview:large, max-video-preview:-1\" \/>\n<link rel=\"canonical\" href=\"https:\/\/tallersuc.es\/en\/producto\/cerradoras-manuales-frascos-botellas\/\" \/>\n<meta property=\"og:locale\" content=\"en_US\" \/>\n<meta property=\"og:type\" content=\"article\" \/>\n<meta property=\"og:title\" content=\"Cerradoras manuales de frascos y botellas - Tallers uc\" \/>\n<meta property=\"og:description\" content=\"Cerradoras manuales de frascos y botellas Rebordean c\u00e1psulas de aluminio y v\u00e1lvula nubolizador. Roscan tapones de pl\u00e1stico y tapas Twist-off. Roscan y rebordean c\u00e1psulas Pilfer-proof y similares. MODELOS TIPO &#8220;P&#8221;: Para rebordear tapas. Tipo &#8220;PRE&#8221;: Para roscar- rebordear c\u00e1psulas Pilfer-Proof y similares. [vc_row][vc_column][vc_table vc_table_theme=&#8221;classic&#8221; allow_html=&#8221;1&#8243;][align-center]CERRADORAS,[align-center]%22B%22-%22BRE%22,[align-center]%22P%22,[align-center]%22PRE%22|RENDIMIENTO%2FHORA,[align-center]1.000,[align-center]400,[align-center]400|ALTURA%20MAX.%20ENVASE,[align-center]350%20mm.,[align-center]180%20mm.,[align-center]|ALTURA%20M%C3%81QUINA,[align-center]940%20mm.,[align-center]180%20mm.,[align-center]|PESO,[align-center]65%20Kg.,[align-center]15%20Kg.,[align-center]15%20Kg.|MOTOR%20III%20220%2F380V,[align-center]1%2F4%20HP,[align-center]&#8212;&#8212;&#8212;&#8211;,[align-center]&#8212;&#8212;&#8212;-[\/vc_table][\/vc_column][\/vc_row]\" \/>\n<meta property=\"og:url\" content=\"https:\/\/tallersuc.es\/en\/producto\/cerradoras-manuales-frascos-botellas\/\" \/>\n<meta property=\"og:site_name\" content=\"Tallers uc\" \/>\n<meta property=\"article:modified_time\" content=\"2017-03-06T16:17:45+00:00\" \/>\n<meta property=\"og:image\" content=\"https:\/\/tallersuc.es\/wp-content\/uploads\/2017\/01\/Image-32-at-frame-33.jpg\" \/>\n\t<meta property=\"og:image:width\" content=\"300\" \/>\n\t<meta property=\"og:image:height\" content=\"541\" \/>\n\t<meta property=\"og:image:type\" content=\"image\/jpeg\" \/>\n<meta name=\"twitter:card\" content=\"summary_large_image\" \/>\n<meta name=\"twitter:label1\" content=\"Est. reading time\" \/>\n\t<meta name=\"twitter:data1\" content=\"1 minute\" \/>\n<script type=\"application\/ld+json\" class=\"yoast-schema-graph\">{\"@context\":\"https:\/\/schema.org\",\"@graph\":[{\"@type\":\"WebPage\",\"@id\":\"https:\/\/tallersuc.es\/en\/producto\/cerradoras-manuales-frascos-botellas\/\",\"url\":\"https:\/\/tallersuc.es\/en\/producto\/cerradoras-manuales-frascos-botellas\/\",\"name\":\"Cerradoras manuales de frascos y botellas - Tallers uc\",\"isPartOf\":{\"@id\":\"https:\/\/tallersuc.es\/en\/#website\"},\"primaryImageOfPage\":{\"@id\":\"https:\/\/tallersuc.es\/en\/producto\/cerradoras-manuales-frascos-botellas\/#primaryimage\"},\"image\":{\"@id\":\"https:\/\/tallersuc.es\/es\/producto\/cerradoras-manuales-frascos-botellas\/#primaryimage\"},\"thumbnailUrl\":\"https:\/\/tallersuc.es\/wp-content\/uploads\/2017\/01\/Image-32-at-frame-33.jpg\",\"datePublished\":\"2017-01-24T10:54:41+00:00\",\"dateModified\":\"2017-03-06T16:17:45+00:00\",\"breadcrumb\":{\"@id\":\"https:\/\/tallersuc.es\/en\/producto\/cerradoras-manuales-frascos-botellas\/#breadcrumb\"},\"inLanguage\":\"en-US\",\"potentialAction\":[{\"@type\":\"ReadAction\",\"target\":[[\"https:\/\/tallersuc.es\/en\/producto\/cerradoras-manuales-frascos-botellas\/\"]]}]},{\"@type\":\"ImageObject\",\"inLanguage\":\"en-US\",\"@id\":\"https:\/\/tallersuc.es\/en\/producto\/cerradoras-manuales-frascos-botellas\/#primaryimage\",\"url\":\"https:\/\/tallersuc.es\/wp-content\/uploads\/2017\/01\/Image-32-at-frame-33.jpg\",\"contentUrl\":\"https:\/\/tallersuc.es\/wp-content\/uploads\/2017\/01\/Image-32-at-frame-33.jpg\",\"width\":300,\"height\":541,\"caption\":\"cerradoras-manuales-frascos-botellas\"},{\"@type\":\"BreadcrumbList\",\"@id\":\"https:\/\/tallersuc.es\/en\/producto\/cerradoras-manuales-frascos-botellas\/#breadcrumb\",\"itemListElement\":[{\"@type\":\"ListItem\",\"position\":1,\"name\":\"Portada\",\"item\":\"https:\/\/tallersuc.es\/en\/\"},{\"@type\":\"ListItem\",\"position\":2,\"name\":\"Productos\",\"item\":\"https:\/\/tallersuc.es\/en\/shop\/\"},{\"@type\":\"ListItem\",\"position\":3,\"name\":\"Cerradoras manuales de frascos y botellas\"}]},{\"@type\":\"WebSite\",\"@id\":\"https:\/\/tallersuc.es\/en\/#website\",\"url\":\"https:\/\/tallersuc.es\/en\/\",\"name\":\"Tallers uc\",\"description\":\"\",\"publisher\":{\"@id\":\"https:\/\/tallersuc.es\/en\/#organization\"},\"potentialAction\":[{\"@type\":\"SearchAction\",\"target\":{\"@type\":\"EntryPoint\",\"urlTemplate\":\"https:\/\/tallersuc.es\/en\/?s={search_term_string}\"},\"query-input\":{\"@type\":\"PropertyValueSpecification\",\"valueRequired\":true,\"valueName\":\"search_term_string\"}}],\"inLanguage\":\"en-US\"},{\"@type\":\"Organization\",\"@id\":\"https:\/\/tallersuc.es\/en\/#organization\",\"name\":\"Tallers UC\",\"url\":\"https:\/\/tallersuc.es\/en\/\",\"logo\":{\"@type\":\"ImageObject\",\"inLanguage\":\"en-US\",\"@id\":\"https:\/\/tallersuc.es\/en\/#\/schema\/logo\/image\/\",\"url\":\"https:\/\/tallersuc.es\/wp-content\/uploads\/2017\/04\/favicon-gran.jpg\",\"contentUrl\":\"https:\/\/tallersuc.es\/wp-content\/uploads\/2017\/04\/favicon-gran.jpg\",\"width\":954,\"height\":954,\"caption\":\"Tallers UC\"},\"image\":{\"@id\":\"https:\/\/tallersuc.es\/en\/#\/schema\/logo\/image\/\"}}]}<\/script>\n<!-- \/ Yoast SEO plugin. -->","yoast_head_json":{"title":"Cerradoras manuales de frascos y botellas - Tallers uc","robots":{"index":"index","follow":"follow","max-snippet":"max-snippet:-1","max-image-preview":"max-image-preview:large","max-video-preview":"max-video-preview:-1"},"canonical":"https:\/\/tallersuc.es\/en\/producto\/cerradoras-manuales-frascos-botellas\/","og_locale":"en_US","og_type":"article","og_title":"Cerradoras manuales de frascos y botellas - Tallers uc","og_description":"Cerradoras manuales de frascos y botellas Rebordean c\u00e1psulas de aluminio y v\u00e1lvula nubolizador. Roscan tapones de pl\u00e1stico y tapas Twist-off. Roscan y rebordean c\u00e1psulas Pilfer-proof y similares. MODELOS TIPO &#8220;P&#8221;: Para rebordear tapas. Tipo &#8220;PRE&#8221;: Para roscar- rebordear c\u00e1psulas Pilfer-Proof y similares. [vc_row][vc_column][vc_table vc_table_theme=&#8221;classic&#8221; allow_html=&#8221;1&#8243;][align-center]CERRADORAS,[align-center]%22B%22-%22BRE%22,[align-center]%22P%22,[align-center]%22PRE%22|RENDIMIENTO%2FHORA,[align-center]1.000,[align-center]400,[align-center]400|ALTURA%20MAX.%20ENVASE,[align-center]350%20mm.,[align-center]180%20mm.,[align-center]|ALTURA%20M%C3%81QUINA,[align-center]940%20mm.,[align-center]180%20mm.,[align-center]|PESO,[align-center]65%20Kg.,[align-center]15%20Kg.,[align-center]15%20Kg.|MOTOR%20III%20220%2F380V,[align-center]1%2F4%20HP,[align-center]&#8212;&#8212;&#8212;&#8211;,[align-center]&#8212;&#8212;&#8212;-[\/vc_table][\/vc_column][\/vc_row]","og_url":"https:\/\/tallersuc.es\/en\/producto\/cerradoras-manuales-frascos-botellas\/","og_site_name":"Tallers uc","article_modified_time":"2017-03-06T16:17:45+00:00","og_image":[{"width":300,"height":541,"url":"https:\/\/tallersuc.es\/wp-content\/uploads\/2017\/01\/Image-32-at-frame-33.jpg","type":"image\/jpeg"}],"twitter_card":"summary_large_image","twitter_misc":{"Est. reading time":"1 minute"},"schema":{"@context":"https:\/\/schema.org","@graph":[{"@type":"WebPage","@id":"https:\/\/tallersuc.es\/en\/producto\/cerradoras-manuales-frascos-botellas\/","url":"https:\/\/tallersuc.es\/en\/producto\/cerradoras-manuales-frascos-botellas\/","name":"Cerradoras manuales de frascos y botellas - Tallers uc","isPartOf":{"@id":"https:\/\/tallersuc.es\/en\/#website"},"primaryImageOfPage":{"@id":"https:\/\/tallersuc.es\/en\/producto\/cerradoras-manuales-frascos-botellas\/#primaryimage"},"image":{"@id":"https:\/\/tallersuc.es\/es\/producto\/cerradoras-manuales-frascos-botellas\/#primaryimage"},"thumbnailUrl":"https:\/\/tallersuc.es\/wp-content\/uploads\/2017\/01\/Image-32-at-frame-33.jpg","datePublished":"2017-01-24T10:54:41+00:00","dateModified":"2017-03-06T16:17:45+00:00","breadcrumb":{"@id":"https:\/\/tallersuc.es\/en\/producto\/cerradoras-manuales-frascos-botellas\/#breadcrumb"},"inLanguage":"en-US","potentialAction":[{"@type":"ReadAction","target":[["https:\/\/tallersuc.es\/en\/producto\/cerradoras-manuales-frascos-botellas\/"]]}]},{"@type":"ImageObject","inLanguage":"en-US","@id":"https:\/\/tallersuc.es\/en\/producto\/cerradoras-manuales-frascos-botellas\/#primaryimage","url":"https:\/\/tallersuc.es\/wp-content\/uploads\/2017\/01\/Image-32-at-frame-33.jpg","contentUrl":"https:\/\/tallersuc.es\/wp-content\/uploads\/2017\/01\/Image-32-at-frame-33.jpg","width":300,"height":541,"caption":"cerradoras-manuales-frascos-botellas"},{"@type":"BreadcrumbList","@id":"https:\/\/tallersuc.es\/en\/producto\/cerradoras-manuales-frascos-botellas\/#breadcrumb","itemListElement":[{"@type":"ListItem","position":1,"name":"Portada","item":"https:\/\/tallersuc.es\/en\/"},{"@type":"ListItem","position":2,"name":"Productos","item":"https:\/\/tallersuc.es\/en\/shop\/"},{"@type":"ListItem","position":3,"name":"Cerradoras manuales de frascos y botellas"}]},{"@type":"WebSite","@id":"https:\/\/tallersuc.es\/en\/#website","url":"https:\/\/tallersuc.es\/en\/","name":"Tallers uc","description":"","publisher":{"@id":"https:\/\/tallersuc.es\/en\/#organization"},"potentialAction":[{"@type":"SearchAction","target":{"@type":"EntryPoint","urlTemplate":"https:\/\/tallersuc.es\/en\/?s={search_term_string}"},"query-input":{"@type":"PropertyValueSpecification","valueRequired":true,"valueName":"search_term_string"}}],"inLanguage":"en-US"},{"@type":"Organization","@id":"https:\/\/tallersuc.es\/en\/#organization","name":"Tallers UC","url":"https:\/\/tallersuc.es\/en\/","logo":{"@type":"ImageObject","inLanguage":"en-US","@id":"https:\/\/tallersuc.es\/en\/#\/schema\/logo\/image\/","url":"https:\/\/tallersuc.es\/wp-content\/uploads\/2017\/04\/favicon-gran.jpg","contentUrl":"https:\/\/tallersuc.es\/wp-content\/uploads\/2017\/04\/favicon-gran.jpg","width":954,"height":954,"caption":"Tallers UC"},"image":{"@id":"https:\/\/tallersuc.es\/en\/#\/schema\/logo\/image\/"}}]}},"_links":{"self":[{"href":"https:\/\/tallersuc.es\/en\/wp-json\/wp\/v2\/product\/1514","targetHints":{"allow":["GET"]}}],"collection":[{"href":"https:\/\/tallersuc.es\/en\/wp-json\/wp\/v2\/product"}],"about":[{"href":"https:\/\/tallersuc.es\/en\/wp-json\/wp\/v2\/types\/product"}],"replies":[{"embeddable":true,"href":"https:\/\/tallersuc.es\/en\/wp-json\/wp\/v2\/comments?post=1514"}],"wp:featuredmedia":[{"embeddable":true,"href":"https:\/\/tallersuc.es\/en\/wp-json\/wp\/v2\/media\/1516"}],"wp:attachment":[{"href":"https:\/\/tallersuc.es\/en\/wp-json\/wp\/v2\/media?parent=1514"}],"wp:term":[{"taxonomy":"product_cat","embeddable":true,"href":"https:\/\/tallersuc.es\/en\/wp-json\/wp\/v2\/product_cat?post=1514"},{"taxonomy":"product_tag","embeddable":true,"href":"https:\/\/tallersuc.es\/en\/wp-json\/wp\/v2\/product_tag?post=1514"}],"curies":[{"name":"wp","href":"https:\/\/api.w.org\/{rel}","templated":true}]}}