{"id":1405,"date":"2017-01-24T10:51:20","date_gmt":"2017-01-24T09:51:20","guid":{"rendered":"https:\/\/tallersuc.es\/?post_type=product&#038;p=1405"},"modified":"2017-03-06T17:22:49","modified_gmt":"2017-03-06T16:22:49","slug":"atadora-embutidos-am-1","status":"publish","type":"product","link":"https:\/\/tallersuc.es\/en\/producto\/atadora-embutidos-am-1\/","title":{"rendered":"Atadora de embutidos AM.1"},"content":{"rendered":"<p>El sistema de atado es de hilo continuo, generando tres vueltas por atado, imposible de desatar.<br \/>\nTerminaci\u00f3n en hilo recto entre atados, simulando el atado artesanal.<\/p>\n<ul>\n<li>2 VELOCIDADES<\/li>\n<li>100 ATADOS X MIN. (3 VUELTAS DE HILO)<\/li>\n<li>120 ATADOS X MIN. (2 VUELTAS DE HILO)<\/li>\n<li>DI\u00c1METRO M\u00c1XIMO DE ATADO DE 50 mm<\/li>\n<li>ARRASTRE MANUAL<\/li>\n<li>ACCIONAMIENTO POR PEDAL<\/li>\n<li>SIN RIESGO PARA EL OPERARIO<\/li>\n<li>ALIMENTACI\u00d3N DE 230 V (MONOF\u00c1SICA)<\/li>\n<\/ul>\n<p>M\u00e1xima \u00a0capacidad \u00a0para embutidos de \u00a0gran tama\u00f1o, hasta 50mm de di\u00e1metro de entrada.<br \/>\nPosibilidad de atar salchicha fresca de 22mm de calibre en cuatro tripas a \u00a0la vez.<br \/>\nM\u00e1ximo \u00a0\u00a0rendimiento \u00a0\u00a0y presentaci\u00f3n de calidad.<\/p>\n","protected":false},"excerpt":{"rendered":"<ul>\n<li>2 VELOCIDADES<\/li>\n<li>100 ATADOS X MIN. (3 VUELTAS DE HILO)<\/li>\n<li>120 ATADOS X MIN. (2 VUELTAS DE HILO)<\/li>\n<li>DI\u00c1METRO M\u00c1XIMO DE ATADO DE 50 mm<\/li>\n<li>ARRASTRE MANUAL<\/li>\n<li>ACCIONAMIENTO POR PEDAL<\/li>\n<li>SIN RIESGO PARA EL OPERARIO<\/li>\n<li>ALIMENTACI\u00d3N DE 230 V (MONOF\u00c1SICA)<\/li>\n<\/ul>\n","protected":false},"featured_media":1407,"comment_status":"open","ping_status":"closed","template":"","meta":{"_et_pb_use_builder":"","_et_pb_old_content":"","_et_gb_content_width":""},"product_cat":[235,241,63],"product_tag":[77,78,80,79],"class_list":{"0":"post-1405","1":"product","2":"type-product","3":"status-publish","4":"has-post-thumbnail","6":"product_cat-tallers-uc","7":"product_cat-atadoras","8":"product_cat-maquinaria","9":"product_tag-atadora","10":"product_tag-atadoras-de-embutidos","11":"product_tag-hilo-continuo","12":"product_tag-sistema-de-atado","14":"first","15":"instock","16":"shipping-taxable","17":"product-type-simple"},"yoast_head":"<!-- This site is optimized with the Yoast SEO plugin v23.9 - https:\/\/yoast.com\/wordpress\/plugins\/seo\/ -->\n<title>Atadora de embutidos AM.1 - Tallers uc<\/title>\n<meta name=\"robots\" content=\"index, follow, max-snippet:-1, max-image-preview:large, max-video-preview:-1\" \/>\n<link rel=\"canonical\" href=\"https:\/\/tallersuc.es\/en\/producto\/atadora-embutidos-am-1\/\" \/>\n<meta property=\"og:locale\" content=\"en_US\" \/>\n<meta property=\"og:type\" content=\"article\" \/>\n<meta property=\"og:title\" content=\"Atadora de embutidos AM.1 - Tallers uc\" \/>\n<meta property=\"og:description\" content=\"2 VELOCIDADES  100 ATADOS X MIN. (3 VUELTAS DE HILO)  120 ATADOS X MIN. (2 VUELTAS DE HILO)  DI\u00c1METRO M\u00c1XIMO DE ATADO DE 50 mm  ARRASTRE MANUAL  ACCIONAMIENTO POR PEDAL  SIN RIESGO PARA EL OPERARIO  ALIMENTACI\u00d3N DE 230 V (MONOF\u00c1SICA)\" \/>\n<meta property=\"og:url\" content=\"https:\/\/tallersuc.es\/en\/producto\/atadora-embutidos-am-1\/\" \/>\n<meta property=\"og:site_name\" content=\"Tallers uc\" \/>\n<meta property=\"article:modified_time\" content=\"2017-03-06T16:22:49+00:00\" \/>\n<meta property=\"og:image\" content=\"https:\/\/tallersuc.es\/wp-content\/uploads\/2017\/01\/ATADORASEMBUTIDOS-e1485252115689.png\" \/>\n\t<meta property=\"og:image:width\" content=\"344\" \/>\n\t<meta property=\"og:image:height\" content=\"283\" \/>\n\t<meta property=\"og:image:type\" content=\"image\/png\" \/>\n<meta name=\"twitter:card\" content=\"summary_large_image\" \/>\n<meta name=\"twitter:label1\" content=\"Est. reading time\" \/>\n\t<meta name=\"twitter:data1\" content=\"1 minute\" \/>\n<script type=\"application\/ld+json\" class=\"yoast-schema-graph\">{\"@context\":\"https:\/\/schema.org\",\"@graph\":[{\"@type\":\"WebPage\",\"@id\":\"https:\/\/tallersuc.es\/en\/producto\/atadora-embutidos-am-1\/\",\"url\":\"https:\/\/tallersuc.es\/en\/producto\/atadora-embutidos-am-1\/\",\"name\":\"Atadora de embutidos AM.1 - Tallers uc\",\"isPartOf\":{\"@id\":\"https:\/\/tallersuc.es\/en\/#website\"},\"primaryImageOfPage\":{\"@id\":\"https:\/\/tallersuc.es\/en\/producto\/atadora-embutidos-am-1\/#primaryimage\"},\"image\":{\"@id\":\"https:\/\/tallersuc.es\/es\/producto\/atadora-embutidos-am-1\/#primaryimage\"},\"thumbnailUrl\":\"https:\/\/tallersuc.es\/wp-content\/uploads\/2017\/01\/ATADORASEMBUTIDOS-e1485252115689.png\",\"datePublished\":\"2017-01-24T09:51:20+00:00\",\"dateModified\":\"2017-03-06T16:22:49+00:00\",\"breadcrumb\":{\"@id\":\"https:\/\/tallersuc.es\/en\/producto\/atadora-embutidos-am-1\/#breadcrumb\"},\"inLanguage\":\"en-US\",\"potentialAction\":[{\"@type\":\"ReadAction\",\"target\":[[\"https:\/\/tallersuc.es\/en\/producto\/atadora-embutidos-am-1\/\"]]}]},{\"@type\":\"ImageObject\",\"inLanguage\":\"en-US\",\"@id\":\"https:\/\/tallersuc.es\/en\/producto\/atadora-embutidos-am-1\/#primaryimage\",\"url\":\"https:\/\/tallersuc.es\/wp-content\/uploads\/2017\/01\/ATADORASEMBUTIDOS-e1485252115689.png\",\"contentUrl\":\"https:\/\/tallersuc.es\/wp-content\/uploads\/2017\/01\/ATADORASEMBUTIDOS-e1485252115689.png\",\"width\":344,\"height\":283,\"caption\":\"atadora-de-embutidos-am1\"},{\"@type\":\"BreadcrumbList\",\"@id\":\"https:\/\/tallersuc.es\/en\/producto\/atadora-embutidos-am-1\/#breadcrumb\",\"itemListElement\":[{\"@type\":\"ListItem\",\"position\":1,\"name\":\"Portada\",\"item\":\"https:\/\/tallersuc.es\/en\/\"},{\"@type\":\"ListItem\",\"position\":2,\"name\":\"Productos\",\"item\":\"https:\/\/tallersuc.es\/en\/shop\/\"},{\"@type\":\"ListItem\",\"position\":3,\"name\":\"Atadora de embutidos AM.1\"}]},{\"@type\":\"WebSite\",\"@id\":\"https:\/\/tallersuc.es\/en\/#website\",\"url\":\"https:\/\/tallersuc.es\/en\/\",\"name\":\"Tallers uc\",\"description\":\"\",\"publisher\":{\"@id\":\"https:\/\/tallersuc.es\/en\/#organization\"},\"potentialAction\":[{\"@type\":\"SearchAction\",\"target\":{\"@type\":\"EntryPoint\",\"urlTemplate\":\"https:\/\/tallersuc.es\/en\/?s={search_term_string}\"},\"query-input\":{\"@type\":\"PropertyValueSpecification\",\"valueRequired\":true,\"valueName\":\"search_term_string\"}}],\"inLanguage\":\"en-US\"},{\"@type\":\"Organization\",\"@id\":\"https:\/\/tallersuc.es\/en\/#organization\",\"name\":\"Tallers UC\",\"url\":\"https:\/\/tallersuc.es\/en\/\",\"logo\":{\"@type\":\"ImageObject\",\"inLanguage\":\"en-US\",\"@id\":\"https:\/\/tallersuc.es\/en\/#\/schema\/logo\/image\/\",\"url\":\"https:\/\/tallersuc.es\/wp-content\/uploads\/2017\/04\/favicon-gran.jpg\",\"contentUrl\":\"https:\/\/tallersuc.es\/wp-content\/uploads\/2017\/04\/favicon-gran.jpg\",\"width\":954,\"height\":954,\"caption\":\"Tallers UC\"},\"image\":{\"@id\":\"https:\/\/tallersuc.es\/en\/#\/schema\/logo\/image\/\"}}]}<\/script>\n<!-- \/ Yoast SEO plugin. -->","yoast_head_json":{"title":"Atadora de embutidos AM.1 - Tallers uc","robots":{"index":"index","follow":"follow","max-snippet":"max-snippet:-1","max-image-preview":"max-image-preview:large","max-video-preview":"max-video-preview:-1"},"canonical":"https:\/\/tallersuc.es\/en\/producto\/atadora-embutidos-am-1\/","og_locale":"en_US","og_type":"article","og_title":"Atadora de embutidos AM.1 - Tallers uc","og_description":"2 VELOCIDADES  100 ATADOS X MIN. (3 VUELTAS DE HILO)  120 ATADOS X MIN. (2 VUELTAS DE HILO)  DI\u00c1METRO M\u00c1XIMO DE ATADO DE 50 mm  ARRASTRE MANUAL  ACCIONAMIENTO POR PEDAL  SIN RIESGO PARA EL OPERARIO  ALIMENTACI\u00d3N DE 230 V (MONOF\u00c1SICA)","og_url":"https:\/\/tallersuc.es\/en\/producto\/atadora-embutidos-am-1\/","og_site_name":"Tallers uc","article_modified_time":"2017-03-06T16:22:49+00:00","og_image":[{"width":344,"height":283,"url":"https:\/\/tallersuc.es\/wp-content\/uploads\/2017\/01\/ATADORASEMBUTIDOS-e1485252115689.png","type":"image\/png"}],"twitter_card":"summary_large_image","twitter_misc":{"Est. reading time":"1 minute"},"schema":{"@context":"https:\/\/schema.org","@graph":[{"@type":"WebPage","@id":"https:\/\/tallersuc.es\/en\/producto\/atadora-embutidos-am-1\/","url":"https:\/\/tallersuc.es\/en\/producto\/atadora-embutidos-am-1\/","name":"Atadora de embutidos AM.1 - Tallers uc","isPartOf":{"@id":"https:\/\/tallersuc.es\/en\/#website"},"primaryImageOfPage":{"@id":"https:\/\/tallersuc.es\/en\/producto\/atadora-embutidos-am-1\/#primaryimage"},"image":{"@id":"https:\/\/tallersuc.es\/es\/producto\/atadora-embutidos-am-1\/#primaryimage"},"thumbnailUrl":"https:\/\/tallersuc.es\/wp-content\/uploads\/2017\/01\/ATADORASEMBUTIDOS-e1485252115689.png","datePublished":"2017-01-24T09:51:20+00:00","dateModified":"2017-03-06T16:22:49+00:00","breadcrumb":{"@id":"https:\/\/tallersuc.es\/en\/producto\/atadora-embutidos-am-1\/#breadcrumb"},"inLanguage":"en-US","potentialAction":[{"@type":"ReadAction","target":[["https:\/\/tallersuc.es\/en\/producto\/atadora-embutidos-am-1\/"]]}]},{"@type":"ImageObject","inLanguage":"en-US","@id":"https:\/\/tallersuc.es\/en\/producto\/atadora-embutidos-am-1\/#primaryimage","url":"https:\/\/tallersuc.es\/wp-content\/uploads\/2017\/01\/ATADORASEMBUTIDOS-e1485252115689.png","contentUrl":"https:\/\/tallersuc.es\/wp-content\/uploads\/2017\/01\/ATADORASEMBUTIDOS-e1485252115689.png","width":344,"height":283,"caption":"atadora-de-embutidos-am1"},{"@type":"BreadcrumbList","@id":"https:\/\/tallersuc.es\/en\/producto\/atadora-embutidos-am-1\/#breadcrumb","itemListElement":[{"@type":"ListItem","position":1,"name":"Portada","item":"https:\/\/tallersuc.es\/en\/"},{"@type":"ListItem","position":2,"name":"Productos","item":"https:\/\/tallersuc.es\/en\/shop\/"},{"@type":"ListItem","position":3,"name":"Atadora de embutidos AM.1"}]},{"@type":"WebSite","@id":"https:\/\/tallersuc.es\/en\/#website","url":"https:\/\/tallersuc.es\/en\/","name":"Tallers uc","description":"","publisher":{"@id":"https:\/\/tallersuc.es\/en\/#organization"},"potentialAction":[{"@type":"SearchAction","target":{"@type":"EntryPoint","urlTemplate":"https:\/\/tallersuc.es\/en\/?s={search_term_string}"},"query-input":{"@type":"PropertyValueSpecification","valueRequired":true,"valueName":"search_term_string"}}],"inLanguage":"en-US"},{"@type":"Organization","@id":"https:\/\/tallersuc.es\/en\/#organization","name":"Tallers UC","url":"https:\/\/tallersuc.es\/en\/","logo":{"@type":"ImageObject","inLanguage":"en-US","@id":"https:\/\/tallersuc.es\/en\/#\/schema\/logo\/image\/","url":"https:\/\/tallersuc.es\/wp-content\/uploads\/2017\/04\/favicon-gran.jpg","contentUrl":"https:\/\/tallersuc.es\/wp-content\/uploads\/2017\/04\/favicon-gran.jpg","width":954,"height":954,"caption":"Tallers UC"},"image":{"@id":"https:\/\/tallersuc.es\/en\/#\/schema\/logo\/image\/"}}]}},"_links":{"self":[{"href":"https:\/\/tallersuc.es\/en\/wp-json\/wp\/v2\/product\/1405","targetHints":{"allow":["GET"]}}],"collection":[{"href":"https:\/\/tallersuc.es\/en\/wp-json\/wp\/v2\/product"}],"about":[{"href":"https:\/\/tallersuc.es\/en\/wp-json\/wp\/v2\/types\/product"}],"replies":[{"embeddable":true,"href":"https:\/\/tallersuc.es\/en\/wp-json\/wp\/v2\/comments?post=1405"}],"wp:featuredmedia":[{"embeddable":true,"href":"https:\/\/tallersuc.es\/en\/wp-json\/wp\/v2\/media\/1407"}],"wp:attachment":[{"href":"https:\/\/tallersuc.es\/en\/wp-json\/wp\/v2\/media?parent=1405"}],"wp:term":[{"taxonomy":"product_cat","embeddable":true,"href":"https:\/\/tallersuc.es\/en\/wp-json\/wp\/v2\/product_cat?post=1405"},{"taxonomy":"product_tag","embeddable":true,"href":"https:\/\/tallersuc.es\/en\/wp-json\/wp\/v2\/product_tag?post=1405"}],"curies":[{"name":"wp","href":"https:\/\/api.w.org\/{rel}","templated":true}]}}