{"id":3921,"date":"2017-03-27T17:41:20","date_gmt":"2017-03-27T15:41:20","guid":{"rendered":"https:\/\/tallersuc.es\/?page_id=3921"},"modified":"2019-06-03T18:22:28","modified_gmt":"2019-06-03T16:22:28","slug":"semi-automaticas-old","status":"publish","type":"page","link":"https:\/\/tallersuc.es\/en\/semi-automaticas-old\/","title":{"rendered":"Semiautom\u00e1ticas-old"},"content":{"rendered":"<p>[vc_row][vc_column][vc_row_inner][vc_column_inner width=&#8221;1\/2&#8243;][vc_single_image image=&#8221;4322&#8243; img_size=&#8221;medium&#8221; alignment=&#8221;center&#8221; onclick=&#8221;link_image&#8221;][\/vc_column_inner][vc_column_inner width=&#8221;1\/2&#8243;][vc_custom_heading text=&#8221;COMPACTADORA \/ LLENADORA POR VAC\u00cdO&#8221; font_container=&#8221;tag:h2|font_size:25|text_align:center|color:%23fe5000&#8243; google_fonts=&#8221;font_family:Lato%3A100%2C100italic%2C300%2C300italic%2Cregular%2Citalic%2C700%2C700italic%2C900%2C900italic|font_style:400%20regular%3A400%3Anormal&#8221;][vc_column_text]Estaci\u00f3n construida para el prensado \/ llenado por vac\u00edo del producto. Compuesta por parte el\u00e9ctrica y neum\u00e1tica la estaci\u00f3n es la encargada de prensar el producto para dejar el espacio suficiente y seguir el siguiente paso de llenar de aceite la lata haciendo preparando la conserva.<\/p>\n<ul>\n<li>Pensada para una fabricacio\u0301n pequen\u0303a y manual (Personalizable).<\/li>\n<li>Compactadora neum\u00e1tica<\/li>\n<li>Llenadora por vac\u00edo<\/li>\n<\/ul>\n<p>El funcionamiento es manual, de izquierda a derecha. El accionamiento se efect\u00faa presionando los dos pulsadores de la operaci\u00f3n. \u00c9ste es un sistema de seguridad para que por error del operario, no pueda atraparse la mano debajo del compactador ni el llenador.[\/vc_column_text][\/vc_column_inner][\/vc_row_inner][vc_separator][vc_row_inner][vc_column_inner width=&#8221;1\/2&#8243;][vc_single_image image=&#8221;1602&#8243; img_size=&#8221;medium&#8221; alignment=&#8221;center&#8221; onclick=&#8221;link_image&#8221;][\/vc_column_inner][vc_column_inner width=&#8221;1\/2&#8243;][vc_custom_heading text=&#8221;LINEAL MANUAL&#8221; font_container=&#8221;tag:h2|font_size:25|text_align:center|color:%23fe5000&#8243; google_fonts=&#8221;font_family:Lato%3A100%2C100italic%2C300%2C300italic%2Cregular%2Citalic%2C700%2C700italic%2C900%2C900italic|font_style:400%20regular%3A400%3Anormal&#8221;][vc_column_text]<\/p>\n<ul>\n<li>Pensada para una fabricacio\u0301n pequen\u0303a y manual (Personalizable).<\/li>\n<li>Dosificadora<\/li>\n<li>Taponadora neuma\u0301tica<\/li>\n<li>Cabezal cerradora BRE-08, dosificadora, taponadora y cualquier complemento que se necesite para la operaci\u00f3n de llenado y cerrado.<\/li>\n<li>Posibilidad de acoplar cinta transportadora.<\/li>\n<\/ul>\n<p>[\/vc_column_text][\/vc_column_inner][\/vc_row_inner][vc_separator][vc_row_inner][vc_column_inner width=&#8221;1\/2&#8243;][vc_single_image image=&#8221;1635&#8243; img_size=&#8221;medium&#8221; alignment=&#8221;center&#8221; onclick=&#8221;link_image&#8221;][vc_btn title=&#8221;Ficha&#8221; style=&#8221;custom&#8221; custom_background=&#8221;#fe5000&#8243; custom_text=&#8221;#ffffff&#8221; size=&#8221;sm&#8221; i_icon_fontawesome=&#8221;fa fa-download&#8221; add_icon=&#8221;true&#8221; link=&#8221;url:https%3A%2F%2Ftallersuc.es%2Fwp-content%2Fuploads%2F2017%2F05%2FD1000.pdf||target:%20_blank|&#8221; css=&#8221;.vc_custom_1493739231401{margin-left: 200px !important;}&#8221;][vc_btn title=&#8221;Video&#8221; style=&#8221;custom&#8221; custom_background=&#8221;#fe5000&#8243; custom_text=&#8221;#ffffff&#8221; size=&#8221;sm&#8221; i_icon_fontawesome=&#8221;fa fa-video-camera&#8221; add_icon=&#8221;true&#8221; link=&#8221;url:https%3A%2F%2Fwww.youtube.com%2Fwatch%3Fv%3DnnteDHewN70||target:%20_blank|&#8221;][\/vc_column_inner][vc_column_inner width=&#8221;1\/2&#8243;][vc_custom_heading text=&#8221;LLENADORA VOLUM\u00c9TRICA &#8211; D.1000&#8243; font_container=&#8221;tag:h2|font_size:25|text_align:center|color:%23fe5000&#8243; google_fonts=&#8221;font_family:Lato%3A100%2C100italic%2C300%2C300italic%2Cregular%2Citalic%2C700%2C700italic%2C900%2C900italic|font_style:400%20regular%3A400%3Anormal&#8221;][vc_column_text]<\/p>\n<ul>\n<li>Ma\u0301quinas dosificadoras con dosificadores graduables, construidas tanto como cilindros, va\u0301lvulas y cuerpo en acero inoxidable, con pistones de teflo\u0301n inatacables y fa\u0301cilmente desmontables para su limpieza.<\/li>\n<li>Accionada por motor III-220\/380 voltios, con variador de velocidad. Con opcio\u0301n de display digital.<\/li>\n<li>Dosificadora a motor con 2 bombas dosificadoras de 500, 1.000 y 2.500 c.c.<\/li>\n<li>Mediante regulacio\u0301n se puede calibrar la dosis que puede llenar envases de 50 c.c. a 5.000 c.c.<\/li>\n<\/ul>\n<p>[\/vc_column_text][\/vc_column_inner][\/vc_row_inner][vc_separator][vc_row_inner][vc_column_inner width=&#8221;1\/2&#8243;][vc_single_image image=&#8221;1778&#8243; img_size=&#8221;medium&#8221; alignment=&#8221;center&#8221; onclick=&#8221;link_image&#8221;][vc_btn title=&#8221;Ficha&#8221; style=&#8221;custom&#8221; custom_background=&#8221;#fe5000&#8243; custom_text=&#8221;#ffffff&#8221; size=&#8221;sm&#8221; align=&#8221;center&#8221; i_icon_fontawesome=&#8221;fa fa-download&#8221; add_icon=&#8221;true&#8221; link=&#8221;url:https%3A%2F%2Ftallersuc.es%2Fwp-content%2Fuploads%2F2017%2F05%2FV21-EV21.pdf||target:%20_blank|&#8221;][\/vc_column_inner][vc_column_inner width=&#8221;1\/2&#8243;][vc_custom_heading text=&#8221;LLENADORA VAC\u00cdO &#8211; V21&#8243; font_container=&#8221;tag:h2|font_size:25|text_align:center|color:%23fe5000&#8243; google_fonts=&#8221;font_family:Lato%3A100%2C100italic%2C300%2C300italic%2Cregular%2Citalic%2C700%2C700italic%2C900%2C900italic|font_style:400%20regular%3A400%3Anormal&#8221;][vc_column_text]Llenan a nivel constante y sin derrames para botellas de boca corriente y destiladoras. Construidas en nylon y la columna en acero inox.<br \/>\nInstalada en el compresor de aire del cliente.<\/p>\n<p>Para: li\u0301quidos acuosos, alcoho\u0301licos, jarabes, aceites, lacas,emulsiones&#8230;<\/p>\n<p>Manual[\/vc_column_text][\/vc_column_inner][\/vc_row_inner][vc_separator][vc_row_inner][vc_column_inner width=&#8221;1\/2&#8243;][vc_single_image image=&#8221;3788&#8243; img_size=&#8221;medium&#8221; alignment=&#8221;center&#8221; onclick=&#8221;link_image&#8221;][vc_btn title=&#8221;Ficha&#8221; style=&#8221;custom&#8221; custom_background=&#8221;#fe5000&#8243; custom_text=&#8221;#ffffff&#8221; size=&#8221;sm&#8221; align=&#8221;center&#8221; i_icon_fontawesome=&#8221;fa fa-download&#8221; add_icon=&#8221;true&#8221; link=&#8221;url:https%3A%2F%2Ftallersuc.es%2Fwp-content%2Fuploads%2F2017%2F05%2FV21-EV21.pdf||target:%20_blank|&#8221;][\/vc_column_inner][vc_column_inner width=&#8221;1\/2&#8243;][vc_custom_heading text=&#8221;LLENADORA VAC\u00cdO &#8211; EV21&#8243; font_container=&#8221;tag:h2|font_size:25|text_align:center|color:%23fe5000&#8243; google_fonts=&#8221;font_family:Lato%3A100%2C100italic%2C300%2C300italic%2Cregular%2Citalic%2C700%2C700italic%2C900%2C900italic|font_style:400%20regular%3A400%3Anormal&#8221;][vc_column_text]Llenan a nivel constante y sin derrames para botellas de boca corriente y destiladoras. Construidas en nylon y la columna en acero inox.<br \/>\nInstalada en el compresor de aire del cliente.<\/p>\n<p>Para: li\u0301quidos acuosos, alcoho\u0301licos, jarabes, aceites, lacas,emulsiones&#8230;<\/p>\n<p>Manual con elevador[\/vc_column_text][\/vc_column_inner][\/vc_row_inner][vc_separator][vc_row_inner][vc_column_inner width=&#8221;1\/2&#8243;][vc_empty_space][vc_single_image image=&#8221;4115&#8243; img_size=&#8221;medium&#8221; alignment=&#8221;center&#8221; onclick=&#8221;link_image&#8221;][vc_btn title=&#8221;Ficha&#8221; style=&#8221;custom&#8221; custom_background=&#8221;#fe5000&#8243; custom_text=&#8221;#ffffff&#8221; size=&#8221;sm&#8221; i_align=&#8221;right&#8221; i_icon_fontawesome=&#8221;fa fa-download&#8221; add_icon=&#8221;true&#8221; link=&#8221;url:https%3A%2F%2Ftallersuc.es%2Fwp-content%2Fuploads%2F2019%2F03%2FPeristaltica.pdf|title:Taponadora%20neum%C3%A1tica|target:%20_blank|&#8221; css=&#8221;.vc_custom_1553609581738{margin-left: 210px !important;}&#8221;][vc_btn title=&#8221;Video&#8221; style=&#8221;custom&#8221; custom_background=&#8221;#fe5000&#8243; custom_text=&#8221;#ffffff&#8221; size=&#8221;sm&#8221; i_icon_fontawesome=&#8221;fa fa-video-camera&#8221; add_icon=&#8221;true&#8221; link=&#8221;url:https%3A%2F%2Fwww.youtube.com%2Fwatch%3Fv%3DL_Sbg371gq0%26list%3DPLTBTJvNNxm1T_Gatq7yfXEs0JkvTKU54F%26index%3D3||target:%20_blank|&#8221;][\/vc_column_inner][vc_column_inner width=&#8221;1\/2&#8243;][vc_custom_heading text=&#8221;LLENADORA PERIST\u00c1LTICA&#8221; font_container=&#8221;tag:h2|font_size:25|text_align:center|color:%23fe5000&#8243; google_fonts=&#8221;font_family:Lato%3A100%2C100italic%2C300%2C300italic%2Cregular%2Citalic%2C700%2C700italic%2C900%2C900italic|font_style:400%20regular%3A400%3Anormal&#8221;][vc_column_text]<\/p>\n<p style=\"text-align: left;\">Llenadora perist\u00e1ltica de sobremesa para un uso flexible. El principio de llenado perist\u00e1ltico proporciona las ventajas de un llenado preciso con protecci\u00f3n garantizada contra la contaminaci\u00f3n y la facilidad de limpieza.<\/p>\n<p style=\"text-align: left;\">Es capaz de llenar vol\u00famenes de entre 0,2 ml y m\u00e1s de 250 ml, con una precisi\u00f3n de llenado de +\/- 0,5% con la mayor parte de vol\u00famenes. Esta precisi\u00f3n de llenado evita el gasto que supone el sobrellenado y contribuye a rentabilizar ampliamente su inversi\u00f3n.<\/p>\n<p style=\"text-align: left;\">Se puede cambiar el paso del fluido en muy poco tiempo. Al cerrar el paso del fluido se evita el riesgo de contaminaci\u00f3n cruzada, lo que hace ideal para el llenado para terceros en entornos de producci\u00f3n donde se lleva a cabo el llenado con varios tipos de l\u00edquidos en lotes de diferentes tama\u00f1os.<\/p>\n<p>[\/vc_column_text][\/vc_column_inner][\/vc_row_inner][vc_separator][vc_row_inner][vc_column_inner width=&#8221;1\/2&#8243;][vc_single_image image=&#8221;4153&#8243; img_size=&#8221;medium&#8221; alignment=&#8221;center&#8221; onclick=&#8221;link_image&#8221;][vc_btn title=&#8221;Ficha&#8221; style=&#8221;custom&#8221; custom_background=&#8221;#fe5000&#8243; custom_text=&#8221;#ffffff&#8221; size=&#8221;sm&#8221; i_align=&#8221;right&#8221; i_icon_fontawesome=&#8221;fa fa-download&#8221; add_icon=&#8221;true&#8221; link=&#8221;url:https%3A%2F%2Ftallersuc.es%2Fwp-content%2Fuploads%2F2019%2F03%2FTaponadora.pdf|title:Taponadora%20neum%C3%A1tica|target:%20_blank|&#8221; css=&#8221;.vc_custom_1553608759538{margin-left: 210px !important;}&#8221;][vc_btn title=&#8221;Video&#8221; style=&#8221;custom&#8221; custom_background=&#8221;#fe5000&#8243; custom_text=&#8221;#ffffff&#8221; size=&#8221;sm&#8221; i_icon_fontawesome=&#8221;fa fa-video-camera&#8221; add_icon=&#8221;true&#8221; link=&#8221;url:https%3A%2F%2Fwww.youtube.com%2Fwatch%3Fv%3DzNRDZfDiTqQ%26index%3D6%26list%3DPLTBTJvNNxm1T_Gatq7yfXEs0JkvTKU54F||target:%20_blank|&#8221;][\/vc_column_inner][vc_column_inner width=&#8221;1\/2&#8243;][vc_custom_heading text=&#8221;TAPONADORA NEUM\u00c1TICA&#8221; font_container=&#8221;tag:h2|font_size:25|text_align:center|color:%23fe5000&#8243; google_fonts=&#8221;font_family:Lato%3A100%2C100italic%2C300%2C300italic%2Cregular%2Citalic%2C700%2C700italic%2C900%2C900italic|font_style:400%20regular%3A400%3Anormal&#8221;][vc_column_text]<\/p>\n<ul>\n<li>M\u00e1quina semiautom\u00e1tica para la colocaci\u00f3n de tapas, tapones, embellecedores.<\/li>\n<li>Regulable en altura.<\/li>\n<li>Funcionamiento mediante pisto\u0301n neum\u00e1tico.<\/li>\n<li>De fa\u0301cil manejo.<\/li>\n<\/ul>\n<p>[\/vc_column_text][\/vc_column_inner][\/vc_row_inner][vc_separator][vc_row_inner][vc_column_inner width=&#8221;1\/2&#8243;][vc_single_image image=&#8221;1636&#8243; img_size=&#8221;medium&#8221; alignment=&#8221;center&#8221; onclick=&#8221;link_image&#8221;][vc_btn title=&#8221;Ficha&#8221; style=&#8221;custom&#8221; custom_background=&#8221;#fe5000&#8243; custom_text=&#8221;#ffffff&#8221; size=&#8221;sm&#8221; i_icon_fontawesome=&#8221;fa fa-download&#8221; add_icon=&#8221;true&#8221; link=&#8221;url:https%3A%2F%2Ftallersuc.es%2Fwp-content%2Fuploads%2F2017%2F05%2FBRE08-PRE.pdf||target:%20_blank|&#8221; css=&#8221;.vc_custom_1493739245647{margin-left: 200px !important;}&#8221;][vc_btn title=&#8221;Video&#8221; style=&#8221;custom&#8221; custom_background=&#8221;#fe5000&#8243; custom_text=&#8221;#ffffff&#8221; size=&#8221;sm&#8221; i_icon_fontawesome=&#8221;fa fa-video-camera&#8221; add_icon=&#8221;true&#8221; link=&#8221;url:https%3A%2F%2Fwww.youtube.com%2Fwatch%3Fv%3DKBJrzkXBj9I||target:%20_blank|&#8221;][\/vc_column_inner][vc_column_inner width=&#8221;1\/2&#8243;][vc_custom_heading text=&#8221;CERRADORA BRE08&#8243; font_container=&#8221;tag:h2|font_size:25|text_align:center|color:%23fe5000&#8243; google_fonts=&#8221;font_family:Lato%3A100%2C100italic%2C300%2C300italic%2Cregular%2Citalic%2C700%2C700italic%2C900%2C900italic|font_style:400%20regular%3A400%3Anormal&#8221;][vc_column_text]Rebordean ca\u0301psulas de aluminio y va\u0301lvula nubolizador. Roscan tapones de pla\u0301stico<br \/>\ny tapas Twist-off. Roscan y rebordean ca\u0301psulas Pilfer-proof y similares.[\/vc_column_text][\/vc_column_inner][\/vc_row_inner][vc_separator][vc_row_inner][vc_column_inner width=&#8221;1\/2&#8243;][vc_single_image image=&#8221;1770&#8243; img_size=&#8221;medium&#8221; alignment=&#8221;center&#8221; onclick=&#8221;link_image&#8221;][vc_btn title=&#8221;Ficha&#8221; style=&#8221;custom&#8221; custom_background=&#8221;#fe5000&#8243; custom_text=&#8221;#ffffff&#8221; size=&#8221;sm&#8221; align=&#8221;center&#8221; i_icon_fontawesome=&#8221;fa fa-download&#8221; add_icon=&#8221;true&#8221; link=&#8221;url:https%3A%2F%2Ftallersuc.es%2Fwp-content%2Fuploads%2F2017%2F05%2FCAPC%CC%A7AL-BRE08.pdf||target:%20_blank|&#8221;][\/vc_column_inner][vc_column_inner width=&#8221;1\/2&#8243;][vc_custom_heading text=&#8221;CABEZAL B-BRE08&#8243; font_container=&#8221;tag:h2|font_size:25|text_align:center|color:%23fe5000&#8243; google_fonts=&#8221;font_family:Lato%3A100%2C100italic%2C300%2C300italic%2Cregular%2Citalic%2C700%2C700italic%2C900%2C900italic|font_style:400%20regular%3A400%3Anormal&#8221;][vc_column_text]<\/p>\n<ul>\n<li>Adaptable a cualquier m\u00e1quina.<\/li>\n<li>Gracias al me\u0301todo Hanging System, cierran botellas de Pla\u0301stico y Aluminio sin problemas.<\/li>\n<li>Regulable en altura.<\/li>\n<li>Accionamiento mediante pisto\u0301n neuma\u0301tico.<\/li>\n<li>Cabezal accionado por motor reductor.<\/li>\n<li>Posibilidad de conexio\u0301n a 380V trifa\u0301sico y 220V.<\/li>\n<li>Se puede adaptar cabezal con embrague QF para la colocacio\u0301n de tapones Twist-off.<\/li>\n<\/ul>\n<p>[\/vc_column_text][\/vc_column_inner][\/vc_row_inner][vc_separator][vc_row_inner][vc_column_inner width=&#8221;1\/2&#8243;][vc_single_image image=&#8221;3615&#8243; img_size=&#8221;medium&#8221; alignment=&#8221;center&#8221; onclick=&#8221;link_image&#8221;][vc_btn title=&#8221;Ficha&#8221; style=&#8221;custom&#8221; custom_background=&#8221;#fe5000&#8243; custom_text=&#8221;#ffffff&#8221; size=&#8221;sm&#8221; align=&#8221;center&#8221; i_icon_fontawesome=&#8221;fa fa-download&#8221; add_icon=&#8221;true&#8221; link=&#8221;url:https%3A%2F%2Ftallersuc.es%2Fwp-content%2Fuploads%2F2017%2F05%2FBRE08-PRE.pdf||target:%20_blank|&#8221;][\/vc_column_inner][vc_column_inner width=&#8221;1\/2&#8243;][vc_custom_heading text=&#8221;ROSCADORA &#8211; PRE&#8221; font_container=&#8221;tag:h2|font_size:25|text_align:center|color:%23fe5000&#8243; google_fonts=&#8221;font_family:Lato%3A100%2C100italic%2C300%2C300italic%2Cregular%2Citalic%2C700%2C700italic%2C900%2C900italic|font_style:400%20regular%3A400%3Anormal&#8221;][vc_column_text]Rebordean ca\u0301psulas de aluminio y va\u0301lvula nubolizador. Roscan tapones de pla\u0301stico<br \/>\ny tapas Twist-off. Roscan y rebordean ca\u0301psulas Pilfer-proof y similares.[\/vc_column_text][\/vc_column_inner][\/vc_row_inner][\/vc_column][\/vc_row]<\/p>\n","protected":false},"excerpt":{"rendered":"<p>[vc_row][vc_column][vc_row_inner][vc_column_inner width=&#8221;1\/2&#8243;][vc_single_image image=&#8221;4322&#8243; img_size=&#8221;medium&#8221; alignment=&#8221;center&#8221; onclick=&#8221;link_image&#8221;][\/vc_column_inner][vc_column_inner width=&#8221;1\/2&#8243;][vc_custom_heading text=&#8221;COMPACTADORA \/ LLENADORA POR VAC\u00cdO&#8221; font_container=&#8221;tag:h2|font_size:25|text_align:center|color:%23fe5000&#8243; google_fonts=&#8221;font_family:Lato%3A100%2C100italic%2C300%2C300italic%2Cregular%2Citalic%2C700%2C700italic%2C900%2C900italic|font_style:400%20regular%3A400%3Anormal&#8221;][vc_column_text]Estaci\u00f3n construida para el prensado \/ llenado por vac\u00edo del producto. Compuesta por parte el\u00e9ctrica y neum\u00e1tica la estaci\u00f3n es la encargada de prensar el producto para dejar el espacio suficiente y seguir el siguiente paso de llenar de aceite la lata [&hellip;]<\/p>\n","protected":false},"author":2,"featured_media":0,"parent":0,"menu_order":0,"comment_status":"closed","ping_status":"closed","template":"","meta":{"_et_pb_use_builder":"","_et_pb_old_content":"","_et_gb_content_width":"","footnotes":""},"class_list":["post-3921","page","type-page","status-publish","hentry"],"yoast_head":"<!-- This site is optimized with the Yoast SEO plugin v23.9 - https:\/\/yoast.com\/wordpress\/plugins\/seo\/ -->\n<title>Semiautom\u00e1ticas-old - Tallers uc<\/title>\n<meta name=\"robots\" content=\"index, follow, max-snippet:-1, max-image-preview:large, max-video-preview:-1\" \/>\n<link rel=\"canonical\" href=\"https:\/\/tallersuc.es\/en\/semi-automaticas-old\/\" \/>\n<meta property=\"og:locale\" content=\"en_US\" \/>\n<meta property=\"og:type\" content=\"article\" \/>\n<meta property=\"og:title\" content=\"Semiautom\u00e1ticas-old - Tallers uc\" \/>\n<meta property=\"og:description\" content=\"[vc_row][vc_column][vc_row_inner][vc_column_inner width=&#8221;1\/2&#8243;][vc_single_image image=&#8221;4322&#8243; img_size=&#8221;medium&#8221; alignment=&#8221;center&#8221; onclick=&#8221;link_image&#8221;][\/vc_column_inner][vc_column_inner width=&#8221;1\/2&#8243;][vc_custom_heading text=&#8221;COMPACTADORA \/ LLENADORA POR VAC\u00cdO&#8221; font_container=&#8221;tag:h2|font_size:25|text_align:center|color:%23fe5000&#8243; google_fonts=&#8221;font_family:Lato%3A100%2C100italic%2C300%2C300italic%2Cregular%2Citalic%2C700%2C700italic%2C900%2C900italic|font_style:400%20regular%3A400%3Anormal&#8221;][vc_column_text]Estaci\u00f3n construida para el prensado \/ llenado por vac\u00edo del producto. Compuesta por parte el\u00e9ctrica y neum\u00e1tica la estaci\u00f3n es la encargada de prensar el producto para dejar el espacio suficiente y seguir el siguiente paso de llenar de aceite la lata [&hellip;]\" \/>\n<meta property=\"og:url\" content=\"https:\/\/tallersuc.es\/en\/semi-automaticas-old\/\" \/>\n<meta property=\"og:site_name\" content=\"Tallers uc\" \/>\n<meta property=\"article:modified_time\" content=\"2019-06-03T16:22:28+00:00\" \/>\n<meta name=\"twitter:card\" content=\"summary_large_image\" \/>\n<meta name=\"twitter:label1\" content=\"Est. reading time\" \/>\n\t<meta name=\"twitter:data1\" content=\"10 minutes\" \/>\n<script type=\"application\/ld+json\" class=\"yoast-schema-graph\">{\"@context\":\"https:\/\/schema.org\",\"@graph\":[{\"@type\":\"WebPage\",\"@id\":\"https:\/\/tallersuc.es\/en\/semi-automaticas-old\/\",\"url\":\"https:\/\/tallersuc.es\/en\/semi-automaticas-old\/\",\"name\":\"Semiautom\u00e1ticas-old - Tallers uc\",\"isPartOf\":{\"@id\":\"https:\/\/tallersuc.es\/en\/#website\"},\"datePublished\":\"2017-03-27T15:41:20+00:00\",\"dateModified\":\"2019-06-03T16:22:28+00:00\",\"breadcrumb\":{\"@id\":\"https:\/\/tallersuc.es\/en\/semi-automaticas-old\/#breadcrumb\"},\"inLanguage\":\"en-US\",\"potentialAction\":[{\"@type\":\"ReadAction\",\"target\":[[\"https:\/\/tallersuc.es\/en\/semi-automaticas-old\/\"]]}]},{\"@type\":\"BreadcrumbList\",\"@id\":\"https:\/\/tallersuc.es\/en\/semi-automaticas-old\/#breadcrumb\",\"itemListElement\":[{\"@type\":\"ListItem\",\"position\":1,\"name\":\"Portada\",\"item\":\"https:\/\/tallersuc.es\/en\/\"},{\"@type\":\"ListItem\",\"position\":2,\"name\":\"Semiautom\u00e1ticas-old\"}]},{\"@type\":\"WebSite\",\"@id\":\"https:\/\/tallersuc.es\/en\/#website\",\"url\":\"https:\/\/tallersuc.es\/en\/\",\"name\":\"Tallers uc\",\"description\":\"\",\"publisher\":{\"@id\":\"https:\/\/tallersuc.es\/en\/#organization\"},\"potentialAction\":[{\"@type\":\"SearchAction\",\"target\":{\"@type\":\"EntryPoint\",\"urlTemplate\":\"https:\/\/tallersuc.es\/en\/?s={search_term_string}\"},\"query-input\":{\"@type\":\"PropertyValueSpecification\",\"valueRequired\":true,\"valueName\":\"search_term_string\"}}],\"inLanguage\":\"en-US\"},{\"@type\":\"Organization\",\"@id\":\"https:\/\/tallersuc.es\/en\/#organization\",\"name\":\"Tallers UC\",\"url\":\"https:\/\/tallersuc.es\/en\/\",\"logo\":{\"@type\":\"ImageObject\",\"inLanguage\":\"en-US\",\"@id\":\"https:\/\/tallersuc.es\/en\/#\/schema\/logo\/image\/\",\"url\":\"https:\/\/tallersuc.es\/wp-content\/uploads\/2017\/04\/favicon-gran.jpg\",\"contentUrl\":\"https:\/\/tallersuc.es\/wp-content\/uploads\/2017\/04\/favicon-gran.jpg\",\"width\":954,\"height\":954,\"caption\":\"Tallers UC\"},\"image\":{\"@id\":\"https:\/\/tallersuc.es\/en\/#\/schema\/logo\/image\/\"}}]}<\/script>\n<!-- \/ Yoast SEO plugin. -->","yoast_head_json":{"title":"Semiautom\u00e1ticas-old - Tallers uc","robots":{"index":"index","follow":"follow","max-snippet":"max-snippet:-1","max-image-preview":"max-image-preview:large","max-video-preview":"max-video-preview:-1"},"canonical":"https:\/\/tallersuc.es\/en\/semi-automaticas-old\/","og_locale":"en_US","og_type":"article","og_title":"Semiautom\u00e1ticas-old - Tallers uc","og_description":"[vc_row][vc_column][vc_row_inner][vc_column_inner width=&#8221;1\/2&#8243;][vc_single_image image=&#8221;4322&#8243; img_size=&#8221;medium&#8221; alignment=&#8221;center&#8221; onclick=&#8221;link_image&#8221;][\/vc_column_inner][vc_column_inner width=&#8221;1\/2&#8243;][vc_custom_heading text=&#8221;COMPACTADORA \/ LLENADORA POR VAC\u00cdO&#8221; font_container=&#8221;tag:h2|font_size:25|text_align:center|color:%23fe5000&#8243; google_fonts=&#8221;font_family:Lato%3A100%2C100italic%2C300%2C300italic%2Cregular%2Citalic%2C700%2C700italic%2C900%2C900italic|font_style:400%20regular%3A400%3Anormal&#8221;][vc_column_text]Estaci\u00f3n construida para el prensado \/ llenado por vac\u00edo del producto. Compuesta por parte el\u00e9ctrica y neum\u00e1tica la estaci\u00f3n es la encargada de prensar el producto para dejar el espacio suficiente y seguir el siguiente paso de llenar de aceite la lata [&hellip;]","og_url":"https:\/\/tallersuc.es\/en\/semi-automaticas-old\/","og_site_name":"Tallers uc","article_modified_time":"2019-06-03T16:22:28+00:00","twitter_card":"summary_large_image","twitter_misc":{"Est. reading time":"10 minutes"},"schema":{"@context":"https:\/\/schema.org","@graph":[{"@type":"WebPage","@id":"https:\/\/tallersuc.es\/en\/semi-automaticas-old\/","url":"https:\/\/tallersuc.es\/en\/semi-automaticas-old\/","name":"Semiautom\u00e1ticas-old - Tallers uc","isPartOf":{"@id":"https:\/\/tallersuc.es\/en\/#website"},"datePublished":"2017-03-27T15:41:20+00:00","dateModified":"2019-06-03T16:22:28+00:00","breadcrumb":{"@id":"https:\/\/tallersuc.es\/en\/semi-automaticas-old\/#breadcrumb"},"inLanguage":"en-US","potentialAction":[{"@type":"ReadAction","target":[["https:\/\/tallersuc.es\/en\/semi-automaticas-old\/"]]}]},{"@type":"BreadcrumbList","@id":"https:\/\/tallersuc.es\/en\/semi-automaticas-old\/#breadcrumb","itemListElement":[{"@type":"ListItem","position":1,"name":"Portada","item":"https:\/\/tallersuc.es\/en\/"},{"@type":"ListItem","position":2,"name":"Semiautom\u00e1ticas-old"}]},{"@type":"WebSite","@id":"https:\/\/tallersuc.es\/en\/#website","url":"https:\/\/tallersuc.es\/en\/","name":"Tallers uc","description":"","publisher":{"@id":"https:\/\/tallersuc.es\/en\/#organization"},"potentialAction":[{"@type":"SearchAction","target":{"@type":"EntryPoint","urlTemplate":"https:\/\/tallersuc.es\/en\/?s={search_term_string}"},"query-input":{"@type":"PropertyValueSpecification","valueRequired":true,"valueName":"search_term_string"}}],"inLanguage":"en-US"},{"@type":"Organization","@id":"https:\/\/tallersuc.es\/en\/#organization","name":"Tallers UC","url":"https:\/\/tallersuc.es\/en\/","logo":{"@type":"ImageObject","inLanguage":"en-US","@id":"https:\/\/tallersuc.es\/en\/#\/schema\/logo\/image\/","url":"https:\/\/tallersuc.es\/wp-content\/uploads\/2017\/04\/favicon-gran.jpg","contentUrl":"https:\/\/tallersuc.es\/wp-content\/uploads\/2017\/04\/favicon-gran.jpg","width":954,"height":954,"caption":"Tallers UC"},"image":{"@id":"https:\/\/tallersuc.es\/en\/#\/schema\/logo\/image\/"}}]}},"_links":{"self":[{"href":"https:\/\/tallersuc.es\/en\/wp-json\/wp\/v2\/pages\/3921","targetHints":{"allow":["GET"]}}],"collection":[{"href":"https:\/\/tallersuc.es\/en\/wp-json\/wp\/v2\/pages"}],"about":[{"href":"https:\/\/tallersuc.es\/en\/wp-json\/wp\/v2\/types\/page"}],"author":[{"embeddable":true,"href":"https:\/\/tallersuc.es\/en\/wp-json\/wp\/v2\/users\/2"}],"replies":[{"embeddable":true,"href":"https:\/\/tallersuc.es\/en\/wp-json\/wp\/v2\/comments?post=3921"}],"version-history":[{"count":0,"href":"https:\/\/tallersuc.es\/en\/wp-json\/wp\/v2\/pages\/3921\/revisions"}],"wp:attachment":[{"href":"https:\/\/tallersuc.es\/en\/wp-json\/wp\/v2\/media?parent=3921"}],"curies":[{"name":"wp","href":"https:\/\/api.w.org\/{rel}","templated":true}]}}